{"id":140,"date":"2015-10-25T16:47:53","date_gmt":"2015-10-25T16:47:53","guid":{"rendered":"https:\/\/exatas.ufpr.br\/matematica-pos\/?page_id=140"},"modified":"2015-10-25T16:47:53","modified_gmt":"2015-10-25T16:47:53","slug":"datas-importantes","status":"publish","type":"page","link":"https:\/\/exatas.ufpr.br\/matematica-pos\/datas-importantes\/","title":{"rendered":"Datas Importantes"},"content":{"rendered":"<h2><big><big>Datas Importantes 2015<\/big><\/big><\/h2>\n<p>&nbsp;<\/p>\n<table width=\"100%\">\n<tbody>\n<tr>\n<th>Atividade<\/th>\n<th>Prazo<\/th>\n<\/tr>\n<tr>\n<td>Pedido para cursar disciplinas isoladas<br \/>\n<a href=\"http:\/\/www.mat.ufpr.br\/ppgma\/admissao\/isoladas.html\">Clique aqui para acessar os formul\u00e1rios<br \/>\n<\/a><\/td>\n<td>01 a 13\/02\/15<\/td>\n<\/tr>\n<tr>\n<td>Resultados dos pedidos de disciplinas isoladas<\/td>\n<td>25\/02\/15<\/td>\n<\/tr>\n<tr>\n<td>In\u00edcio primeiro semestre de 2015<\/td>\n<td>02\/03\/15<\/td>\n<\/tr>\n<tr>\n<td>Prazo para entrega dos formul\u00e1rios de matr\u00edcula e plano de trabalho do est\u00e1gio supervisionado<br \/>\n<a href=\"http:\/\/www.mat.ufpr.br\/ppgma\/curriculo\/documentos.html\">Clique aqui para acessar os formul\u00e1rios<\/a><\/td>\n<td>02 a 06\/03\/15<\/td>\n<\/tr>\n<tr>\n<td>Prazo para cancelamento de disciplinas<br \/>\n<a href=\"http:\/\/www.mat.ufpr.br\/ppgma\/documentos\/cancela.pdf\">Formul\u00e1rio para cancelamento de matr\u00edcula<\/a><\/td>\n<td>02\/04\/15<\/td>\n<\/tr>\n<tr>\n<td>T\u00e9rmino das aulas do primeiro semestre<\/td>\n<td>04\/07\/15<\/td>\n<\/tr>\n<tr>\n<td>In\u00edcio do segundo semestre letivo<\/td>\n<td>03\/08\/15<\/td>\n<\/tr>\n<tr>\n<td>Solicita\u00e7\u00e3o para cursar disciplinas isoladas<br \/>\n<a href=\"http:\/\/www.mat.ufpr.br\/ppgma\/admissao\/isoladas.html\">Clique aqui para mais informa\u00e7\u00f5es<\/a><\/td>\n<td>07 a 11\/07\/15<\/td>\n<\/tr>\n<tr>\n<td>Resultado das disciplinas isoladas<\/td>\n<td>18\/07\/15<\/td>\n<\/tr>\n<tr>\n<td>Per\u00edodo de matr\u00edculas alunos regulares<\/td>\n<td>28\/07\/15 a 08\/08\/15<\/td>\n<\/tr>\n<tr>\n<td>Per\u00edodo de matr\u00edculas alunos novos<\/td>\n<td>03 a 08\/08\/15<\/td>\n<\/tr>\n<tr>\n<td>Prazo para entrega dos formul\u00e1rios de matr\u00edcula e plano de trabalho do est\u00e1gio supervisionado<br \/>\n<a href=\"http:\/\/www.mat.ufpr.br\/ppgma\/curriculo\/documentos.html\">Clique aqui para acessar os formul\u00e1rios<\/a><\/td>\n<td>28\/07 a 08\/08\/15<\/td>\n<\/tr>\n<tr>\n<td>Prazo para cancelamento de disciplinas<br \/>\n<a href=\"http:\/\/www.mat.ufpr.br\/ppgma\/documentos\/cancela.pdf\">Formul\u00e1rio para cancelamento de matr\u00edcula<\/a><\/td>\n<td>04\/08 a 11\/09\/15<\/td>\n<\/tr>\n<tr>\n<td>T\u00e9rmino das aulas do segundo semestre<\/td>\n<td>28\/11\/15<\/td>\n<\/tr>\n<\/tbody>\n<\/table>\n<p>&nbsp;<\/p>\n","protected":false},"excerpt":{"rendered":"<p>Datas Importantes 2015 &nbsp; Atividade Prazo Pedido para cursar disciplinas isoladas Clique aqui para acessar os formul\u00e1rios 01 a 13\/02\/15 Resultados dos pedidos de disciplinas isoladas 25\/02\/15 In\u00edcio primeiro semestre de 2015 02\/03\/15 Prazo para entrega dos formul\u00e1rios de matr\u00edcula&hellip; <\/p>\n","protected":false},"author":1003,"featured_media":0,"parent":0,"menu_order":0,"comment_status":"closed","ping_status":"closed","template":"","meta":{"footnotes":""},"class_list":["post-140","page","type-page","status-publish","hentry"],"_links":{"self":[{"href":"https:\/\/exatas.ufpr.br\/matematica-pos\/wp-json\/wp\/v2\/pages\/140","targetHints":{"allow":["GET"]}}],"collection":[{"href":"https:\/\/exatas.ufpr.br\/matematica-pos\/wp-json\/wp\/v2\/pages"}],"about":[{"href":"https:\/\/exatas.ufpr.br\/matematica-pos\/wp-json\/wp\/v2\/types\/page"}],"author":[{"embeddable":true,"href":"https:\/\/exatas.ufpr.br\/matematica-pos\/wp-json\/wp\/v2\/users\/1003"}],"replies":[{"embeddable":true,"href":"https:\/\/exatas.ufpr.br\/matematica-pos\/wp-json\/wp\/v2\/comments?post=140"}],"version-history":[{"count":1,"href":"https:\/\/exatas.ufpr.br\/matematica-pos\/wp-json\/wp\/v2\/pages\/140\/revisions"}],"predecessor-version":[{"id":141,"href":"https:\/\/exatas.ufpr.br\/matematica-pos\/wp-json\/wp\/v2\/pages\/140\/revisions\/141"}],"wp:attachment":[{"href":"https:\/\/exatas.ufpr.br\/matematica-pos\/wp-json\/wp\/v2\/media?parent=140"}],"curies":[{"name":"wp","href":"https:\/\/api.w.org\/{rel}","templated":true}]}}