{"id":132,"date":"2015-10-25T16:32:39","date_gmt":"2015-10-25T16:32:39","guid":{"rendered":"https:\/\/exatas.ufpr.br\/matematica-pos\/?page_id=132"},"modified":"2015-10-25T16:32:39","modified_gmt":"2015-10-25T16:32:39","slug":"picme","status":"publish","type":"page","link":"https:\/\/exatas.ufpr.br\/matematica-pos\/picme\/","title":{"rendered":"PICME"},"content":{"rendered":"<h2><strong>O que \u00e9 o PICME?<\/strong><\/h2>\n<p style=\"text-align: justify\">O PICME \u00e9 um programa que oferece aos estudantes universit\u00e1rios que se destacaram nas Olimp\u00edadas de Matem\u00e1tica (medalhistas da OBMEP ou da OBM) a oportunidade de realizar estudos avan\u00e7ados em Matem\u00e1tica simultaneamente com sua gradua\u00e7\u00e3o. Os participantes recebem as bolsas atrav\u00e9s de uma parceria com o CNPq (Inicia\u00e7\u00e3o Cient\u00edfica) e com a CAPES (Mestrado).<\/p>\n<h3><\/h3>\n<h3>Coordena\u00e7\u00e3o UFPR<\/h3>\n<p>Profa. Dra. Elizabeth Wegner Karas <a href=\"http:\/\/buscatextual.cnpq.br\/buscatextual\/visualizacv.do?metodo=apresentar&amp;id=K4769793P6\" target=\"_blank\">[Curr\u00edculo Lattes]<\/a><\/p>\n<p><strong>Contato:<\/strong> picme.ufpr@gmail.com<\/p>\n<p>Certificados<\/p>\n<p><a href=\"http:\/\/www.mat.ufpr.br\/ppgma\/certpicme\/certificadosprofessores2014_2015.pdf\" target=\"_blank\">Orientadores<\/a><br \/>\n<a href=\"http:\/\/www.mat.ufpr.br\/ppgma\/certpicme\/certificadosalunos2014_2015.pdf\" target=\"_blank\">Alunos<\/a><\/p>\n","protected":false},"excerpt":{"rendered":"<p>O que \u00e9 o PICME? O PICME \u00e9 um programa que oferece aos estudantes universit\u00e1rios que se destacaram nas Olimp\u00edadas de Matem\u00e1tica (medalhistas da OBMEP ou da OBM) a oportunidade de realizar estudos avan\u00e7ados em Matem\u00e1tica simultaneamente com sua gradua\u00e7\u00e3o.&hellip; <\/p>\n","protected":false},"author":1003,"featured_media":0,"parent":0,"menu_order":0,"comment_status":"closed","ping_status":"closed","template":"","meta":{"footnotes":""},"class_list":["post-132","page","type-page","status-publish","hentry"],"_links":{"self":[{"href":"https:\/\/exatas.ufpr.br\/matematica-pos\/wp-json\/wp\/v2\/pages\/132","targetHints":{"allow":["GET"]}}],"collection":[{"href":"https:\/\/exatas.ufpr.br\/matematica-pos\/wp-json\/wp\/v2\/pages"}],"about":[{"href":"https:\/\/exatas.ufpr.br\/matematica-pos\/wp-json\/wp\/v2\/types\/page"}],"author":[{"embeddable":true,"href":"https:\/\/exatas.ufpr.br\/matematica-pos\/wp-json\/wp\/v2\/users\/1003"}],"replies":[{"embeddable":true,"href":"https:\/\/exatas.ufpr.br\/matematica-pos\/wp-json\/wp\/v2\/comments?post=132"}],"version-history":[{"count":4,"href":"https:\/\/exatas.ufpr.br\/matematica-pos\/wp-json\/wp\/v2\/pages\/132\/revisions"}],"predecessor-version":[{"id":137,"href":"https:\/\/exatas.ufpr.br\/matematica-pos\/wp-json\/wp\/v2\/pages\/132\/revisions\/137"}],"wp:attachment":[{"href":"https:\/\/exatas.ufpr.br\/matematica-pos\/wp-json\/wp\/v2\/media?parent=132"}],"curies":[{"name":"wp","href":"https:\/\/api.w.org\/{rel}","templated":true}]}}