{"id":86,"date":"2016-02-15T03:43:02","date_gmt":"2016-02-15T03:43:02","guid":{"rendered":"https:\/\/exatas.ufpr.br\/matematica-grad\/?page_id=86"},"modified":"2016-02-15T04:02:45","modified_gmt":"2016-02-15T04:02:45","slug":"geometria-analitica-2016","status":"publish","type":"page","link":"https:\/\/exatas.ufpr.br\/matematica-grad\/geometria-analitica-2016\/","title":{"rendered":"Geometria Anal\u00edtica 2016"},"content":{"rendered":"<h3>Aulas<\/h3>\n<p><strong>Matem\u00e1tica Diurno e Industrial <\/strong><br \/>\nProfa. Dra.\u00a0<strong>Paula<\/strong>\u00a0Rog\u00e9ria Lima Couto<br \/>\nAulas de Segunda a Sexta-feira<\/p>\n<p><strong>Matem\u00e1tica Noturno<\/strong><br \/>\nProf. Dr.<strong> Heily<\/strong> Wagner<br \/>\nAulas de Segunda a Sexta-feira<\/p>\n<p>&nbsp;<\/p>\n<h3><strong>Programa da disciplina<\/strong><\/h3>\n<ol>\n<li><strong>Vetores:<\/strong> Conceito. Opera\u00e7\u00f5es com vetores. Produto escalar. Produto vetorial e produto misto. Aplica\u00e7\u00f5es.<\/li>\n<li><strong>Retas e planos no espa\u00e7o:<\/strong> Equa\u00e7\u00f5es da reta no espa\u00e7o. Posi\u00e7\u00e3o relativa entre duas retas. \u00c2ngulo entre retas. Interse\u00e7\u00e3o de retas. Equa\u00e7\u00f5es do plano. Posi\u00e7\u00f5es relativas entre plano e retas. Interse\u00e7\u00f5es com retas e planos.<\/li>\n<li><strong>C\u00f4nicas:<\/strong> Problemas de dist\u00e2ncias envolvendo pontos, retas e planos. A elipse. A hip\u00e9rbole. A par\u00e1bola.<\/li>\n<li><strong>Superf\u00edcies Qu\u00e1dricas:<\/strong>Equa\u00e7\u00e3o de superf\u00edcies: esf\u00e9rica, cil\u00edndrica, c\u00f4nica, qu\u00e1dricas.<\/li>\n<\/ol>\n<p>&nbsp;<\/p>\n<p>&nbsp;<\/p>\n<h3>Textos Recomendados<\/h3>\n<ol>\n<li>Boulos, P., Camargo, I., \u201cGeometria Anal\u00edtica: um tratamento vetorial\u201d, McGraw-Hill<\/li>\n<li>Steinbruch, A., Winterle, P., \u201cGeometria anal\u00edtica\u201d, McGraw-Hill<\/li>\n<li>Winterle, P. Vetores e Geometria Anal\u00edtica. Editora Pearson Makron Books.<\/li>\n<\/ol>\n<p>&nbsp;<\/p>\n<p>&nbsp;<\/p>\n<h3>Calend\u00e1rio de Provas<\/h3>\n<p>&nbsp;<\/p>\n<table border=\"1\" width=\"350\" cellspacing=\"0\" cellpadding=\"3\" align=\"center\">\n<tbody>\n<tr>\n<td><strong>Prova<\/strong><\/td>\n<td><strong>Data\u00a0\u00a0\u00a0\u00a0\u00a0\u00a0\u00a0\u00a0\u00a0\u00a0\u00a0\u00a0\u00a0<\/strong><\/td>\n<\/tr>\n<tr>\n<td>Primeira<\/td>\n<td align=\"center\"><\/td>\n<\/tr>\n<tr>\n<td>Segunda<\/td>\n<td align=\"center\"><\/td>\n<\/tr>\n<tr>\n<td>Terceira<\/td>\n<td align=\"center\"><\/td>\n<\/tr>\n<tr>\n<td>Quarta<\/td>\n<td align=\"center\"><\/td>\n<\/tr>\n<\/tbody>\n<\/table>\n<p>&nbsp;<\/p>\n<p>&nbsp;<\/p>\n<h4><a id=\"provas_aplicadas\" name=\"provas_aplicadas\"><\/a>Provas aplicadas (dispon\u00edveis dias ap\u00f3s a aplica\u00e7\u00e3o)<\/h4>\n<p>Para ver as quest\u00f5es das provas clique num dos links abaixo. As provas est\u00e3o dispon\u00edveis apenas no formato PDF.<\/p>\n<table border=\"1\" width=\"320\" cellspacing=\"0\" cellpadding=\"3\" align=\"center\">\n<tbody>\n<tr align=\"center\">\n<th width=\"120\"><\/th>\n<th width=\"200\">PDF<\/th>\n<\/tr>\n<tr>\n<th height=\"90\">Geometria<br \/>\nAnal\u00edtica<\/th>\n<td>Prova 1: Tarde Noite<br \/>\nProva 2: Tarde Noite<br \/>\nProva 3: Tarde Noite<br \/>\nProva 4: Tarde Noite<\/td>\n<\/tr>\n<\/tbody>\n<\/table>\n<p>&nbsp;<\/p>\n<p>&nbsp;<\/p>\n<h3>Aten\u00e7\u00e3o<\/h3>\n<ol>\n<li>Nos dias de prova n\u00e3o haver\u00e1 aula de nenhuma das duas disciplinas.<\/li>\n<li>As provas come\u00e7ar\u00e3o sempre \u00e0s 14 horas (para o turno da tarde) e \u00e0s 19 horas (para o turno da noite) e ter\u00e3o 3 horas de dura\u00e7\u00e3o.<\/li>\n<li>N\u00e3o ser\u00e1 permitida a entrada de qualquer candidato no local de prova fora dos hor\u00e1rios previstos.<\/li>\n<li>O candidato que n\u00e3o comparecer a qualquer uma das provas, mesmo que por motivo de for\u00e7a maior, receber\u00e1 nota zero nessa prova.<\/li>\n<li>Cada uma das provas realizadas no decorrer do semestre ser\u00e1 constitu\u00edda de quatro quest\u00f5es discursivas, valendo 25 pontos cada uma.<\/li>\n<li>As provas ser\u00e3o corrigidas por bancas examinadoras, das quais far\u00e3o parte os professores das disciplinas.<\/li>\n<li>Devido \u00e0s caracter\u00edsticas do Processo Seletivo, n\u00e3o caber\u00e1 qualquer recurso ou pedido de reconsidera\u00e7\u00e3o quanto \u00e0 nota concedida ao candidato pela banca examinadora em uma prova.<\/li>\n<li>Das quatro notas obtidas nas provas realizadas durante o semestre em cada disciplina, as tr\u00eas mais altas ser\u00e3o computadas para o c\u00e1lculo da m\u00e9dia, que ser\u00e1 a nota final do candidato naquela disciplina.<\/li>\n<li>Ser\u00e1 considerado reprovado e, portanto, eliminado do Processo Seletivo, o candidato que obtiver nota final inferior a 50 em qualquer disciplina.<\/li>\n<\/ol>\n","protected":false},"excerpt":{"rendered":"<p>Aulas Matem\u00e1tica Diurno e Industrial Profa. Dra.\u00a0Paula\u00a0Rog\u00e9ria Lima Couto Aulas de Segunda a Sexta-feira Matem\u00e1tica Noturno Prof. Dr. Heily Wagner Aulas de Segunda a Sexta-feira &nbsp; Programa da disciplina Vetores: Conceito. Opera\u00e7\u00f5es com vetores. Produto escalar. Produto vetorial e produto&hellip; <\/p>\n","protected":false},"author":1003,"featured_media":0,"parent":0,"menu_order":0,"comment_status":"closed","ping_status":"closed","template":"","meta":{"footnotes":""},"class_list":["post-86","page","type-page","status-publish","hentry"],"_links":{"self":[{"href":"https:\/\/exatas.ufpr.br\/matematica-grad\/wp-json\/wp\/v2\/pages\/86","targetHints":{"allow":["GET"]}}],"collection":[{"href":"https:\/\/exatas.ufpr.br\/matematica-grad\/wp-json\/wp\/v2\/pages"}],"about":[{"href":"https:\/\/exatas.ufpr.br\/matematica-grad\/wp-json\/wp\/v2\/types\/page"}],"author":[{"embeddable":true,"href":"https:\/\/exatas.ufpr.br\/matematica-grad\/wp-json\/wp\/v2\/users\/1003"}],"replies":[{"embeddable":true,"href":"https:\/\/exatas.ufpr.br\/matematica-grad\/wp-json\/wp\/v2\/comments?post=86"}],"version-history":[{"count":1,"href":"https:\/\/exatas.ufpr.br\/matematica-grad\/wp-json\/wp\/v2\/pages\/86\/revisions"}],"predecessor-version":[{"id":88,"href":"https:\/\/exatas.ufpr.br\/matematica-grad\/wp-json\/wp\/v2\/pages\/86\/revisions\/88"}],"wp:attachment":[{"href":"https:\/\/exatas.ufpr.br\/matematica-grad\/wp-json\/wp\/v2\/media?parent=86"}],"curies":[{"name":"wp","href":"https:\/\/api.w.org\/{rel}","templated":true}]}}