{"id":83,"date":"2016-02-15T03:42:39","date_gmt":"2016-02-15T03:42:39","guid":{"rendered":"https:\/\/exatas.ufpr.br\/matematica-grad\/?page_id=83"},"modified":"2016-02-15T03:42:39","modified_gmt":"2016-02-15T03:42:39","slug":"funcoes-2016","status":"publish","type":"page","link":"https:\/\/exatas.ufpr.br\/matematica-grad\/funcoes-2016\/","title":{"rendered":"Fun\u00e7\u00f5es 2016"},"content":{"rendered":"<h1>Aulas:<\/h1>\n<p><strong>Matem\u00e1tica Diurno e Industrial <\/strong><br \/>\nProf. Dr. <strong>Fernando<\/strong>\u00a0de \u00c1vila Silva<br \/>\nAulas de Segunda a Sexta-feira<\/p>\n<p><strong>Matem\u00e1tica Noturno<\/strong><br \/>\nProf. Dr. <strong>Luiz Antonio<\/strong>\u00a0Ribeiro de Santana<br \/>\nAulas de Segunda a Sexta-feira<\/p>\n<p>&nbsp;<\/p>\n<h3>Ementa<\/h3>\n<p>Equa\u00e7\u00f5es e inequa\u00e7\u00f5es. Fun\u00e7\u00f5es. Fun\u00e7\u00f5es polinomiais. Fun\u00e7\u00f5es exponenciais, logar\u00edtmicas e trigonom\u00e9tricas. Fun\u00e7\u00f5es racionais. Gr\u00e1fico de fun\u00e7\u00f5es. No\u00e7\u00f5es de sequ\u00eancias e de limites.<\/p>\n<p>&nbsp;<\/p>\n<p>&nbsp;<\/p>\n<h3>Bibliografia:<\/h3>\n<ul>\n<li>F.D. Demana, B.K. Waits, G.D. Foley e D. Kennedy, Pr\u00e9-c\u00e1lculo, Ed. Pearson.<\/li>\n<li>E. Connally, D. Hughes-Hallett et al., Fun\u00e7\u00f5es para modelar varia\u00e7\u00f5es, Ed. LTC.<\/li>\n<\/ul>\n<p>&nbsp;<\/p>\n<p>&nbsp;<\/p>\n<h3>Sugest\u00f5es de leitura:<\/h3>\n<ul>\n<li>R. Romano, C\u00e1lculo Diferencial e Integral, vol 1, Ed. Atlas, cap\u00edtulos 0 a 3.<\/li>\n<li>H.L. Guidorizzi, Um Curso de C\u00e1lculo, vol 1, Ed. LTC, 5a edi\u00e7\u00e3o, cap\u00edtulos 1 e 2.<\/li>\n<\/ul>\n<p>&nbsp;<\/p>\n<p>&nbsp;<\/p>\n<h3>Calend\u00e1rio de Provas<\/h3>\n<p>&nbsp;<\/p>\n<table border=\"1\" width=\"350\" cellspacing=\"0\" cellpadding=\"3\">\n<tbody>\n<tr>\n<td><strong>Prova<\/strong><\/td>\n<td><strong>Data\u00a0\u00a0\u00a0\u00a0\u00a0\u00a0\u00a0\u00a0\u00a0\u00a0\u00a0\u00a0\u00a0<\/strong><\/td>\n<\/tr>\n<tr>\n<td>Primeira<\/td>\n<td align=\"center\"><\/td>\n<\/tr>\n<tr>\n<td>Segunda<\/td>\n<td align=\"center\"><\/td>\n<\/tr>\n<tr>\n<td>Terceira<\/td>\n<td align=\"center\"><\/td>\n<\/tr>\n<tr>\n<td>Quarta<\/td>\n<td align=\"center\"><\/td>\n<\/tr>\n<\/tbody>\n<\/table>\n<p>&nbsp;<\/p>\n<p class=\"note3\">O resultado das provas \u00e9 publicado no site do N\u00facleo de concursos <a href=\"http:\/\/www.nc.ufpr.br\/\">www.nc.ufpr.br<\/a> no link &#8220;Processo Seletivo 2015\/2016&#8221;.<\/p>\n<p>&nbsp;<\/p>\n<h4>Provas aplicadas (dispon\u00edveis dias ap\u00f3s a aplica\u00e7\u00e3o)<\/h4>\n<p>Para ver as quest\u00f5es das provas clique num dos links abaixo. As provas est\u00e3o dispon\u00edveis apenas no formato PDF. Para visualiz\u00e1-las voc\u00ea precisar\u00e1 de um leitor de arquivos PDF, como o Adobe Acrobat Reader ou o FoxIt PDF Reader.<\/p>\n<table border=\"1\" cellspacing=\"0\" cellpadding=\"3\" align=\"center\">\n<tbody>\n<tr align=\"center\">\n<th width=\"150\"><\/th>\n<th width=\"180\">PDF<\/th>\n<\/tr>\n<tr>\n<th height=\"90\">Fun\u00e7\u00f5es<\/th>\n<td>Prova 1: Tarde e Noite<br \/>\nProva 2: Tarde e Noite<br \/>\nProva 3: Tarde e Noite<br \/>\nProva 4: Tarde e Noite<\/td>\n<\/tr>\n<\/tbody>\n<\/table>\n<p>&nbsp;<\/p>\n<h3>Aten\u00e7\u00e3o<\/h3>\n<ol>\n<li>Nos dias de prova n\u00e3o haver\u00e1 aula de nenhuma das duas disciplinas.<\/li>\n<li>As provas come\u00e7ar\u00e3o sempre \u00e0s 14 horas (para o turno da tarde) e \u00e0s 19 horas (para o turno da noite) e ter\u00e3o 3 horas de dura\u00e7\u00e3o.<\/li>\n<li>N\u00e3o ser\u00e1 permitida a entrada de qualquer candidato no local de prova fora dos hor\u00e1rios previstos.<\/li>\n<li>O candidato que n\u00e3o comparecer a qualquer uma das provas, mesmo que por motivo de for\u00e7a maior, receber\u00e1 nota zero nessa prova.<\/li>\n<li>Cada uma das provas realizadas no decorrer do semestre ser\u00e1 constitu\u00edda de quatro quest\u00f5es discursivas, valendo 25 pontos cada uma.<\/li>\n<li>As provas ser\u00e3o corrigidas por bancas examinadoras, das quais far\u00e3o parte os professores das disciplinas.<\/li>\n<li>Devido \u00e0s caracter\u00edsticas do Processo Seletivo, n\u00e3o caber\u00e1 qualquer recurso ou pedido de reconsidera\u00e7\u00e3o quanto \u00e0 nota concedida ao candidato pela banca examinadora em uma prova.<\/li>\n<li>Das quatro notas obtidas nas provas realizadas durante o semestre em cada disciplina, as tr\u00eas mais altas ser\u00e3o computadas para o c\u00e1lculo da m\u00e9dia, que ser\u00e1 a nota final do candidato naquela disciplina.<\/li>\n<li>Ser\u00e1 considerado reprovado e, portanto, eliminado do Processo Seletivo, o candidato que obtiver nota final inferior a 50 em qualquer disciplina.<\/li>\n<\/ol>\n","protected":false},"excerpt":{"rendered":"<p>Aulas: Matem\u00e1tica Diurno e Industrial Prof. Dr. Fernando\u00a0de \u00c1vila Silva Aulas de Segunda a Sexta-feira Matem\u00e1tica Noturno Prof. Dr. Luiz Antonio\u00a0Ribeiro de Santana Aulas de Segunda a Sexta-feira &nbsp; Ementa Equa\u00e7\u00f5es e inequa\u00e7\u00f5es. Fun\u00e7\u00f5es. Fun\u00e7\u00f5es polinomiais. Fun\u00e7\u00f5es exponenciais, logar\u00edtmicas e&hellip; <\/p>\n","protected":false},"author":1003,"featured_media":0,"parent":0,"menu_order":0,"comment_status":"open","ping_status":"open","template":"","meta":{"footnotes":""},"class_list":["post-83","page","type-page","status-publish","hentry"],"_links":{"self":[{"href":"https:\/\/exatas.ufpr.br\/matematica-grad\/wp-json\/wp\/v2\/pages\/83","targetHints":{"allow":["GET"]}}],"collection":[{"href":"https:\/\/exatas.ufpr.br\/matematica-grad\/wp-json\/wp\/v2\/pages"}],"about":[{"href":"https:\/\/exatas.ufpr.br\/matematica-grad\/wp-json\/wp\/v2\/types\/page"}],"author":[{"embeddable":true,"href":"https:\/\/exatas.ufpr.br\/matematica-grad\/wp-json\/wp\/v2\/users\/1003"}],"replies":[{"embeddable":true,"href":"https:\/\/exatas.ufpr.br\/matematica-grad\/wp-json\/wp\/v2\/comments?post=83"}],"version-history":[{"count":1,"href":"https:\/\/exatas.ufpr.br\/matematica-grad\/wp-json\/wp\/v2\/pages\/83\/revisions"}],"predecessor-version":[{"id":85,"href":"https:\/\/exatas.ufpr.br\/matematica-grad\/wp-json\/wp\/v2\/pages\/83\/revisions\/85"}],"wp:attachment":[{"href":"https:\/\/exatas.ufpr.br\/matematica-grad\/wp-json\/wp\/v2\/media?parent=83"}],"curies":[{"name":"wp","href":"https:\/\/api.w.org\/{rel}","templated":true}]}}