{"id":78,"date":"2016-02-15T03:40:14","date_gmt":"2016-02-15T03:40:14","guid":{"rendered":"https:\/\/exatas.ufpr.br\/matematica-grad\/?page_id=78"},"modified":"2016-02-15T04:02:53","modified_gmt":"2016-02-15T04:02:53","slug":"78-2","status":"publish","type":"page","link":"https:\/\/exatas.ufpr.br\/matematica-grad\/78-2\/","title":{"rendered":"Informa\u00e7\u00f5es &#8211; PSE 2016"},"content":{"rendered":"<h2><span class=\"pageName\">Informa\u00e7\u00f5es sobre o PSE 2016<\/span><\/h2>\n<p>&nbsp;<\/p>\n<p>&nbsp;<\/p>\n<p>As normas que regem o processo seletivo estendido 2016 ser\u00e3o descritas em edital espec\u00edfico a ser publicado pelo N\u00facleo de Concursos da UFPR em breve, no wesite:<\/p>\n<div align=\"center\"><a href=\"http:\/\/www.nc.ufpr.br\/\" target=\"_blank\">www.nc.ufpr.br<\/a><\/div>\n<p>no link &#8220;Processo Seletivo 2015\/2016&#8221;<\/p>\n<p>&nbsp;<\/p>\n<p>&nbsp;<\/p>\n<h2>Disciplinas Ministradas<\/h2>\n<p>&nbsp;<\/p>\n<p><strong>Geometria Anal\u00edtica<\/strong>: Vetores. Retas e planos no espa\u00e7o. Transla\u00e7\u00e3o e rota\u00e7\u00e3o de eixos. Curvas no plano. Superf\u00edcies. Outros sistemas de coordenadas.<\/p>\n<ul>\n<li>Matem\u00e1tica Diurno: Profa. Dra.\u00a0<strong>Paula<\/strong>\u00a0Rog\u00e9ria Lima Couto<\/li>\n<li>Matem\u00e1tica Noturno: Profa. Dra. <strong>Heily <\/strong>Wagner<\/li>\n<li>Matem\u00e1tica Industrial: Profa. Dra.\u00a0<strong>Paula<\/strong>\u00a0Rog\u00e9ria Lima Couto<\/li>\n<\/ul>\n<p>&nbsp;<\/p>\n<p><strong>Fun\u00e7\u00f5es<\/strong>: Equa\u00e7\u00f5es e inequa\u00e7\u00f5es. Fun\u00e7\u00f5es. Fun\u00e7\u00f5es polinomiais, exponenciais, logar\u00edtmicas, trigonom\u00e9tricas e racionais. No\u00e7\u00f5es de seq\u00fc\u00eancias e de limites.<\/p>\n<ul>\n<li>Matem\u00e1tica Diurno: Prof. Dr.\u00a0<strong>Fernando <\/strong>de \u00c1vila Silva<\/li>\n<li>Matem\u00e1tica Noturno: Prof. Dr. <strong>Luiz Antonio<\/strong>\u00a0Ribeiro de Santana<\/li>\n<li>Matem\u00e1tica Industrial: Prof. Dr.\u00a0<strong>Fernando <\/strong>de \u00c1vila Silva<\/li>\n<\/ul>\n<p>&nbsp;<\/p>\n<h3>Datas das provas (em breve)<\/h3>\n<table border=\"1\" cellspacing=\"0\" cellpadding=\"0\" align=\"center\">\n<tbody>\n<tr align=\"center\">\n<th><\/th>\n<th width=\"180\">Geometria Anal\u00edtica<\/th>\n<th width=\"180\">Fun\u00e7\u00f5es<\/th>\n<\/tr>\n<tr align=\"center\">\n<th>1\u00aa prova<\/th>\n<td><\/td>\n<td><\/td>\n<\/tr>\n<tr align=\"center\">\n<th>2\u00aa prova<\/th>\n<td><\/td>\n<td><\/td>\n<\/tr>\n<tr align=\"center\">\n<th>3\u00aa prova<\/th>\n<td><\/td>\n<td><\/td>\n<\/tr>\n<tr align=\"center\">\n<th>4\u00aa prova<\/th>\n<td><\/td>\n<td><\/td>\n<\/tr>\n<\/tbody>\n<\/table>\n<p class=\"note3\">O resultado das provas \u00e9 publicado no site do N\u00facleo de concursos <a href=\"http:\/\/www.nc.ufpr.br\/\">www.nc.ufpr.br<\/a> no link &#8220;Processo Seletivo 2015\/2016&#8221;.<\/p>\n<p>&nbsp;<\/p>\n<p>&nbsp;<\/p>\n<h4>Provas aplicadas (dispon\u00edveis dias ap\u00f3s a aplica\u00e7\u00e3o)<\/h4>\n<p>Para ver as quest\u00f5es das provas clique num dos links abaixo. As provas est\u00e3o dispon\u00edveis apenas no formato PDF. Para visualiz\u00e1-las voc\u00ea precisar\u00e1 de um leitor de arquivos PDF, como o Adobe Acrobat Reader ou o FoxIt PDF Reader.<\/p>\n<table border=\"1\" width=\"342\" cellspacing=\"0\" cellpadding=\"3\" align=\"center\">\n<tbody>\n<tr align=\"center\">\n<th width=\"124\"><\/th>\n<th width=\"200\">PDF<\/th>\n<\/tr>\n<tr>\n<th height=\"90\">Fun\u00e7\u00f5es<\/th>\n<td>Prova 1: Tarde Noite<br \/>\nProva 2: Tarde Noite<br \/>\nProva 3: Tarde Noite<br \/>\nProva 4: Tarde Noite<\/td>\n<\/tr>\n<tr>\n<th height=\"90\">Geometria<br \/>\nAnal\u00edtica<\/th>\n<td>Prova 1: Tarde Noite<br \/>\nProva 2: Tarde Noite<br \/>\nProva 3: Tarde Noite<br \/>\nProva 4: Tarde Noite<\/td>\n<\/tr>\n<\/tbody>\n<\/table>\n<p>&nbsp;<\/p>\n<h3>Aten\u00e7\u00e3o<\/h3>\n<ol>\n<li>Nos dias de prova n\u00e3o haver\u00e1 aula de nenhuma das duas disciplinas.<\/li>\n<li>As provas come\u00e7ar\u00e3o sempre \u00e0s 14 horas (para o turno da tarde) e \u00e0s 19 horas (para o turno da noite) e ter\u00e3o 3 horas de dura\u00e7\u00e3o.<\/li>\n<li>N\u00e3o ser\u00e1 permitida a entrada de qualquer candidato no local de prova fora dos hor\u00e1rios previstos.<\/li>\n<li>O candidato que n\u00e3o comparecer a qualquer uma das provas, mesmo que por motivo de for\u00e7a maior, receber\u00e1 nota zero nessa prova.<\/li>\n<li>Cada uma das provas realizadas no decorrer do semestre ser\u00e1 constitu\u00edda de quatro quest\u00f5es discursivas, valendo 25 pontos cada uma.<\/li>\n<li>As provas ser\u00e3o corrigidas por bancas examinadoras, das quais far\u00e3o parte os professores das disciplinas.<\/li>\n<li>Devido \u00e0s caracter\u00edsticas do Processo Seletivo, n\u00e3o caber\u00e1 qualquer recurso ou pedido de reconsidera\u00e7\u00e3o quanto \u00e0 nota concedida ao candidato pela banca examinadora em uma prova.<\/li>\n<li>Das quatro notas obtidas nas provas realizadas durante o semestre em cada disciplina, as tr\u00eas mais altas ser\u00e3o computadas para o c\u00e1lculo da m\u00e9dia, que ser\u00e1 a nota final do candidato naquela disciplina.<\/li>\n<li>Ser\u00e1 considerado reprovado e, portanto, eliminado do Processo Seletivo, o candidato que obtiver nota final inferior a 50 em qualquer disciplina.<\/li>\n<\/ol>\n<p>&nbsp;<\/p>\n<h3>Bancas de Corre\u00e7\u00e3o<\/h3>\n<p>As provas ser\u00e3o elaboradas e corrigidas por bancas formadas por professores do Departamento de Matem\u00e1tica da UFPR. A metodologia aplicada na hora da corre\u00e7\u00e3o \u00e9 a mesma usada em todos os concursos organizados pelo NC:<\/p>\n<ul>\n<li>Cada quest\u00e3o passa por dois corretores e cada corretor atribui uma nota sem conhecer a nota dada pelo outro;<\/li>\n<li>Quando h\u00e1 diferen\u00e7a substancial entre as notas dadas pelos dois corretores, a quest\u00e3o \u00e9 encaminhada ao presidente da banca que decide qual deve ser a nota final.<\/li>\n<li>Para pequenas diferen\u00e7as, faz-se a m\u00e9dia entre as duas corre\u00e7\u00f5es.<\/li>\n<\/ul>\n<p>&nbsp;<\/p>\n","protected":false},"excerpt":{"rendered":"<p>Informa\u00e7\u00f5es sobre o PSE 2016 &nbsp; &nbsp; As normas que regem o processo seletivo estendido 2016 ser\u00e3o descritas em edital espec\u00edfico a ser publicado pelo N\u00facleo de Concursos da UFPR em breve, no wesite: www.nc.ufpr.br no link &#8220;Processo Seletivo 2015\/2016&#8221;&hellip; <\/p>\n","protected":false},"author":1003,"featured_media":0,"parent":0,"menu_order":0,"comment_status":"closed","ping_status":"closed","template":"","meta":{"footnotes":""},"class_list":["post-78","page","type-page","status-publish","hentry"],"_links":{"self":[{"href":"https:\/\/exatas.ufpr.br\/matematica-grad\/wp-json\/wp\/v2\/pages\/78","targetHints":{"allow":["GET"]}}],"collection":[{"href":"https:\/\/exatas.ufpr.br\/matematica-grad\/wp-json\/wp\/v2\/pages"}],"about":[{"href":"https:\/\/exatas.ufpr.br\/matematica-grad\/wp-json\/wp\/v2\/types\/page"}],"author":[{"embeddable":true,"href":"https:\/\/exatas.ufpr.br\/matematica-grad\/wp-json\/wp\/v2\/users\/1003"}],"replies":[{"embeddable":true,"href":"https:\/\/exatas.ufpr.br\/matematica-grad\/wp-json\/wp\/v2\/comments?post=78"}],"version-history":[{"count":3,"href":"https:\/\/exatas.ufpr.br\/matematica-grad\/wp-json\/wp\/v2\/pages\/78\/revisions"}],"predecessor-version":[{"id":82,"href":"https:\/\/exatas.ufpr.br\/matematica-grad\/wp-json\/wp\/v2\/pages\/78\/revisions\/82"}],"wp:attachment":[{"href":"https:\/\/exatas.ufpr.br\/matematica-grad\/wp-json\/wp\/v2\/media?parent=78"}],"curies":[{"name":"wp","href":"https:\/\/api.w.org\/{rel}","templated":true}]}}