{"id":72,"date":"2016-02-15T03:37:23","date_gmt":"2016-02-15T03:37:23","guid":{"rendered":"https:\/\/exatas.ufpr.br\/matematica-grad\/?page_id=72"},"modified":"2016-02-15T04:02:41","modified_gmt":"2016-02-15T04:02:41","slug":"funcionamento","status":"publish","type":"page","link":"https:\/\/exatas.ufpr.br\/matematica-grad\/funcionamento\/","title":{"rendered":"Funcionamento"},"content":{"rendered":"<h2><span class=\"pageName\">Para entrar no Curso de Matem\u00e1tica<\/span><\/h2>\n<p>O processo seletivo para ingressar no curso de Matem\u00e1tica \u00e9 diferente dos demais cursos da UFPR, pois, al\u00e9m das duas primeiras fases normais em todos os cursos, h\u00e1 uma terceira fase.<\/p>\n<p>&nbsp;<\/p>\n<h4>A Terceira Fase<\/h4>\n<p>Consiste de duas disciplinas a serem cursadas no primeiro semestre do ano:<\/p>\n<ul>\n<li>Fun\u00e7\u00f5es;<\/li>\n<li>Geometria Anal\u00edtica;<\/li>\n<\/ul>\n<p>Cada uma das disciplinas da terceira fase ter\u00e1 valor de 100 pontos. Nesta fase ser\u00e3o convocados:<\/p>\n<ul>\n<li>88 candidatos para <b>Matem\u00e1tica Diurno<\/b>;<\/li>\n<li>88 candidatos para <b>Matem\u00e1tica Noturno<\/b>;<\/li>\n<\/ul>\n<p>Ser\u00e3o eliminados do processo seletivo os candidatos com m\u00e9dia final inferior a 50 em qualquer uma dessas duas disciplinas.<\/p>\n<p>&nbsp;<\/p>\n<h4>Desempenho Final<\/h4>\n<p>Cada candidato que concluir a terceira fase ter\u00e1 quatro notas:<\/p>\n<ul>\n<ul>\n<li>da primeira fase (no m\u00e1ximo 80 pontos);<\/li>\n<li>da segunda fase (no m\u00e1ximo 60 pontos);<\/li>\n<li>da disciplina de Fun\u00e7\u00f5es (entre 50 e 100 pontos);<\/li>\n<li>da disciplina de GA (entre 50 e 100 pontos).<\/li>\n<\/ul>\n<\/ul>\n<p>O desempenho final do candidato ser\u00e1 obtido somando as quatro notas acima e dividindo este valor por 340, que \u00e9 a pontua\u00e7\u00e3o m\u00e1xima que um candidato pode atingir.<\/p>\n<p>&nbsp;<\/p>\n<h4>Aprovados<\/h4>\n<p>O N\u00facleo de Concursos divulgar\u00e1 a classifica\u00e7\u00e3o final do Processo Seletivo Estendido. Ser\u00e3o considerados aprovados e chamados para matricular-se no Curso de <strong>Matematica da UFPR<\/strong>:<\/p>\n<ul>\n<li>Os 44 primeiros colocados do turno da tarde<\/li>\n<li>Os 44 primeiros colocados do turno da noite<\/li>\n<\/ul>\n<p>Os demais candidatos que foram aprovados nas disciplinas da Terceira Etapa receber\u00e3o um certificado de aprova\u00e7\u00e3o nestas disciplinas. Tal certificado poder\u00e1 ser utilizado para pedir dispensa destas disciplinas em outros cursos da UFPR e de outras Faculdades ou Universidadesque tenham estas disciplinas em seu curr\u00edculo.<\/p>\n<p>&nbsp;<\/p>\n","protected":false},"excerpt":{"rendered":"<p>Para entrar no Curso de Matem\u00e1tica O processo seletivo para ingressar no curso de Matem\u00e1tica \u00e9 diferente dos demais cursos da UFPR, pois, al\u00e9m das duas primeiras fases normais em todos os cursos, h\u00e1 uma terceira fase. &nbsp; A Terceira&hellip; <\/p>\n","protected":false},"author":1003,"featured_media":0,"parent":0,"menu_order":0,"comment_status":"closed","ping_status":"closed","template":"","meta":{"footnotes":""},"class_list":["post-72","page","type-page","status-publish","hentry"],"_links":{"self":[{"href":"https:\/\/exatas.ufpr.br\/matematica-grad\/wp-json\/wp\/v2\/pages\/72","targetHints":{"allow":["GET"]}}],"collection":[{"href":"https:\/\/exatas.ufpr.br\/matematica-grad\/wp-json\/wp\/v2\/pages"}],"about":[{"href":"https:\/\/exatas.ufpr.br\/matematica-grad\/wp-json\/wp\/v2\/types\/page"}],"author":[{"embeddable":true,"href":"https:\/\/exatas.ufpr.br\/matematica-grad\/wp-json\/wp\/v2\/users\/1003"}],"replies":[{"embeddable":true,"href":"https:\/\/exatas.ufpr.br\/matematica-grad\/wp-json\/wp\/v2\/comments?post=72"}],"version-history":[{"count":1,"href":"https:\/\/exatas.ufpr.br\/matematica-grad\/wp-json\/wp\/v2\/pages\/72\/revisions"}],"predecessor-version":[{"id":74,"href":"https:\/\/exatas.ufpr.br\/matematica-grad\/wp-json\/wp\/v2\/pages\/72\/revisions\/74"}],"wp:attachment":[{"href":"https:\/\/exatas.ufpr.br\/matematica-grad\/wp-json\/wp\/v2\/media?parent=72"}],"curies":[{"name":"wp","href":"https:\/\/api.w.org\/{rel}","templated":true}]}}