{"id":63,"date":"2016-02-15T03:32:27","date_gmt":"2016-02-15T03:32:27","guid":{"rendered":"https:\/\/exatas.ufpr.br\/matematica-grad\/?page_id=63"},"modified":"2016-02-15T03:32:27","modified_gmt":"2016-02-15T03:32:27","slug":"corpo-docente","status":"publish","type":"page","link":"https:\/\/exatas.ufpr.br\/matematica-grad\/corpo-docente\/","title":{"rendered":"Corpo Docente"},"content":{"rendered":"<p><strong>Qualifica\u00e7\u00e3o do Corpo Docente<\/strong><\/p>\n<p>O Departamento de Matem\u00e1tica conta, atualmente, com 52 professores efetivos, todos doutores, assim distribu\u00eddos:<\/p>\n<ul>\n<li>41 s\u00e3o doutores em Matem\u00e1tica ou Matem\u00e1tica Aplicada<\/li>\n<li>os demais em \u00e1reas afins e educa\u00e7\u00e3o matem\u00e1tica<\/li>\n<\/ul>\n<p>No seguinte quadro encontram-se informa\u00e7\u00f5es a respeito dos docentes do Departamento de Matem\u00e1tica que ministram aulas para o curso de Matem\u00e1tica.<\/p>\n<table border=\"1\" width=\"100%\" cellspacing=\"0\" cellpadding=\"7\">\n<tbody>\n<tr valign=\"top\">\n<td><b>Docente<\/b><\/td>\n<td><b>Titula\u00e7\u00e3o<\/b><\/td>\n<td><b>Tempo magist\u00e9rio<\/b><\/td>\n<\/tr>\n<tr valign=\"top\">\n<td>Ademir Alves Ribeiro<\/td>\n<td>Doutor em Matem\u00e1tica Aplicada &#8211; UFPR<br \/>\nP\u00f3s-Doutorado: University of Edinburgh (Esc\u00f3cia)<\/td>\n<td>24 anos<\/td>\n<\/tr>\n<tr valign=\"top\">\n<td height=\"1\">Adonai Schlup Sant&#8217;Anna<\/td>\n<td>Doutor em Filosofia &#8211; USP<br \/>\nP\u00f3s-doutorado: Stanford University (EUA)<br \/>\ne University of South Carolina (EUA)<\/td>\n<td>26 anos<\/td>\n<\/tr>\n<tr valign=\"top\">\n<td height=\"7\">Ailin Ruiz de Zarate Fabregas<\/td>\n<td>Doutora em Matem\u00e1tica &#8211; IMPA<\/td>\n<td>8 anos<\/td>\n<\/tr>\n<tr valign=\"top\">\n<td height=\"7\">Aldemir Jos\u00e9 Silva Pinto<\/td>\n<td>Doutor em Matem\u00e1tica &#8211; USP<\/td>\n<td>19 anos<\/td>\n<\/tr>\n<tr valign=\"top\">\n<td>Alexandre Kirilov<\/td>\n<td>Doutor em Matem\u00e1tica &#8211; UFSCar<br \/>\nP\u00f3s-doutorado: Universit\u00e0 di Cagliari (It\u00e1lia)<\/td>\n<td>20 anos<\/td>\n<\/tr>\n<tr valign=\"top\">\n<td>Alexandre Luiz Trovon de Carvalho<\/td>\n<td>Doutor em Matem\u00e1tica &#8211; Unicamp<\/td>\n<td>22 anos<\/td>\n<\/tr>\n<tr valign=\"top\">\n<td height=\"2\">Carlos Henrique dos Santos<\/td>\n<td>Doutor em Matem\u00e1tica &#8211; USP<\/td>\n<td>26 anos<\/td>\n<\/tr>\n<tr valign=\"top\">\n<td height=\"4\">Carlos Roberto Vianna<\/td>\n<td>Doutor em Educa\u00e7\u00e3o Matem\u00e1tica &#8211; USP<br \/>\nP\u00f3s-doutorado: Universidade Nova de Lisboa (Portugal) e Unesp (Brasil)<\/td>\n<td>26 anos<\/td>\n<\/tr>\n<tr valign=\"top\">\n<td>Edson Ribeiro \u00c1lvares<\/td>\n<td>Doutor em Matem\u00e1tica &#8211; USP<br \/>\nP\u00f3s-doutorado: Universit\u00e9 de Sherbrooke (Canad\u00e1) e Universidad de Mar del Plata (Argentina)<\/td>\n<td>19 anos<\/td>\n<\/tr>\n<tr valign=\"top\">\n<td height=\"1\">Eduardo Hoefel<\/td>\n<td>Doutor em Matem\u00e1tica &#8211; Unicamp<br \/>\nP\u00f3s-doutorado: Universit\u00e9 Paris XIII (Fran\u00e7a)<\/td>\n<td>10 anos<\/td>\n<\/tr>\n<tr valign=\"top\">\n<td height=\"3\">Elizabeth Wegner Karas<\/td>\n<td>Doutora em Mat. Aplicada &#8211; Univ. Paris I<br \/>\nP\u00f3s-doutorado: Tokyo Institute of Technology (Jap\u00e3o) e Chinese Academy of Sciences (China)<\/td>\n<td>27 anos<\/td>\n<\/tr>\n<tr valign=\"top\">\n<td>Elisangela de Campos<\/td>\n<td>Doutora em Educa\u00e7\u00e3o Matem\u00e1tica &#8211; UFPR<\/td>\n<td>18 anos<\/td>\n<\/tr>\n<tr valign=\"top\">\n<td>Hig\u00eddio Portillo Oquendo<\/td>\n<td>Doutor em Matem\u00e1tica &#8211; UFRJ<br \/>\nP\u00f3s-doutorado: LNCC (Brasil)<\/td>\n<td>12 anos<\/td>\n<\/tr>\n<tr valign=\"top\">\n<td>Jos\u00e9 Carlos Cifuentes<\/td>\n<td>Doutor em Matem\u00e1tica &#8211; Unicamp<\/td>\n<td>22 anos<\/td>\n<\/tr>\n<tr valign=\"top\">\n<td>Jos\u00e9 Jo\u00e3o Rossetto<\/td>\n<td>Doutor em Eng. Biom\u00e9dica &#8211; UTFPR<\/td>\n<td>24 anos<\/td>\n<\/tr>\n<tr valign=\"top\">\n<td height=\"1\">Jos\u00e9 Renato Ramos Barbosa<\/td>\n<td>Doutor em F\u00edsica &#8211; UFPR<\/td>\n<td>24 anos<\/td>\n<\/tr>\n<tr valign=\"top\">\n<td height=\"6\">Jurandir Ceccon<\/td>\n<td>Doutor em Matem\u00e1tica &#8211; UFMG<br \/>\nP\u00f3s-doutorado &#8211; UFMG<\/td>\n<td>10 anos<\/td>\n<\/tr>\n<tr valign=\"top\">\n<td>Liliana Madalena Gramani Cumin<\/td>\n<td>Doutora em F\u00edsica &#8211; UFPR<br \/>\nP\u00f3s-doutorado: Politecnico Di Torino (It\u00e1lia)<\/td>\n<td>24 anos<\/td>\n<\/tr>\n<tr valign=\"top\">\n<td>Lucelina Batista dos Santos<\/td>\n<td>Doutora em Mat. Aplicada &#8211; Unicamp<br \/>\nP\u00f3s-doutorado: Universidad de Sevilla (Espanha)<\/td>\n<td>12 anos<\/td>\n<\/tr>\n<tr valign=\"top\">\n<td height=\"2\">Luiz Ant\u00f4nio Ribeiro de Santana<\/td>\n<td>Doutor em Mat. Aplicada &#8211; Unicamp<\/td>\n<td>12 anos<\/td>\n<\/tr>\n<tr valign=\"top\">\n<td>Luiz Carlos Matioli<\/td>\n<td>Doutor em Eng. de Produ\u00e7\u00e3o &#8211; UFSC<br \/>\nP\u00f3s-doutorado: Chinese Academy of Sciences (China)<\/td>\n<td>22 anos<\/td>\n<\/tr>\n<tr valign=\"top\">\n<td>Manuel Jes\u00fas Cruz Barreda<\/td>\n<td>Doutor em Matem\u00e1tica Aplicada &#8211; LNCC<\/td>\n<td>22 anos<\/td>\n<\/tr>\n<tr valign=\"top\">\n<td height=\"6\">Marcelo Muniz Silva Alves<\/td>\n<td>Doutor em Matem\u00e1tica &#8211; Unicamp<\/td>\n<td>12 anos<\/td>\n<\/tr>\n<tr valign=\"top\">\n<td height=\"5\">Pedro Danizete Dam\u00e1zio<\/td>\n<td>Doutor em Matem\u00e1tica Aplicada &#8211; Unicamp<br \/>\nChinese Academy of Sciences (China)<\/td>\n<td>18 anos<\/td>\n<\/tr>\n<tr valign=\"top\">\n<td>Raul Prado Raya<\/td>\n<td>Doutor em Matem\u00e1tica &#8211; LNCC<\/td>\n<td>12 anos<\/td>\n<\/tr>\n<tr valign=\"top\">\n<td>Saulo Pomponet Oliveira<\/td>\n<td>Doutor em Matem\u00e1tica Aplicada &#8211; University of Colorado (EUA)<br \/>\nP\u00f3s-doutorado: INOGS, It\u00e1lia<\/td>\n<td>9 anos<\/td>\n<\/tr>\n<tr valign=\"top\">\n<td>Yuan Jin Yun<\/td>\n<td>Doutor em Matem\u00e1tica &#8211; IMPA<br \/>\nP\u00f3s-doutorado: Simon Fraser University (EUA)<\/td>\n<td>22 anos<\/td>\n<\/tr>\n<\/tbody>\n<\/table>\n<p>Os demais professores oriundos dos departamentos que ofertam disciplinas para o curso de Licenciatura e Bacharelado t\u00eam, em sua maioria, dedica\u00e7\u00e3o exclusiva e t\u00edtulo de Doutor.<\/p>\n","protected":false},"excerpt":{"rendered":"<p>Qualifica\u00e7\u00e3o do Corpo Docente O Departamento de Matem\u00e1tica conta, atualmente, com 52 professores efetivos, todos doutores, assim distribu\u00eddos: 41 s\u00e3o doutores em Matem\u00e1tica ou Matem\u00e1tica Aplicada os demais em \u00e1reas afins e educa\u00e7\u00e3o matem\u00e1tica No seguinte quadro encontram-se informa\u00e7\u00f5es a&hellip; <\/p>\n","protected":false},"author":1003,"featured_media":0,"parent":0,"menu_order":0,"comment_status":"open","ping_status":"open","template":"","meta":{"footnotes":""},"class_list":["post-63","page","type-page","status-publish","hentry"],"_links":{"self":[{"href":"https:\/\/exatas.ufpr.br\/matematica-grad\/wp-json\/wp\/v2\/pages\/63","targetHints":{"allow":["GET"]}}],"collection":[{"href":"https:\/\/exatas.ufpr.br\/matematica-grad\/wp-json\/wp\/v2\/pages"}],"about":[{"href":"https:\/\/exatas.ufpr.br\/matematica-grad\/wp-json\/wp\/v2\/types\/page"}],"author":[{"embeddable":true,"href":"https:\/\/exatas.ufpr.br\/matematica-grad\/wp-json\/wp\/v2\/users\/1003"}],"replies":[{"embeddable":true,"href":"https:\/\/exatas.ufpr.br\/matematica-grad\/wp-json\/wp\/v2\/comments?post=63"}],"version-history":[{"count":1,"href":"https:\/\/exatas.ufpr.br\/matematica-grad\/wp-json\/wp\/v2\/pages\/63\/revisions"}],"predecessor-version":[{"id":65,"href":"https:\/\/exatas.ufpr.br\/matematica-grad\/wp-json\/wp\/v2\/pages\/63\/revisions\/65"}],"wp:attachment":[{"href":"https:\/\/exatas.ufpr.br\/matematica-grad\/wp-json\/wp\/v2\/media?parent=63"}],"curies":[{"name":"wp","href":"https:\/\/api.w.org\/{rel}","templated":true}]}}