{"id":56,"date":"2016-02-15T03:25:12","date_gmt":"2016-02-15T03:25:12","guid":{"rendered":"https:\/\/exatas.ufpr.br\/matematica-grad\/?page_id=56"},"modified":"2016-02-15T03:26:25","modified_gmt":"2016-02-15T03:26:25","slug":"grade-curricular-do-bacharelado","status":"publish","type":"page","link":"https:\/\/exatas.ufpr.br\/matematica-grad\/grade-curricular-do-bacharelado\/","title":{"rendered":"Grade Curricular do Bacharelado"},"content":{"rendered":"<table border=\"1\" width=\"75%\" cellspacing=\"0\" cellpadding=\"5\">\n<tbody>\n<tr>\n<td width=\"25%\"><b>1\u00ba Semestre<\/b><\/td>\n<td width=\"75%\">CM118 Fun\u00e7\u00f5es<br \/>\nCM119 Geometria Anal\u00edtica<\/td>\n<\/tr>\n<tr>\n<td><b>2\u00ba Semestre<\/b><\/td>\n<td>CM100 Complementos de Matem\u00e1tica<br \/>\nCM120 \u00c1lgebra Linear I<br \/>\nCM047 C\u00e1lculo Diferencial e Integral I<br \/>\nCM127 Fundamentos de Geometria<\/td>\n<\/tr>\n<tr>\n<td><b>3\u00ba Semestre<\/b><\/td>\n<td>CE003 Estat\u00edstica II<br \/>\nCF059 F\u00edsica I<br \/>\nCM048 C\u00e1lculo Diferencial e Integral II<br \/>\nCM053 \u00c1lgebra Linear II<br \/>\nCM124 Teoria de N\u00fameros<\/td>\n<\/tr>\n<tr>\n<td><b>4\u00ba Semestre<\/b><\/td>\n<td>CF060 F\u00edsica II<br \/>\nCM068 Vari\u00e1veis Complexas<br \/>\nCM095 An\u00e1lise I<br \/>\nCM125 Teoria de An\u00e9is<br \/>\nCM139 C\u00e1lculo Diferencial e Integral III<\/td>\n<\/tr>\n<tr>\n<td><b>5\u00ba Semestre<\/b><\/td>\n<td>CF061 F\u00edsica III<br \/>\nCM111 An\u00e1lise II<br \/>\nCM126 Teoria de Grupos<br \/>\nCM073 Introdu\u00e7\u00e3o \u00e0s Equa\u00e7\u00f5es Diferenciais Ordin\u00e1rias<br \/>\nCE068 C\u00e1lculo de Probabilidade A<\/td>\n<\/tr>\n<tr>\n<td><b>6\u00ba Semestre<\/b><\/td>\n<td>CF062 F\u00edsica IV<br \/>\nCM102 Introd. \u00e0s Equa\u00e7\u00f5es Diferenciais Parciais<br \/>\nCM112 An\u00e1lise III<br \/>\nCM127 Geometrias Euclidianas e n\u00e3o Euclidianas<br \/>\nOptativa 1<\/td>\n<\/tr>\n<tr>\n<td><b>7\u00ba Semestre<\/b><\/td>\n<td>CM075 Introdu\u00e7\u00e3o \u00e0 An\u00e1lise Funcional<br \/>\nCM078 Introdu\u00e7\u00e3o \u00e0 Topologia<br \/>\nCM137 Trabalho de Conclus\u00e3o de Curso para Bacharelado I<br \/>\nCM226 Est\u00e1gio Supervisionado em Matem\u00e1tica<br \/>\nOptativa 2<br \/>\nOptativa 3<\/td>\n<\/tr>\n<tr>\n<td><b>8\u00ba Semestre<\/b><\/td>\n<td>CM077 Introdu\u00e7\u00e3o \u00e0 Geometria Diferencial<br \/>\nCM138 Trabalho de Conclus\u00e3o de Curso para Bacharelado II<br \/>\nCM227 Teoria de Conjuntos<br \/>\nCM230 Topologia Alg\u00e9brica<br \/>\nOptativa 4<\/td>\n<\/tr>\n<\/tbody>\n<\/table>\n","protected":false},"excerpt":{"rendered":"<p>1\u00ba Semestre CM118 Fun\u00e7\u00f5es CM119 Geometria Anal\u00edtica 2\u00ba Semestre CM100 Complementos de Matem\u00e1tica CM120 \u00c1lgebra Linear I CM047 C\u00e1lculo Diferencial e Integral I CM127 Fundamentos de Geometria 3\u00ba Semestre CE003 Estat\u00edstica II CF059 F\u00edsica I CM048 C\u00e1lculo Diferencial e Integral&hellip; <\/p>\n","protected":false},"author":1003,"featured_media":0,"parent":0,"menu_order":0,"comment_status":"closed","ping_status":"closed","template":"","meta":{"footnotes":""},"class_list":["post-56","page","type-page","status-publish","hentry"],"_links":{"self":[{"href":"https:\/\/exatas.ufpr.br\/matematica-grad\/wp-json\/wp\/v2\/pages\/56","targetHints":{"allow":["GET"]}}],"collection":[{"href":"https:\/\/exatas.ufpr.br\/matematica-grad\/wp-json\/wp\/v2\/pages"}],"about":[{"href":"https:\/\/exatas.ufpr.br\/matematica-grad\/wp-json\/wp\/v2\/types\/page"}],"author":[{"embeddable":true,"href":"https:\/\/exatas.ufpr.br\/matematica-grad\/wp-json\/wp\/v2\/users\/1003"}],"replies":[{"embeddable":true,"href":"https:\/\/exatas.ufpr.br\/matematica-grad\/wp-json\/wp\/v2\/comments?post=56"}],"version-history":[{"count":1,"href":"https:\/\/exatas.ufpr.br\/matematica-grad\/wp-json\/wp\/v2\/pages\/56\/revisions"}],"predecessor-version":[{"id":58,"href":"https:\/\/exatas.ufpr.br\/matematica-grad\/wp-json\/wp\/v2\/pages\/56\/revisions\/58"}],"wp:attachment":[{"href":"https:\/\/exatas.ufpr.br\/matematica-grad\/wp-json\/wp\/v2\/media?parent=56"}],"curies":[{"name":"wp","href":"https:\/\/api.w.org\/{rel}","templated":true}]}}