{"id":39,"date":"2016-02-15T03:09:46","date_gmt":"2016-02-15T03:09:46","guid":{"rendered":"https:\/\/exatas.ufpr.br\/matematica-grad\/?page_id=39"},"modified":"2016-02-15T03:26:21","modified_gmt":"2016-02-15T03:26:21","slug":"grade-curricular-da-licenciatura-diurno","status":"publish","type":"page","link":"https:\/\/exatas.ufpr.br\/matematica-grad\/grade-curricular-da-licenciatura-diurno\/","title":{"rendered":"Grade Curricular da Licenciatura &#8211; Diurno"},"content":{"rendered":"<table border=\"1\" width=\"75%\" cellspacing=\"0\" cellpadding=\"5\">\n<tbody>\n<tr>\n<td width=\"25%\"><b>1\u00ba Semestre<\/b><\/td>\n<td width=\"75%\">CM118 Fun\u00e7\u00f5es<br \/>\nCM119 Geometria Anal\u00edtica<\/td>\n<\/tr>\n<tr>\n<td><b>2\u00ba Semestre<\/b><\/td>\n<td>CM100 Complementos de Matem\u00e1tica<br \/>\nCM120 \u00c1lgebra Linear I<br \/>\nCM047 C\u00e1lculo Diferencial e Integral I<br \/>\nCM127 Fundamentos de Geometria<\/td>\n<\/tr>\n<tr>\n<td><b>3\u00ba Semestre<\/b><\/td>\n<td>CD031 Desenho Geom\u00e9trico I<br \/>\nCM048 C\u00e1lculo Diferencial e Integral II<br \/>\nCM124 Teoria de N\u00fameros<br \/>\nET053 Psicologia da Educa\u00e7\u00e3o<br \/>\nEP073 Pol\u00edtica e Planej. da Educa\u00e7\u00e3o Brasileira<\/td>\n<\/tr>\n<tr>\n<td><b>4\u00ba Semestre<\/b><\/td>\n<td>CD030 Geometria Din\u00e2mica<br \/>\nCE003 Estat\u00edstica II<br \/>\nCF059 F\u00edsica I<br \/>\nCM139 C\u00e1lculo Diferencial e Integral III<br \/>\nCM125 Teoria de An\u00e9is<br \/>\nEP074 Organiza\u00e7\u00e3o do Trabalho Pedag\u00f3gico<\/td>\n<\/tr>\n<tr>\n<td><b>5\u00ba Semestre<\/b><\/td>\n<td>CF060 F\u00edsica II<br \/>\nCM121 Equa\u00e7\u00f5es Diferenciais e Aplica\u00e7\u00f5es<br \/>\nCM122 Fundamentos de An\u00e1lise<br \/>\nCM126 Teoria de Grupos<br \/>\nCM129 Did\u00e1tica da Matem\u00e1tica<br \/>\nEM126 Metodologia do Ensino da Matem\u00e1tica<\/td>\n<\/tr>\n<tr>\n<td><b>6\u00ba Semestre<\/b><\/td>\n<td>CF061 F\u00edsica III<br \/>\nCM123 An\u00e1lise na Reta<br \/>\nCM128 Geometrias Euclidianas e n\u00e3o Euclidianas<br \/>\nCM132 Matem\u00e1tica no Ensino Fundamental<br \/>\nCD036 Geometria no Ensino<br \/>\nOptativa 1<\/td>\n<\/tr>\n<tr>\n<td><b>7\u00ba Semestre<\/b><\/td>\n<td>CE068 C\u00e1lculo de Probabilidades A<br \/>\nCM133 Matem\u00e1tica no Ensino M\u00e9dio<br \/>\nCM134 Trabalho de Conclus\u00e3o de Curso para Licenciatura I<br \/>\nEM127 Pr\u00e1tica de Doc\u00eancia em Matem\u00e1tica I<br \/>\nOptativa 2<br \/>\nOptativa 3<\/td>\n<\/tr>\n<tr>\n<td><b>8\u00ba Semestre<\/b><\/td>\n<td>CM131 An\u00e1lise de Textos e Materiais Did\u00e1ticos<br \/>\nCM130 Pesquisa em Educa\u00e7\u00e3o Matem\u00e1tica<br \/>\nCM135 Trabalho de Conclus\u00e3o de Curso para Licenciatura II<br \/>\nEM128 Pr\u00e1tica de Doc\u00eancia em Matem\u00e1tica II<br \/>\nOptativa 4<\/td>\n<\/tr>\n<\/tbody>\n<\/table>\n<p>&nbsp;<\/p>\n<p>&nbsp;<\/p>\n","protected":false},"excerpt":{"rendered":"<p>1\u00ba Semestre CM118 Fun\u00e7\u00f5es CM119 Geometria Anal\u00edtica 2\u00ba Semestre CM100 Complementos de Matem\u00e1tica CM120 \u00c1lgebra Linear I CM047 C\u00e1lculo Diferencial e Integral I CM127 Fundamentos de Geometria 3\u00ba Semestre CD031 Desenho Geom\u00e9trico I CM048 C\u00e1lculo Diferencial e Integral II CM124&hellip; <\/p>\n","protected":false},"author":1003,"featured_media":0,"parent":0,"menu_order":0,"comment_status":"closed","ping_status":"closed","template":"","meta":{"footnotes":""},"class_list":["post-39","page","type-page","status-publish","hentry"],"_links":{"self":[{"href":"https:\/\/exatas.ufpr.br\/matematica-grad\/wp-json\/wp\/v2\/pages\/39","targetHints":{"allow":["GET"]}}],"collection":[{"href":"https:\/\/exatas.ufpr.br\/matematica-grad\/wp-json\/wp\/v2\/pages"}],"about":[{"href":"https:\/\/exatas.ufpr.br\/matematica-grad\/wp-json\/wp\/v2\/types\/page"}],"author":[{"embeddable":true,"href":"https:\/\/exatas.ufpr.br\/matematica-grad\/wp-json\/wp\/v2\/users\/1003"}],"replies":[{"embeddable":true,"href":"https:\/\/exatas.ufpr.br\/matematica-grad\/wp-json\/wp\/v2\/comments?post=39"}],"version-history":[{"count":1,"href":"https:\/\/exatas.ufpr.br\/matematica-grad\/wp-json\/wp\/v2\/pages\/39\/revisions"}],"predecessor-version":[{"id":41,"href":"https:\/\/exatas.ufpr.br\/matematica-grad\/wp-json\/wp\/v2\/pages\/39\/revisions\/41"}],"wp:attachment":[{"href":"https:\/\/exatas.ufpr.br\/matematica-grad\/wp-json\/wp\/v2\/media?parent=39"}],"curies":[{"name":"wp","href":"https:\/\/api.w.org\/{rel}","templated":true}]}}