{"id":19,"date":"2016-02-15T02:47:15","date_gmt":"2016-02-15T02:47:15","guid":{"rendered":"https:\/\/exatas.ufpr.br\/matematica-grad\/?page_id=19"},"modified":"2016-02-15T02:50:22","modified_gmt":"2016-02-15T02:50:22","slug":"localizacao","status":"publish","type":"page","link":"https:\/\/exatas.ufpr.br\/matematica-grad\/localizacao\/","title":{"rendered":"Localiza\u00e7\u00e3o"},"content":{"rendered":"<p><strong>Coordena\u00e7\u00e3o<\/strong><\/p>\n<ul>\n<ul>\n<li><strong>Coordenador: <\/strong>Profa. Dra. Elis\u00e2ngela de Campos<br \/>\n<a href=\"http:\/\/www.mat.ufpr.br\/graduacao\/matematica\/curso\/coordenacao.mat.ufpr@gmail.com\">coordenacao.mat.ufpr@gmail.com<\/a><\/li>\n<li><strong>Vice-Coordenador: <\/strong>vago<\/li>\n<li><strong>Secret\u00e1rio<\/strong>: Edson Antonio Neves Junior<br \/>\n<a href=\"http:\/\/www.mat.ufpr.br\/graduacao\/matematica\/curso\/coordenacao.mat.ufpr@gmail.com\">coordenacao.mat.ufpr@gmail.com<\/a><\/li>\n<li><strong>Endere\u00e7o para correspond\u00eancia<\/strong>:<br \/>\nCoordena\u00e7\u00e3o do Curso de Matem\u00e1tica &#8211; UFPR<br \/>\nCaixa Postal 19081 &#8211; CEP 81531-990 Curitiba &#8211; Paran\u00e1<\/li>\n<li><strong>Telefone:<\/strong> (41) 3361-3032; <strong>Fax:<\/strong> (41) 3361-3019.<\/li>\n<li><strong>Localiza\u00e7\u00e3o<\/strong>: Andar superior do bloco did\u00e1tico de ci\u00eancias exatas (bloco PC).\n<p>(o mapa abaixo apresenta a localiza\u00e7\u00e3o correta do bloco PC no Centro Polit\u00e9cnico)<br \/>\nEsse mapa est\u00e1 um pouco desatualizado, devido a constru\u00e7\u00e3o de tr\u00eas novos<br \/>\npr\u00e9dios no entorno do bloco PC. Oriente-se pelas ruas.<\/li>\n<\/ul>\n<\/ul>\n<p><strong>Hor\u00e1rio de atendimento externo:<\/strong><\/p>\n<p>De segunda a sexta-feira, das 14h30 \u00e0s 20h.<\/p>\n","protected":false},"excerpt":{"rendered":"<p>Coordena\u00e7\u00e3o Coordenador: Profa. Dra. Elis\u00e2ngela de Campos coordenacao.mat.ufpr@gmail.com Vice-Coordenador: vago Secret\u00e1rio: Edson Antonio Neves Junior coordenacao.mat.ufpr@gmail.com Endere\u00e7o para correspond\u00eancia: Coordena\u00e7\u00e3o do Curso de Matem\u00e1tica &#8211; UFPR Caixa Postal 19081 &#8211; CEP 81531-990 Curitiba &#8211; Paran\u00e1 Telefone: (41) 3361-3032; Fax: (41)&hellip; <\/p>\n","protected":false},"author":1003,"featured_media":0,"parent":0,"menu_order":0,"comment_status":"closed","ping_status":"closed","template":"","meta":{"footnotes":""},"class_list":["post-19","page","type-page","status-publish","hentry"],"_links":{"self":[{"href":"https:\/\/exatas.ufpr.br\/matematica-grad\/wp-json\/wp\/v2\/pages\/19","targetHints":{"allow":["GET"]}}],"collection":[{"href":"https:\/\/exatas.ufpr.br\/matematica-grad\/wp-json\/wp\/v2\/pages"}],"about":[{"href":"https:\/\/exatas.ufpr.br\/matematica-grad\/wp-json\/wp\/v2\/types\/page"}],"author":[{"embeddable":true,"href":"https:\/\/exatas.ufpr.br\/matematica-grad\/wp-json\/wp\/v2\/users\/1003"}],"replies":[{"embeddable":true,"href":"https:\/\/exatas.ufpr.br\/matematica-grad\/wp-json\/wp\/v2\/comments?post=19"}],"version-history":[{"count":1,"href":"https:\/\/exatas.ufpr.br\/matematica-grad\/wp-json\/wp\/v2\/pages\/19\/revisions"}],"predecessor-version":[{"id":21,"href":"https:\/\/exatas.ufpr.br\/matematica-grad\/wp-json\/wp\/v2\/pages\/19\/revisions\/21"}],"wp:attachment":[{"href":"https:\/\/exatas.ufpr.br\/matematica-grad\/wp-json\/wp\/v2\/media?parent=19"}],"curies":[{"name":"wp","href":"https:\/\/api.w.org\/{rel}","templated":true}]}}