{"id":16,"date":"2016-02-15T02:46:25","date_gmt":"2016-02-15T02:46:25","guid":{"rendered":"https:\/\/exatas.ufpr.br\/matematica-grad\/?page_id=16"},"modified":"2016-02-15T02:51:09","modified_gmt":"2016-02-15T02:51:09","slug":"habilitacoes","status":"publish","type":"page","link":"https:\/\/exatas.ufpr.br\/matematica-grad\/habilitacoes\/","title":{"rendered":"Habilita\u00e7\u00f5es"},"content":{"rendered":"<p style=\"text-align: justify\"><strong>Licenciatura ou Bacharelado?<\/strong><\/p>\n<p style=\"text-align: justify\">Escolher entre Licenciatura ou Bacharelado em Matem\u00e1tica \u00e9 muito mais do que escolher uma habilita\u00e7\u00e3o. Esta escolha deve levar em conta sua voca\u00e7\u00e3o.<\/p>\n<p style=\"text-align: justify\">A Licenciatura prepara professores para atuar nos n\u00edveis m\u00e9dio e fundamental, e o Bacharelado forma pesquisadores e professores para o ensino superior.<\/p>\n<p style=\"text-align: justify\">Durante o primeiro ano do curso, alunos de Licenciatura e Bacharelado cursam juntos as mesmas disciplinas b\u00e1sicas: C\u00e1lculo, \u00c1lgebra Linear, Fundamentos de Geometria e outras disciplinas.<\/p>\n<p style=\"text-align: justify\">A partir do segundo ano de curso, os alunos da Licenciatura iniciam tamb\u00e9m a forma\u00e7\u00e3o profissional, com disciplinas envolvendo: pol\u00edtica educacional, psicologia da educa\u00e7\u00e3o, did\u00e1tica e metodologia do ensino, al\u00e9m de fazer est\u00e1gio em estabelecimentos de ensino m\u00e9dio e fundamental. Enquanto os alunos de bacharelado dedicam-se a disciplinas mais espec\u00edficas como Equa\u00e7\u00f5es Diferenciais, Topologia, An\u00e1lise e estudos dirigidos, preparando-o para a carreira de pesquisador em Matem\u00e1tica.<\/p>\n<p style=\"text-align: justify\">A Licenciatura, assim como o Bacharelado, permite que o aluno continue seus estudo na p\u00f3s-gradua\u00e7\u00e3o: especializa\u00e7\u00e3o, mestrado, doutorado e p\u00f3s-doutorado. A diferen\u00e7a \u00e9 que o Bacharel receber\u00e1 uma carga maior de conte\u00fados matem\u00e1ticos, preparando-o melhor para a carreira cient\u00edfica em Matem\u00e1tica e \u00e1reas afins.<\/p>\n<hr \/>\n<p style=\"text-align: justify\">\n<p style=\"text-align: justify\"><strong>Mercado de Trabalho<\/strong><\/p>\n<p style=\"text-align: justify\">O Licenciado em Matem\u00e1tica pode atuar como professor em escolas p\u00fablicas e particulares, de ensino m\u00e9dio e fundamental.<\/p>\n<p style=\"text-align: justify\">O Bacharel e o Licenciado tamb\u00e9m t\u00eam a op\u00e7\u00e3o de trabalhar como professor de ensino superior, para isto, o interessado deve fazer cursos de p\u00f3s-gradua\u00e7\u00e3o. Al\u00e9m da doc\u00eancia, existem outros setores do mercado que absorvem profissionais com diploma do curso de Matem\u00e1tica.<\/p>\n<p style=\"text-align: justify\">Os profissionais formados pelo curso de Matem\u00e1tica da UFPR ocupam posi\u00e7\u00f5es de destaque dentro da carreira de ensino p\u00fablico e privado, e t\u00eam obtido sucesso em programas de p\u00f3s-gradua\u00e7\u00e3o, tanto na \u00e1rea de Matem\u00e1tica quanto de Educa\u00e7\u00e3o.<\/p>\n","protected":false},"excerpt":{"rendered":"<p>Licenciatura ou Bacharelado? Escolher entre Licenciatura ou Bacharelado em Matem\u00e1tica \u00e9 muito mais do que escolher uma habilita\u00e7\u00e3o. Esta escolha deve levar em conta sua voca\u00e7\u00e3o. A Licenciatura prepara professores para atuar nos n\u00edveis m\u00e9dio e fundamental, e o Bacharelado&hellip; <\/p>\n","protected":false},"author":1003,"featured_media":0,"parent":0,"menu_order":0,"comment_status":"closed","ping_status":"closed","template":"","meta":{"footnotes":""},"class_list":["post-16","page","type-page","status-publish","hentry"],"_links":{"self":[{"href":"https:\/\/exatas.ufpr.br\/matematica-grad\/wp-json\/wp\/v2\/pages\/16","targetHints":{"allow":["GET"]}}],"collection":[{"href":"https:\/\/exatas.ufpr.br\/matematica-grad\/wp-json\/wp\/v2\/pages"}],"about":[{"href":"https:\/\/exatas.ufpr.br\/matematica-grad\/wp-json\/wp\/v2\/types\/page"}],"author":[{"embeddable":true,"href":"https:\/\/exatas.ufpr.br\/matematica-grad\/wp-json\/wp\/v2\/users\/1003"}],"replies":[{"embeddable":true,"href":"https:\/\/exatas.ufpr.br\/matematica-grad\/wp-json\/wp\/v2\/comments?post=16"}],"version-history":[{"count":2,"href":"https:\/\/exatas.ufpr.br\/matematica-grad\/wp-json\/wp\/v2\/pages\/16\/revisions"}],"predecessor-version":[{"id":28,"href":"https:\/\/exatas.ufpr.br\/matematica-grad\/wp-json\/wp\/v2\/pages\/16\/revisions\/28"}],"wp:attachment":[{"href":"https:\/\/exatas.ufpr.br\/matematica-grad\/wp-json\/wp\/v2\/media?parent=16"}],"curies":[{"name":"wp","href":"https:\/\/api.w.org\/{rel}","templated":true}]}}