{"id":13,"date":"2017-05-16T08:22:51","date_gmt":"2017-05-16T08:22:51","guid":{"rendered":"https:\/\/exatas.ufpr.br\/degraf_zuleica\/?page_id=13"},"modified":"2019-09-10T19:53:57","modified_gmt":"2019-09-10T19:53:57","slug":"extensao","status":"publish","type":"page","link":"https:\/\/exatas.ufpr.br\/degraf_zuleica\/extensao\/","title":{"rendered":"EXTENS\u00c3O"},"content":{"rendered":"<h4>Livro: Anatomia de uma ilustra\u00e7\u00e3o: os bastidores da Ilustra\u00e7\u00e3o Cient\u00edfica.<a href=\"https:\/\/exatas.ufpr.br\/degraf_zuleica\/wp-content\/uploads\/sites\/7\/2019\/09\/anatomia-de-uma-ilustracao.pdf\">anatomia-de-uma-ilustracao<\/a><\/h4>\n<p>&#8221; Os rastros de uma Ilustra\u00e7\u00e3o<br \/>\nA ILUSTRA\u00c7\u00c3O cient\u00edfica, longe de ser apenas representa\u00e7\u00e3o did\u00e1tica para livros, tem se desenvolvido e se tornado mais sofisticada. Os ilustradores cient\u00edficos s\u00e3o muitas vezes inspirados pela pr\u00f3pria metodologia cient\u00edfica na busca de aperfei\u00e7oar e ampliar seus m\u00e9todos art\u00edsticos. V\u00e1rias t\u00e9cnicas s\u00e3o aprimoradas, mescladas ou mesmo criadas pelos habilidosos artistas da ci\u00eancia (ou cientistas da arte?) para que a representa\u00e7\u00e3o visual, que serve \u00e0 ci\u00eancia e \u00e0 natureza, cumpra com excel\u00eancia seu papel. A observa\u00e7\u00e3o dessas obras meticulosas pode despertar no leigo\u00a0in\u00fameras quest\u00f5es e, assim, associada \u00e0 I Jornada de Ilustra\u00e7\u00e3o Cient\u00edfica \u2013 Sul, a exposi\u00e7\u00e3o \u201cAnatomia de uma Ilustra\u00e7\u00e3o\u201d se destina a responder a algumas delas. Os bastidores do preparo de uma ilustra\u00e7\u00e3o cient\u00edfica se revelam pelas m\u00e3os de v\u00e1rios profissionais<br \/>\nexperientes da atualidade, que fotografaram as etapas de seu trabalho at\u00e9 chegar \u00e0 conclus\u00e3o de sua obra, que estar\u00e1 exposta em sua forma final.&#8221;<\/p>\n<p>pequena introdu\u00e7\u00e3o do livro.<\/p>\n<p>=============================================================<\/p>\n<p>&nbsp;<\/p>\n<p>PR\u00d3XIMA TURMA DO CURSO DE EXTENS\u00c3O AUTOCAD B\u00c1SICO<\/p>\n<p><a href=\"https:\/\/exatas.ufpr.br\/degraf_zuleica\/wp-content\/uploads\/sites\/7\/2019\/09\/CURSO-AUTOCAD-2019-2S.jpg\"><img loading=\"lazy\" decoding=\"async\" class=\"alignnone size-medium wp-image-231\" src=\"https:\/\/exatas.ufpr.br\/degraf_zuleica\/wp-content\/uploads\/sites\/7\/2019\/09\/CURSO-AUTOCAD-2019-2S-204x300.jpg\" alt=\"\" width=\"204\" height=\"300\" \/><\/a><\/p>\n<p>======================================================================<\/p>\n<h6 class=\"entry-title\" style=\"text-align: center\"><a href=\"https:\/\/exatas.ufpr.br\/degraf_zuleica\/wp-content\/uploads\/sites\/7\/2017\/08\/ILUSTRA\u00c7\u00c3O-AGOSTO-2017.jpg\"><img loading=\"lazy\" decoding=\"async\" class=\"alignnone size-medium wp-image-210\" src=\"https:\/\/exatas.ufpr.br\/degraf_zuleica\/wp-content\/uploads\/sites\/7\/2017\/08\/ILUSTRA\u00c7\u00c3O-AGOSTO-2017-234x300.jpg\" alt=\"\" width=\"234\" height=\"300\" \/><\/a><\/h6>\n<h1>Pr\u00e9-Inscri\u00e7\u00f5es: 28 \u00e0 31 de agosto (at\u00e9 preenchimento das vagas)<\/h1>\n<p>&nbsp;<\/p>\n<p>Os alunos com inscri\u00e7\u00f5es aceitas (dentro do limite de vagas) receber\u00e1 email de confirma\u00e7\u00e3o e lista de materiais e demais informa\u00e7\u00f5es sobre o in\u00edcio do curso ap\u00f3s o dia 05 de setembro.<\/p>\n<p>&nbsp;<\/p>\n<p>_______________________________________________________________________<\/p>\n<header class=\"entry-header\">\n<h2 class=\"entry-title\"><strong>AutoCAD B\u00e1sico 2D \u00a0 \u00a0 \u00a0 \u00a0 \u00a0 \u00a0 \u00a0\u00a0<a href=\"https:\/\/exatas.ufpr.br\/degraf_zuleica\/wp-content\/uploads\/sites\/7\/2017\/08\/AUTOCAD-AGOST0-2017.jpg\"><img loading=\"lazy\" decoding=\"async\" class=\"alignnone size-medium wp-image-209\" src=\"https:\/\/exatas.ufpr.br\/degraf_zuleica\/wp-content\/uploads\/sites\/7\/2017\/08\/AUTOCAD-AGOST0-2017-212x300.jpg\" alt=\"\" width=\"212\" height=\"300\" srcset=\"https:\/\/exatas.ufpr.br\/degraf_zuleica\/wp-content\/uploads\/sites\/7\/2017\/08\/AUTOCAD-AGOST0-2017-212x300.jpg 212w, https:\/\/exatas.ufpr.br\/degraf_zuleica\/wp-content\/uploads\/sites\/7\/2017\/08\/AUTOCAD-AGOST0-2017.jpg 642w\" sizes=\"auto, (max-width: 212px) 100vw, 212px\" \/><\/a><\/strong><\/h2>\n<p>Inscri\u00e7\u00f5es : 15 \u00e0 18 de agosto de 2017<\/p>\n<h2>Inscri\u00e7\u00f5es no site:<\/h2>\n<h1>\u00a0<a href=\"https:\/\/exatas.ufpr.br\/degraf\/\">https:\/\/exatas.ufpr.br\/degraf\/<\/a><\/h1>\n<\/header>\n<div class=\"entry-content clearfix\">\n<h5><\/h5>\n<p>Vagas:<br \/>\n18 alunos de gradua\u00e7\u00e3o e de p\u00f3s-gradua\u00e7\u00e3o \u2013 UFPR<br \/>\n02 docentes e funcion\u00e1rios da UFPR<br \/>\n02 comunidade externa.<\/p>\n<p>&nbsp;<\/p>\n<h4><\/h4>\n<p>&nbsp;<\/p>\n<\/div>\n","protected":false},"excerpt":{"rendered":"<p>Livro: Anatomia de uma ilustra\u00e7\u00e3o: os bastidores da Ilustra\u00e7\u00e3o Cient\u00edfica.anatomia-de-uma-ilustracao &#8221; Os rastros de uma Ilustra\u00e7\u00e3o A ILUSTRA\u00c7\u00c3O cient\u00edfica, longe de ser apenas representa\u00e7\u00e3o did\u00e1tica para livros, tem se desenvolvido e se tornado mais sofisticada. Os ilustradores cient\u00edficos s\u00e3o muitas&hellip; <\/p>\n","protected":false},"author":5,"featured_media":0,"parent":0,"menu_order":0,"comment_status":"closed","ping_status":"closed","template":"","meta":{"footnotes":""},"class_list":["post-13","page","type-page","status-publish","hentry"],"_links":{"self":[{"href":"https:\/\/exatas.ufpr.br\/degraf_zuleica\/wp-json\/wp\/v2\/pages\/13","targetHints":{"allow":["GET"]}}],"collection":[{"href":"https:\/\/exatas.ufpr.br\/degraf_zuleica\/wp-json\/wp\/v2\/pages"}],"about":[{"href":"https:\/\/exatas.ufpr.br\/degraf_zuleica\/wp-json\/wp\/v2\/types\/page"}],"author":[{"embeddable":true,"href":"https:\/\/exatas.ufpr.br\/degraf_zuleica\/wp-json\/wp\/v2\/users\/5"}],"replies":[{"embeddable":true,"href":"https:\/\/exatas.ufpr.br\/degraf_zuleica\/wp-json\/wp\/v2\/comments?post=13"}],"version-history":[{"count":27,"href":"https:\/\/exatas.ufpr.br\/degraf_zuleica\/wp-json\/wp\/v2\/pages\/13\/revisions"}],"predecessor-version":[{"id":246,"href":"https:\/\/exatas.ufpr.br\/degraf_zuleica\/wp-json\/wp\/v2\/pages\/13\/revisions\/246"}],"wp:attachment":[{"href":"https:\/\/exatas.ufpr.br\/degraf_zuleica\/wp-json\/wp\/v2\/media?parent=13"}],"curies":[{"name":"wp","href":"https:\/\/api.w.org\/{rel}","templated":true}]}}