{"id":10,"date":"2014-09-23T19:03:06","date_gmt":"2014-09-23T19:03:06","guid":{"rendered":"https:\/\/exatas.ufpr.br\/degraf_simone\/?page_id=10"},"modified":"2017-04-17T12:44:25","modified_gmt":"2017-04-17T12:44:25","slug":"monitoria","status":"publish","type":"page","link":"https:\/\/exatas.ufpr.br\/degraf_simone\/monitoria\/","title":{"rendered":"Monitoria"},"content":{"rendered":"<h3><\/h3>\n<h3>2017<\/h3>\n<h5><\/h5>\n<p><strong>Express\u00e3o Gr\u00e1fica I &#8211; CEG004<\/strong><\/p>\n<p>Monitora <strong>Isabella Maia<\/strong> &#8211; isabellacjmaia@gmail.com<\/p>\n<p>Hor\u00e1rio de atendimento &#8211; Ter\u00e7as &#8211; 13:30 \u00e0s 17:30, Quartas &#8211; 15:30 \u00e0s 17:30 e Quintas &#8211; 7:30 \u00e0s 10:30<\/p>\n<p>&nbsp;<\/p>\n<p><strong>Geometria no Ensino &#8211; CD036<\/strong><\/p>\n","protected":false},"excerpt":{"rendered":"<p>2017 Express\u00e3o Gr\u00e1fica I &#8211; CEG004 Monitora Isabella Maia &#8211; isabellacjmaia@gmail.com Hor\u00e1rio de atendimento &#8211; Ter\u00e7as &#8211; 13:30 \u00e0s 17:30, Quartas &#8211; 15:30 \u00e0s 17:30 e Quintas &#8211; 7:30 \u00e0s 10:30 &nbsp; Geometria no Ensino &#8211; CD036<\/p>\n","protected":false},"author":1,"featured_media":0,"parent":0,"menu_order":0,"comment_status":"open","ping_status":"open","template":"","meta":{"footnotes":""},"class_list":["post-10","page","type-page","status-publish","hentry"],"_links":{"self":[{"href":"https:\/\/exatas.ufpr.br\/degraf_simone\/wp-json\/wp\/v2\/pages\/10","targetHints":{"allow":["GET"]}}],"collection":[{"href":"https:\/\/exatas.ufpr.br\/degraf_simone\/wp-json\/wp\/v2\/pages"}],"about":[{"href":"https:\/\/exatas.ufpr.br\/degraf_simone\/wp-json\/wp\/v2\/types\/page"}],"author":[{"embeddable":true,"href":"https:\/\/exatas.ufpr.br\/degraf_simone\/wp-json\/wp\/v2\/users\/1"}],"replies":[{"embeddable":true,"href":"https:\/\/exatas.ufpr.br\/degraf_simone\/wp-json\/wp\/v2\/comments?post=10"}],"version-history":[{"count":6,"href":"https:\/\/exatas.ufpr.br\/degraf_simone\/wp-json\/wp\/v2\/pages\/10\/revisions"}],"predecessor-version":[{"id":83,"href":"https:\/\/exatas.ufpr.br\/degraf_simone\/wp-json\/wp\/v2\/pages\/10\/revisions\/83"}],"wp:attachment":[{"href":"https:\/\/exatas.ufpr.br\/degraf_simone\/wp-json\/wp\/v2\/media?parent=10"}],"curies":[{"name":"wp","href":"https:\/\/api.w.org\/{rel}","templated":true}]}}