{"id":6,"date":"2014-10-10T18:23:03","date_gmt":"2014-10-10T18:23:03","guid":{"rendered":"https:\/\/exatas.ufpr.br\/degraf_rossano\/?page_id=6"},"modified":"2019-08-13T16:11:55","modified_gmt":"2019-08-13T16:11:55","slug":"disciplinas","status":"publish","type":"page","link":"https:\/\/exatas.ufpr.br\/degraf_rossano\/disciplinas\/","title":{"rendered":"Disciplinas"},"content":{"rendered":"<h3><span style=\"color: #800000\">2\u00ba SEMESTRE DE 2019<\/span><\/h3>\n<h4><a href=\"https:\/\/drive.google.com\/drive\/folders\/0B8gdRYFLh10BZ1ByQzV5NXNyN1U?usp=sharing\" target=\"_blank\">CEG214 &#8211; EGA &#8211; Elementos Compositivos de Projeto II &#8211; Express\u00e3o Gr\u00e1fica<\/a><\/h4>\n<p>&nbsp;<\/p>\n<h3><span style=\"color: #800000\">2\u00ba SEMESTRE DE 2018<\/span><\/h3>\n<h4>CEG003 &#8211; Perspectiva e Sombras &#8211; DeArtes<\/h4>\n<h4><a href=\"https:\/\/drive.google.com\/drive\/folders\/0B8gdRYFLh10BZ1ByQzV5NXNyN1U?usp=sharing\" target=\"_blank\">CEG214 &#8211; EGA &#8211; Elementos Compositivos de Projeto II &#8211; Express\u00e3o Gr\u00e1fica<\/a><\/h4>\n<h3><\/h3>\n<h3><span style=\"color: #800000\">1\u00ba SEMESTRE DE 2018<\/span><\/h3>\n<h4><a href=\"https:\/\/drive.google.com\/drive\/folders\/0B8gdRYFLh10BVGtyUXBMaGFpTGc?usp=sharing\" target=\"_blank\"><span style=\"color: #003366\">CEG213 &#8211; EGB &#8211; Elementos Compositivos de Projeto I &#8211; Express\u00e3o Gr\u00e1fica<\/span><\/a><\/h4>\n<h4><span style=\"color: #003366\">CEG201 &#8211; EG &#8211; Introdu\u00e7\u00e3o \u00e0 Express\u00e3o Gr\u00e1fica<br \/>\n<\/span><\/h4>\n<p>&nbsp;<\/p>\n<h3><span style=\"color: #800000\">2\u00ba SEMESTRE DE 2017<\/span><\/h3>\n<h4>CEG003 &#8211; Perspectiva e Sombras<\/h4>\n<h4>CEG214 &#8211; Elementos Compositivos de Projeto II<\/h4>\n<h3><\/h3>\n<h3><span style=\"color: #800000\">1\u00ba SEMESTRE DE 2017<\/span><\/h3>\n<h4><span style=\"color: #003366\">CEG213 &#8211; Elementos Compositivos de Projeto I &#8211; Express\u00e3o Gr\u00e1fica<\/span><\/h4>\n<p><span style=\"color: #003366\">CD021 &#8211; Desenho T\u00e9cnico <\/span><\/p>\n<p>&nbsp;<\/p>\n<h3><span style=\"color: #800000\">1\u00ba SEMESTRE DE 2016<\/span><\/h3>\n<h4><span style=\"color: #005064\">CEG213 &#8211; Elementos Compositivos de Projeto I &#8211; Express\u00e3o Gr\u00e1fica<\/span><\/h4>\n<p><a href=\"https:\/\/exatas.ufpr.br\/degraf_rossano\/wp-content\/uploads\/sites\/16\/2014\/10\/ficha2_ceg2131.pdf\" target=\"_blank\">Programa da disciplina<\/a><\/p>\n<p>Nota Final: <a href=\"https:\/\/exatas.ufpr.br\/degraf_rossano\/wp-content\/uploads\/sites\/16\/2014\/10\/nota-final-CEG213A-1.pdf\" target=\"_blank\">CEG213A<\/a> e <a href=\"https:\/\/exatas.ufpr.br\/degraf_rossano\/wp-content\/uploads\/sites\/16\/2014\/10\/nota-final-CEG213B.pdf\" target=\"_blank\">CEG213B<\/a><\/p>\n<p>O exame final e prova de aproveitamento ser\u00e3o realizadas no dia 14\/07\/2016 \u00e0s 9h30na sala PC012<\/p>\n<p>&nbsp;<\/p>\n<p><span style=\"color: #800000\">2\u00ba SEMESTRE DE 2015<\/span><\/p>\n<h4><span style=\"color: #008080\">CEG214 &#8211; Elementos Compositivos de Projeto II &#8211; Express\u00e3o Gr\u00e1fica<\/span><\/h4>\n<p><span style=\"color: #000000\"><a style=\"color: #000000;text-decoration: underline\" href=\"https:\/\/exatas.ufpr.br\/degraf_rossano\/wp-content\/uploads\/sites\/16\/2014\/10\/ceg214_ficha-2.pdf\" target=\"_blank\">Programa<\/a><\/span><\/p>\n<p>Materiais: <a href=\"https:\/\/exatas.ufpr.br\/degraf_rossano\/wp-content\/uploads\/sites\/16\/2014\/10\/cor_aula_1.pdf\" target=\"_blank\">cor_aula_1<\/a> \/ <a href=\"https:\/\/exatas.ufpr.br\/degraf_rossano\/wp-content\/uploads\/sites\/16\/2014\/10\/cor_aula_2.pdf\" target=\"_blank\">cor_aula_2<\/a><\/p>\n<p>Notas: <a href=\"https:\/\/exatas.ufpr.br\/degraf_rossano\/wp-content\/uploads\/sites\/16\/2014\/10\/nota-final-ceg214b.pdf\" target=\"_blank\" rel=\"\">nota final ceg214b<\/a><\/p>\n<p>&nbsp;<\/p>\n<h4><span style=\"color: #008080\">CEG208 &#8211; Desenho T\u00e9cnico &#8211; Express\u00e3o Gr\u00e1fica<\/span><\/h4>\n<p><span style=\"text-decoration: underline\"><span style=\"color: #000000\"><a style=\"color: #000000;text-decoration: underline\" href=\"https:\/\/exatas.ufpr.br\/degraf_rossano\/wp-content\/uploads\/sites\/16\/2014\/10\/ficha2_ceg208.pdf\" target=\"_blank\">Programa<\/a><\/span><\/span><\/p>\n<p>Notas: <a href=\"https:\/\/exatas.ufpr.br\/degraf_rossano\/wp-content\/uploads\/sites\/16\/2014\/10\/nota-final_ceg208A.pdf\" target=\"_blank\" rel=\"\">nota final_ceg208A<\/a><\/p>\n<p>&nbsp;<\/p>\n<p><span style=\"color: #008080\"><b>CEG249A &#8211; Tratamento e Edi\u00e7\u00e3o de Imagens &#8211; Express\u00e3o Gr\u00e1fica<\/b><\/span><\/p>\n<p><a href=\"https:\/\/exatas.ufpr.br\/degraf_rossano\/wp-content\/uploads\/sites\/16\/2014\/10\/ceg249_ficha-2.pdf\" target=\"_blank\">Programa<\/a><\/p>\n<p>Nota: <a href=\"https:\/\/exatas.ufpr.br\/degraf_rossano\/wp-content\/uploads\/sites\/16\/2014\/10\/nota-final_ceg249.pdf\" target=\"_blank\" rel=\"\">nota final_ceg249<\/a><\/p>\n<p>&nbsp;<\/p>\n<h3><span style=\"color: #800000\">1\u00ba SEMESTRE DE 2015<\/span><\/h3>\n<h4><span style=\"color: #005064\">CD014 &#8211; Geometria Descritiva &#8211; Agronomia<br \/>\n<\/span><\/h4>\n<p><a href=\"https:\/\/exatas.ufpr.br\/degraf_rossano\/wp-content\/uploads\/sites\/16\/2014\/10\/cd014_a.pdf\" target=\"_blank\">Programa<\/a><\/p>\n<p>Notas:\u00a0<a href=\"https:\/\/exatas.ufpr.br\/degraf_rossano\/wp-content\/uploads\/sites\/16\/2014\/10\/nota-cd014_final.pdf\" target=\"_blank\">nota cd014_final<\/a> \/ <a href=\"https:\/\/exatas.ufpr.br\/degraf_rossano\/wp-content\/uploads\/sites\/16\/2014\/10\/RESULTADO-EXAME-FINAL.pdf\" target=\"_blank\">RESULTADO EXAME FINAL<\/a><\/p>\n<h4><\/h4>\n<h4><span style=\"color: #005064\">CEG012 &#8211; Express\u00e3o Gr\u00e1fica &#8211; Agronomia<\/span><\/h4>\n<p><a href=\"https:\/\/exatas.ufpr.br\/degraf_rossano\/wp-content\/uploads\/sites\/16\/2014\/10\/ficha2_ceg012.pdf\" target=\"_blank\">Programa<\/a><\/p>\n<p>NOTAS: <a href=\"https:\/\/exatas.ufpr.br\/degraf_rossano\/wp-content\/uploads\/sites\/16\/2014\/10\/nota-1-ceg012.pdf\" target=\"_blank\">nota 1 ceg012<\/a> \/ <a href=\"https:\/\/exatas.ufpr.br\/degraf_rossano\/wp-content\/uploads\/sites\/16\/2014\/10\/nota-2-ceg012.pdf\" target=\"_blank\">nota 2 ceg012<\/a> \/ <a href=\"https:\/\/exatas.ufpr.br\/degraf_rossano\/wp-content\/uploads\/sites\/16\/2014\/10\/nota-final-ceg012.pdf\" target=\"_blank\">nota final ceg012<\/a> \/ <a href=\"https:\/\/exatas.ufpr.br\/degraf_rossano\/wp-content\/uploads\/sites\/16\/2014\/10\/RESULTADO-EXAME-FINAL.pdf\">RESULTADO EXAME FINAL<\/a><\/p>\n<h4><\/h4>\n<h4><span style=\"color: #005064\">CEG213 &#8211; Elementos Compositivo de Projeto I &#8211; Express\u00e3o Gr\u00e1fica<br \/>\n<\/span><\/h4>\n<p><a href=\"https:\/\/exatas.ufpr.br\/degraf_rossano\/wp-content\/uploads\/sites\/16\/2014\/10\/ficha2_ceg213.pdf\" target=\"_blank\">Programa<\/a> \/ <a href=\"https:\/\/exatas.ufpr.br\/degraf_rossano\/wp-content\/uploads\/sites\/16\/2014\/10\/Atividades-e-Conte\u00fados-de-Elementos-A.pdf\" target=\"_blank\">Cronograma turma A<\/a> \/<a href=\"https:\/\/exatas.ufpr.br\/degraf_rossano\/wp-content\/uploads\/sites\/16\/2014\/10\/Atividades-e-Conte\u00fados-de-Elementos-B.pdf\" target=\"_blank\">Cronograma turma B<\/a><\/p>\n<p>Notas:\u00a0 <a href=\"https:\/\/exatas.ufpr.br\/degraf_rossano\/wp-content\/uploads\/sites\/16\/2014\/10\/Notas_Ceg213_laborat\u00f3rio.pdf\" target=\"_blank\">Notas_Ceg213_laborat\u00f3rio \/<\/a> <a href=\"https:\/\/exatas.ufpr.br\/degraf_rossano\/wp-content\/uploads\/sites\/16\/2014\/10\/Nota-final-CEG213A.pdf\" target=\"_blank\">Nota final CEG213A<\/a><\/p>\n","protected":false},"excerpt":{"rendered":"<p>2\u00ba SEMESTRE DE 2019 CEG214 &#8211; EGA &#8211; Elementos Compositivos de Projeto II &#8211; Express\u00e3o Gr\u00e1fica &nbsp; 2\u00ba SEMESTRE DE 2018 CEG003 &#8211; Perspectiva e Sombras &#8211; DeArtes CEG214 &#8211; EGA &#8211; Elementos Compositivos de Projeto II &#8211; Express\u00e3o Gr\u00e1fica&hellip; <\/p>\n","protected":false},"author":1,"featured_media":0,"parent":0,"menu_order":0,"comment_status":"closed","ping_status":"closed","template":"","meta":{"footnotes":""},"class_list":["post-6","page","type-page","status-publish","hentry"],"_links":{"self":[{"href":"https:\/\/exatas.ufpr.br\/degraf_rossano\/wp-json\/wp\/v2\/pages\/6","targetHints":{"allow":["GET"]}}],"collection":[{"href":"https:\/\/exatas.ufpr.br\/degraf_rossano\/wp-json\/wp\/v2\/pages"}],"about":[{"href":"https:\/\/exatas.ufpr.br\/degraf_rossano\/wp-json\/wp\/v2\/types\/page"}],"author":[{"embeddable":true,"href":"https:\/\/exatas.ufpr.br\/degraf_rossano\/wp-json\/wp\/v2\/users\/1"}],"replies":[{"embeddable":true,"href":"https:\/\/exatas.ufpr.br\/degraf_rossano\/wp-json\/wp\/v2\/comments?post=6"}],"version-history":[{"count":108,"href":"https:\/\/exatas.ufpr.br\/degraf_rossano\/wp-json\/wp\/v2\/pages\/6\/revisions"}],"predecessor-version":[{"id":327,"href":"https:\/\/exatas.ufpr.br\/degraf_rossano\/wp-json\/wp\/v2\/pages\/6\/revisions\/327"}],"wp:attachment":[{"href":"https:\/\/exatas.ufpr.br\/degraf_rossano\/wp-json\/wp\/v2\/media?parent=6"}],"curies":[{"name":"wp","href":"https:\/\/api.w.org\/{rel}","templated":true}]}}