{"id":22,"date":"2014-10-10T18:37:46","date_gmt":"2014-10-10T18:37:46","guid":{"rendered":"https:\/\/exatas.ufpr.br\/degraf_rossano\/?page_id=22"},"modified":"2018-03-22T20:41:33","modified_gmt":"2018-03-22T20:41:33","slug":"trabalhos","status":"publish","type":"page","link":"https:\/\/exatas.ufpr.br\/degraf_rossano\/trabalhos\/","title":{"rendered":"Trabalhos"},"content":{"rendered":"<p>Exposi\u00e7\u00e3o Dupla Exposi\u00e7\u00e3o<\/p>\n<p>local &#8211; Faculdade de Educa\u00e7\u00e3o da UFMG &#8211; 07 a 28\/03\/2018<\/p>\n\n\t\t<style type=\"text\/css\">\n\t\t\t#gallery-1 {\n\t\t\t\tmargin: auto;\n\t\t\t}\n\t\t\t#gallery-1 .gallery-item {\n\t\t\t\tfloat: left;\n\t\t\t\tmargin-top: 10px;\n\t\t\t\ttext-align: center;\n\t\t\t\twidth: 33%;\n\t\t\t}\n\t\t\t#gallery-1 img {\n\t\t\t\tborder: 2px solid #cfcfcf;\n\t\t\t}\n\t\t\t#gallery-1 .gallery-caption {\n\t\t\t\tmargin-left: 0;\n\t\t\t}\n\t\t\t\/* see gallery_shortcode() in wp-includes\/media.php *\/\n\t\t<\/style>\n\t\t<div id='gallery-1' class='gallery galleryid-22 gallery-columns-3 gallery-size-thumbnail'><dl class='gallery-item'>\n\t\t\t<dt class='gallery-icon portrait'>\n\t\t\t\t<a href='https:\/\/exatas.ufpr.br\/degraf_rossano\/trabalhos\/28577268_10211135979578761_1071288143787740204_n\/'><img loading=\"lazy\" decoding=\"async\" width=\"150\" height=\"150\" src=\"https:\/\/exatas.ufpr.br\/degraf_rossano\/wp-content\/uploads\/sites\/16\/2014\/10\/28577268_10211135979578761_1071288143787740204_n-150x150.jpg\" class=\"attachment-thumbnail size-thumbnail\" alt=\"\" srcset=\"https:\/\/exatas.ufpr.br\/degraf_rossano\/wp-content\/uploads\/sites\/16\/2014\/10\/28577268_10211135979578761_1071288143787740204_n-150x150.jpg 150w, https:\/\/exatas.ufpr.br\/degraf_rossano\/wp-content\/uploads\/sites\/16\/2014\/10\/28577268_10211135979578761_1071288143787740204_n-230x230.jpg 230w, https:\/\/exatas.ufpr.br\/degraf_rossano\/wp-content\/uploads\/sites\/16\/2014\/10\/28577268_10211135979578761_1071288143787740204_n-80x80.jpg 80w\" sizes=\"auto, (max-width: 150px) 100vw, 150px\" \/><\/a>\n\t\t\t<\/dt><\/dl><dl class='gallery-item'>\n\t\t\t<dt class='gallery-icon landscape'>\n\t\t\t\t<a href='https:\/\/exatas.ufpr.br\/degraf_rossano\/trabalhos\/28577878_10211147561148293_3761784395157441181_n\/'><img loading=\"lazy\" decoding=\"async\" width=\"150\" height=\"150\" src=\"https:\/\/exatas.ufpr.br\/degraf_rossano\/wp-content\/uploads\/sites\/16\/2014\/10\/28577878_10211147561148293_3761784395157441181_n-150x150.jpg\" class=\"attachment-thumbnail size-thumbnail\" alt=\"\" srcset=\"https:\/\/exatas.ufpr.br\/degraf_rossano\/wp-content\/uploads\/sites\/16\/2014\/10\/28577878_10211147561148293_3761784395157441181_n-150x150.jpg 150w, https:\/\/exatas.ufpr.br\/degraf_rossano\/wp-content\/uploads\/sites\/16\/2014\/10\/28577878_10211147561148293_3761784395157441181_n-230x230.jpg 230w, https:\/\/exatas.ufpr.br\/degraf_rossano\/wp-content\/uploads\/sites\/16\/2014\/10\/28577878_10211147561148293_3761784395157441181_n-80x80.jpg 80w\" sizes=\"auto, (max-width: 150px) 100vw, 150px\" \/><\/a>\n\t\t\t<\/dt><\/dl><dl class='gallery-item'>\n\t\t\t<dt class='gallery-icon portrait'>\n\t\t\t\t<a href='https:\/\/exatas.ufpr.br\/degraf_rossano\/trabalhos\/28661374_10211154939292742_4335251575171024925_n\/'><img loading=\"lazy\" decoding=\"async\" width=\"150\" height=\"150\" src=\"https:\/\/exatas.ufpr.br\/degraf_rossano\/wp-content\/uploads\/sites\/16\/2014\/10\/28661374_10211154939292742_4335251575171024925_n-150x150.jpg\" class=\"attachment-thumbnail size-thumbnail\" alt=\"\" srcset=\"https:\/\/exatas.ufpr.br\/degraf_rossano\/wp-content\/uploads\/sites\/16\/2014\/10\/28661374_10211154939292742_4335251575171024925_n-150x150.jpg 150w, https:\/\/exatas.ufpr.br\/degraf_rossano\/wp-content\/uploads\/sites\/16\/2014\/10\/28661374_10211154939292742_4335251575171024925_n-230x230.jpg 230w, https:\/\/exatas.ufpr.br\/degraf_rossano\/wp-content\/uploads\/sites\/16\/2014\/10\/28661374_10211154939292742_4335251575171024925_n-80x80.jpg 80w\" sizes=\"auto, (max-width: 150px) 100vw, 150px\" \/><\/a>\n\t\t\t<\/dt><\/dl><br style=\"clear: both\" \/><dl class='gallery-item'>\n\t\t\t<dt class='gallery-icon landscape'>\n\t\t\t\t<a href='https:\/\/exatas.ufpr.br\/degraf_rossano\/trabalhos\/28685090_10211147560948288_3571689792511499596_n\/'><img loading=\"lazy\" decoding=\"async\" width=\"150\" height=\"150\" src=\"https:\/\/exatas.ufpr.br\/degraf_rossano\/wp-content\/uploads\/sites\/16\/2014\/10\/28685090_10211147560948288_3571689792511499596_n-150x150.jpg\" class=\"attachment-thumbnail size-thumbnail\" alt=\"\" srcset=\"https:\/\/exatas.ufpr.br\/degraf_rossano\/wp-content\/uploads\/sites\/16\/2014\/10\/28685090_10211147560948288_3571689792511499596_n-150x150.jpg 150w, https:\/\/exatas.ufpr.br\/degraf_rossano\/wp-content\/uploads\/sites\/16\/2014\/10\/28685090_10211147560948288_3571689792511499596_n-230x230.jpg 230w, https:\/\/exatas.ufpr.br\/degraf_rossano\/wp-content\/uploads\/sites\/16\/2014\/10\/28685090_10211147560948288_3571689792511499596_n-80x80.jpg 80w\" sizes=\"auto, (max-width: 150px) 100vw, 150px\" \/><\/a>\n\t\t\t<\/dt><\/dl><dl class='gallery-item'>\n\t\t\t<dt class='gallery-icon landscape'>\n\t\t\t\t<a href='https:\/\/exatas.ufpr.br\/degraf_rossano\/trabalhos\/28783021_10211147560468276_6031611482881396189_n\/'><img loading=\"lazy\" decoding=\"async\" width=\"150\" height=\"150\" src=\"https:\/\/exatas.ufpr.br\/degraf_rossano\/wp-content\/uploads\/sites\/16\/2014\/10\/28783021_10211147560468276_6031611482881396189_n-150x150.jpg\" class=\"attachment-thumbnail size-thumbnail\" alt=\"\" srcset=\"https:\/\/exatas.ufpr.br\/degraf_rossano\/wp-content\/uploads\/sites\/16\/2014\/10\/28783021_10211147560468276_6031611482881396189_n-150x150.jpg 150w, https:\/\/exatas.ufpr.br\/degraf_rossano\/wp-content\/uploads\/sites\/16\/2014\/10\/28783021_10211147560468276_6031611482881396189_n-230x230.jpg 230w, https:\/\/exatas.ufpr.br\/degraf_rossano\/wp-content\/uploads\/sites\/16\/2014\/10\/28783021_10211147560468276_6031611482881396189_n-80x80.jpg 80w\" sizes=\"auto, (max-width: 150px) 100vw, 150px\" \/><\/a>\n\t\t\t<\/dt><\/dl><dl class='gallery-item'>\n\t\t\t<dt class='gallery-icon portrait'>\n\t\t\t\t<a href='https:\/\/exatas.ufpr.br\/degraf_rossano\/trabalhos\/28783310_10211154940532773_3605844389194629903_n\/'><img loading=\"lazy\" decoding=\"async\" width=\"150\" height=\"150\" src=\"https:\/\/exatas.ufpr.br\/degraf_rossano\/wp-content\/uploads\/sites\/16\/2014\/10\/28783310_10211154940532773_3605844389194629903_n-150x150.jpg\" class=\"attachment-thumbnail size-thumbnail\" alt=\"\" srcset=\"https:\/\/exatas.ufpr.br\/degraf_rossano\/wp-content\/uploads\/sites\/16\/2014\/10\/28783310_10211154940532773_3605844389194629903_n-150x150.jpg 150w, https:\/\/exatas.ufpr.br\/degraf_rossano\/wp-content\/uploads\/sites\/16\/2014\/10\/28783310_10211154940532773_3605844389194629903_n-230x230.jpg 230w, https:\/\/exatas.ufpr.br\/degraf_rossano\/wp-content\/uploads\/sites\/16\/2014\/10\/28783310_10211154940532773_3605844389194629903_n-80x80.jpg 80w\" sizes=\"auto, (max-width: 150px) 100vw, 150px\" \/><\/a>\n\t\t\t<\/dt><\/dl><br style=\"clear: both\" \/><dl class='gallery-item'>\n\t\t\t<dt class='gallery-icon portrait'>\n\t\t\t\t<a href='https:\/\/exatas.ufpr.br\/degraf_rossano\/trabalhos\/28783337_10211154941092787_6328379803471304944_n\/'><img loading=\"lazy\" decoding=\"async\" width=\"150\" height=\"150\" src=\"https:\/\/exatas.ufpr.br\/degraf_rossano\/wp-content\/uploads\/sites\/16\/2014\/10\/28783337_10211154941092787_6328379803471304944_n-150x150.jpg\" class=\"attachment-thumbnail size-thumbnail\" alt=\"\" srcset=\"https:\/\/exatas.ufpr.br\/degraf_rossano\/wp-content\/uploads\/sites\/16\/2014\/10\/28783337_10211154941092787_6328379803471304944_n-150x150.jpg 150w, https:\/\/exatas.ufpr.br\/degraf_rossano\/wp-content\/uploads\/sites\/16\/2014\/10\/28783337_10211154941092787_6328379803471304944_n-230x230.jpg 230w, https:\/\/exatas.ufpr.br\/degraf_rossano\/wp-content\/uploads\/sites\/16\/2014\/10\/28783337_10211154941092787_6328379803471304944_n-80x80.jpg 80w\" sizes=\"auto, (max-width: 150px) 100vw, 150px\" \/><\/a>\n\t\t\t<\/dt><\/dl><dl class='gallery-item'>\n\t\t\t<dt class='gallery-icon portrait'>\n\t\t\t\t<a href='https:\/\/exatas.ufpr.br\/degraf_rossano\/trabalhos\/28870349_10211154939852756_7154824666599932930_n\/'><img loading=\"lazy\" decoding=\"async\" width=\"150\" height=\"150\" src=\"https:\/\/exatas.ufpr.br\/degraf_rossano\/wp-content\/uploads\/sites\/16\/2014\/10\/28870349_10211154939852756_7154824666599932930_n-150x150.jpg\" class=\"attachment-thumbnail size-thumbnail\" alt=\"\" srcset=\"https:\/\/exatas.ufpr.br\/degraf_rossano\/wp-content\/uploads\/sites\/16\/2014\/10\/28870349_10211154939852756_7154824666599932930_n-150x150.jpg 150w, https:\/\/exatas.ufpr.br\/degraf_rossano\/wp-content\/uploads\/sites\/16\/2014\/10\/28870349_10211154939852756_7154824666599932930_n-230x230.jpg 230w, https:\/\/exatas.ufpr.br\/degraf_rossano\/wp-content\/uploads\/sites\/16\/2014\/10\/28870349_10211154939852756_7154824666599932930_n-80x80.jpg 80w\" sizes=\"auto, (max-width: 150px) 100vw, 150px\" \/><\/a>\n\t\t\t<\/dt><\/dl><dl class='gallery-item'>\n\t\t\t<dt class='gallery-icon portrait'>\n\t\t\t\t<a href='https:\/\/exatas.ufpr.br\/degraf_rossano\/trabalhos\/28872576_10211154938972734_755091386515957898_n\/'><img loading=\"lazy\" decoding=\"async\" width=\"150\" height=\"150\" src=\"https:\/\/exatas.ufpr.br\/degraf_rossano\/wp-content\/uploads\/sites\/16\/2014\/10\/28872576_10211154938972734_755091386515957898_n-150x150.jpg\" class=\"attachment-thumbnail size-thumbnail\" alt=\"\" srcset=\"https:\/\/exatas.ufpr.br\/degraf_rossano\/wp-content\/uploads\/sites\/16\/2014\/10\/28872576_10211154938972734_755091386515957898_n-150x150.jpg 150w, https:\/\/exatas.ufpr.br\/degraf_rossano\/wp-content\/uploads\/sites\/16\/2014\/10\/28872576_10211154938972734_755091386515957898_n-230x230.jpg 230w, https:\/\/exatas.ufpr.br\/degraf_rossano\/wp-content\/uploads\/sites\/16\/2014\/10\/28872576_10211154938972734_755091386515957898_n-80x80.jpg 80w\" sizes=\"auto, (max-width: 150px) 100vw, 150px\" \/><\/a>\n\t\t\t<\/dt><\/dl><br style=\"clear: both\" \/><dl class='gallery-item'>\n\t\t\t<dt class='gallery-icon portrait'>\n\t\t\t\t<a href='https:\/\/exatas.ufpr.br\/degraf_rossano\/trabalhos\/28872927_10211154943212840_7701208090178282086_n\/'><img loading=\"lazy\" decoding=\"async\" width=\"150\" height=\"150\" src=\"https:\/\/exatas.ufpr.br\/degraf_rossano\/wp-content\/uploads\/sites\/16\/2014\/10\/28872927_10211154943212840_7701208090178282086_n-150x150.jpg\" class=\"attachment-thumbnail size-thumbnail\" alt=\"\" srcset=\"https:\/\/exatas.ufpr.br\/degraf_rossano\/wp-content\/uploads\/sites\/16\/2014\/10\/28872927_10211154943212840_7701208090178282086_n-150x150.jpg 150w, https:\/\/exatas.ufpr.br\/degraf_rossano\/wp-content\/uploads\/sites\/16\/2014\/10\/28872927_10211154943212840_7701208090178282086_n-230x230.jpg 230w, https:\/\/exatas.ufpr.br\/degraf_rossano\/wp-content\/uploads\/sites\/16\/2014\/10\/28872927_10211154943212840_7701208090178282086_n-80x80.jpg 80w\" sizes=\"auto, (max-width: 150px) 100vw, 150px\" \/><\/a>\n\t\t\t<\/dt><\/dl><dl class='gallery-item'>\n\t\t\t<dt class='gallery-icon portrait'>\n\t\t\t\t<a href='https:\/\/exatas.ufpr.br\/degraf_rossano\/trabalhos\/28958624_10211154938732728_8032191834804230631_n\/'><img loading=\"lazy\" decoding=\"async\" width=\"150\" height=\"150\" src=\"https:\/\/exatas.ufpr.br\/degraf_rossano\/wp-content\/uploads\/sites\/16\/2014\/10\/28958624_10211154938732728_8032191834804230631_n-150x150.jpg\" class=\"attachment-thumbnail size-thumbnail\" alt=\"\" srcset=\"https:\/\/exatas.ufpr.br\/degraf_rossano\/wp-content\/uploads\/sites\/16\/2014\/10\/28958624_10211154938732728_8032191834804230631_n-150x150.jpg 150w, https:\/\/exatas.ufpr.br\/degraf_rossano\/wp-content\/uploads\/sites\/16\/2014\/10\/28958624_10211154938732728_8032191834804230631_n-230x230.jpg 230w, https:\/\/exatas.ufpr.br\/degraf_rossano\/wp-content\/uploads\/sites\/16\/2014\/10\/28958624_10211154938732728_8032191834804230631_n-80x80.jpg 80w\" sizes=\"auto, (max-width: 150px) 100vw, 150px\" \/><\/a>\n\t\t\t<\/dt><\/dl>\n\t\t\t<br style='clear: both' \/>\n\t\t<\/div>\n\n","protected":false},"excerpt":{"rendered":"<p>Exposi\u00e7\u00e3o Dupla Exposi\u00e7\u00e3o local &#8211; Faculdade de Educa\u00e7\u00e3o da UFMG &#8211; 07 a 28\/03\/2018<\/p>\n","protected":false},"author":20,"featured_media":0,"parent":0,"menu_order":0,"comment_status":"closed","ping_status":"closed","template":"","meta":{"footnotes":""},"class_list":["post-22","page","type-page","status-publish","hentry"],"_links":{"self":[{"href":"https:\/\/exatas.ufpr.br\/degraf_rossano\/wp-json\/wp\/v2\/pages\/22","targetHints":{"allow":["GET"]}}],"collection":[{"href":"https:\/\/exatas.ufpr.br\/degraf_rossano\/wp-json\/wp\/v2\/pages"}],"about":[{"href":"https:\/\/exatas.ufpr.br\/degraf_rossano\/wp-json\/wp\/v2\/types\/page"}],"author":[{"embeddable":true,"href":"https:\/\/exatas.ufpr.br\/degraf_rossano\/wp-json\/wp\/v2\/users\/20"}],"replies":[{"embeddable":true,"href":"https:\/\/exatas.ufpr.br\/degraf_rossano\/wp-json\/wp\/v2\/comments?post=22"}],"version-history":[{"count":3,"href":"https:\/\/exatas.ufpr.br\/degraf_rossano\/wp-json\/wp\/v2\/pages\/22\/revisions"}],"predecessor-version":[{"id":315,"href":"https:\/\/exatas.ufpr.br\/degraf_rossano\/wp-json\/wp\/v2\/pages\/22\/revisions\/315"}],"wp:attachment":[{"href":"https:\/\/exatas.ufpr.br\/degraf_rossano\/wp-json\/wp\/v2\/media?parent=22"}],"curies":[{"name":"wp","href":"https:\/\/api.w.org\/{rel}","templated":true}]}}