{"id":81,"date":"2014-09-15T10:16:05","date_gmt":"2014-09-15T13:16:05","guid":{"rendered":"https:\/\/exatas.ufpr.br\/degraf_paulo\/?page_id=81"},"modified":"2024-10-01T17:14:28","modified_gmt":"2024-10-01T20:14:28","slug":"publicacoes-capitulos-de-livros","status":"publish","type":"page","link":"https:\/\/exatas.ufpr.br\/degraf_paulo\/publicacoes-capitulos-de-livros\/","title":{"rendered":"Publica\u00e7\u00f5es \u2799 Cap\u00edtulos de livros"},"content":{"rendered":"\n<div class=\"boxk\">\n<p>Siqueira, P. H.. VISUALIZANDO OS POLIEDROS DE AUTO-INTERSE\u00c7\u00c3O POR MEIO DE UM AMBIENTE WEB DE REALIDADE VIRTUAL. In: Andr\u00e9 Cristov\u00e3o Sousa; Mateus Martins Viudes. (Org.). Narrativas em Educa\u00e7\u00e3o Matem\u00e1tica: pesquisas, trajet\u00f3rias, concep\u00e7\u00f5es e pr\u00e1ticas. 1ed.Curitiba: Editora Cient\u00edfica Digital, 2024, p. 144-160.<\/p>\n<p><a href=\"https:\/\/www.editoracientifica.com.br\/books\/chapter\/240717065\" target=\"_blank\" rel=\"noopener\">&#x1f4e5; site<\/a> | <a href=\"https:\/\/exatas.ufpr.br\/degraf_paulo\/wp-content\/uploads\/sites\/4\/2024\/10\/240717065.pdf\" target=\"_blank\" rel=\"noopener\">&#x1f4e5; pdf<\/a><\/p>\n<\/div>\n\n\n\n<div class=\"boxl\">\n<p>Siqueira, P. H. Ambientes web de Realidade Virtual utilizados para a visualiza\u00e7\u00e3o dos poliedros de Johnson. In: Cleber Bianchessi. (Org.). Tecnologias digitais na educa\u00e7\u00e3o: dos limites \u00e0s possibilidades. 1ed.Curitiba: Editora Bagai, 2024, v. 6, p. 49-60.<\/p>\n<p><a href=\"https:\/\/editorabagai.com.br\/product\/tecnologias-digitais-na-educacao-dos-limites-as-possibilidades-vol-6\/\" target=\"_blank\" rel=\"noopener\">&#x1f4e5; site<\/a> | <a href=\"https:\/\/exatas.ufpr.br\/degraf_paulo\/wp-content\/uploads\/sites\/4\/2024\/09\/Tecnologias-Digitais-na-Educacao-Vol.-6.pdf\" target=\"_blank\" rel=\"noopener\">&#x1f4e5; pdf<\/a><\/p>\n<\/div>\n\n\n\n<div class=\"boxk\">\n<p>Pilato, D\u00e9borah Baptista ; Siqueira, Paulo Henrique. APLICA\u00c7\u00c3O DE HEUR\u00cdSTICAS E METAHEUR\u00cdSTICAS NA COMPOSI\u00c7\u00c3O DE S\u00c9RIES DODECAF\u00d4NICAS. In: Carlos Augusto Zilli. (Org.). A vis\u00e3o sist\u00eamica e integrada das engenharias e sua integra\u00e7\u00e3o com a sociedade 2. 1ed.Ponta Grossa: Atena Editora, 2021, v. 1, p. 108-118.<\/p>\n<p><a href=\"https:\/\/atenaeditora.com.br\/catalogo\/post\/aplicacao-de-heuristicas-e-metaheuristicas-na-composicao-de-series-dodecafonicas\" target=\"_blank\" rel=\"noopener\">&#x1f4e5; cap\u00edtulo<\/a> | <a href=\"https:\/\/www.atenaeditora.com.br\/catalogo\/post\/aplicacao-de-heuristicas-e-metaheuristicas-na-composicao-de-series-dodecafonicas\" target=\"_blank\" rel=\"noopener\">&#x1f4e5; livro<\/a><\/p>\n<\/div>\n\n\n\n<div class=\"boxl\">\n<p>Siqueira, P. H. DESENVOLVIMENTO DE UM AMBIENTE WEB DE REALIDADE AUMENTADA E REALIDADE VIRTUAL PARA A VISUALIZA\u00c7\u00c3O DOS POLIEDROS DE ARQUIMEDES. In: Ernane Rosa Martins. (Org.). Engenharia Gr\u00e1fica para Artes e Design: Interfaces e Aplicabilidades. 1ed. Ponta Grossa: Atena, 2020, p. 35-47.<\/p>\n<p><a href=\"https:\/\/atenaeditora.com.br\/catalogo\/post\/desenvolvimento-de-um-ambiente-web-de-realidade-aumentada-e-realidade-virtual-para-a-visualizacao-dos-poliedros-de-arquimedes\" target=\"_blank\" rel=\"noopener\">&#x1f4e5; cap\u00edtulo<\/a> | <a href=\"https:\/\/www.atenaeditora.com.br\/catalogo\/post\/desenvolvimento-de-um-ambiente-web-de-realidade-aumentada-e-realidade-virtual-para-a-visualizacao-dos-poliedros-de-arquimedes\" target=\"_blank\" rel=\"noopener\">&#x1f4e5; livro<\/a><\/p>\n<\/div>\n\n\n\n<div class=\"boxk\">\n<p>Siqueira, P. H. VISUALIZA\u00c7\u00c3O DOS PLANETAS DO SISTEMA SOLAR UTILIZANDO UM AMBIENTE WEB EM REALIDADE AUMENTADA E REALIDADE VIRTUAL. In: Ernane Rosa Martins. (Org.). Engenharia Gr\u00e1fica para Artes e Design: Interfaces e Aplicabilidades. 1ed. Ponta Grossa: Atena, 2020, p. 146-158.<\/p>\n<p><a href=\"https:\/\/atenaeditora.com.br\/catalogo\/post\/visualizacao-dos-planetas-do-sistema-solar-utilizando-um-ambiente-web-em-realidade-aumentada-e-realidade-virtual\" target=\"_blank\" rel=\"noopener\">&#x1f4e5; cap\u00edtulo<\/a> | <a href=\"https:\/\/www.atenaeditora.com.br\/catalogo\/post\/visualizacao-dos-planetas-do-sistema-solar-utilizando-um-ambiente-web-em-realidade-aumentada-e-realidade-virtual\" target=\"_blank\" rel=\"noopener\">&#x1f4e5; livro<\/a><\/p>\n<\/div>\n\n\n\n<div class=\"boxl\">\n<p>Andrade, A. F. ; Aguiar, B.C.X.C. ; Siqueira, P. H. . O desenho de pictogramas: Uma experi\u00eancia como disciplina. In: Darly Fernando Andrade. (Org.). Educa\u00e7\u00e3o no S\u00e9culo XXI &#8211; Volume 12 &#8211; Artes &amp; Design. 1ed.Belo Horizonte: Poisson, 2019, v. 12, p. 21-28.<\/p>\n<p><a href=\"https:\/\/www.poisson.com.br\/livros\/educacao\/volume12\/\" target=\"_blank\" rel=\"noopener\">&#x1f4e5; site<\/a>&nbsp;|&nbsp;<a href=\"https:\/\/www.poisson.com.br\/livros\/educacao\/volume12\/Educacao_no_seculoXXI_vol12.pdf\" target=\"_blank\" rel=\"noopener\">&#x1f4e5;&nbsp;livro<\/a><\/p>\n<\/div>\n\n\n\n<div class=\"boxk\">\n<p>Siqueira, P.H. ; Steiner, M.T.A.; Scheer, S. Recurrent Neural Networks with the Soft &#8216;Winner Takes All&#8217; principle applied to the Traveling Salesman Problem. In: Donald Davendra (Org.). Traveling Salesman Problem, Theory and Applications, &nbsp;Rijeka: InTech Education and Publishing, 2010, v. 1, p. 177-196.<\/p>\n<p><a href=\"http:\/\/www.intechopen.com\/books\/show\/title\/traveling-salesman-problem-theory-and-applications\" target=\"_blank\" rel=\"noopener\">&#x1f4e5; site<\/a>&nbsp;|&nbsp;<a href=\"https:\/\/exatas.ufpr.br\/degraf_paulo\/wp-content\/uploads\/sites\/4\/2024\/08\/TSP_2010.pdf\" target=\"_blank\" rel=\"noopener\">&#x1f4e5;&nbsp;cap\u00edtulo<\/a>&nbsp;|&nbsp;<a href=\"https:\/\/exatas.ufpr.br\/degraf_paulo\/wp-content\/uploads\/sites\/4\/2024\/08\/Traveling_Salesman_Problem__Theory_and_Applications.pdf\" target=\"_blank\" rel=\"noopener\">&#x1f4e5;&nbsp;livro<\/a><\/p>\n<\/div>\n\n\n\n<div class=\"boxl\">\n<p>Siqueira, P.H. ; Scheer, S. ; Steiner, M.T.A. A Recurrent Neural Network to Travelling Salesman Problem. In: Federico Greco (Org.). Viena: I-Tech Education and Publishing, 2008, v. 1, p. 135-156.<\/p>\n<p><a href=\"http:\/\/www.intechopen.com\/books\/show\/title\/traveling_salesman_problem\" target=\"_blank\" rel=\"noopener\">&#x1f4e5; site<\/a>&nbsp;|&nbsp;<a href=\"https:\/\/exatas.ufpr.br\/degraf_paulo\/wp-content\/uploads\/sites\/4\/2024\/08\/A_Recurrent_Neural_Network_to_Traveling_Salesman_Problem.pdf\" target=\"_blank\" rel=\"noopener\">&#x1f4e5;&nbsp;cap\u00edtulo<\/a>&nbsp;|&nbsp;<a href=\"https:\/\/exatas.ufpr.br\/degraf_paulo\/wp-content\/uploads\/sites\/4\/2024\/08\/TravellingSalesmanProblem.pdf\" target=\"_blank\" rel=\"noopener\">&#x1f4e5;&nbsp;livro<\/a><\/p>\n<\/div>\n","protected":false},"excerpt":{"rendered":"<p>Siqueira, P. H.. VISUALIZANDO OS POLIEDROS DE AUTO-INTERSE\u00c7\u00c3O POR MEIO DE UM AMBIENTE WEB DE REALIDADE VIRTUAL. In: Andr\u00e9 Cristov\u00e3o Sousa; Mateus Martins Viudes. (Org.). Narrativas em Educa\u00e7\u00e3o Matem\u00e1tica: pesquisas, trajet\u00f3rias, concep\u00e7\u00f5es e pr\u00e1ticas. 1ed.Curitiba: Editora Cient\u00edfica Digital, 2024, p.&hellip; <\/p>\n","protected":false},"author":1,"featured_media":0,"parent":0,"menu_order":0,"comment_status":"closed","ping_status":"closed","template":"","meta":{"footnotes":""},"class_list":["post-81","page","type-page","status-publish","hentry"],"_links":{"self":[{"href":"https:\/\/exatas.ufpr.br\/degraf_paulo\/wp-json\/wp\/v2\/pages\/81","targetHints":{"allow":["GET"]}}],"collection":[{"href":"https:\/\/exatas.ufpr.br\/degraf_paulo\/wp-json\/wp\/v2\/pages"}],"about":[{"href":"https:\/\/exatas.ufpr.br\/degraf_paulo\/wp-json\/wp\/v2\/types\/page"}],"author":[{"embeddable":true,"href":"https:\/\/exatas.ufpr.br\/degraf_paulo\/wp-json\/wp\/v2\/users\/1"}],"replies":[{"embeddable":true,"href":"https:\/\/exatas.ufpr.br\/degraf_paulo\/wp-json\/wp\/v2\/comments?post=81"}],"version-history":[{"count":27,"href":"https:\/\/exatas.ufpr.br\/degraf_paulo\/wp-json\/wp\/v2\/pages\/81\/revisions"}],"predecessor-version":[{"id":4124,"href":"https:\/\/exatas.ufpr.br\/degraf_paulo\/wp-json\/wp\/v2\/pages\/81\/revisions\/4124"}],"wp:attachment":[{"href":"https:\/\/exatas.ufpr.br\/degraf_paulo\/wp-json\/wp\/v2\/media?parent=81"}],"curies":[{"name":"wp","href":"https:\/\/api.w.org\/{rel}","templated":true}]}}