{"id":57,"date":"2014-09-15T07:22:20","date_gmt":"2014-09-15T10:22:20","guid":{"rendered":"https:\/\/exatas.ufpr.br\/degraf_paulo\/?page_id=57"},"modified":"2015-10-16T10:02:36","modified_gmt":"2015-10-16T13:02:36","slug":"projetos-problema-do-caixeiro-viajante","status":"publish","type":"page","link":"https:\/\/exatas.ufpr.br\/degraf_paulo\/projetos-problema-do-caixeiro-viajante\/","title":{"rendered":"Projetos \u2799 Problema do Caixeiro Viajante"},"content":{"rendered":"<div class=\"conteudo\">\nCria\u00e7\u00e3o de uma nova inst\u00e2ncia para o problema do Caixeiro Viajante, com as 399 cidades do estado do Paran\u00e1.<\/p>\n<p>399-city problem Paran\u00e1 (Brazil) to TSP problem:\u00a0<a href=\"\/docs_degraf\/paulo\/parana399.tsp\">&#x1f4e5; download<\/a><\/p>\n<p>Problema das 399 cidades resolvido com a Rede Neural Recorrente de Wang com o princ\u00edpio Soft Winner Takes All com melhoria 2-opt (Siqueira, Steiner e Scheer, 2010):<br \/>\n<img loading=\"lazy\" decoding=\"async\" src=\"\/docs_degraf\/paulo\/mapa2opt.png\" alt=\"mapa2opt_parana\" width=\"684\" height=\"436\" \/><\/p>\n<\/div>\n<div class=\"conteudo\">\nProblema das 399 cidades resolvido com a Rede Neural Recorrente de Wang com Soft Winner Takes All:<\/p>\n<p><img loading=\"lazy\" decoding=\"async\" src=\"\/docs_degraf\/paulo\/mapa.png\" alt=\"mapa_parana\" width=\"684\" height=\"436\" \/>\n<\/div>\n","protected":false},"excerpt":{"rendered":"<p>Cria\u00e7\u00e3o de uma nova inst\u00e2ncia para o problema do Caixeiro Viajante, com as 399 cidades do estado do Paran\u00e1. 399-city problem Paran\u00e1 (Brazil) to TSP problem:\u00a0&#x1f4e5; download Problema das 399 cidades resolvido com a Rede Neural Recorrente de Wang com&hellip; <\/p>\n","protected":false},"author":1,"featured_media":0,"parent":0,"menu_order":0,"comment_status":"closed","ping_status":"closed","template":"","meta":{"footnotes":""},"class_list":["post-57","page","type-page","status-publish","hentry"],"_links":{"self":[{"href":"https:\/\/exatas.ufpr.br\/degraf_paulo\/wp-json\/wp\/v2\/pages\/57","targetHints":{"allow":["GET"]}}],"collection":[{"href":"https:\/\/exatas.ufpr.br\/degraf_paulo\/wp-json\/wp\/v2\/pages"}],"about":[{"href":"https:\/\/exatas.ufpr.br\/degraf_paulo\/wp-json\/wp\/v2\/types\/page"}],"author":[{"embeddable":true,"href":"https:\/\/exatas.ufpr.br\/degraf_paulo\/wp-json\/wp\/v2\/users\/1"}],"replies":[{"embeddable":true,"href":"https:\/\/exatas.ufpr.br\/degraf_paulo\/wp-json\/wp\/v2\/comments?post=57"}],"version-history":[{"count":8,"href":"https:\/\/exatas.ufpr.br\/degraf_paulo\/wp-json\/wp\/v2\/pages\/57\/revisions"}],"predecessor-version":[{"id":1104,"href":"https:\/\/exatas.ufpr.br\/degraf_paulo\/wp-json\/wp\/v2\/pages\/57\/revisions\/1104"}],"wp:attachment":[{"href":"https:\/\/exatas.ufpr.br\/degraf_paulo\/wp-json\/wp\/v2\/media?parent=57"}],"curies":[{"name":"wp","href":"https:\/\/api.w.org\/{rel}","templated":true}]}}