{"id":53,"date":"2014-09-15T07:21:13","date_gmt":"2014-09-15T10:21:13","guid":{"rendered":"https:\/\/exatas.ufpr.br\/degraf_paulo\/?page_id=53"},"modified":"2024-08-15T14:16:19","modified_gmt":"2024-08-15T17:16:19","slug":"publicacoes-resumos-publicados-em-congressos","status":"publish","type":"page","link":"https:\/\/exatas.ufpr.br\/degraf_paulo\/publicacoes-resumos-publicados-em-congressos\/","title":{"rendered":"Publica\u00e7\u00f5es \u2799 Resumos publicados em congressos"},"content":{"rendered":"<div class=\"boxk\">Aguitoni, M. C. ; Pav\u00e3o, L. V. ; Siqueira, P. H. ; Jim\u00e9nez, L. ; Ravagnani, M. A. S. S. . Synthesis of a cost-optimal heat exchanger network using Genetic algorithm and Differential Evolution. In: 23rd International Congress of Chemical and Process Engineering (CHISA 2018) and 21st Conference on Process Integration, Modelling and Optimisation for Energy Saving and Pollution Reduction (PRES 2018), 2018, Prague. Annals of CHISA 2018 and PRES 2018. Red Hook: Curran Associates, 2018. v. 2. p. 937-938.<br \/>\n<a href=\"https:\/\/secure.confis.cz\/chisa2018\/UserPages\/cd\/Abstracts\/Abstract750.html\" target=\"_blank\" rel=\"noopener\">&#x1f30e; site<\/a><\/div>\n<div class=\"boxl\">Rodrigues, S. B. ; Teixeira, L. L. ; Silva, A. C. L. ; Siqueira, P. H. . Combina\u00e7\u00e3o Linear de Redes Neurais Artificiais e M\u00e1quinas de Vetores de Suporte para Regress\u00e3o nas Previs\u00f5es de Vaz\u00f5es Mensais no posto 266-Itaipu. In: 17 Encontro Nacional de Modelagem Computacional e 5 Encontro de Ci\u00eancia e Tecnologia de Materiais, 2014, Petr\u00f3polis. Anais do 17 Encontro Nacional de Modelagem Computacional, 2014. v. 1. p. 1-1.<\/div>\n<div class=\"boxk\">Teixeira, L. L. ; Siqueira, P.H. ; Teixeira Junior, L. A. . M\u00e9todo para previs\u00e3o de S\u00e9ries Temporais via combina\u00e7\u00e3o h\u00edbrida Wavelet-ARIMA-Neural. In: IV Simp\u00f3sio de M\u00e9todos Num\u00e9ricos Computacionais da Universidade Federal do Paran\u00e1, 2014, Curitiba. Anais do IV Simp\u00f3sio de M\u00e9todos Num\u00e9ricos Computacionais da Universidade Federal do Paran\u00e1, 2014. v. 1. p. 1-1.<\/div>\n<div class=\"boxl\">Aguiar, B.C.X.C. ; Aguiar, G. F. ; Siqueira, P. H. ; Souza, L. V. . Otimiza\u00e7\u00e3o por Nuvem de Part\u00edculas para Problemas de Roteiriza\u00e7\u00e3o de Ve\u00edculos com Frota Heterog\u00eanea e Coleta e Entrega Simult\u00e2nea. In: 7\u00ba Congresso Sul Brasileiro de Computa\u00e7\u00e3o (SulComp 2014), 2014, Crici\u00fama. Anais do 7\u00ba Congresso Sul Brasileiro de Computa\u00e7\u00e3o, 2014. v. 1. p. 1-1.<\/div>\n<div class=\"boxk\">\n<p>Aguiar, G. F. ; Wilhelm, V. E. ; Aguiar, B.C.X.C. ; Siqueira, P. H. . Modelagem em Excel para o problema de aloca\u00e7\u00e3o de custos conjunta utilizando o valor de Shapley. In: XLV Simp\u00f3sio Brasileiro de Pesquisa Operacional, 2013, Natal. Anais do XLV SBPO. Natal: SOBRAPO, 2013. p. 1-1.<\/p>\n<p><a href=\"https:\/\/exatas.ufpr.br\/degraf_paulo\/wp-content\/uploads\/sites\/4\/2024\/08\/arq0015.pdf\" target=\"_blank\" rel=\"noopener\">&#x1f4e5;\u00a0pdf<\/a><\/p>\n<\/div>\n<div class=\"boxl\">\n<p>Fernandes, F. M. ; Siqueira, P. H. Constru\u00e7\u00e3o de fractais com s\u00f3lidos de Plat\u00e3o. In: 17\u00ba Evento de Inicia\u00e7\u00e3o Cient\u00edfica da UFPR &#8211; EVINCI, 2009, Curitiba. Anais do 17\u00ba Evinci &#8211; Evento de Inicia\u00e7\u00e3o Cient\u00edfica da UFPR, 2009. v. 1. p. 17.<\/p>\n<p><a href=\"http:\/\/www.prppg.ufpr.br\/sites\/default\/files\/documentos\/ic\/evinci\/17\/17_evinci_exatas.swf\" target=\"_blank\" rel=\"noopener\">&#x1f30e; site<\/a><\/p>\n<\/div>\n<div class=\"boxk\">\n<p>Siqueira, P. H. ; Souza, L. V. ; Costa, D. M. B. Previs\u00e3o de s\u00e9ries temporais utilizando redes neurais, programa\u00e7\u00e3o gen\u00e9tica e combina\u00e7\u00e3o de preditores. In: XL SBPO &#8211; Simp\u00f3sio Brasileiro de Pesquisa Operacional, 2008, Jo\u00e3o Pessoa. Anais do XL SBPO, 2008. v. 1. p. 2765-2765.<\/p>\n<p><a href=\"https:\/\/exatas.ufpr.br\/degraf_paulo\/wp-content\/uploads\/sites\/4\/2024\/08\/XLSBPO.pdf\" target=\"_blank\" rel=\"noopener\">&#x1f4e5;\u00a0pdf<\/a><\/p>\n<\/div>\n<div class=\"boxl\">\n<p>Gon\u00e7alves, A. P. P. ; Siqueira, P. H. Constru\u00e7\u00e3o e unicidade dos s\u00f3lidos de Plat\u00e3o. In: 15\u00ba Evento de Inicia\u00e7\u00e3o Cient\u00edfica da UFPR &#8211; EVINCI, 2007, Curitiba. Anais do 15o Evinci &#8211; Evento de Inicia\u00e7\u00e3o Cient\u00edfica da UFPR, 2007. v. 1. p. 218.<\/p>\n<p><a href=\"http:\/\/www.prppg.ufpr.br\/sites\/default\/files\/documentos\/ic\/evinci\/anteriores\/15exatas.pdf\" target=\"_blank\" rel=\"noopener\">&#x1f30e; site<\/a><\/p>\n<\/div>\n<div class=\"boxk\">\n<p>Siqueira, P. H. ; Steiner, M. T. A. ; Scheer, S. Solution of the assignment problem using Wang s recurrent neural network with the principle Winner Takes All. In: IFORS Triennial Conference, 2005, Hawaii. IFORS Triennial 2005 Conference, 2005.<\/p>\n<p><a href=\"http:\/\/www.euro-online.org\/conf\/display.php?page=treat_abstract&amp;frompage=search&amp;paperid=1264\" target=\"_blank\" rel=\"noopener\">&#x1f30e; site<\/a><\/p>\n<\/div>\n<div class=\"boxl\">\n<p>Siqueira, P. H. ; Zamboni, L. V. S. Aplica\u00e7\u00f5es de meta-heur\u00edsticas no problema de aloca\u00e7\u00e3o de disciplinas \u00e0s salas de aula da Universidade Federal do Paran\u00e1. In: XXXIII SBPO &#8211; A Pesquisa Operacional e o Meio Ambiente, 2001, Campos do\u00a0Jord\u00e3o. Anais do XXXIII SBPO, 2001. v. 1. p. 914-915.<\/p>\n<p><a href=\"https:\/\/exatas.ufpr.br\/degraf_paulo\/wp-content\/uploads\/sites\/4\/2024\/08\/SBPO2001.pdf\" target=\"_blank\" rel=\"noopener\">&#x1f4e5;\u00a0pdf<\/a><\/p>\n<\/div>\n<div class=\"boxk\">\n<p>Medeiros, Z. F. ; Zamboni, L. V. S. ; Siqueira, P. H. ; Batista, C. R. ; Janzen, E. A. ; Medina, S. S. S. ; Balcewicz, R. C. Quebra cabe\u00e7a poli\u00e9drico &#8211; uma oficina experimental. In: VI Congresso Iberoamericano de Extens\u00e3o, 2001, S\u00e3o Paulo. Anais, 2001. v. 1. p. 90-90.<\/p>\n<\/div>\n<div class=\"boxl\">\n<p>Adamowicz, E. C. ; Steiner, M. T. A. ; Siqueira, P. H. ; Carnieri, C. ; Sampaio, M. E. C. S. ; Barboza, \u00c2. O. Reconhecimento de padr\u00f5es de empresas utilizando \u00edndices econ\u00f4mico-financeiros.. In: XIII CONGRESSO NACIONAL DE MATEM\u00c1TICA APLICADA E COMPUTACIONAL &#8211; CNMAC, 2000, Santos-SP. Resumo das comunica\u00e7\u00f5es, 2000. v. I. p. 158-158.<\/p>\n<\/div>\n<div class=\"boxk\">\n<p>Adamowicz, E. C. ; Steiner, M. T. A. ; Carnieri, C. ; Siqueira, P. H. ; Barboza, \u00c2. O. ; Sampaio, M. E. C. S. Reconhecimento de padr\u00f5es na an\u00e1lise econ\u00f4mico financeira de empresas. In: X Congreso Latino-Iberoamericano de Investigaci\u00f3n de Operaciones y Sistemas &#8211; CLAIO, 2000, M\u00e9xico. Memorias, 2000. v. I. p. 30-30.<\/p>\n<\/div>\n<div class=\"boxl\">\n<p>Barboza, \u00c2. O. ; Siqueira, P. H. ; Carnieri, C. ; Steiner, M. T. A. ; Adamowicz, E. C. ; Sampaio, M. E. C. S. . A pesquisa operacional na otimiza\u00e7\u00e3o de hor\u00e1rios de atendentes em central telef\u00f4nica. In: XIII CONGRESSO NACIONAL DE MATEM\u00c1TICA APLICADA E COMPUTACIONAL &#8211; CNMAC, 2000, Santos. Resumo das Comunica\u00e7\u00f5es, 2000. v. I. p. 145-145.<\/p>\n<\/div>\n<div class=\"boxk\">\n<p>Barboza, \u00c2. O. ; Carnieri, C. ; Siqueira, P. H. ; Steiner, M. T. A. ; Adamowicz, E. C. ; Sampaio, M. E. C. S. ;Aplica\u00e7\u00e3o de algumas t\u00e9cnicas da pesquisa operacional na otimiza\u00e7\u00e3o de hor\u00e1rios de atendentes em central telef\u00f4nica.. In: X Congreso Latino-Iberoamericano de Investigaci\u00f3n de Operaciones y Sistemas CLAIO, 2000, M\u00e9xico. Memorias, 2000. v. 1. p. 33-33.<\/p>\n<\/div>\n<div class=\"boxl\">\n<p>Sampaio, M. E. C. S. ; Steiner, M. T. A. ; Siqueira, P. H. ; Carnieri, C. ; Adamowicz, E. C. ; Barboza, \u00c2. O. Aplica\u00e7\u00e3o de um algoritmo simulated annealing modificado ao problema de localiza\u00e7\u00e3o de escolas de ensino fundamental. In: XIII CONGRESSO NACIONAL DE MATEM\u00c1TICA APLICADA E COMPUTACIONAL CNMAC, 2000, Santos. Resumo das comunica\u00e7\u00f5es, 2000. v. 1. p. 291-291.<\/p>\n<\/div>\n<div class=\"boxk\">\n<p>Sampaio, M. E. C. S. ; Steiner, M. T. A. ; Siqueira, P. H. ; Carnieri, C. ; Barboza, \u00c2. O. ; Adamowicz, E. C. Aplica\u00e7\u00e3o de metaheur\u00edsticas ao problema de localiza\u00e7\u00e3o de escolas de ensino fundamental. In: X Congreso Latino-Iberoamericano de Investigaci\u00f3n de Operaciones y Sistemas CLAIO, 2000, M\u00e9xico. Memorias, 2000. v. 1. p. 28-28.<\/p>\n<\/div>\n<div class=\"boxl\">\n<p>Siqueira, P. H. ; Carnieri, C. ; Steiner, M. T. A. ; Barboza, \u00c2. O. ; Adamowicz, E. C. ; Sampaio, M. E. C. S. Aplica\u00e7\u00e3o do algoritmo do matching no problema da constru\u00e7\u00e3o de escalas de motoristas e cobradores de \u00f4nibus. In: X Congreso Latino-Iberoamericano de Investigaci\u00f3n de Operaciones y Sistemas CLAIO, 2000, M\u00e9xico. Memorias, 2000. v. 1. p. 66-66.<\/p>\n<\/div>\n<div class=\"boxk\">\n<p>Steiner, M.\u00a0T. A. ; Siqueira, P. H. ; Zamboni, L. V. S. ; Steiner Neto, P. J. ; Carnieri, C. Aloca\u00e7\u00e3o \u00f3tima de turmas e alunos para salas de aulas. . In: XXXII Simp\u00f3sio Brasileiro de Pesquisa Operacional &#8211; SBPO, 2000, Vi\u00e7osa. Anais do XXXII SBPO, 2000. v. 1.<\/p>\n<\/div>\n<div class=\"boxl\">\n<p>Siqueira, P. H. ; Steiner, M. T. A. ; Carnieri, C. ; Steiner Neto, P. J. ; Zamboni, L. V. S. Desenvolvimento de um software para aloca\u00e7\u00e3o de salas de aulas. In: X Congresso Latino-Iberoamericano de Investigaci\u00f3n de Operaciones y Sistemas &#8211; CLAIO, 2000, M\u00e9xico. Memorias, 2000. v. 1. p. 57-57.<\/p>\n<\/div>\n<div class=\"boxk\">\n<p>Steiner, M. T. A. ; Siqueira, P. H. ; Zamboni, L. V. S. ; Carnieri, C. ; Steiner Neto, P. J. Designa\u00e7\u00e3o \u00f3tima de turmas de alunos para salas de aulas nas institui\u00e7\u00f5es de ensino. In: X Congresso Latino-Iberoamericano de Investigaci\u00f3n de Operaciones y Sistemas &#8211; CLAIO, 2000, Santos. Resumo das comunica\u00e7\u00f5es, 2000. v. 1. p. 282-282.<\/p>\n<\/div>\n<div class=\"boxl\">\n<p>Siqueira, P.H. ; Carnieri, C. ; Steiner, M. T. A. ; Barboza, \u00c2. O. ; Sampaio, M. E. C. S. ; Adamowicz, E. C. Resolu\u00e7\u00e3o do problema da constru\u00e7\u00e3o de escalas de motoristas e cobradores de \u00f4nibus atrav\u00e9s do algoritmo do matching. In: XIII Congresso Nacional de Matem\u00e1tica Aplicada e Computacional CNMAC, 2000, Santos. Resumo das comunica\u00e7\u00f5es. Santos : SBMAC, 2000. v. 1. p. 149-149.<\/p>\n<\/div>\n<div class=\"boxk\">\n<p>Siqueira, P. H. ; Costa, A. M. ; Barbosa, C. A. As c\u00f4nicas como rec\u00edprocas de uma circunfer\u00eancia. . In: 5\u00ba Evento de Inicia\u00e7\u00e3o Cient\u00edfica da UFPR &#8211; EVINCI, 1997, Curitiba. Anais do 5\u00ba EVINCI, 1997. v. 1. p. 260-260.<\/p>\n<\/div>\n<div class=\"boxl\">\n<p>Barbosa, C. A. ; Costa, A. M. ; Siqueira, P. H. A obten\u00e7\u00e3o das c\u00f4nicas a partir de uma circunfer\u00eancia mediante homologia. In: 5\u00ba Evento de Inicia\u00e7\u00e3o Cient\u00edfica da UFPR &#8211; EVINCI, 1997, Curitiba. Anais do 5\u00ba EVINCI, 1997. v. 1. p. 261-261.<\/p>\n<\/div>\n","protected":false},"excerpt":{"rendered":"<p>Aguitoni, M. C. ; Pav\u00e3o, L. V. ; Siqueira, P. H. ; Jim\u00e9nez, L. ; Ravagnani, M. A. S. S. . Synthesis of a cost-optimal heat exchanger network using Genetic algorithm and Differential Evolution. In: 23rd International Congress of Chemical&hellip; <\/p>\n","protected":false},"author":1,"featured_media":0,"parent":0,"menu_order":0,"comment_status":"closed","ping_status":"closed","template":"","meta":{"footnotes":""},"class_list":["post-53","page","type-page","status-publish","hentry"],"_links":{"self":[{"href":"https:\/\/exatas.ufpr.br\/degraf_paulo\/wp-json\/wp\/v2\/pages\/53","targetHints":{"allow":["GET"]}}],"collection":[{"href":"https:\/\/exatas.ufpr.br\/degraf_paulo\/wp-json\/wp\/v2\/pages"}],"about":[{"href":"https:\/\/exatas.ufpr.br\/degraf_paulo\/wp-json\/wp\/v2\/types\/page"}],"author":[{"embeddable":true,"href":"https:\/\/exatas.ufpr.br\/degraf_paulo\/wp-json\/wp\/v2\/users\/1"}],"replies":[{"embeddable":true,"href":"https:\/\/exatas.ufpr.br\/degraf_paulo\/wp-json\/wp\/v2\/comments?post=53"}],"version-history":[{"count":10,"href":"https:\/\/exatas.ufpr.br\/degraf_paulo\/wp-json\/wp\/v2\/pages\/53\/revisions"}],"predecessor-version":[{"id":4099,"href":"https:\/\/exatas.ufpr.br\/degraf_paulo\/wp-json\/wp\/v2\/pages\/53\/revisions\/4099"}],"wp:attachment":[{"href":"https:\/\/exatas.ufpr.br\/degraf_paulo\/wp-json\/wp\/v2\/media?parent=53"}],"curies":[{"name":"wp","href":"https:\/\/api.w.org\/{rel}","templated":true}]}}