{"id":45,"date":"2014-09-15T07:18:41","date_gmt":"2014-09-15T10:18:41","guid":{"rendered":"https:\/\/exatas.ufpr.br\/degraf_paulo\/?page_id=45"},"modified":"2025-02-18T10:43:14","modified_gmt":"2025-02-18T13:43:14","slug":"publicacoes-trabalhos-publicados-em-periodicos","status":"publish","type":"page","link":"https:\/\/exatas.ufpr.br\/degraf_paulo\/publicacoes-trabalhos-publicados-em-periodicos\/","title":{"rendered":"Publica\u00e7\u00f5es \u2799 Trabalhos publicados em peri\u00f3dicos"},"content":{"rendered":"\n<div class=\"boxk\">Siqueira, P. H. Development of Virtual Reality Environments to Visualize the Fractals of the Dragon&#8217;s Curve Using Plato&#8217;s Polyhedra. Journal of Education and Learning, v. 14, p. 21-34, 2025.\n<br><a href=\"https:\/\/ccsenet.org\/journal\/index.php\/jel\/article\/view\/0\/51303\" target=\"_blank\" rel=\"noopener\">&#x1f30e; site<\/a> | <a href=\"\/degraf_paulo\/wp-content\/uploads\/sites\/4\/2025\/02\/67af32cd02313.pdf\" target=\"_blank\" rel=\"noopener\">&#x1f4e5; pdf<\/a><\/div>\n\n<div class=\"boxl\">Siqueira, P. H. Creating a Virtual Reality environment for visualizing self-intersecting snub truncated polyhedra. INTERNATIONAL JOURNAL OF ENGINEERING RESEARCH AND DEVELOPMENT, v. 20, p. 193-202, 2024.\n<br><a href=\"https:\/\/www.ijerd.com\/paper\/vol20-issue9\/2009193202.pdf\" target=\"_blank\" rel=\"noopener\">&#x1f30e; site<\/a> | <a href=\"https:\/\/exatas.ufpr.br\/degraf_paulo\/wp-content\/uploads\/sites\/4\/2024\/10\/2009193202.pdf\" target=\"_blank\" rel=\"noopener\">&#x1f4e5; pdf<\/a><\/div>\n\n\n\n<div class=\"boxk\">Siqueira, P. H. Ambiente web de realidade virtual para a visualiza\u00e7\u00e3o de poliedros n\u00e3o convexos. CADERNO PEDAG\u00d3GICO (LAJEADO. ONLINE), v. 21, p. e7141, 2024.\n<br><a href=\"https:\/\/ojs.studiespublicacoes.com.br\/ojs\/index.php\/cadped\/article\/view\/7141\" target=\"_blank\" rel=\"noopener\">&#x1f30e; site<\/a> | <a href=\"https:\/\/exatas.ufpr.br\/degraf_paulo\/wp-content\/uploads\/sites\/4\/2024\/09\/241CadernoP.pdf\" target=\"_blank\" rel=\"noopener\">&#x1f4e5; pdf<\/a><\/div>\n\n\n\n<div class=\"boxl\">Siqueira, P. H. Cria\u00e7\u00e3o de um ambiente web de realidade virtual para a visualiza\u00e7\u00e3o dos poliedros de Arquimedes e seus duais de Catalan. OBSERVATORIO DE LA ECONOM\u00cdA LATINOAMERICANA, v. 22, p. e3760, 2024.\n<br><a href=\"https:\/\/ojs.observatoriolatinoamericano.com\/ojs\/index.php\/olel\/article\/view\/3760\" target=\"_blank\" rel=\"noopener\">&#x1f30e; site<\/a> | <a href=\"https:\/\/exatas.ufpr.br\/degraf_paulo\/wp-content\/uploads\/sites\/4\/2024\/08\/122OBSERVATORIO.pdf\" target=\"_blank\" rel=\"noopener\">&#x1f4e5; pdf<\/a><\/div>\n\n\n\n<div class=\"boxk\">VIEIRA, PAULA FERNANDA GOMES ; CONTE, VIVIANE CRISTHYNE BINI ; SIQUEIRA, PAULO HENRIQUE. Aplica\u00e7\u00e3o da programa\u00e7\u00e3o linear na aloca\u00e7\u00e3o de aulas: um estudo de caso no Novo Ensino M\u00e9dio do Paran\u00e1. CADERNO PEDAG\u00d3GICO (LAJEADO. ONLINE), v. 21, p. e4319, 2024.\n<br><a href=\"https:\/\/ojs.studiespublicacoes.com.br\/ojs\/index.php\/cadped\/article\/view\/4319\" target=\"_blank\" rel=\"noopener\">&#x1f30e; site<\/a> | <a href=\"https:\/\/exatas.ufpr.br\/degraf_paulo\/wp-content\/uploads\/sites\/4\/2024\/08\/CadernoPedagogico127.pdf\" target=\"_blank\" rel=\"noopener\">&#x1f4e5; pdf<\/a><\/div>\n\n\n\n<div class=\"boxl\">A virtual reality web environment create tovisualize Archimedean Polyhedra and their Catalan duals. REVISTA DE CIENCIA Y TECNOLOG\u00cdA, v. 41, p. 76-82, 2024.\n<br><a href=\"https:\/\/www.fceqyn.unam.edu.ar\/recyt\/index.php\/recyt\/article\/view\/830\/865\" target=\"_blank\" rel=\"noopener\">&#x1f30e; site<\/a> | <a href=\"https:\/\/exatas.ufpr.br\/degraf_paulo\/wp-content\/uploads\/sites\/4\/2024\/08\/document.pdf\" target=\"_blank\" rel=\"noopener\">&#x1f4e5; pdf<\/a><\/div>\n\n\n\n<div class=\"boxk\">Visualizing Self-Intersecting Truncated Polyhedra Through A Virtual Reality Web Environment. IOSR Journal of Business and Management, v. 26, p. 50-58, 2024.\n<br><a href=\"https:\/\/www.iosrjournals.org\/iosr-jbm\/papers\/Vol26-issue8\/Ser-1\/G2608015058.pdf\" target=\"_blank\" rel=\"noopener\">&#x1f30e; site<\/a> | <a href=\"https:\/\/exatas.ufpr.br\/degraf_paulo\/wp-content\/uploads\/sites\/4\/2024\/08\/G2608015058.pdf\" target=\"_blank\" rel=\"noopener\">&#x1f4e5; pdf<\/a><\/div>\n\n\n\n<div class=\"boxl\">Siqueira, P. H.. Visualization of Archimedian and Platonic polyhedra using a web environment in Augmented Reality and Virtual Reality. INTERNATIONAL JOURNAL FOR INNOVATION EDUCATION AND RESEARCH, v. 9, p. 1-13, 2021.<br><a href=\"https:\/\/ijier.net\/ijier\/article\/view\/2441\" target=\"_blank\" rel=\"noopener\">&#x1f30e; site<\/a> | <a href=\"https:\/\/exatas.ufpr.br\/degraf_paulo\/wp-content\/uploads\/sites\/4\/2014\/09\/PB-2441.pdf\" target=\"_blank\" rel=\"noopener\">&#x1f4e5; pdf<\/a><\/div>\n\n\n\n<div class=\"boxk\">Siqueira, P.H.. Ambientes web para o ensino de superf\u00edcies topogr\u00e1ficas em realidade aumentada e realidade virtual. REVISTA TERRAE DIDATICA, v. 16, p. 1-9, 2020.<br><a href=\"https:\/\/periodicos.sbu.unicamp.br\/ojs\/index.php\/td\/article\/view\/8655900\" target=\"_blank\" rel=\"noopener\">&#x1f30e; site<\/a> | <a href=\"https:\/\/exatas.ufpr.br\/degraf_paulo\/wp-content\/uploads\/sites\/4\/2014\/09\/8655900-Texto-do-artigo-67410-1-10-20200323.pdf\" target=\"_blank\" rel=\"noopener\">&#x1f4e5; pdf<\/a><\/div>\n\n\n\n<div class=\"boxl\">Siqueira, P. H.. Desenvolvimento de ambientes web em Realidade Aumentada e Realidade Virtual para estudos de Superf\u00edcies Topogr\u00e1ficas. REVISTA BRASILEIRA DE EXPRESS\u00c3O GR\u00c1FICA, v. 7, p. 21-44, 2019.<br><a href=\"https:\/\/rbeg.net\/artigos\/artigo70.pdf\" target=\"_blank\" rel=\"noopener\">&#x1f30e; site<\/a> | <a href=\"https:\/\/exatas.ufpr.br\/degraf_paulo\/wp-content\/uploads\/sites\/4\/2014\/09\/artigo70.pdf\" target=\"_blank\" rel=\"noopener\">&#x1f4e5;&nbsp;pdf<\/a><\/div>\n\n\n\n<div class=\"boxk\">Siqueira, P. H.. A hybrid Recurrent Neural Network with Winner Takes All and Ant Colony Optimization principles for the Traveling Salesman Problem. INTERNATIONAL JOURNAL OF ENGINEERING RESEARCH AND APPLICATIONS (IJERA), v. 9, p. 85-92, 2019.<br><a href=\"https:\/\/www.ijera.com\/pages\/v9no11S2.html\" target=\"_blank\" rel=\"noopener\">&#x1f30e; site<\/a> | <a href=\"https:\/\/exatas.ufpr.br\/degraf_paulo\/wp-content\/uploads\/sites\/4\/2014\/09\/N0911028592.pdf\" target=\"_blank\" rel=\"noopener\">&#x1f4e5;&nbsp;pdf<\/a><\/div>\n\n\n\n<div class=\"boxl\">Siqueira, P. H.. Teaching Topographic Surface Concepts in Augmented Reality and Virtual Reality Web Environments. INTERNATIONAL JOURNAL FOR INNOVATION EDUCATION AND RESEARCH, v. 7, p. 307-320, 2019.<br><a href=\"https:\/\/ijier.net\/index.php\/ijier\/article\/view\/1776\" target=\"_blank\" rel=\"noopener\">&#x1f30e; site<\/a> | <a href=\"https:\/\/exatas.ufpr.br\/degraf_paulo\/wp-content\/uploads\/sites\/4\/2014\/09\/1776-Article-Text-5400-1-10-20191112.pdf\" target=\"_blank\" rel=\"noopener\">&#x1f4e5;&nbsp;pdf<\/a><\/div>\n\n\n\n<div class=\"boxk\">Siqueira, P. H.. Augmented Reality and Virtual Reality Web Environment to Visualizing the Planets of The Solar System. To Physics Journal, v. 3, p. 167-185, 2019.<br><a href=\"http:\/\/purkh.com\/index.php\/tophy\/article\/view\/476\" target=\"_blank\" rel=\"noopener\">&#x1f30e; site<\/a> | <a href=\"https:\/\/exatas.ufpr.br\/degraf_paulo\/wp-content\/uploads\/sites\/4\/2014\/09\/476-ArticleText-3751-3-10-20190830.pdf\" target=\"_blank\" rel=\"noopener\">&#x1f4e5;&nbsp;pdf<\/a><\/div>\n\n\n\n<div class=\"boxl\">Aguitoni, M. C. ; Pav\u00e3o, L. V. ; Siqueira, P. H. ; Jim\u00e9nez, L. ; Ravagnani, M. A. S. S. . Heat exchanger network synthesis using genetic algorithm and differential evolution. COMPUTERS &amp; CHEMICAL ENGINEERING, v. 117, p. 82-96, 2018.<br><a href=\"https:\/\/doi.org\/10.1016\/j.compchemeng.2018.06.005\" target=\"_blank\" rel=\"noopener\">&#x1f30e; site<\/a><\/div>\n\n\n\n<div class=\"boxk\">Aguitoni, M. C. ; Pav\u00e3o, L. V. ; Siqueira, P. H. ; Jim\u00e9nez, L. ; Ravagnani, M. A. S. S. . Synthesis of a Cost-Optimal Heat Exchanger Network using Genetic Algorithm and Differential Evolution. CHEMICAL ENGINEERING TRANSACTIONS, v. 70, p. 979-984, 2018.<br><a href=\"https:\/\/www.aidic.it\/cet\/18\/70\/164.pdf\" target=\"_blank\" rel=\"noopener\">&#x1f30e; site<\/a><\/div>\n\n\n\n<div class=\"boxl\">Oliveira, A. A.; Siqueira, P. H.; Nisgoski, S.; Bolzon de Muniz, G. I.; Ferreira, J. H. Identifica\u00e7\u00e3o de Madeiras utilizando a Espectrometria no Infravermelho Pr\u00f3ximo e Redes Neurais Artificiais. TEMA: Tend\u00eancias em Matem\u00e1tica Aplicada e Computacional. v. 16, n. 2, p. 81-95, 2015.<br><a href=\"http:\/\/www.scielo.br\/scielo.php?pid=S2179-84512015000200081&amp;script=sci_abstract&amp;tlng=pt\" target=\"_blank\" rel=\"noopener\">&#x1f30e; site<\/a> | <a href=\"https:\/\/exatas.ufpr.br\/degraf_paulo\/wp-content\/uploads\/sites\/4\/2014\/09\/2179-8451-tema-16-02-00081.pdf\" target=\"_blank\" rel=\"noopener\">&#x1f4e5;&nbsp;pdf<\/a><\/div>\n\n\n\n<div class=\"boxk\">Teixeira, L. L. ; Siqueira, P. H. ; Teixeira JR, L. A. ; Rodrigues, S. B. ; Silva, A. C. L. Forecasts for the Canadian Lynx time series using method that bombine neural networks, wavelet shrinkage and decomposition. GEPROS. Gest\u00e3o da Produ\u00e7\u00e3o, Opera\u00e7\u00f5es e Sistemas (Online), v. 10, p. 159-172, 2015.<br><a href=\"http:\/\/revista.feb.unesp.br\/index.php\/gepros\/article\/view\/1249\" target=\"_blank\" rel=\"noopener\">&#x1f30e; site<\/a> | <a href=\"https:\/\/exatas.ufpr.br\/degraf_paulo\/wp-content\/uploads\/sites\/4\/2014\/09\/1249-5041-1-PB.pdf\" target=\"_blank\" rel=\"noopener\">&#x1f4e5;&nbsp;pdf<\/a><\/div>\n\n\n\n<div class=\"boxl\">\n<p>Teixeira, L. L. ; Siqueira, P.H. Previs\u00e3o de S\u00e9ries de Vaz\u00f5es com a Meta-Heur\u00edstica PSO. Revista de Ci\u00eancias Exatas e Naturais, v. 17, p. 1-20, 2015.<br><a href=\"http:\/\/revistas.unicentro.br\/index.php\/RECEN\/article\/view\/2487\" target=\"_blank\" rel=\"noopener\">&#x1f30e; site<\/a> | <a href=\"https:\/\/exatas.ufpr.br\/degraf_paulo\/wp-content\/uploads\/sites\/4\/2014\/09\/2487-18477-1-PB.pdf\" target=\"_blank\" rel=\"noopener\">&#x1f4e5;&nbsp;pdf<\/a><\/p>\n<\/div>\n\n\n\n<div class=\"boxk\">Mota, J. F. ; Siqueira, P.H. ; Souza, L. V. . Matricial representation of individuals in continous genetic algorithm can improve the efficience in Radial Basis Function Neural Networks training. International Journal of Pure and Applied Mathematics, v. 104, p. 421-436, 2015.<br><a href=\"http:\/\/www.ijpam.eu\/contents\/2015-104-3\/11\/11.pdf\" target=\"_blank\" rel=\"noopener\">&#x1f30e; site<\/a>&nbsp;|&nbsp;<a href=\"https:\/\/exatas.ufpr.br\/degraf_paulo\/wp-content\/uploads\/sites\/4\/2014\/09\/11.pdf\" target=\"_blank\" rel=\"noopener\">&#x1f4e5;&nbsp;pdf<\/a><\/div>\n\n\n\n<div class=\"boxl\">\n<p>Teixeira, L. L. ; Teixeira Junior, L. A. ; Siqueira, P.H. . Previs\u00f5es de vaz\u00f5es mensais via combina\u00e7\u00e3o h\u00edbrida ARIMA NEURAL com encolhimento e decomposi\u00e7\u00e3o Wavelet. Revista de Engenharia e Tecnologia, v. 7, p. 144-161, 2015.<\/p>\n<p><a href=\"https:\/\/www.revistas2.uepg.br\/index.php\/ret\/article\/view\/11391\" target=\"_blank\" rel=\"noopener\">&#x1f30e; site<\/a>&nbsp;|&nbsp;<a href=\"https:\/\/exatas.ufpr.br\/degraf_paulo\/wp-content\/uploads\/sites\/4\/2014\/09\/337-1008-1-PB.pdf\" target=\"_blank\" rel=\"noopener\">&#x1f4e5;&nbsp;pdf<\/a><\/p>\n<\/div>\n\n\n\n<div class=\"boxk\">\n<p>Rodrigues, S. B. ; Teixeira, L. L. ; Teixeira Junior, L. A. ; Silva, A. C. L. ; Siqueira, P. H. ; Franco, E. M. C. . Previs\u00e3o dos deslocamentos relativos no bloco I11 da barragem da usina hidrel\u00e9trica de Itaipu por meio de uma abordagem h\u00edbrida ARIMA-SVR. Espa\u00e7o Energia, v. 22, p. 28-37, 2015.<\/p>\n<p><a href=\"http:\/\/www.espacoenergia.com.br\/espacoenergia\/edicoes\/22\/EE022-08-08.pdf\" target=\"_blank\" rel=\"noopener\">&#x1f30e; site<\/a>&nbsp;|&nbsp;<a href=\"https:\/\/exatas.ufpr.br\/degraf_paulo\/wp-content\/uploads\/sites\/4\/2014\/09\/EE022-08-08.pdf\" target=\"_blank\" rel=\"noopener\">&#x1f4e5;&nbsp;pdf<\/a><\/p>\n<\/div>\n\n\n\n<div class=\"boxl\">\n<p>Teixeira, L. L. ; Teixeira Junior, L. A. ; Siqueira, P. H. . Previs\u00f5es de vaz\u00f5es mensais no posto 266-Itaipu mediante redes neurais com encolhimento wavelet. Espa\u00e7o Energia, v. 22, p. 8-17, 2015.<\/p>\n<p><a href=\"http:\/\/www.espacoenergia.com.br\/espacoenergia\/edicoes\/22\/EE022-06-05.pdf\" target=\"_blank\" rel=\"noopener\">&#x1f30e; site<\/a>&nbsp;|&nbsp;<a href=\"https:\/\/exatas.ufpr.br\/degraf_paulo\/wp-content\/uploads\/sites\/4\/2014\/09\/EE022-06-05.pdf\" target=\"_blank\" rel=\"noopener\">&#x1f4e5;&nbsp;pdf<\/a><\/p>\n<\/div>\n\n\n\n<div class=\"boxk\">\n<p>Pavanelli, A. M. ; Costa, D. M. B. ; Pavanelli, G. ; Steiner, M. T. A. ; Siqueira, P. H. . Obten\u00e7\u00e3o de indicadores de desempenho atrav\u00e9s do modelo matem\u00e1tico Hipercubo de filas com prioridades aplicado ao servi\u00e7o de atendimento emergencial m\u00f3vel em Curitiba-Paran\u00e1. Revista SODEBRAS, v. 9, p. 173-179, 2014.<\/p>\n<p><a href=\"http:\/\/www.sodebras.com.br\/edicoes\/N101.pdf\" target=\"_blank\" rel=\"noopener\">&#x1f30e; site<\/a>&nbsp;|&nbsp;<a href=\"https:\/\/exatas.ufpr.br\/degraf_paulo\/wp-content\/uploads\/sites\/4\/2014\/09\/artigo.pdf\" target=\"_blank\" rel=\"noopener\">&#x1f4e5;&nbsp;pdf<\/a><\/p>\n<\/div>\n\n\n\n<div class=\"boxl\">\n<p>Aguiar, B. C. X. C. ; Siqueira, P. H. ; Aguiar, G. F. ; Souza, L. V. . Particle swarm optimization for vehicle routing problem with fleet heterogeneous and simultaneous collection and delivery. Applied Mathematical Sciences, v. 8, p. 3833, 2014.<\/p>\n<p><a href=\"http:\/\/www.m-hikari.com\/ams\/ams-2014\/ams-77-80-2014\/45366.html\" target=\"_blank\" rel=\"noopener\">&#x1f30e; site<\/a>&nbsp;|&nbsp;<a href=\"https:\/\/exatas.ufpr.br\/degraf_paulo\/wp-content\/uploads\/sites\/4\/2024\/08\/aguiarAMS77-80-2014.pdf\" target=\"_blank\" rel=\"noopener\">&#x1f4e5;&nbsp;pdf<\/a><\/p>\n<\/div>\n\n\n\n<div class=\"boxk\">\n<p>Siqueira, P. H. ; Souza, L. V. M\u00e9todos Heur\u00edsticos aplicados na constru\u00e7\u00e3o de roteiros de Transporte Escolar para o Estado do Paran\u00e1. Transportes, v. 20, n. 3, p. 28-40, 2012.<\/p>\n<p><a href=\"http:\/\/www.revistatransportes.org.br\/anpet\/article\/view\/567\" target=\"_blank\" rel=\"noopener\">&#x1f30e; site<\/a>&nbsp;|&nbsp;<a href=\"https:\/\/exatas.ufpr.br\/degraf_paulo\/wp-content\/uploads\/sites\/4\/2024\/08\/567-2558-1-PB.pdf\" target=\"_blank\" rel=\"noopener\">&#x1f4e5;&nbsp;pdf<\/a><\/p>\n<\/div>\n\n\n\n<div class=\"boxl\">\n<p>Siqueira, P. H. Application of Wang&#8217;s Recurrent Neural Network to solve the Transportation problem. International journal of computer science and network security, v. 12, n. 7, p. 50-54, 2012.<\/p>\n<p><a href=\"http:\/\/paper.ijcsns.org\/07_book\/201207\/20120708.pdf\" target=\"_blank\" rel=\"noopener\">&#x1f30e; site<\/a>&nbsp;|&nbsp;<a href=\"https:\/\/exatas.ufpr.br\/degraf_paulo\/wp-content\/uploads\/sites\/4\/2024\/08\/20120708.pdf\" target=\"_blank\" rel=\"noopener\">&#x1f4e5;&nbsp;pdf<\/a><\/p>\n<\/div>\n\n\n\n<div class=\"boxk\">\n<p>Villwock, R. ; Steiner, M. T. A. ; Siqueira, P. H. Pattern Clustering via Ants Colony, Ward Method and Kohonen Maps. International journal of computer science and network security, v. 12, n. 6, p. 81-92, 2012.<\/p>\n<p><a href=\"http:\/\/paper.ijcsns.org\/07_book\/201206\/20120611.pdf\" target=\"_blank\" rel=\"noopener\">&#x1f30e; site<\/a>&nbsp;|&nbsp;<a href=\"https:\/\/exatas.ufpr.br\/degraf_paulo\/wp-content\/uploads\/sites\/4\/2024\/08\/20120611.pdf\" target=\"_blank\" rel=\"noopener\">&#x1f4e5;&nbsp;pdf<\/a><\/p>\n<\/div>\n\n\n\n<div class=\"boxl\">\n<p>Villwock, R. ; Steiner, M. T. A. ; Siqueira, P. H. Proposta de melhorias a um algoritmo para agrupamento de padr\u00f5es via Col\u00f4nia de Formigas. GEPROS. Gest\u00e3o da Produ\u00e7\u00e3o, Opera\u00e7\u00f5es e Sistemas, v. 7, n. 2, p. 123-137, 2012.<\/p>\n<p><a href=\"http:\/\/revista.feb.unesp.br\/index.php\/gepros\/issue\/view\/59\/showToc\" target=\"_blank\" rel=\"noopener\">&#x1f30e; site<\/a>&nbsp;|&nbsp;<a href=\"https:\/\/exatas.ufpr.br\/degraf_paulo\/wp-content\/uploads\/sites\/4\/2024\/08\/513-2566-1-PB.pdf\" target=\"_blank\" rel=\"noopener\">&#x1f4e5;&nbsp;pdf<\/a><\/p>\n<\/div>\n\n\n\n<div class=\"boxk\">\n<p>Souza, L. V. ; Siqueira, P. H. Heuristic Methods Applied to the Optimization School Bus Transportation Routes: A Real Case. Lecture Notes in Computer Science, v. 6097, p. 247-256, 2010.<\/p>\n<p><a href=\"http:\/\/dx.doi.org\/10.1007\/978-3-642-13025-0_27\" target=\"_blank\" rel=\"noopener\">&#x1f30e; site<\/a><\/p>\n<\/div>\n\n\n\n<div class=\"boxl\">\n<p>Siqueira, P.H. ; Scheer, S. ; Steiner, M.T.A. A new approach to solve the Traveling Salesman Problem. Neurocomputing (Amsterdam), v. 70, p. 1013-1021, 2007.<\/p>\n<p><a href=\"http:\/\/dx.doi.org\/10.1016\/j.neucom.2006.03.013\" target=\"_blank\" rel=\"noopener\">&#x1f30e; site<\/a><\/p>\n<\/div>\n\n\n\n<div class=\"boxk\">\n<p>Siqueira,&nbsp;P.H. ; Scheer, S. ; Steiner, M.T.A. A new heuristic procedure to solve the Traveling Salesman problem. Learning and Nonlinear Models, v. 5, p. 1-9, 2007.<\/p>\n<p><a href=\"http:\/\/abricom.org.br\/lnlm\/publicacoes\/vol5-no1\/vol5-no1-art1\/\" target=\"_blank\" rel=\"noopener\">&#x1f30e; site<\/a>&nbsp;|&nbsp;<a href=\"https:\/\/exatas.ufpr.br\/degraf_paulo\/wp-content\/uploads\/sites\/4\/2024\/08\/sbrn2007.pdf\" target=\"_blank\" rel=\"noopener\">&#x1f4e5;&nbsp;pdf<\/a><\/p>\n<\/div>\n\n\n\n<div class=\"boxl\">\n<p>Santos, A.M. ; Scheer, S. ; Siqueira, P.H. O problema da aloca\u00e7\u00e3o de professores na Universidade do Contestado (UnC), Campus Canoinhas: um estudo de caso sob a perspectiva da designa\u00e7\u00e3o e sua solu\u00e7\u00e3o por meio da programa\u00e7\u00e3o inteira com vari\u00e1veis bin\u00e1rias. Uniuv em Revista, v. 10, p. 63-86, 2007.<\/p>\n<\/div>\n\n\n\n<div class=\"boxk\">\n<p>Siqueira, P.H. ; Scheer, S. ; Steiner, M.T.A. A New Neural Network Approach to the Traveling Salesman Problem. Lecture Notes in Computer Science, Berlin, v. 3971, n. 1, p. 391-398, 2006.<\/p>\n<p><a href=\"http:\/\/dx.doi.org\/10.1007\/11759966_59\" target=\"_blank\" rel=\"noopener\">&#x1f30e; site<\/a><\/p>\n<\/div>\n\n\n\n<div class=\"boxl\">\n<p>Siqueira, P.H. ; Scheer, S. ; Steiner, M.T.A. Application of the Winner Takes All Principle in Wang&#8217;s Recurrent Neural Network for the Assignment problem. Lecture Notes in Computer Science, Berlin, v. 3496, n. 1, p. 731-738, 2005.<\/p>\n<p><a href=\"http:\/\/dx.doi.org\/10.1007\/11427391_117\" target=\"_blank\" rel=\"noopener\">&#x1f30e; site<\/a><\/p>\n<\/div>\n\n\n\n<div class=\"boxk\">\n<p>Siqueira,&nbsp;P.H. ; Barboza, \u00c2.O. ; Carnieri, C. ; Steiner, M.T.A. Uma proposta de solu\u00e7\u00e3o para o problema da constru\u00e7\u00e3o de escalas de motoristas e cobradores de \u00f4nibus por meio do algoritmo do matching de peso m\u00e1ximo. Gest\u00e3o e Produ\u00e7\u00e3o (UFSCar), S\u00e3o Carlos, SP, v. 11, n. 2, p. 187-196, 2004.<\/p>\n<p><a href=\"http:\/\/dx.doi.org\/10.1590\/S0104-530X2004000200005\" target=\"_blank\" rel=\"noopener\">&#x1f30e; site<\/a>&nbsp;|&nbsp;<a href=\"https:\/\/exatas.ufpr.br\/degraf_paulo\/wp-content\/uploads\/sites\/4\/2024\/08\/gp2004.pdf\" target=\"_blank\" rel=\"noopener\">&#x1f4e5;&nbsp;pdf<\/a><\/p>\n<\/div>\n\n\n\n<div class=\"boxl\">\n<p>Barboza, \u00c2.O.; Carnieri, C. ; Steiner, M.T.A. ; Siqueira, P.H. T\u00e9cnicas da pesquisa operacional no problema de hor\u00e1rios de atendentes em centrais telef\u00f4nicas. Gest\u00e3o e Produ\u00e7\u00e3o (UFSCar), S\u00e3o Carlos, SP, v. 10, n. 1, p. 109-127, 2003.<\/p>\n<p><a href=\"http:\/\/dx.doi.org\/10.1590\/S0104-530X2003000100008\" target=\"_blank\" rel=\"noopener\">&#x1f30e; site<\/a>&nbsp;|&nbsp;<a href=\"https:\/\/exatas.ufpr.br\/degraf_paulo\/wp-content\/uploads\/sites\/4\/2024\/08\/gp2003.pdf\" target=\"_blank\" rel=\"noopener\">&#x1f4e5;&nbsp;pdf<\/a><\/p>\n<\/div>\n","protected":false},"excerpt":{"rendered":"<p>Siqueira, P. H. Development of Virtual Reality Environments to Visualize the Fractals of the Dragon&#8217;s Curve Using Plato&#8217;s Polyhedra. Journal of Education and Learning, v. 14, p. 21-34, 2025. &#x1f30e; site | &#x1f4e5; pdf Siqueira, P. H. Creating a Virtual&hellip; <\/p>\n","protected":false},"author":1,"featured_media":0,"parent":0,"menu_order":0,"comment_status":"closed","ping_status":"closed","template":"","meta":{"footnotes":""},"class_list":["post-45","page","type-page","status-publish","hentry"],"_links":{"self":[{"href":"https:\/\/exatas.ufpr.br\/degraf_paulo\/wp-json\/wp\/v2\/pages\/45","targetHints":{"allow":["GET"]}}],"collection":[{"href":"https:\/\/exatas.ufpr.br\/degraf_paulo\/wp-json\/wp\/v2\/pages"}],"about":[{"href":"https:\/\/exatas.ufpr.br\/degraf_paulo\/wp-json\/wp\/v2\/types\/page"}],"author":[{"embeddable":true,"href":"https:\/\/exatas.ufpr.br\/degraf_paulo\/wp-json\/wp\/v2\/users\/1"}],"replies":[{"embeddable":true,"href":"https:\/\/exatas.ufpr.br\/degraf_paulo\/wp-json\/wp\/v2\/comments?post=45"}],"version-history":[{"count":66,"href":"https:\/\/exatas.ufpr.br\/degraf_paulo\/wp-json\/wp\/v2\/pages\/45\/revisions"}],"predecessor-version":[{"id":4135,"href":"https:\/\/exatas.ufpr.br\/degraf_paulo\/wp-json\/wp\/v2\/pages\/45\/revisions\/4135"}],"wp:attachment":[{"href":"https:\/\/exatas.ufpr.br\/degraf_paulo\/wp-json\/wp\/v2\/media?parent=45"}],"curies":[{"name":"wp","href":"https:\/\/api.w.org\/{rel}","templated":true}]}}