{"id":42,"date":"2014-09-15T07:13:59","date_gmt":"2014-09-15T10:13:59","guid":{"rendered":"https:\/\/exatas.ufpr.br\/degraf_paulo\/?page_id=42"},"modified":"2024-08-15T13:26:49","modified_gmt":"2024-08-15T16:26:49","slug":"publicacoes-dissertacao-e-tese","status":"publish","type":"page","link":"https:\/\/exatas.ufpr.br\/degraf_paulo\/publicacoes-dissertacao-e-tese\/","title":{"rendered":"Publica\u00e7\u00f5es &#x2799; disserta\u00e7\u00e3o e tese"},"content":{"rendered":"<div class=\"boxk\">\n<p><strong>Disserta\u00e7\u00e3o de Mestrado<\/strong><br \/>\nAplica\u00e7\u00e3o do algoritmo do matching no problema da constru\u00e7\u00e3o de escalas de motoristas e cobradores de \u00f4nibus.<\/p>\n<p><a href=\"https:\/\/exatas.ufpr.br\/degraf_paulo\/wp-content\/uploads\/sites\/4\/2024\/08\/paulohsDiss.pdf\" target=\"_blank\" rel=\"noopener\">&#x1f4e5;\u00a0pdf<\/a><\/p>\n<\/div>\n<div class=\"boxl\">\n<p><strong>Tese de Doutorado<\/strong><br \/>\nUma nova abordagem na resolu\u00e7\u00e3o do problema do Caixeiro Viajante.<\/p>\n<p><a href=\"https:\/\/exatas.ufpr.br\/degraf_paulo\/wp-content\/uploads\/sites\/4\/2024\/08\/paulohsTese.pdf\" target=\"_blank\" rel=\"noopener\">&#x1f4e5;\u00a0pdf<\/a><\/p>\n<\/div>\n","protected":false},"excerpt":{"rendered":"<p>Disserta\u00e7\u00e3o de Mestrado Aplica\u00e7\u00e3o do algoritmo do matching no problema da constru\u00e7\u00e3o de escalas de motoristas e cobradores de \u00f4nibus. &#x1f4e5;\u00a0pdf Tese de Doutorado Uma nova abordagem na resolu\u00e7\u00e3o do problema do Caixeiro Viajante. &#x1f4e5;\u00a0pdf<\/p>\n","protected":false},"author":1,"featured_media":0,"parent":0,"menu_order":0,"comment_status":"closed","ping_status":"closed","template":"","meta":{"footnotes":""},"class_list":["post-42","page","type-page","status-publish","hentry"],"_links":{"self":[{"href":"https:\/\/exatas.ufpr.br\/degraf_paulo\/wp-json\/wp\/v2\/pages\/42","targetHints":{"allow":["GET"]}}],"collection":[{"href":"https:\/\/exatas.ufpr.br\/degraf_paulo\/wp-json\/wp\/v2\/pages"}],"about":[{"href":"https:\/\/exatas.ufpr.br\/degraf_paulo\/wp-json\/wp\/v2\/types\/page"}],"author":[{"embeddable":true,"href":"https:\/\/exatas.ufpr.br\/degraf_paulo\/wp-json\/wp\/v2\/users\/1"}],"replies":[{"embeddable":true,"href":"https:\/\/exatas.ufpr.br\/degraf_paulo\/wp-json\/wp\/v2\/comments?post=42"}],"version-history":[{"count":14,"href":"https:\/\/exatas.ufpr.br\/degraf_paulo\/wp-json\/wp\/v2\/pages\/42\/revisions"}],"predecessor-version":[{"id":4054,"href":"https:\/\/exatas.ufpr.br\/degraf_paulo\/wp-json\/wp\/v2\/pages\/42\/revisions\/4054"}],"wp:attachment":[{"href":"https:\/\/exatas.ufpr.br\/degraf_paulo\/wp-json\/wp\/v2\/media?parent=42"}],"curies":[{"name":"wp","href":"https:\/\/api.w.org\/{rel}","templated":true}]}}