{"id":3379,"date":"2019-07-02T15:20:26","date_gmt":"2019-07-02T18:20:26","guid":{"rendered":"https:\/\/exatas.ufpr.br\/degraf_paulo\/?page_id=3379"},"modified":"2023-09-21T14:03:34","modified_gmt":"2023-09-21T17:03:34","slug":"rv-ra","status":"publish","type":"page","link":"https:\/\/exatas.ufpr.br\/degraf_paulo\/rv-ra\/","title":{"rendered":"Projetos \u2799 Realidade Virtual e Realidade Aumentada"},"content":{"rendered":"\n<div class=\"conteudo\"><br>Nos projetos mostrados nesta p\u00e1gina, s\u00e3o criados ambiente web para visualiza\u00e7\u00f5es de propriedades geom\u00e9tricas de proje\u00e7\u00f5es, representa\u00e7\u00f5es de s\u00f3lidos, proje\u00e7\u00f5es de telhados, aplica\u00e7\u00f5es em Superf\u00edcies Topogr\u00e1ficas, Sistema Solar e maquetes.<br><br>As tecnologias de Realidade Aumentada e Realidade Virtual s\u00e3o usadas pelos alunos para visualizar os objetos em 3D para estudar suas propriedades ou constru\u00ed-los atrav\u00e9s de suas proje\u00e7\u00f5es.<br><br>Nos ambientes programados, os alunos podem acessar com seus dispositivos com webcam (smartphones, tables ou notebooks) os sites em Realidade Aumentada para visualizar os objetos com a imagem da webcam. Os marcadores impressos s\u00e3o usados como refer\u00eancias para os objetos 3D aparecerem na tela.<br><br>Os objetos est\u00e3o modelados em sites programados em Realidade Virtual, onde os visitantes podem interagir com estes objetos atrav\u00e9s do touch em smartphones e tablets, ou do teclado e mouse em notebooks.<hr>\n<h3>Geometria Descritiva<\/h3>\n<p><b>Objetos programados:<\/b><br>&#8211; propriedades de sistemas de proje\u00e7\u00f5es;<br>&#8211; s\u00f3lidos geom\u00e9tricos da apostila usada em sala de aula.<\/p>\n<figure><img decoding=\"async\" style=\"width: 75%\" src=\"https:\/\/exatas.ufpr.br\/degraf_paulo\/wp-content\/uploads\/sites\/4\/2022\/05\/exemplo_gd.jpg\"><\/figure><p style=\"margin-top: 10px\" align=\"center\"><\/p>\n<p style=\"margin-top: 10px\" align=\"center\"><img decoding=\"async\" style=\"width: 75%\" src=\"https:\/\/paulohscwb.github.io\/geometria-descritiva\/ar\/gd_ra.gif\"><\/p><p style=\"margin-top: 10px\" align=\"center\"><\/p>\n<p><b>Endere\u00e7o com os conte\u00fados em Realidade Aumentada e Realidade Virtual:<\/b><\/p>\n<p style=\"text-align: center\"><a href=\"https:\/\/paulohscwb.github.io\/geometria-descritiva\/\" target=\"_blank\" rel=\"noopener\">https:\/\/paulohscwb.github.io\/geometria-descritiva\/<\/a><\/p>\n<figure><a href=\"https:\/\/zenodo.org\/badge\/latestdoi\/388653587\" target=\"_blank\" rel=\"noopener\"><img decoding=\"async\" style=\"margin: 5px 0 10px 0\" src=\"https:\/\/zenodo.org\/badge\/388653587.svg\" alt=\"DOI\"><\/a><\/figure><p style=\"text-align: center\"><\/p>\n<hr>\n<h3>Proje\u00e7\u00f5es Cotadas<\/h3>\n<p><b>Objetos programados:<\/b><br>&#8211; propriedades de sistemas de proje\u00e7\u00f5es;<br>&#8211; s\u00f3lidos geom\u00e9tricos da apostila usada em sala de aula;<br>&#8211; proje\u00e7\u00f5es de telhados;<br>&#8211; superf\u00edcies topogr\u00e1ficas.<\/p>\n<figure><img decoding=\"async\" style=\"width: 75%\" src=\"https:\/\/exatas.ufpr.br\/degraf_paulo\/wp-content\/uploads\/sites\/4\/2022\/05\/exemplo_cotadas.jpg\"><\/figure><p style=\"margin-top: 10px\" align=\"center\"><\/p>\n<p style=\"margin-top: 10px\" align=\"center\"><img decoding=\"async\" style=\"width: 75%\" src=\"https:\/\/paulohscwb.github.io\/cotadas\/ar\/eg_ra.gif\"><\/p>\n<p style=\"margin-top: 10px\" align=\"center\"><\/p>\n<p><b>Endere\u00e7o com os conte\u00fados em Realidade Aumentada e Realidade Virtual:<\/b><\/p>\n<p style=\"text-align: center\"><a href=\"https:\/\/paulohscwb.github.io\/cotadas\/\" target=\"_blank\" rel=\"noopener\">https:\/\/paulohscwb.github.io\/cotadas\/<\/a><\/p>\n<figure><a href=\"https:\/\/zenodo.org\/badge\/latestdoi\/196281421\" target=\"_blank\" rel=\"noopener\"><img decoding=\"async\" style=\"margin: 5px 0 10px 0\" src=\"https:\/\/zenodo.org\/badge\/196281421.svg\" alt=\"DOI\"><\/a><\/figure><p style=\"text-align: center\"><\/p>\n<hr>\n<h3>Poliedros de Arquimedes<\/h3>\n<p><b>Poliedros modelados para visualiza\u00e7\u00e3o em RA e RV.<\/b><br>A publica\u00e7\u00e3o inclui as descri\u00e7\u00f5es dos s\u00f3lidos, modelagem para manipula\u00e7\u00e3o de cada poliedro em 3D e uma sala imersiva com os poliedros.<\/p>\n<figure><img decoding=\"async\" style=\"width: 75%\" src=\"https:\/\/paulohscwb.github.io\/polyhedra\/archimedes\/ar\/example.jpg\"><\/figure><p style=\"margin-top: 10px\" align=\"center\"><\/p>\n<p style=\"margin-top: 10px\" align=\"center\"><img decoding=\"async\" style=\"width: 75%\" src=\"https:\/\/paulohscwb.github.io\/polyhedra\/archimedes\/ar\/archimedes.gif\"><\/p><p style=\"margin-top: 10px\" align=\"center\"><\/p>\n<p style=\"margin-top: 10px\" align=\"center\"><img decoding=\"async\" style=\"width: 40%\" src=\"https:\/\/paulohscwb.github.io\/polyhedra\/archimedes\/vr\/salas\/videos\/arquimedes.gif\"><\/p><p style=\"margin-top: 10px\" align=\"center\"><\/p>\n<p><b>Endere\u00e7o com os conte\u00fados em Realidade Aumentada e Realidade Virtual:<\/b><\/p>\n<p style=\"text-align: center\"><a href=\"https:\/\/paulohscwb.github.io\/polyhedra\/archimedes\/pt-br\/\" target=\"_blank\" rel=\"noopener\">https:\/\/paulohscwb.github.io\/polyhedra\/archimedes\/pt-br\/<\/a><\/p>\n<figure><a href=\"https:\/\/doi.org\/10.5281\/zenodo.8272770\" target=\"_blank\" rel=\"noopener\"><img decoding=\"async\" style=\"margin: 5px 0 10px 0\" src=\"https:\/\/zenodo.org\/badge\/DOI\/10.5281\/zenodo.8272770.svg\" alt=\"DOI\"><\/a><\/figure><p style=\"text-align: center\"><\/p>\n<hr>\n<h3>Poliedros de Plat\u00e3o<\/h3>\n<p><b>Poliedros modelados para visualiza\u00e7\u00e3o em RA e RV.<\/b><br>A publica\u00e7\u00e3o inclui as descri\u00e7\u00f5es dos s\u00f3lidos, modelagem para manipula\u00e7\u00e3o de cada poliedro em 3D e uma sala imersiva com os poliedros.<\/p>\n<figure><img decoding=\"async\" style=\"width: 75%\" src=\"https:\/\/paulohscwb.github.io\/polyhedra\/platonic\/ar\/example1.jpg\"><\/figure><p style=\"margin-top: 10px\" align=\"center\"><\/p>\n<p style=\"margin-top: 10px\" align=\"center\"><img decoding=\"async\" style=\"width: 75%\" src=\"https:\/\/paulohscwb.github.io\/polyhedra\/platonic\/ar\/platonic.gif\"><\/p><p style=\"margin-top: 10px\" align=\"center\"><\/p>\n<p style=\"margin-top: 10px\" align=\"center\"><img decoding=\"async\" style=\"width: 40%\" src=\"https:\/\/paulohscwb.github.io\/polyhedra\/platonic\/vr\/salas\/videos\/platao.gif\"><\/p><p style=\"margin-top: 10px\" align=\"center\"><\/p>\n<p><b>Endere\u00e7o com os conte\u00fados em Realidade Aumentada e Realidade Virtual:<\/b><\/p>\n<p style=\"text-align: center\"><a href=\"https:\/\/paulohscwb.github.io\/polyhedra\/platonic\/pt-br\/\" target=\"_blank\" rel=\"noopener\">https:\/\/paulohscwb.github.io\/polyhedra\/platonic\/pt-br\/<\/a><\/p>\n<figure><a href=\"https:\/\/doi.org\/10.5281\/zenodo.8272770\" target=\"_blank\" rel=\"noopener\"><img decoding=\"async\" style=\"margin: 5px 0 10px 0\" src=\"https:\/\/zenodo.org\/badge\/DOI\/10.5281\/zenodo.8272770.svg\" alt=\"DOI\"><\/a><\/figure><p style=\"text-align: center\"><\/p>\n<hr>\n<h3>Poliedros de Catalan<\/h3>\n<p><b>Poliedros modelados para visualiza\u00e7\u00e3o em RA e RV.<\/b><br>A publica\u00e7\u00e3o inclui as descri\u00e7\u00f5es dos s\u00f3lidos, modelagem para manipula\u00e7\u00e3o de cada poliedro em 3D e uma sala imersiva com os poliedros.<\/p>\n<figure><img decoding=\"async\" style=\"width: 75%\" src=\"https:\/\/paulohscwb.github.io\/polyhedra\/catalan\/ar\/example2.jpg\"><\/figure><p style=\"margin-top: 10px\" align=\"center\"><\/p>\n<p style=\"margin-top: 10px\" align=\"center\"><img decoding=\"async\" style=\"width: 75%\" src=\"https:\/\/paulohscwb.github.io\/polyhedra\/catalan\/ar\/catalan.gif\"><\/p><p style=\"margin-top: 10px\" align=\"center\"><\/p>\n<p style=\"margin-top: 10px\" align=\"center\"><img decoding=\"async\" style=\"width: 40%\" src=\"https:\/\/paulohscwb.github.io\/polyhedra\/catalan\/vr\/salas\/videos\/catalan.gif\"><\/p><p style=\"margin-top: 10px\" align=\"center\"><\/p>\n<p style=\"text-align: center\"><a href=\"https:\/\/paulohscwb.github.io\/polyhedra\/catalan\/pt-br\/\" target=\"_blank\" rel=\"noopener\">https:\/\/paulohscwb.github.io\/polyhedra\/catalan\/pt-br\/<\/a><\/p>\n<figure><a href=\"https:\/\/doi.org\/10.5281\/zenodo.8272770\" target=\"_blank\" rel=\"noopener\"><img decoding=\"async\" style=\"margin: 5px 0 10px 0\" src=\"https:\/\/zenodo.org\/badge\/DOI\/10.5281\/zenodo.8272770.svg\" alt=\"DOI\"><\/a><\/figure><p style=\"text-align: center\"><\/p>\n<hr>\n<h3>Poliedros n\u00e3o convexos<\/h3>\n<p><b>Poliedros modelados para visualiza\u00e7\u00e3o em RA e RV.<\/b><br>A publica\u00e7\u00e3o inclui as descri\u00e7\u00f5es dos s\u00f3lidos, modelagem para manipula\u00e7\u00e3o de cada poliedro em 3D e duas salas imersivas com os poliedros.<\/p>\n<figure><img decoding=\"async\" style=\"width: 75%\" src=\"https:\/\/paulohscwb.github.io\/polyhedra\/nonconvex\/ar\/example3.jpg\"><\/figure><p style=\"margin-top: 10px\" align=\"center\"><\/p>\n<p style=\"margin-top: 10px\" align=\"center\"><img decoding=\"async\" style=\"width: 75%\" src=\"https:\/\/paulohscwb.github.io\/polyhedra\/nonconvex\/ar\/nonconvex.gif\"><\/p><p style=\"margin-top: 10px\" align=\"center\"><\/p>\n<p style=\"margin-top: 10px\" align=\"center\"><img decoding=\"async\" style=\"width: 40%;margin-right: 2%\" src=\"https:\/\/paulohscwb.github.io\/polyhedra\/nonconvex\/vr\/salas\/videos\/nonconvex1.gif\"><img decoding=\"async\" style=\"width: 40%\" src=\"https:\/\/paulohscwb.github.io\/polyhedra\/nonconvex\/vr\/salas\/videos\/nonconvex2.gif\"><\/p>\n<p style=\"margin-top: 10px\" align=\"center\"><\/p>\n<p style=\"text-align: center\"><a href=\"https:\/\/paulohscwb.github.io\/polyhedra\/nonconvex\/pt-br\/\" target=\"_blank\" rel=\"noopener\">https:\/\/paulohscwb.github.io\/polyhedra\/nonconvex\/pt-br\/<\/a><\/p>\n<figure><a href=\"https:\/\/doi.org\/10.5281\/zenodo.8272770\" target=\"_blank\" rel=\"noopener\"><img decoding=\"async\" style=\"margin: 5px 0 10px 0\" src=\"https:\/\/zenodo.org\/badge\/DOI\/10.5281\/zenodo.8272770.svg\" alt=\"DOI\"><\/a><\/figure><p style=\"text-align: center\"><\/p>\n<hr>\n<h3>Pir\u00e2mides, tetraedros, prismas e antiprismas<\/h3>\n<p><b>Poliedros modelados para visualiza\u00e7\u00e3o em RA e RV.<\/b><br>A publica\u00e7\u00e3o inclui as descri\u00e7\u00f5es dos s\u00f3lidos, modelagem para manipula\u00e7\u00e3o de cada poliedro em 3D e duas salas imersivas com os poliedros.<\/p>\n<figure><img decoding=\"async\" style=\"width: 75%\" src=\"https:\/\/paulohscwb.github.io\/polyhedra\/polyhedron\/ar\/example5.jpg\"><\/figure><p style=\"margin-top: 10px\" align=\"center\"><\/p>\n<p style=\"margin-top: 10px\" align=\"center\"><img decoding=\"async\" style=\"width: 75%\" src=\"https:\/\/paulohscwb.github.io\/polyhedra\/polyhedron\/ar\/polyhedron.gif\"><\/p><p style=\"margin-top: 10px\" align=\"center\"><\/p>\n<p style=\"margin-top: 10px\" align=\"center\"><img decoding=\"async\" style=\"width: 40%;margin-right: 2%\" src=\"https:\/\/paulohscwb.github.io\/polyhedra\/polyhedron\/vr\/salas\/videos\/polyhedron1.gif\"><img decoding=\"async\" style=\"width: 40%\" src=\"https:\/\/paulohscwb.github.io\/polyhedra\/polyhedron\/vr\/salas\/videos\/polyhedron2.gif\"><\/p>\n<p style=\"margin-top: 10px\" align=\"center\"><\/p>\n<p style=\"text-align: center\"><a href=\"https:\/\/paulohscwb.github.io\/polyhedra\/polyhedron\/pt-br\/\" target=\"_blank\" rel=\"noopener\">https:\/\/paulohscwb.github.io\/polyhedra\/polyhedron\/pt-br\/<\/a><\/p>\n<figure><a href=\"https:\/\/doi.org\/10.5281\/zenodo.8272770\" target=\"_blank\" rel=\"noopener\"><img decoding=\"async\" style=\"margin: 5px 0 10px 0\" src=\"https:\/\/zenodo.org\/badge\/DOI\/10.5281\/zenodo.8272770.svg\" alt=\"DOI\"><\/a><\/figure><p style=\"text-align: center\"><\/p>\n<hr>\n<h3>Poliedros de auto-interse\u00e7\u00e3o<\/h3>\n<p><b>Poliedros modelados para visualiza\u00e7\u00e3o em RA e RV.<\/b><br>A publica\u00e7\u00e3o inclui as descri\u00e7\u00f5es dos s\u00f3lidos, modelagem para manipula\u00e7\u00e3o de cada poliedro em 3D e tr\u00eas salas imersivas com os poliedros.<\/p>\n<figure><img decoding=\"async\" style=\"width: 75%\" src=\"https:\/\/paulohscwb.github.io\/polyhedra\/selfintersect\/ar\/example4.jpg\"><\/figure><p style=\"margin-top: 10px\" align=\"center\"><\/p>\n<p style=\"margin-top: 10px\" align=\"center\"><img decoding=\"async\" style=\"width: 75%\" src=\"https:\/\/paulohscwb.github.io\/polyhedra\/selfintersect\/ar\/selfintersect.gif\"><\/p><p style=\"margin-top: 10px\" align=\"center\"><\/p>\n<p style=\"margin-top: 10px\" align=\"center\"><img decoding=\"async\" style=\"width: 32%;margin-right: 1.5%\" src=\"https:\/\/paulohscwb.github.io\/polyhedra\/selfintersect\/vr\/salas\/videos\/selfintersect1.gif\"><img decoding=\"async\" style=\"width: 32%;margin-right: 1.5%\" src=\"https:\/\/paulohscwb.github.io\/polyhedra\/selfintersect\/vr\/salas\/videos\/selfintersect2.gif\"><img decoding=\"async\" style=\"width: 32%\" src=\"https:\/\/paulohscwb.github.io\/polyhedra\/selfintersect\/vr\/salas\/videos\/selfintersect3.gif\"><\/p>\n<p style=\"margin-top: 10px\" align=\"center\"><\/p>\n<p style=\"text-align: center\"><a href=\"https:\/\/paulohscwb.github.io\/polyhedra\/selfintersect\/pt-br\/\" target=\"_blank\" rel=\"noopener\">https:\/\/paulohscwb.github.io\/polyhedra\/selfintersect\/pt-br\/<\/a><\/p>\n<figure><a href=\"https:\/\/doi.org\/10.5281\/zenodo.8272770\" target=\"_blank\" rel=\"noopener\"><img decoding=\"async\" style=\"margin: 5px 0 10px 0\" src=\"https:\/\/zenodo.org\/badge\/DOI\/10.5281\/zenodo.8272770.svg\" alt=\"DOI\"><\/a><\/figure><p style=\"text-align: center\"><\/p>\n<hr>\n<h3>Poliedros quase regulares<\/h3>\n<p><b>Poliedros modelados para visualiza\u00e7\u00e3o em RA e RV.<\/b><br>A publica\u00e7\u00e3o inclui as descri\u00e7\u00f5es dos s\u00f3lidos, modelagem para manipula\u00e7\u00e3o de cada poliedro em 3D e uma sala imersiva com os poliedros.<\/p>\n<figure><img decoding=\"async\" style=\"width: 75%\" src=\"https:\/\/paulohscwb.github.io\/polyhedra\/quasiregular\/ar\/example6.jpg\"><\/figure><p style=\"margin-top: 10px\" align=\"center\"><\/p>\n<p style=\"margin-top: 10px\" align=\"center\"><img decoding=\"async\" style=\"width: 75%\" src=\"https:\/\/paulohscwb.github.io\/polyhedra\/quasiregular\/ar\/quasiregular.gif\"><\/p><p style=\"margin-top: 10px\" align=\"center\"><\/p>\n<p style=\"margin-top: 10px\" align=\"center\"><img decoding=\"async\" style=\"width: 40%\" src=\"https:\/\/paulohscwb.github.io\/geometria-descritiva\/videos\/quasiregular.gif\"><\/p>\n<p style=\"margin-top: 10px\" align=\"center\"><\/p>\n<p style=\"text-align: center\"><a href=\"https:\/\/paulohscwb.github.io\/polyhedra\/quasiregular\/pt-br\/\" target=\"_blank\" rel=\"noopener\">https:\/\/paulohscwb.github.io\/polyhedra\/quasiregular\/pt-br\/<\/a><\/p>\n<figure><a href=\"https:\/\/doi.org\/10.5281\/zenodo.8272770\" target=\"_blank\" rel=\"noopener\"><img decoding=\"async\" style=\"margin: 5px 0 10px 0\" src=\"https:\/\/zenodo.org\/badge\/DOI\/10.5281\/zenodo.8272770.svg\" alt=\"DOI\"><\/a><\/figure><p style=\"text-align: center\"><\/p>\n<hr>\n<h3>Poliedros truncados de auto-interse\u00e7\u00e3o<\/h3>\n<p><b>Poliedros modelados para visualiza\u00e7\u00e3o em RA e RV.<\/b><br>A publica\u00e7\u00e3o inclui as descri\u00e7\u00f5es dos s\u00f3lidos, modelagem para manipula\u00e7\u00e3o de cada poliedro em 3D e duas salas imersivas com os poliedros.<\/p>\n<figure><img decoding=\"async\" style=\"width: 75%\" src=\"https:\/\/paulohscwb.github.io\/polyhedra\/selfintersecttruncated\/ar\/example7.jpg\"><\/figure><p style=\"margin-top: 10px\" align=\"center\"><\/p>\n<p style=\"margin-top: 10px\" align=\"center\"><img decoding=\"async\" style=\"width: 75%\" src=\"https:\/\/paulohscwb.github.io\/polyhedra\/selfintersecttruncated\/ar\/selfintersecttruncated.gif\"><\/p><p style=\"margin-top: 10px\" align=\"center\"><\/p>\n<p style=\"margin-top: 10px\" align=\"center\"><img decoding=\"async\" style=\"width: 40%;margin-right: 2%\" src=\"https:\/\/paulohscwb.github.io\/geometria-descritiva\/videos\/selfintersecttruncated1.gif\"><img decoding=\"async\" style=\"width: 40%\" src=\"https:\/\/paulohscwb.github.io\/geometria-descritiva\/videos\/selfintersecttruncated2.gif\"><\/p>\n<p style=\"margin-top: 10px\" align=\"center\"><\/p>\n<p style=\"text-align: center\"><a href=\"https:\/\/paulohscwb.github.io\/polyhedra\/selfintersecttruncated\/pt-br\/\" target=\"_blank\" rel=\"noopener\">https:\/\/paulohscwb.github.io\/polyhedra\/selfintersecttruncated\/pt-br\/<\/a><\/p>\n<figure><a href=\"https:\/\/doi.org\/10.5281\/zenodo.8272770\" target=\"_blank\" rel=\"noopener\"><img decoding=\"async\" style=\"margin: 5px 0 10px 0\" src=\"https:\/\/zenodo.org\/badge\/DOI\/10.5281\/zenodo.8272770.svg\" alt=\"DOI\"><\/a><\/figure><p style=\"text-align: center\"><\/p>\n<hr>\n<h3>Poliedros truncados de auto-interse\u00e7\u00e3o snubficados<\/h3>\n<p><b>Poliedros modelados para visualiza\u00e7\u00e3o em RA e RV.<\/b><br>A publica\u00e7\u00e3o inclui as descri\u00e7\u00f5es dos s\u00f3lidos, modelagem para manipula\u00e7\u00e3o de cada poliedro em 3D e duas salas imersivas com os poliedros.<\/p>\n<figure><img decoding=\"async\" style=\"width: 75%\" src=\"https:\/\/paulohscwb.github.io\/polyhedra\/selfintersectsnub\/ar\/example8.jpg\"><\/figure><p style=\"margin-top: 10px\" align=\"center\"><\/p>\n<p style=\"margin-top: 10px\" align=\"center\"><img decoding=\"async\" style=\"width: 75%\" src=\"https:\/\/paulohscwb.github.io\/polyhedra\/selfintersectsnub\/ar\/selfintersectsnub.gif\"><\/p><p style=\"margin-top: 10px\" align=\"center\"><\/p>\n<p style=\"margin-top: 10px\" align=\"center\"><img decoding=\"async\" style=\"width: 40%;margin-right: 2%\" src=\"https:\/\/paulohscwb.github.io\/geometria-descritiva\/videos\/selfintersectsnub1.gif\"><img decoding=\"async\" style=\"width: 40%\" src=\"https:\/\/paulohscwb.github.io\/geometria-descritiva\/videos\/selfintersectsnub2.gif\"><\/p>\n<p style=\"margin-top: 10px\" align=\"center\"><\/p>\n<p style=\"text-align: center\"><a href=\"https:\/\/paulohscwb.github.io\/polyhedra\/selfintersectsnub\/pt-br\/\" target=\"_blank\" rel=\"noopener\">https:\/\/paulohscwb.github.io\/polyhedra\/selfintersectsnub\/pt-br\/<\/a><\/p>\n<figure><a href=\"https:\/\/doi.org\/10.5281\/zenodo.8272770\" target=\"_blank\" rel=\"noopener\"><img decoding=\"async\" style=\"margin: 5px 0 10px 0\" src=\"https:\/\/zenodo.org\/badge\/DOI\/10.5281\/zenodo.8272770.svg\" alt=\"DOI\"><\/a><\/figure><p style=\"text-align: center\"><\/p>\n<hr>\n<h3>S\u00f3lidos de Johnson &#8211; parte 1: J<sub>1<\/sub> &#8211; J<sub>32<\/sub><\/h3>\n<p><b>Poliedros modelados para visualiza\u00e7\u00e3o em RA e RV.<\/b><br>A publica\u00e7\u00e3o inclui as descri\u00e7\u00f5es dos s\u00f3lidos, modelagem para manipula\u00e7\u00e3o de cada poliedro em 3D e tr\u00eas salas imersivas com os poliedros.<\/p>\n<figure><img decoding=\"async\" style=\"width: 75%\" src=\"https:\/\/paulohscwb.github.io\/polyhedra\/johnson1\/ar\/example9.jpg\"><\/figure><p style=\"margin-top: 10px\" align=\"center\"><\/p>\n<p style=\"margin-top: 10px\" align=\"center\"><img decoding=\"async\" style=\"width: 75%\" src=\"https:\/\/paulohscwb.github.io\/polyhedra\/johnson1\/ar\/johnson1.gif\"><\/p><p style=\"margin-top: 10px\" align=\"center\"><\/p>\n<p style=\"margin-top: 10px\" align=\"center\"><img decoding=\"async\" style=\"width: 32%;margin-right: 1.5%\" src=\"https:\/\/paulohscwb.github.io\/geometria-descritiva\/videos\/johnson1a.gif\"><img decoding=\"async\" style=\"width: 32%;margin-right: 1.5%\" src=\"https:\/\/paulohscwb.github.io\/geometria-descritiva\/videos\/johnson1b.gif\"><img decoding=\"async\" style=\"width: 32%\" src=\"https:\/\/paulohscwb.github.io\/geometria-descritiva\/videos\/johnson1c.gif\"><\/p>\n<p style=\"margin-top: 10px\" align=\"center\"><\/p>\n<p style=\"text-align: center\"><a href=\"https:\/\/paulohscwb.github.io\/polyhedra\/johnson1\/pt-br\/\" target=\"_blank\" rel=\"noopener\">https:\/\/paulohscwb.github.io\/polyhedra\/johnson1\/pt-br\/<\/a><\/p>\n<figure><a href=\"https:\/\/doi.org\/10.5281\/zenodo.8272770\" target=\"_blank\" rel=\"noopener\"><img decoding=\"async\" style=\"margin: 5px 0 10px 0\" src=\"https:\/\/zenodo.org\/badge\/DOI\/10.5281\/zenodo.8272770.svg\" alt=\"DOI\"><\/a><\/figure><p style=\"text-align: center\"><\/p>\n<hr>\n<h3>S\u00f3lidos de Johnson &#8211; parte 2: J<sub>33<\/sub> &#8211; J<sub>62<\/sub><\/h3>\n<p><b>Poliedros modelados para visualiza\u00e7\u00e3o em RA e RV.<\/b><br>A publica\u00e7\u00e3o inclui as descri\u00e7\u00f5es dos s\u00f3lidos, modelagem para manipula\u00e7\u00e3o de cada poliedro em 3D e tr\u00eas salas imersivas com os poliedros.<\/p>\n<figure><img decoding=\"async\" style=\"width: 75%\" src=\"https:\/\/paulohscwb.github.io\/polyhedra\/johnson2\/ar\/example9.jpg\"><\/figure><p style=\"margin-top: 10px\" align=\"center\"><\/p>\n<p style=\"margin-top: 10px\" align=\"center\"><img decoding=\"async\" style=\"width: 75%\" src=\"https:\/\/paulohscwb.github.io\/polyhedra\/johnson2\/ar\/johnson2.gif\"><\/p><p style=\"margin-top: 10px\" align=\"center\"><\/p>\n<p style=\"margin-top: 10px\" align=\"center\"><img decoding=\"async\" style=\"width: 32%;margin-right: 1.5%\" src=\"https:\/\/paulohscwb.github.io\/geometria-descritiva\/videos\/johnson2a.gif\"><img decoding=\"async\" style=\"width: 32%;margin-right: 1.5%\" src=\"https:\/\/paulohscwb.github.io\/geometria-descritiva\/videos\/johnson2b.gif\"><img decoding=\"async\" style=\"width: 32%\" src=\"https:\/\/paulohscwb.github.io\/geometria-descritiva\/videos\/johnson2c.gif\"><\/p>\n<p style=\"margin-top: 10px\" align=\"center\"><\/p>\n<p style=\"text-align: center\"><a href=\"https:\/\/paulohscwb.github.io\/polyhedra\/johnson2\/pt-br\/\" target=\"_blank\" rel=\"noopener\">https:\/\/paulohscwb.github.io\/polyhedra\/johnson2\/pt-br\/<\/a><\/p>\n<figure><a href=\"https:\/\/doi.org\/10.5281\/zenodo.8272770\" target=\"_blank\" rel=\"noopener\"><img decoding=\"async\" style=\"margin: 5px 0 10px 0\" src=\"https:\/\/zenodo.org\/badge\/DOI\/10.5281\/zenodo.8272770.svg\" alt=\"DOI\"><\/a><\/figure><p style=\"text-align: center\"><\/p>\n<hr>\n<h3>S\u00f3lidos de Johnson &#8211; parte 3: J<sub>63<\/sub> &#8211; J<sub>92<\/sub><\/h3>\n<p><b>Poliedros modelados para visualiza\u00e7\u00e3o em RA e RV.<\/b><br>A publica\u00e7\u00e3o inclui as descri\u00e7\u00f5es dos s\u00f3lidos, modelagem para manipula\u00e7\u00e3o de cada poliedro em 3D e tr\u00eas salas imersivas com os poliedros (em constru\u00e7\u00e3o).<\/p>\n<figure><img decoding=\"async\" style=\"width: 75%\" src=\"https:\/\/paulohscwb.github.io\/polyhedra\/johnson3\/ar\/example9.jpg\"><\/figure><p style=\"margin-top: 10px\" align=\"center\"><\/p>\n<p style=\"margin-top: 10px\" align=\"center\"><img decoding=\"async\" style=\"width: 75%\" src=\"https:\/\/paulohscwb.github.io\/polyhedra\/johnson3\/ar\/johnson3.gif\"><\/p><p style=\"margin-top: 10px\" align=\"center\"><\/p>\n<p style=\"text-align: center\"><a href=\"https:\/\/paulohscwb.github.io\/polyhedra\/johnson3\/pt-br\/\" target=\"_blank\" rel=\"noopener\">https:\/\/paulohscwb.github.io\/polyhedra\/johnson3\/pt-br\/<\/a><\/p>\n<figure><a href=\"https:\/\/doi.org\/10.5281\/zenodo.8272770\" target=\"_blank\" rel=\"noopener\"><img decoding=\"async\" style=\"margin: 5px 0 10px 0\" src=\"https:\/\/zenodo.org\/badge\/DOI\/10.5281\/zenodo.8272770.svg\" alt=\"DOI\"><\/a><\/figure><p style=\"text-align: center\"><\/p>\n<hr>\n<h3>Poliedros de estrela\u00e7\u00e3o ao infinito<\/h3>\n<p><b>Poliedros modelados para visualiza\u00e7\u00e3o em RA e RV.<\/b><br>A publica\u00e7\u00e3o inclui as descri\u00e7\u00f5es dos s\u00f3lidos, modelagem para manipula\u00e7\u00e3o de cada poliedro em 3D e uma sala imersiva com os poliedros.<\/p>\n<figure><img decoding=\"async\" style=\"width: 75%\" src=\"https:\/\/paulohscwb.github.io\/polyhedra\/infinity\/ar\/example.jpg\"><\/figure><p style=\"margin-top: 10px\" align=\"center\"><\/p>\n<figure><img decoding=\"async\" style=\"width: 75%\" src=\"https:\/\/paulohscwb.github.io\/polyhedra\/infinity\/ar\/infinity.gif\"><\/figure><p style=\"margin-top: 10px\" align=\"center\"><\/p>\n<figure><img decoding=\"async\" style=\"width: 40%\" src=\"https:\/\/paulohscwb.github.io\/geometria-descritiva\/videos\/infinity.gif\"><\/figure><p style=\"margin-top: 10px\" align=\"center\"><\/p>\n<p style=\"text-align: center\"><a href=\"https:\/\/paulohscwb.github.io\/polyhedra\/infinity\/pt-br\/\" target=\"_blank\" rel=\"noopener\">https:\/\/paulohscwb.github.io\/polyhedra\/infinity\/pt-br\/<\/a><\/p>\n<figure><a href=\"https:\/\/doi.org\/10.5281\/zenodo.8272770\" target=\"_blank\" rel=\"noopener\"><img decoding=\"async\" style=\"margin: 5px 0 10px 0\" src=\"https:\/\/zenodo.org\/badge\/DOI\/10.5281\/zenodo.8272770.svg\" alt=\"DOI\"><\/a><\/figure><p style=\"text-align: center\"><\/p>\n<hr>\n<h3>Sistema Solar<\/h3>\n<p><b>Objetos programados:<\/b><br>&#8211; maquete com os planetas Sistema Solar;<br>&#8211; maquete do Sistema Solar com os planetas an\u00f5es;<br>&#8211; maquetes de cada planeta.<\/p>\n<figure><img decoding=\"async\" style=\"width: 75%\" src=\"https:\/\/exatas.ufpr.br\/degraf_paulo\/wp-content\/uploads\/sites\/4\/2019\/07\/example3.jpg\"><\/figure><p align=\"center\"><\/p>\n<p><b>Endere\u00e7o com os conte\u00fados em Realidade Aumentada e Realidade Virtual:<\/b><\/p>\n<p style=\"text-align: center\"><a href=\"https:\/\/paulohscwb.github.io\/solar-system\/pt-br\/\" target=\"_blank\" rel=\"noopener\">https:\/\/paulohscwb.github.io\/solar-system\/pr-br\/<\/a><\/p>\n<figure><a href=\"https:\/\/zenodo.org\/badge\/latestdoi\/195099763\" target=\"_blank\" rel=\"noopener\"><img decoding=\"async\" style=\"margin: 5px 0 10px 0\" src=\"https:\/\/zenodo.org\/badge\/195099763.svg\" alt=\"DOI\"><\/a><\/figure><p style=\"text-align: center\"><\/p>\n<\/div>\n","protected":false},"excerpt":{"rendered":"<p>Nos projetos mostrados nesta p\u00e1gina, s\u00e3o criados ambiente web para visualiza\u00e7\u00f5es de propriedades geom\u00e9tricas de proje\u00e7\u00f5es, representa\u00e7\u00f5es de s\u00f3lidos, proje\u00e7\u00f5es de telhados, aplica\u00e7\u00f5es em Superf\u00edcies Topogr\u00e1ficas, Sistema Solar e maquetes. As tecnologias de Realidade Aumentada e Realidade Virtual s\u00e3o usadas&hellip; <\/p>\n","protected":false},"author":3986,"featured_media":0,"parent":0,"menu_order":0,"comment_status":"closed","ping_status":"closed","template":"","meta":{"footnotes":""},"class_list":["post-3379","page","type-page","status-publish","hentry"],"_links":{"self":[{"href":"https:\/\/exatas.ufpr.br\/degraf_paulo\/wp-json\/wp\/v2\/pages\/3379","targetHints":{"allow":["GET"]}}],"collection":[{"href":"https:\/\/exatas.ufpr.br\/degraf_paulo\/wp-json\/wp\/v2\/pages"}],"about":[{"href":"https:\/\/exatas.ufpr.br\/degraf_paulo\/wp-json\/wp\/v2\/types\/page"}],"author":[{"embeddable":true,"href":"https:\/\/exatas.ufpr.br\/degraf_paulo\/wp-json\/wp\/v2\/users\/3986"}],"replies":[{"embeddable":true,"href":"https:\/\/exatas.ufpr.br\/degraf_paulo\/wp-json\/wp\/v2\/comments?post=3379"}],"version-history":[{"count":77,"href":"https:\/\/exatas.ufpr.br\/degraf_paulo\/wp-json\/wp\/v2\/pages\/3379\/revisions"}],"predecessor-version":[{"id":4010,"href":"https:\/\/exatas.ufpr.br\/degraf_paulo\/wp-json\/wp\/v2\/pages\/3379\/revisions\/4010"}],"wp:attachment":[{"href":"https:\/\/exatas.ufpr.br\/degraf_paulo\/wp-json\/wp\/v2\/media?parent=3379"}],"curies":[{"name":"wp","href":"https:\/\/api.w.org\/{rel}","templated":true}]}}