{"id":19,"date":"2014-09-14T23:31:09","date_gmt":"2014-09-15T02:31:09","guid":{"rendered":"https:\/\/exatas.ufpr.br\/degraf_paulo\/?page_id=19"},"modified":"2024-02-19T12:42:10","modified_gmt":"2024-02-19T15:42:10","slug":"disciplinas","status":"publish","type":"page","link":"https:\/\/exatas.ufpr.br\/degraf_paulo\/disciplinas\/","title":{"rendered":"Disciplinas"},"content":{"rendered":"\n<pre class=\"wp-block-code\"><code><div class=\"conteudo\"><h5>&#x1f4cf; Express\u00e3o Gr\u00e1fica I<\/h5><p><em><span class=\"post\">&#x1f4d0; cursos de\u00a0Engenharia Civil e Engenharia Ambiental<\/span><\/em><\/p><p>Materiais da disciplina:<\/p><div class=\"conteudo1\">P\u00e1gina com constru\u00e7\u00f5es geom\u00e9tricas e Visualiza\u00e7\u00f5es dos objetos 3D em Realidade Virtual e Realidade Aumentada:\n<a href=\"https:\/\/paulohscwb.github.io\/cotadas\/\" target=\"_blank\" rel=\"noopener\">https:\/\/paulohscwb.github.io\/cotadas\/<\/a>\n<a href=\"https:\/\/zenodo.org\/badge\/latestdoi\/196281421\" target=\"_blank\" rel=\"noopener\"><img decoding=\"async\" style=\"margin: 5px 0 5px 0\" src=\"https:\/\/zenodo.org\/badge\/196281421.svg\" alt=\"DOI\"><\/a><\/div><div class=\"not4\"><a href=\"https:\/\/paulohscwb.github.io\/cotadas\/vr\/Cotadas_2020.pdf\" target=\"_blank\" rel=\"noopener\">&#x1f4e5; Apostila<\/a><\/div><\/div><\/code><\/pre>\n\n\n\n<pre class=\"wp-block-code\"><code><div class=\"conteudo\"><h5>&#x1f4cf; Geometria Descritiva<\/h5><p><em><span class=\"post\">&#x1f4d0; cursos de Engenharia Qu\u00edmica e Engenharia de Produ\u00e7\u00e3o<\/span><\/em><\/p><p>Materiais da disciplina:<\/p><div class=\"conteudo1\">P\u00e1gina com constru\u00e7\u00f5es geom\u00e9tricas e Visualiza\u00e7\u00f5es dos objetos 3D em Realidade Virtual e Realidade Aumentada:\n<a href=\"https:\/\/paulohscwb.github.io\/geometria-descritiva\/\" target=\"_blank\" rel=\"noopener\">https:\/\/paulohscwb.github.io\/geometria-descritiva\/<\/a>\n<a href=\"https:\/\/zenodo.org\/badge\/latestdoi\/388653587\" target=\"_blank\" rel=\"noopener\"><img decoding=\"async\" style=\"margin: 5px 0 5px 0\" src=\"https:\/\/zenodo.org\/badge\/388653587.svg\" alt=\"DOI\"><\/a><\/div><div class=\"not4\"><a href=\"https:\/\/paulohscwb.github.io\/geometria-descritiva\/vr\/Apost_GD_2021.pdf\" target=\"_blank\" rel=\"noopener\">&#x1f4e5; Apostila<\/a><\/div><\/div><\/code><\/pre>\n\n\n\n<pre class=\"wp-block-code\"><code><div class=\"conteudo\"><h5>&#x1f4cf; Desenho Geom\u00e9trico II<\/h5><p><em><span class=\"post\">&#x1f4d0; curso de Matem\u00e1tica e Express\u00e3o Gr\u00e1fica<\/span><\/em><\/p><p>Materiais da disciplina:<\/p><div class=\"conteudo1\">P\u00e1gina com as constru\u00e7\u00f5es e demonstra\u00e7\u00f5es de propriedades geom\u00e9tricas propostas na disciplina:\n<a href=\"https:\/\/paulohscwb.github.io\/desenho-geometrico2\/\" target=\"_blank\" rel=\"noopener\">https:\/\/paulohscwb.github.io\/desenho-geometrico2\/<\/a>\n<a href=\"https:\/\/zenodo.org\/badge\/latestdoi\/571655270\" target=\"_blank\" rel=\"noopener\"><img decoding=\"async\" style=\"margin: 5px 0 5px 0\" src=\"https:\/\/zenodo.org\/badge\/571655270.svg\" alt=\"DOI\"><\/a><\/div><div class=\"not4\"><a href=\"https:\/\/paulohscwb.github.io\/desenho-geometrico2\/basico\/Apostila_DG2_2022.pdf\" target=\"_blank\" rel=\"noopener\">&#x1f4e5; Apostila<\/a><\/div><\/div><\/code><\/pre>\n\n\n\n<div class=\"wp-block-group\"><div class=\"wp-block-group__inner-container is-layout-constrained wp-block-group-is-layout-constrained\">\n<pre class=\"wp-block-code\"><code><div class=\"conteudo\"><h5>&#x1f4cf; Desenho Geom\u00e9trico I<\/h5><p><em><span class=\"post\">&#x1f4d0; cursos de Matem\u00e1tica e Express\u00e3o Gr\u00e1fica<\/span><\/em><\/p><p>Materiais da disciplina:<\/p><div class=\"conteudo1\">P\u00e1gina com as constru\u00e7\u00f5es e demonstra\u00e7\u00f5es de propriedades geom\u00e9tricas propostas na disciplina:\n<a href=\"https:\/\/paulohscwb.github.io\/desenho-geometrico\/\" target=\"_blank\" rel=\"noopener\">https:\/\/paulohscwb.github.io\/desenho-geometrico\/<\/a>\n<a href=\"https:\/\/zenodo.org\/badge\/latestdoi\/298910949\" target=\"_blank\" rel=\"noopener\"><img decoding=\"async\" style=\"margin: 5px 0 5px 0\" src=\"https:\/\/zenodo.org\/badge\/298910949.svg\" alt=\"DOI\"><\/a><\/div><div class=\"not4\"><a href=\"https:\/\/paulohscwb.github.io\/desenho-geometrico\/basico\/ApostilaDG_2021.pdf\" target=\"_blank\" rel=\"noopener\">&#x1f4e5; Apostila<\/a><\/div><\/div><\/code><\/pre>\n<\/div><\/div>\n\n\n\n<pre class=\"wp-block-code\"><code><div class=\"conteudo\"><h5>&#x1f4c3; Fundamentos do Webdesign I<\/h5><p><em><span class=\"post\">&#x1f4d0; curso de Express\u00e3o Gr\u00e1fica<\/span><\/em><\/p><p>Materiais da disciplina:<\/p><div class=\"conteudo1\">P\u00e1gina com c\u00f3digos de programa\u00e7\u00e3o em HTML e CSS, e atividades propostas na disciplina:\n<a href=\"https:\/\/paulohscwb.github.io\/webdesign\/\" target=\"_blank\" rel=\"noopener\">https:\/\/paulohscwb.github.io\/webdesign\/<\/a>\n<a href=\"https:\/\/zenodo.org\/badge\/latestdoi\/289264870\" target=\"_blank\" rel=\"noopener\"><img decoding=\"async\" style=\"margin: 5px 0 5px 0\" src=\"https:\/\/zenodo.org\/badge\/289264870.svg\" alt=\"DOI\"><\/a><\/div><div class=\"not4\"><a href=\"https:\/\/paulohscwb.github.io\/webdesign\/basico\/tags001.pdf\" target=\"_blank\" rel=\"noopener\">&#x1f4e5; Apostila<\/a><\/div><\/div><\/code><\/pre>\n\n\n\n<pre class=\"wp-block-code\"><code><div class=\"conteudo\"><h5>&#x1f4c3; Metaheur\u00edsticas e Aplica\u00e7\u00f5es<\/h5><p><em><span class=\"post\">&#x1f4d0; curso de P\u00f3s-gradua\u00e7\u00e3o em M\u00e9todos Num\u00e9ricos em Engenharia<\/span><\/em><\/p><p>Materiais da disciplina:<\/p><div class=\"conteudo1\">P\u00e1gina com os algoritmos e exerc\u00edcios resolvidos e aplica\u00e7\u00f5es das t\u00e9cnicas mostradas na disciplina:\n<a href=\"https:\/\/paulohscwb.github.io\/metaheuristicas\/\" target=\"_blank\" rel=\"noopener\">https:\/\/paulohscwb.github.io\/metaheuristicas\/<\/a>\n<a href=\"https:\/\/zenodo.org\/badge\/latestdoi\/325129935\" target=\"_blank\" rel=\"noopener\"><img decoding=\"async\" style=\"margin: 5px 0 5px 0\" src=\"https:\/\/zenodo.org\/badge\/325129935.svg\" alt=\"DOI\"><\/a><\/div><div class=\"not4\"><a href=\"https:\/\/paulohscwb.github.io\/metaheuristicas\/parte1\/apostila_2020.pdf\" target=\"_blank\" rel=\"noopener\">&#x1f4e5; Apostila<\/a><\/div><\/div><\/code><\/pre>\n\n\n\n<pre class=\"wp-block-code\"><code><div class=\"conteudo\"><h5>&#x1f4c3; Visualiza\u00e7\u00e3o Cient\u00edfica<\/h5><p><em><span class=\"post\">&#x1f4d0; curso de P\u00f3s-gradua\u00e7\u00e3o em M\u00e9todos Num\u00e9ricos em Engenharia<\/span><\/em><\/p><p>Materiais da disciplina:<\/p><div class=\"conteudo1\">P\u00e1gina com os algoritmos, c\u00f3digos e aplica\u00e7\u00f5es das t\u00e9cnicas de visualiza\u00e7\u00e3o de dados e objetos 3D mostradas na disciplina:\n<a href=\"https:\/\/paulohscwb.github.io\/visualizacao-cientifica\/\" target=\"_blank\" rel=\"noopener\">https:\/\/paulohscwb.github.io\/visualizacao-cientifica\/<\/a>\n<a href=\"https:\/\/zenodo.org\/badge\/latestdoi\/488179436\" target=\"_blank\" rel=\"noopener\"><img decoding=\"async\" style=\"margin: 5px 0 5px 0\" src=\"https:\/\/zenodo.org\/badge\/488179436.svg\" alt=\"DOI\"><\/a><\/div><div class=\"not4\"><a href=\"https:\/\/paulohscwb.github.io\/visualizacao-cientifica\/imagens\/apostila_2022.pdf\" target=\"_blank\" rel=\"noopener\">&#x1f4e5; Apostila<\/a><\/div><\/div><\/code><\/pre>\n","protected":false},"excerpt":{"rendered":"","protected":false},"author":1,"featured_media":0,"parent":0,"menu_order":0,"comment_status":"closed","ping_status":"closed","template":"","meta":{"footnotes":""},"class_list":["post-19","page","type-page","status-publish","hentry"],"_links":{"self":[{"href":"https:\/\/exatas.ufpr.br\/degraf_paulo\/wp-json\/wp\/v2\/pages\/19","targetHints":{"allow":["GET"]}}],"collection":[{"href":"https:\/\/exatas.ufpr.br\/degraf_paulo\/wp-json\/wp\/v2\/pages"}],"about":[{"href":"https:\/\/exatas.ufpr.br\/degraf_paulo\/wp-json\/wp\/v2\/types\/page"}],"author":[{"embeddable":true,"href":"https:\/\/exatas.ufpr.br\/degraf_paulo\/wp-json\/wp\/v2\/users\/1"}],"replies":[{"embeddable":true,"href":"https:\/\/exatas.ufpr.br\/degraf_paulo\/wp-json\/wp\/v2\/comments?post=19"}],"version-history":[{"count":647,"href":"https:\/\/exatas.ufpr.br\/degraf_paulo\/wp-json\/wp\/v2\/pages\/19\/revisions"}],"predecessor-version":[{"id":4024,"href":"https:\/\/exatas.ufpr.br\/degraf_paulo\/wp-json\/wp\/v2\/pages\/19\/revisions\/4024"}],"wp:attachment":[{"href":"https:\/\/exatas.ufpr.br\/degraf_paulo\/wp-json\/wp\/v2\/media?parent=19"}],"curies":[{"name":"wp","href":"https:\/\/api.w.org\/{rel}","templated":true}]}}