{"id":7,"date":"2015-02-24T16:12:27","date_gmt":"2015-02-24T16:12:27","guid":{"rendered":"https:\/\/exatas.ufpr.br\/degraf-marciocarboni\/?page_id=7"},"modified":"2016-07-27T20:34:29","modified_gmt":"2016-07-27T20:34:29","slug":"disciplinas","status":"publish","type":"page","link":"https:\/\/exatas.ufpr.br\/degraf_marciocarboni\/disciplinas\/","title":{"rendered":"Disciplinas"},"content":{"rendered":"<h1 class=\"entry-title\"><a href=\"https:\/\/exatas.ufpr.br\/degraf_marciocarboni\/disciplinas\/cd021-desenho-tecnico\/\">CD021 &#8211; Desenho T\u00e9cnico II<\/a><\/h1>\n<h1 class=\"entry-title\"><a href=\"https:\/\/exatas.ufpr.br\/degraf_marciocarboni\/disciplinas\/ceg211-tecnicas-de-representacoes-digitais-2d\/\">CEG211 &#8211; T\u00e9cnicas de Representa\u00e7\u00f5es Digitais 2D<\/a><\/h1>\n<h1 class=\"entry-title\"><a href=\"https:\/\/exatas.ufpr.br\/degraf_marciocarboni\/disciplinas\/ceg212-tecnicas-de-representacoes-digitais-3d\/\">CEG212 \u2013 T\u00e9cnicas de representa\u00e7\u00f5es digitais 3D<\/a><\/h1>\n<h1 class=\"entry-title\"><a href=\"https:\/\/exatas.ufpr.br\/degraf_marciocarboni\/disciplinas\/ceg218-desenho-arquitetonico-i\/\">CEG218 \u2013 Desenho arquitet\u00f4nico I<\/a><\/h1>\n<h1 class=\"entry-title\"><a href=\"https:\/\/exatas.ufpr.br\/degraf_marciocarboni\/disciplinas\/ceg219-desenho-arquitetonico-ii\/\">CEG219 \u2013 Desenho arquitet\u00f4nico II<\/a><\/h1>\n<h1 class=\"entry-title\"><a href=\"https:\/\/exatas.ufpr.br\/degraf_marciocarboni\/disciplinas\/ceg225-modelagem-3d-e-animacao-i\/\">CEG225 \u2013 Modelagem 3D e Anima\u00e7\u00e3o I<\/a><\/h1>\n<h1 class=\"entry-title\"><a href=\"https:\/\/exatas.ufpr.br\/degraf_marciocarboni\/disciplinas\/ceg226-modelagem-3d-e-animacao-ii\/\">CEG226 \u2013 Modelagem 3D e Anima\u00e7\u00e3o II<\/a><\/h1>\n<h1 class=\"entry-title\"><a href=\"https:\/\/exatas.ufpr.br\/degraf_marciocarboni\/disciplinas\/ceg228-prototipagem-i\/\">CEG228 \u2013 Prototipagem I<\/a><\/h1>\n","protected":false},"excerpt":{"rendered":"<p>CD021 &#8211; Desenho T\u00e9cnico II CEG211 &#8211; T\u00e9cnicas de Representa\u00e7\u00f5es Digitais 2D CEG212 \u2013 T\u00e9cnicas de representa\u00e7\u00f5es digitais 3D CEG218 \u2013 Desenho arquitet\u00f4nico I CEG219 \u2013 Desenho arquitet\u00f4nico II CEG225 \u2013 Modelagem 3D e Anima\u00e7\u00e3o I CEG226 \u2013 Modelagem 3D&hellip; <\/p>\n","protected":false},"author":1,"featured_media":0,"parent":0,"menu_order":0,"comment_status":"closed","ping_status":"closed","template":"","meta":{"footnotes":""},"class_list":["post-7","page","type-page","status-publish","hentry"],"_links":{"self":[{"href":"https:\/\/exatas.ufpr.br\/degraf_marciocarboni\/wp-json\/wp\/v2\/pages\/7","targetHints":{"allow":["GET"]}}],"collection":[{"href":"https:\/\/exatas.ufpr.br\/degraf_marciocarboni\/wp-json\/wp\/v2\/pages"}],"about":[{"href":"https:\/\/exatas.ufpr.br\/degraf_marciocarboni\/wp-json\/wp\/v2\/types\/page"}],"author":[{"embeddable":true,"href":"https:\/\/exatas.ufpr.br\/degraf_marciocarboni\/wp-json\/wp\/v2\/users\/1"}],"replies":[{"embeddable":true,"href":"https:\/\/exatas.ufpr.br\/degraf_marciocarboni\/wp-json\/wp\/v2\/comments?post=7"}],"version-history":[{"count":76,"href":"https:\/\/exatas.ufpr.br\/degraf_marciocarboni\/wp-json\/wp\/v2\/pages\/7\/revisions"}],"predecessor-version":[{"id":311,"href":"https:\/\/exatas.ufpr.br\/degraf_marciocarboni\/wp-json\/wp\/v2\/pages\/7\/revisions\/311"}],"wp:attachment":[{"href":"https:\/\/exatas.ufpr.br\/degraf_marciocarboni\/wp-json\/wp\/v2\/media?parent=7"}],"curies":[{"name":"wp","href":"https:\/\/api.w.org\/{rel}","templated":true}]}}