{"id":251,"date":"2016-03-08T15:51:18","date_gmt":"2016-03-08T15:51:18","guid":{"rendered":"https:\/\/exatas.ufpr.br\/degraf_marciocarboni\/?page_id=251"},"modified":"2016-03-08T15:51:18","modified_gmt":"2016-03-08T15:51:18","slug":"apresentacao","status":"publish","type":"page","link":"https:\/\/exatas.ufpr.br\/degraf_marciocarboni\/apresentacao\/","title":{"rendered":"Apresenta\u00e7\u00e3o"},"content":{"rendered":"<h2>Bem-vindo(a) \u00e0 minha p\u00e1gina!<\/h2>\n<p>Sou Arquiteto e Urbanista formado pela UFPR (2010) e Mestre em Constru\u00e7\u00e3o Civil (2012) pela mesma institui\u00e7\u00e3o. Atualmente sou professor do <a title=\"Degraf\" href=\"https:\/\/exatas.ufpr.br\/degraf\/\" target=\"_blank\">Departamento de Express\u00e3o Gr\u00e1fica (DEGRAF)<\/a> desde 2015, j\u00e1 lecionei nos cursos de Arquitetura e Urbanismo da UFPR e PUC-PR.<\/p>\n<p>Minhas linhas de pesquisa s\u00e3o voltadas ao projeto arquitet\u00f4nico e m\u00e9todos de representa\u00e7\u00e3o digital, com particular interesse em tecnologias como o BIM (Building Information Modeling), modelagem e prototipagem digital.<\/p>\n<p>Deixe seus coment\u00e1rios, d\u00favidas e sugest\u00f5es abaixo que entrarei em contato assim que poss\u00edvel.<\/p>\n","protected":false},"excerpt":{"rendered":"<p>Bem-vindo(a) \u00e0 minha p\u00e1gina! Sou Arquiteto e Urbanista formado pela UFPR (2010) e Mestre em Constru\u00e7\u00e3o Civil (2012) pela mesma institui\u00e7\u00e3o. Atualmente sou professor do Departamento de Express\u00e3o Gr\u00e1fica (DEGRAF) desde 2015, j\u00e1 lecionei nos cursos de Arquitetura e Urbanismo&hellip; <\/p>\n","protected":false},"author":26,"featured_media":0,"parent":0,"menu_order":0,"comment_status":"open","ping_status":"open","template":"","meta":{"footnotes":""},"class_list":["post-251","page","type-page","status-publish","hentry"],"_links":{"self":[{"href":"https:\/\/exatas.ufpr.br\/degraf_marciocarboni\/wp-json\/wp\/v2\/pages\/251","targetHints":{"allow":["GET"]}}],"collection":[{"href":"https:\/\/exatas.ufpr.br\/degraf_marciocarboni\/wp-json\/wp\/v2\/pages"}],"about":[{"href":"https:\/\/exatas.ufpr.br\/degraf_marciocarboni\/wp-json\/wp\/v2\/types\/page"}],"author":[{"embeddable":true,"href":"https:\/\/exatas.ufpr.br\/degraf_marciocarboni\/wp-json\/wp\/v2\/users\/26"}],"replies":[{"embeddable":true,"href":"https:\/\/exatas.ufpr.br\/degraf_marciocarboni\/wp-json\/wp\/v2\/comments?post=251"}],"version-history":[{"count":2,"href":"https:\/\/exatas.ufpr.br\/degraf_marciocarboni\/wp-json\/wp\/v2\/pages\/251\/revisions"}],"predecessor-version":[{"id":254,"href":"https:\/\/exatas.ufpr.br\/degraf_marciocarboni\/wp-json\/wp\/v2\/pages\/251\/revisions\/254"}],"wp:attachment":[{"href":"https:\/\/exatas.ufpr.br\/degraf_marciocarboni\/wp-json\/wp\/v2\/media?parent=251"}],"curies":[{"name":"wp","href":"https:\/\/api.w.org\/{rel}","templated":true}]}}