{"id":243,"date":"2016-03-08T15:37:55","date_gmt":"2016-03-08T15:37:55","guid":{"rendered":"https:\/\/exatas.ufpr.br\/degraf_marciocarboni\/?page_id=243"},"modified":"2016-03-15T14:41:43","modified_gmt":"2016-03-15T14:41:43","slug":"monitoria-2","status":"publish","type":"page","link":"https:\/\/exatas.ufpr.br\/degraf_marciocarboni\/monitoria-2\/","title":{"rendered":"Monitoria"},"content":{"rendered":"<h2>Hor\u00e1rio dos monitores &#8211; PC08<\/h2>\n<p><strong>Segunda<\/strong> &#8211; 13h as 17h (<a href=\"https:\/\/www.facebook.com\/petersonpc\" target=\"_blank\">Peterson<\/a>)<\/p>\n<p><strong>Ter\u00e7a<\/strong> &#8211; 13h as 16h (<a href=\"https:\/\/www.facebook.com\/petersonpc\" target=\"_blank\">Peterson<\/a>)<\/p>\n<p><strong>Quarta<\/strong> &#8211; 13:30h as 17:30h (<a href=\"https:\/\/www.facebook.com\/eugenio.fossile?fref=ts\" target=\"_blank\">Eug\u00eanio<\/a>)<\/p>\n<p><strong>Quinta<\/strong> &#8211;\u00a013:30h as 17:30h (<a href=\"https:\/\/www.facebook.com\/eugenio.fossile?fref=ts\" target=\"_blank\">Eug\u00eanio<\/a>)<\/p>\n<p><strong>Sexta<\/strong> &#8211; 13h as 16:30h (<a href=\"https:\/\/www.facebook.com\/petersonpc\" target=\"_blank\">Peterson <\/a>e <a href=\"https:\/\/www.facebook.com\/eugenio.fossile?fref=ts\" target=\"_blank\">Eug\u00eanio<\/a>)<\/p>\n","protected":false},"excerpt":{"rendered":"<p>Hor\u00e1rio dos monitores &#8211; PC08 Segunda &#8211; 13h as 17h (Peterson) Ter\u00e7a &#8211; 13h as 16h (Peterson) Quarta &#8211; 13:30h as 17:30h (Eug\u00eanio) Quinta &#8211;\u00a013:30h as 17:30h (Eug\u00eanio) Sexta &#8211; 13h as 16:30h (Peterson e Eug\u00eanio)<\/p>\n","protected":false},"author":26,"featured_media":0,"parent":0,"menu_order":0,"comment_status":"closed","ping_status":"closed","template":"","meta":{"footnotes":""},"class_list":["post-243","page","type-page","status-publish","hentry"],"_links":{"self":[{"href":"https:\/\/exatas.ufpr.br\/degraf_marciocarboni\/wp-json\/wp\/v2\/pages\/243","targetHints":{"allow":["GET"]}}],"collection":[{"href":"https:\/\/exatas.ufpr.br\/degraf_marciocarboni\/wp-json\/wp\/v2\/pages"}],"about":[{"href":"https:\/\/exatas.ufpr.br\/degraf_marciocarboni\/wp-json\/wp\/v2\/types\/page"}],"author":[{"embeddable":true,"href":"https:\/\/exatas.ufpr.br\/degraf_marciocarboni\/wp-json\/wp\/v2\/users\/26"}],"replies":[{"embeddable":true,"href":"https:\/\/exatas.ufpr.br\/degraf_marciocarboni\/wp-json\/wp\/v2\/comments?post=243"}],"version-history":[{"count":4,"href":"https:\/\/exatas.ufpr.br\/degraf_marciocarboni\/wp-json\/wp\/v2\/pages\/243\/revisions"}],"predecessor-version":[{"id":261,"href":"https:\/\/exatas.ufpr.br\/degraf_marciocarboni\/wp-json\/wp\/v2\/pages\/243\/revisions\/261"}],"wp:attachment":[{"href":"https:\/\/exatas.ufpr.br\/degraf_marciocarboni\/wp-json\/wp\/v2\/media?parent=243"}],"curies":[{"name":"wp","href":"https:\/\/api.w.org\/{rel}","templated":true}]}}