{"id":149,"date":"2015-10-08T17:53:29","date_gmt":"2015-10-08T17:53:29","guid":{"rendered":"https:\/\/exatas.ufpr.br\/degraf_marciocarboni\/?page_id=149"},"modified":"2016-07-04T20:57:10","modified_gmt":"2016-07-04T20:57:10","slug":"ceg228-prototipagem-i","status":"publish","type":"page","link":"https:\/\/exatas.ufpr.br\/degraf_marciocarboni\/disciplinas\/ceg228-prototipagem-i\/","title":{"rendered":"CEG228 \u2013 Prototipagem I"},"content":{"rendered":"<ul>\n<li>Curso de Express\u00e3o Gr\u00e1fica<\/li>\n<\/ul>\n<h4><span style=\"text-decoration: underline\">Materiais da disciplina:<\/span><\/h4>\n<div class=\"not4\"><a href=\"https:\/\/exatas.ufpr.br\/degraf_marciocarboni\/wp-content\/uploads\/sites\/19\/2015\/10\/Ficha2-CEG228-.pdf\">CEG228-Plano de Aula<\/a><\/div>\n<div class=\"not4\"><a href=\"http:\/\/dspace.c3sl.ufpr.br:8080\/dspace\/handle\/1884\/41652\">Base polit\u00e9cnico &#8211; Maquete f\u00edsica<\/a><\/div>\n<div class=\"not4\"><a href=\"https:\/\/www.dropbox.com\/s\/uktib1ilb7cej6x\/base%20importada.skp?dl=0\" target=\"_blank\">Base Edif\u00edcio<\/a><\/div>\n<div class=\"not4\"><a href=\"https:\/\/www.dropbox.com\/s\/yf9yknsuetxia6c\/IMPLANTA%C3%87%C3%83O%20importada.skp?dl=0\" target=\"_blank\">Base Implanta\u00e7\u00e3o<\/a><\/div>\n<div class=\"not4\"><a href=\"https:\/\/www.dropbox.com\/s\/5r28187qk1kh3sh\/Farnsworth_00.skp?dl=0\">Farnsworth<\/a><\/div>\n","protected":false},"excerpt":{"rendered":"<p>Curso de Express\u00e3o Gr\u00e1fica Materiais da disciplina: CEG228-Plano de Aula Base polit\u00e9cnico &#8211; Maquete f\u00edsica Base Edif\u00edcio Base Implanta\u00e7\u00e3o Farnsworth<\/p>\n","protected":false},"author":26,"featured_media":0,"parent":7,"menu_order":0,"comment_status":"closed","ping_status":"closed","template":"","meta":{"footnotes":""},"class_list":["post-149","page","type-page","status-publish","hentry"],"_links":{"self":[{"href":"https:\/\/exatas.ufpr.br\/degraf_marciocarboni\/wp-json\/wp\/v2\/pages\/149","targetHints":{"allow":["GET"]}}],"collection":[{"href":"https:\/\/exatas.ufpr.br\/degraf_marciocarboni\/wp-json\/wp\/v2\/pages"}],"about":[{"href":"https:\/\/exatas.ufpr.br\/degraf_marciocarboni\/wp-json\/wp\/v2\/types\/page"}],"author":[{"embeddable":true,"href":"https:\/\/exatas.ufpr.br\/degraf_marciocarboni\/wp-json\/wp\/v2\/users\/26"}],"replies":[{"embeddable":true,"href":"https:\/\/exatas.ufpr.br\/degraf_marciocarboni\/wp-json\/wp\/v2\/comments?post=149"}],"version-history":[{"count":24,"href":"https:\/\/exatas.ufpr.br\/degraf_marciocarboni\/wp-json\/wp\/v2\/pages\/149\/revisions"}],"predecessor-version":[{"id":294,"href":"https:\/\/exatas.ufpr.br\/degraf_marciocarboni\/wp-json\/wp\/v2\/pages\/149\/revisions\/294"}],"up":[{"embeddable":true,"href":"https:\/\/exatas.ufpr.br\/degraf_marciocarboni\/wp-json\/wp\/v2\/pages\/7"}],"wp:attachment":[{"href":"https:\/\/exatas.ufpr.br\/degraf_marciocarboni\/wp-json\/wp\/v2\/media?parent=149"}],"curies":[{"name":"wp","href":"https:\/\/api.w.org\/{rel}","templated":true}]}}