{"id":143,"date":"2015-10-08T17:52:38","date_gmt":"2015-10-08T17:52:38","guid":{"rendered":"https:\/\/exatas.ufpr.br\/degraf_marciocarboni\/?page_id=143"},"modified":"2015-10-08T18:00:13","modified_gmt":"2015-10-08T18:00:13","slug":"ceg219-desenho-arquitetonico-ii","status":"publish","type":"page","link":"https:\/\/exatas.ufpr.br\/degraf_marciocarboni\/disciplinas\/ceg219-desenho-arquitetonico-ii\/","title":{"rendered":"CEG219 \u2013 Desenho arquitet\u00f4nico II"},"content":{"rendered":"<ul>\n<li>Curso de Express\u00e3o Gr\u00e1fica<\/li>\n<\/ul>\n<h4><span style=\"text-decoration: underline\">Materiais da disciplina:<\/span><\/h4>\n<div class=\"not4\"><a href=\"https:\/\/exatas.ufpr.br\/degraf_marciocarboni\/wp-content\/uploads\/sites\/19\/2015\/02\/UFPR_CEG219A-Des-Arquitet\u00f4nico-II_Calendario_2015.pdf\">CEG219-Plano de ensino e calend\u00e1rio 2015<\/a><\/div>\n<div class=\"not4\"><a href=\"https:\/\/exatas.ufpr.br\/degraf_marciocarboni\/wp-content\/uploads\/sites\/19\/2015\/02\/Dimensionamento-m\u00ednimo.pdf\">Aula dimens. m\u00edn. habita\u00e7\u00e3o<\/a><\/div>\n<div class=\"not4\"><a href=\"https:\/\/exatas.ufpr.br\/degraf_marciocarboni\/wp-content\/uploads\/sites\/19\/2015\/02\/CIRCULA\u00c7\u00d5ES-VERTICAIS.pdf\">Aula circula\u00e7\u00f5es verticais<\/a><\/div>\n<div class=\"not4\"><a href=\"https:\/\/exatas.ufpr.br\/degraf_marciocarboni\/wp-content\/uploads\/sites\/19\/2015\/02\/Criterios-de-avalia\u00e7\u00e3o-Tema-II.pdf\" target=\"_blank\">Criterios de avalia\u00e7\u00e3o Tema II<\/a><\/div>\n","protected":false},"excerpt":{"rendered":"<p>Curso de Express\u00e3o Gr\u00e1fica Materiais da disciplina: CEG219-Plano de ensino e calend\u00e1rio 2015 Aula dimens. m\u00edn. habita\u00e7\u00e3o Aula circula\u00e7\u00f5es verticais Criterios de avalia\u00e7\u00e3o Tema II<\/p>\n","protected":false},"author":26,"featured_media":0,"parent":7,"menu_order":0,"comment_status":"closed","ping_status":"closed","template":"","meta":{"footnotes":""},"class_list":["post-143","page","type-page","status-publish","hentry"],"_links":{"self":[{"href":"https:\/\/exatas.ufpr.br\/degraf_marciocarboni\/wp-json\/wp\/v2\/pages\/143","targetHints":{"allow":["GET"]}}],"collection":[{"href":"https:\/\/exatas.ufpr.br\/degraf_marciocarboni\/wp-json\/wp\/v2\/pages"}],"about":[{"href":"https:\/\/exatas.ufpr.br\/degraf_marciocarboni\/wp-json\/wp\/v2\/types\/page"}],"author":[{"embeddable":true,"href":"https:\/\/exatas.ufpr.br\/degraf_marciocarboni\/wp-json\/wp\/v2\/users\/26"}],"replies":[{"embeddable":true,"href":"https:\/\/exatas.ufpr.br\/degraf_marciocarboni\/wp-json\/wp\/v2\/comments?post=143"}],"version-history":[{"count":2,"href":"https:\/\/exatas.ufpr.br\/degraf_marciocarboni\/wp-json\/wp\/v2\/pages\/143\/revisions"}],"predecessor-version":[{"id":161,"href":"https:\/\/exatas.ufpr.br\/degraf_marciocarboni\/wp-json\/wp\/v2\/pages\/143\/revisions\/161"}],"up":[{"embeddable":true,"href":"https:\/\/exatas.ufpr.br\/degraf_marciocarboni\/wp-json\/wp\/v2\/pages\/7"}],"wp:attachment":[{"href":"https:\/\/exatas.ufpr.br\/degraf_marciocarboni\/wp-json\/wp\/v2\/media?parent=143"}],"curies":[{"name":"wp","href":"https:\/\/api.w.org\/{rel}","templated":true}]}}