{"id":139,"date":"2015-10-08T17:51:06","date_gmt":"2015-10-08T17:51:06","guid":{"rendered":"https:\/\/exatas.ufpr.br\/degraf_marciocarboni\/?page_id=139"},"modified":"2016-07-28T15:38:49","modified_gmt":"2016-07-28T15:38:49","slug":"ceg212-tecnicas-de-representacoes-digitais-3d","status":"publish","type":"page","link":"https:\/\/exatas.ufpr.br\/degraf_marciocarboni\/disciplinas\/ceg212-tecnicas-de-representacoes-digitais-3d\/","title":{"rendered":"CEG212 \u2013 T\u00e9cnicas de representa\u00e7\u00f5es digitais 3D"},"content":{"rendered":"<ul>\n<li>Curso de Express\u00e3o Gr\u00e1fica<\/li>\n<\/ul>\n<h4><span style=\"text-decoration: underline\">Materiais da disciplina:<\/span><\/h4>\n<div class=\"not4\"><a href=\"https:\/\/exatas.ufpr.br\/degraf_marciocarboni\/wp-content\/uploads\/sites\/19\/2015\/10\/FICHA2_TEC3D-2016-2-1.pdf\">CEG 212 &#8211; Plano de aula<\/a><\/div>\n<div class=\"not4\"><a href=\"https:\/\/www.dropbox.com\/s\/368zqllhutucua6\/Template%20UFPR%202014.rte?dl=0\" target=\"_blank\">Template Revit<\/a><\/div>\n<div class=\"not4\"><a href=\"https:\/\/www.dropbox.com\/s\/8k660zdrk50k0mh\/TOPOGR%C3%81FICO%20TERRENO.dwg?dl=0\" target=\"_blank\">Topogr\u00e1fico<\/a><\/div>\n","protected":false},"excerpt":{"rendered":"<p>Curso de Express\u00e3o Gr\u00e1fica Materiais da disciplina: CEG 212 &#8211; Plano de aula Template Revit Topogr\u00e1fico<\/p>\n","protected":false},"author":26,"featured_media":0,"parent":7,"menu_order":0,"comment_status":"closed","ping_status":"closed","template":"","meta":{"footnotes":""},"class_list":["post-139","page","type-page","status-publish","hentry"],"_links":{"self":[{"href":"https:\/\/exatas.ufpr.br\/degraf_marciocarboni\/wp-json\/wp\/v2\/pages\/139","targetHints":{"allow":["GET"]}}],"collection":[{"href":"https:\/\/exatas.ufpr.br\/degraf_marciocarboni\/wp-json\/wp\/v2\/pages"}],"about":[{"href":"https:\/\/exatas.ufpr.br\/degraf_marciocarboni\/wp-json\/wp\/v2\/types\/page"}],"author":[{"embeddable":true,"href":"https:\/\/exatas.ufpr.br\/degraf_marciocarboni\/wp-json\/wp\/v2\/users\/26"}],"replies":[{"embeddable":true,"href":"https:\/\/exatas.ufpr.br\/degraf_marciocarboni\/wp-json\/wp\/v2\/comments?post=139"}],"version-history":[{"count":11,"href":"https:\/\/exatas.ufpr.br\/degraf_marciocarboni\/wp-json\/wp\/v2\/pages\/139\/revisions"}],"predecessor-version":[{"id":316,"href":"https:\/\/exatas.ufpr.br\/degraf_marciocarboni\/wp-json\/wp\/v2\/pages\/139\/revisions\/316"}],"up":[{"embeddable":true,"href":"https:\/\/exatas.ufpr.br\/degraf_marciocarboni\/wp-json\/wp\/v2\/pages\/7"}],"wp:attachment":[{"href":"https:\/\/exatas.ufpr.br\/degraf_marciocarboni\/wp-json\/wp\/v2\/media?parent=139"}],"curies":[{"name":"wp","href":"https:\/\/api.w.org\/{rel}","templated":true}]}}