{"id":132,"date":"2015-10-08T17:39:01","date_gmt":"2015-10-08T17:39:01","guid":{"rendered":"https:\/\/exatas.ufpr.br\/degraf_marciocarboni\/?page_id=132"},"modified":"2016-07-04T20:49:58","modified_gmt":"2016-07-04T20:49:58","slug":"ceg211-tecnicas-de-representacoes-digitais-2d","status":"publish","type":"page","link":"https:\/\/exatas.ufpr.br\/degraf_marciocarboni\/disciplinas\/ceg211-tecnicas-de-representacoes-digitais-2d\/","title":{"rendered":"CEG211 &#8211; T\u00e9cnicas de Representa\u00e7\u00f5es Digitais 2D"},"content":{"rendered":"<ul>\n<li>Curso de Express\u00e3o Gr\u00e1fica<\/li>\n<\/ul>\n<h4><span style=\"text-decoration: underline\">Materiais da disciplina:<\/span><\/h4>\n<div class=\"not4\"><\/div>\n","protected":false},"excerpt":{"rendered":"<p>Curso de Express\u00e3o Gr\u00e1fica Materiais da disciplina:<\/p>\n","protected":false},"author":26,"featured_media":0,"parent":7,"menu_order":0,"comment_status":"closed","ping_status":"closed","template":"","meta":{"footnotes":""},"class_list":["post-132","page","type-page","status-publish","hentry"],"_links":{"self":[{"href":"https:\/\/exatas.ufpr.br\/degraf_marciocarboni\/wp-json\/wp\/v2\/pages\/132","targetHints":{"allow":["GET"]}}],"collection":[{"href":"https:\/\/exatas.ufpr.br\/degraf_marciocarboni\/wp-json\/wp\/v2\/pages"}],"about":[{"href":"https:\/\/exatas.ufpr.br\/degraf_marciocarboni\/wp-json\/wp\/v2\/types\/page"}],"author":[{"embeddable":true,"href":"https:\/\/exatas.ufpr.br\/degraf_marciocarboni\/wp-json\/wp\/v2\/users\/26"}],"replies":[{"embeddable":true,"href":"https:\/\/exatas.ufpr.br\/degraf_marciocarboni\/wp-json\/wp\/v2\/comments?post=132"}],"version-history":[{"count":7,"href":"https:\/\/exatas.ufpr.br\/degraf_marciocarboni\/wp-json\/wp\/v2\/pages\/132\/revisions"}],"predecessor-version":[{"id":290,"href":"https:\/\/exatas.ufpr.br\/degraf_marciocarboni\/wp-json\/wp\/v2\/pages\/132\/revisions\/290"}],"up":[{"embeddable":true,"href":"https:\/\/exatas.ufpr.br\/degraf_marciocarboni\/wp-json\/wp\/v2\/pages\/7"}],"wp:attachment":[{"href":"https:\/\/exatas.ufpr.br\/degraf_marciocarboni\/wp-json\/wp\/v2\/media?parent=132"}],"curies":[{"name":"wp","href":"https:\/\/api.w.org\/{rel}","templated":true}]}}