{"id":6,"date":"2014-09-29T13:55:21","date_gmt":"2014-09-29T13:55:21","guid":{"rendered":"https:\/\/exatas.ufpr.br\/marcio\/?page_id=6"},"modified":"2017-07-03T19:28:16","modified_gmt":"2017-07-03T19:28:16","slug":"disciplinas","status":"publish","type":"page","link":"https:\/\/exatas.ufpr.br\/degraf_marcio\/disciplinas\/","title":{"rendered":"Disciplinas"},"content":{"rendered":"<h1><strong>CEG &#8211; DESENHO T\u00c9CNICO\u00a0<\/strong><\/h1>\n<p>Resultado FINAL, depois do exame final da turma de <strong>Eng\u00aa El\u00e9trica e Agronomia<\/strong>:\u00a0<a href=\"https:\/\/exatas.ufpr.br\/degraf_marcio\/wp-content\/uploads\/sites\/13\/2014\/09\/Notas-Finais-PORTAL.pdf\">Notas Finais &#8211; PORTAL<\/a><\/p>\n<p>Resultado FINAL\u00a0para a disciplina da turma de <strong>Eng\u00aa Cartogr\u00e1fica<\/strong>:\u00a0<a href=\"https:\/\/exatas.ufpr.br\/degraf_marcio\/wp-content\/uploads\/sites\/13\/2014\/09\/NOTAS-FINAIS-2.pdf\">NOTAS &#8211; FINAIS<\/a><\/p>\n<p>&nbsp;<\/p>\n<p>Parab\u00e9ns aos aprovados na disciplina!!!!<\/p>\n<p>&nbsp;<\/p>\n<p>Lista de Exerc\u00edcio &#8211; III Avalia\u00e7\u00e3o.\u00a0<a href=\"https:\/\/exatas.ufpr.br\/degraf_marcio\/wp-content\/uploads\/sites\/13\/2014\/09\/DT-Lista_Exercicios-III-Avaliacao.pdf\">DT &#8211; Lista_Exercicios-III Avaliacao<\/a><\/p>\n<p>Conte\u00fado complementar sobre como fazer furos em Pers. Isom\u00e9trica:\u00a0<a href=\"https:\/\/exatas.ufpr.br\/degraf_marcio\/wp-content\/uploads\/sites\/13\/2014\/09\/PI-cilindrica-e-Vistas-Auxiliares.pdf\">PI cilindrica e Vistas Auxiliares<\/a><\/p>\n<p>Apostila da Disciplina:\u00a0<a href=\"https:\/\/exatas.ufpr.br\/degraf_marcio\/wp-content\/uploads\/sites\/13\/2014\/09\/Apostila-DT-Prof-Marcio-Catapan-1.pdf\">Apostila DT &#8211; Prof Marcio Catapan<\/a><\/p>\n<p>Exerc\u00edcios iniciais de Desenho Geom\u00e9trico (entrega\/apresenta\u00e7\u00e3o at\u00e9 13\/03\/17) &#8211;\u00a0<a href=\"https:\/\/exatas.ufpr.br\/degraf_marcio\/wp-content\/uploads\/sites\/13\/2014\/09\/DT_I_1_Desenhos-Geom\u00e9tricos.pdf\">DT_I_1_Desenhos Geom\u00e9tricos<\/a><\/p>\n<h1>\u00a0&#8212;&#8212;-<\/h1>\n<h1><\/h1>\n<h1><strong>CEG223\u00a0&#8211; DESENHO MEC\u00c2NICO II &#8211; Exp. Gr\u00e1fica<\/strong><\/h1>\n<p>NOTAS FINAIS DA DISCIPLINA (30\/06\/17 \u00e0s 10h00):\u00a0<a href=\"https:\/\/exatas.ufpr.br\/degraf_marcio\/wp-content\/uploads\/sites\/13\/2014\/09\/NOTAS-FINAIS-1.pdf\">NOTAS FINAIS<\/a><\/p>\n<p>Lembrando que a disciplina \u00e9 de Projetos. Ou seja, a m\u00e9dia para a aprova\u00e7\u00e3o \u00e9 50 e n\u00e3o h\u00e1 exame final.<\/p>\n<p>Para alunos(as) que est\u00e3o sem nota em alguma entrega, caso ainda queiram enviar trabalhos atrasados, favor envi\u00e1-los (por e-mail) at\u00e9 o dia 28\/06\/2017 at\u00e9 as 10h (manh\u00e3). Todos os trabalhos entregues at\u00e9 essa data ser\u00e3o avaliados, por\u00e9m, com nota parcial.<\/p>\n<p>&nbsp;<\/p>\n<p>INFORMA\u00c7\u00d5ES DO PROJETO FINAL &#8211; RACLETTE &#8211; 12 ou 19\/06\/2017 &#8211; Apresenta\u00e7\u00e3o e entrega de relat\u00f3rio.\u00a0<a href=\"https:\/\/exatas.ufpr.br\/degraf_marcio\/wp-content\/uploads\/sites\/13\/2014\/09\/PROJETO-FINA-RACLETTE-16JUNHOO17.pdf\">PROJETO FINA RACLETTE &#8211; 16JUNHOO17<\/a><\/p>\n<p>INFORMA\u00c7\u00d5ES SOBRE O USO DO SOLIDWORKS: Aula introdut\u00f3ria a modelagem 3D no SW.\u00a0<a href=\"https:\/\/exatas.ufpr.br\/degraf_marcio\/wp-content\/uploads\/sites\/13\/2014\/09\/Introdu\u00e7\u00e3o-ao-SW.pdf\">Introdu\u00e7\u00e3o ao SW<\/a>\u00a0&#8211; Lista de Exerc\u00edcios:\u00a0<a href=\"https:\/\/exatas.ufpr.br\/degraf_marcio\/wp-content\/uploads\/sites\/13\/2014\/09\/Lista-Exercicio-Modelagem-3D-SolidWorks.pdf\">Lista Exercicio &#8211; Modelagem 3D &#8211; SolidWorks<\/a>\u00a0&#8211; A entrega dever\u00e1 ser por e-mail at\u00e9 o dia 12\/06\/2017 onde o aluno enviar\u00e1 todos os modelos 3Ds e 9 desenhos 2Ds detalhados em pdf sendo esses pares OU \u00edmpares conforme o seu \u00faltimo n\u00famero do GRR.<\/p>\n<p>INFORMA\u00c7\u00d5ES DO PROJETO DO &#8220;TORNINHO PARALELO&#8221;: Fazer os modelos 3Ds de todas pe\u00e7as, exceto os parafusos (pe\u00e7as 1 e 4), at\u00e9 a pr\u00f3xima segunda-feira (dia 24\/04\/17). Assim iniciaremos a montagem deste conjunto.<\/p>\n<p>INFORMA\u00c7\u00c3O SOBRE MONITORIA: As alunas Luana e Desyree estar\u00e3o fazendo monitoria na sala de estudos da PA todas as segundas, quartas e sextas no per\u00edodo da tarde.<\/p>\n<p>Procedimento de como fazer roscas\/fusos no Inventor:\u00a0<a href=\"https:\/\/exatas.ufpr.br\/degraf_marcio\/wp-content\/uploads\/sites\/13\/2014\/09\/Fusos-no-Inventor.pdf\">Fusos no Inventor<\/a><\/p>\n<p>Desenho de Conjunto &#8211; Torninho Paralelo:\u00a0<a href=\"https:\/\/exatas.ufpr.br\/degraf_marcio\/wp-content\/uploads\/sites\/13\/2014\/09\/Desenho-de-Conjunto-Torninho-Paralelo.pdf\">Desenho de Conjunto &#8211; Torninho Paralelo<\/a><\/p>\n<p>Tutoria de inserir vistas (base, proje\u00e7\u00f5es, isom\u00e9trica e vista de corte) e ajustes de folha de Desenho 2D:\u00a0<a href=\"https:\/\/exatas.ufpr.br\/degraf_marcio\/wp-content\/uploads\/sites\/13\/2014\/09\/Iniciar-Desenho-2D.pdf\">Iniciar Desenho 2D<\/a><\/p>\n<p>Lista de exerc\u00edcios de modelagem 3D no Inventor (1\/2) &#8211; data de entrega: at\u00e9 24\/03\/17:\u00a0<a href=\"https:\/\/exatas.ufpr.br\/degraf_marcio\/wp-content\/uploads\/sites\/13\/2014\/09\/Lista-Exercicio-Modelagem-3D-Inventor-1-2.pdf\">Lista Exercicio &#8211; Modelagem 3D &#8211; Inventor &#8211; 1-2<\/a><\/p>\n<p>Iniciando um novo arquivo 3D no Inventor:\u00a0<a href=\"https:\/\/exatas.ufpr.br\/degraf_marcio\/wp-content\/uploads\/sites\/13\/2014\/09\/Introdu\u00e7\u00e3o-a-Modelagem-3D-Inventor.pdf\">Introdu\u00e7\u00e3o a Modelagem 3D Inventor<\/a><\/p>\n<p>Exerc\u00edcios de Sketch (Esbo\u00e7o \/ Perfil):\u00a0<a href=\"https:\/\/exatas.ufpr.br\/degraf_marcio\/wp-content\/uploads\/sites\/13\/2014\/09\/Exerc\u00edcios-de-Sketch.pdf\">Exerc\u00edcios de Sketch<\/a><\/p>\n<h1><\/h1>\n<h1><\/h1>\n<h1><\/h1>\n<h1><\/h1>\n<h1><\/h1>\n<h1><\/h1>\n<h1><strong>CD047 &#8211; Exp. Gr\u00e1fica II &#8211; DT &#8211; Eng\u00aa\u00a0Florestal<\/strong><\/h1>\n<p>Apostila da Disciplina:\u00a0<a href=\"https:\/\/exatas.ufpr.br\/degraf_marcio\/wp-content\/uploads\/sites\/13\/2014\/09\/Apostila-DT-Prof-Marcio-Catapan.pdf\">Apostila DT &#8211; Prof Marcio Catapan<\/a><\/p>\n<p>Lista de Exerc\u00edcio &#8211; III Avalia\u00e7\u00e3o.\u00a0<a href=\"https:\/\/exatas.ufpr.br\/degraf_marcio\/wp-content\/uploads\/sites\/13\/2014\/09\/DT-Lista_Exercicios-III-Avaliacao.pdf\">DT &#8211; Lista_Exercicios-III Avaliacao<\/a><\/p>\n<p>&nbsp;<\/p>\n<hr \/>\n<h1><strong>CEG222 &#8211; Desenho Mec\u00e2nico 1<\/strong><\/h1>\n<p>Apostila da Disciplina:\u00a0<a href=\"https:\/\/exatas.ufpr.br\/degraf_marcio\/wp-content\/uploads\/sites\/13\/2014\/09\/Apostila-Desenho-Mecanico-I-Parte-1.pdf\">Apostila Desenho Mecanico &#8211; I Parte<\/a><\/p>\n<p>Exerc\u00edcios de Vista de Corte:\u00a0<a href=\"https:\/\/exatas.ufpr.br\/degraf_marcio\/wp-content\/uploads\/sites\/13\/2014\/09\/EXERC\u00cdCIOS-DE-VISTA-DE-CORTE.pdf\">EXERC\u00cdCIOS DE VISTA DE CORTE<\/a><\/p>\n<p>&#8212;&#8212;&#8212;&#8212;&#8212;&#8212;&#8212;&#8212;-<\/p>\n<h1><\/h1>\n<h1><strong>CEG235 &#8211; T\u00f3picos em Desenv. de Produtos &#8211; TA<\/strong><\/h1>\n<p>Aula 1: <a href=\"https:\/\/exatas.ufpr.br\/degraf_marcio\/wp-content\/uploads\/sites\/13\/2014\/09\/AULA-1-Desenvolv-Produtos-de-Tecnologia-Assistiva.pdf\">AULA 1 &#8211; Desenvolv Produtos de Tecnologia Assistiva<\/a><\/p>\n<div style=\"width: 480px;\" class=\"wp-video\"><!--[if lt IE 9]><script>document.createElement('video');<\/script><![endif]-->\n<video class=\"wp-video-shortcode\" id=\"video-6-1\" width=\"480\" height=\"360\" preload=\"metadata\" controls=\"controls\"><source type=\"video\/mp4\" src=\"https:\/\/exatas.ufpr.br\/degraf_marcio\/wp-content\/uploads\/sites\/13\/2014\/09\/Tecnologia-Assistiva-Standard-Quality-360p-File2HD.com_.mp4?_=1\" \/><a href=\"https:\/\/exatas.ufpr.br\/degraf_marcio\/wp-content\/uploads\/sites\/13\/2014\/09\/Tecnologia-Assistiva-Standard-Quality-360p-File2HD.com_.mp4\">https:\/\/exatas.ufpr.br\/degraf_marcio\/wp-content\/uploads\/sites\/13\/2014\/09\/Tecnologia-Assistiva-Standard-Quality-360p-File2HD.com_.mp4<\/a><\/video><\/div>\n<p>&nbsp;<\/p>\n<h1><\/h1>\n","protected":false},"excerpt":{"rendered":"<p>CEG &#8211; DESENHO T\u00c9CNICO\u00a0 Resultado FINAL, depois do exame final da turma de Eng\u00aa El\u00e9trica e Agronomia:\u00a0Notas Finais &#8211; PORTAL Resultado FINAL\u00a0para a disciplina da turma de Eng\u00aa Cartogr\u00e1fica:\u00a0NOTAS &#8211; FINAIS &nbsp; Parab\u00e9ns aos aprovados na disciplina!!!! &nbsp; Lista de&hellip; <\/p>\n","protected":false},"author":1,"featured_media":0,"parent":0,"menu_order":0,"comment_status":"open","ping_status":"open","template":"","meta":{"footnotes":""},"class_list":["post-6","page","type-page","status-publish","hentry"],"_links":{"self":[{"href":"https:\/\/exatas.ufpr.br\/degraf_marcio\/wp-json\/wp\/v2\/pages\/6","targetHints":{"allow":["GET"]}}],"collection":[{"href":"https:\/\/exatas.ufpr.br\/degraf_marcio\/wp-json\/wp\/v2\/pages"}],"about":[{"href":"https:\/\/exatas.ufpr.br\/degraf_marcio\/wp-json\/wp\/v2\/types\/page"}],"author":[{"embeddable":true,"href":"https:\/\/exatas.ufpr.br\/degraf_marcio\/wp-json\/wp\/v2\/users\/1"}],"replies":[{"embeddable":true,"href":"https:\/\/exatas.ufpr.br\/degraf_marcio\/wp-json\/wp\/v2\/comments?post=6"}],"version-history":[{"count":66,"href":"https:\/\/exatas.ufpr.br\/degraf_marcio\/wp-json\/wp\/v2\/pages\/6\/revisions"}],"predecessor-version":[{"id":254,"href":"https:\/\/exatas.ufpr.br\/degraf_marcio\/wp-json\/wp\/v2\/pages\/6\/revisions\/254"}],"wp:attachment":[{"href":"https:\/\/exatas.ufpr.br\/degraf_marcio\/wp-json\/wp\/v2\/media?parent=6"}],"curies":[{"name":"wp","href":"https:\/\/api.w.org\/{rel}","templated":true}]}}