{"id":276,"date":"2018-10-22T13:42:05","date_gmt":"2018-10-22T13:42:05","guid":{"rendered":"https:\/\/exatas.ufpr.br\/degraf_marcio\/?page_id=276"},"modified":"2018-10-22T14:28:09","modified_gmt":"2018-10-22T14:28:09","slug":"pos-graduacao-em-experimentacao-tridimensional-ufpr","status":"publish","type":"page","link":"https:\/\/exatas.ufpr.br\/degraf_marcio\/pos-graduacao-em-experimentacao-tridimensional-ufpr\/","title":{"rendered":"P\u00f3s-Gradua\u00e7\u00e3o em Experimenta\u00e7\u00e3o Tridimensional &#8211; UFPR"},"content":{"rendered":"<h1 style=\"text-align: center\"><strong>TURMA 2019\/1<\/strong><\/h1>\n<h1 style=\"text-align: center\"><strong>IN\u00cdCIO 22.02.2019<\/strong><\/h1>\n<h1 style=\"text-align: center\"><\/h1>\n<h2 style=\"font-weight: 400\"><strong>NOME DO CURSO<\/strong><\/h2>\n<p><!--more--><\/p>\n<p>&nbsp;<\/p>\n<p>Como o curso est\u00e1 focado em desvendar e gerir as intera\u00e7\u00f5es de tecnologias digitais e virtuais com as ind\u00fastrias em geral, o nome do curso ser\u00e1 <strong>\u201cExperimenta\u00e7\u00e3o Tridimensional\u201d<\/strong>. Tais tecnologias mencionadas est\u00e3o relacionadas a integra\u00e7\u00e3o de escaneamento e modelagem tridimensional, anima\u00e7\u00e3o, realidades virtual e aumentada, assim como manufatura aditiva (impress\u00e3o 3D e 4D).<\/p>\n<p style=\"font-weight: 400\"><strong>OBJETIVOS<\/strong><\/p>\n<p>O curso tem como objetivo principal formar um profissional completo em termos de conhecimento das Tecnologias de Experimenta\u00e7\u00e3o Tridimensional e as respectivas intera\u00e7\u00f5es entre as pessoas, empresas e governos. Sempre sintonizado com a sustentabilidade e o equil\u00edbrio social.<\/p>\n<p>O egresso deste curso estar\u00e1 habilitado a utilizar e criar e, principalmente, gerir novas plataformas de experimenta\u00e7\u00f5es tridimensionais que possam facilitar a vida das pessoas no dia a dia, reduzindo custos, minimizando riscos, incrementando a qualidade e, essencialmente, socializando o acesso a virtualiza\u00e7\u00e3o de produtos e servi\u00e7os de qualidade com pre\u00e7os competitivos. Isto \u00e9, democratizando a qualidade de vida, o conforto e a seguran\u00e7a para todos.<\/p>\n<p>Al\u00e9m de possibilitar a inova\u00e7\u00e3o e o empreendedorismo, a p\u00f3s-gradua\u00e7\u00e3o proporciona a atualiza\u00e7\u00e3o do conhecimento e a expans\u00e3o da fronteira das compet\u00eancias dos estudantes acarretando, nesse sentido, melhoria na performance dos mesmos e, consequentemente, melhoria da empregabilidade. Ademais, especialistas mais bem capacitados em Experimenta\u00e7\u00e3o Tridimensional influenciam na produtividade da empresa, aumentando a competitividade e estimulando novas solu\u00e7\u00f5es com menor impacto ambiental e social.<\/p>\n<p>Por fim, tem-se tamb\u00e9m como objetivo a forte aproxima\u00e7\u00e3o com as empresas, os governos e outras universidades nas discuss\u00f5es e eventos que possam viabilizar o encontro de atores protagonistas nesse cen\u00e1rio e, desse modo, despertar oportunidades e possibilidades para pesquisas e projetos que possam alavancar ainda mais o desenvolvimento e acomodar harmonicamente a \u00e1rea de projetos na regi\u00e3o de Curitiba.<\/p>\n<p style=\"font-weight: 400\">[spoiler title=&#8217;<strong>JUSTIFICATIVA<\/strong>&#8216; open=&#8221;0&#8243; style=&#8221;1&#8243;]<\/p>\n<p>A Digitaliza\u00e7\u00e3o Tridimensional tem se tornado cada vez mais um dos processos-chave para a competitividade mercadol\u00f3gica no que tange aos projetos de desenvolvimento de produtos e processos. Esse fato \u00e9 devido uma s\u00e9rie de fatores como o aumento da concorr\u00eancia, da diminui\u00e7\u00e3o do ciclo de vida dos produtos, da exig\u00eancia cada vez maior dos consumidores, entre outros. Atrelado a isso ainda conspira as mudan\u00e7as tecnol\u00f3gicas, as quais liberam a criatividade de muitos projetistas a inspirar-se em produtos cada vez mais completos.<\/p>\n<p>A hist\u00f3ria do homem \u00e9 marcada por diversas revolu\u00e7\u00f5es que acarretaram significativo impacto no desenvolvimento da sociedade contempor\u00e2nea. Destacam-se a 1<sup>a<\/sup> Revolu\u00e7\u00e3o Industrial com o surgimento da m\u00e1quina \u00e0 vapor e, consequentemente, energia dispon\u00edvel para produ\u00e7\u00e3o de bens em geral, a 2<sup>a<\/sup> Revolu\u00e7\u00e3o Industrial com a concep\u00e7\u00e3o da produ\u00e7\u00e3o em massa liderada por Henry Ford, a 3<sup>a<\/sup> Revolu\u00e7\u00e3o Industrial logo ap\u00f3s a segunda grande guerra com o desenvolvimento dos computadores. Atualmente, a 4<sup>a<\/sup> Revolu\u00e7\u00e3o Industrial com a digitaliza\u00e7\u00e3o e experimenta\u00e7\u00e3o tridimensional, desperta um novo mundo amplamente conectado e compartilhado. Desse modo, a sociedade est\u00e1 experimentando uma transforma\u00e7\u00e3o abrangente, veloz e impactante na forma de produ\u00e7\u00e3o, gest\u00e3o e normatiza\u00e7\u00e3o dessa nova economia que est\u00e1 emergindo. Aplicativos colaborativos, manufatura inteligente, internet das coisas, realidade aumentada, simula\u00e7\u00f5es e anima\u00e7\u00f5es, entre outros, s\u00e3o tecnologias e conceitos que est\u00e3o mudando a maneira como as empresas produzem, comercializam e, em especial, definem o perfil de seus especialistas para que seja poss\u00edvel enfrentar essa revolu\u00e7\u00e3o e alcan\u00e7ar a perenidade do neg\u00f3cio.<\/p>\n<p>Desse modo, desvendar e gerir as tecnologias tang\u00edveis \u00e0 Experimenta\u00e7\u00e3o Tridimensional, torna-se essencial para que os profissionais sejam capazes de mitigar riscos e acelerar o desenvolvimento local, nacional e internacional. Novas demandas est\u00e3o surgindo, novas empresas est\u00e3o sendo constitu\u00eddas, novos profissionais est\u00e3o sendo moldados para esses novos tempos 4.0. Todavia, a deteriora\u00e7\u00e3o do emprego convencional, como desenhistas de bancada, eventuais conflitos entre classes que disputam o mesmo mercado, governos lentos na atualiza\u00e7\u00e3o das leis e normas s\u00e3o afli\u00e7\u00f5es que tamb\u00e9m devem ser ponderadas nesse momento de transi\u00e7\u00e3o.<\/p>\n<p>Assim sendo, justifica-se integralmente a oferta do curso de Especializa\u00e7\u00e3o em Experimenta\u00e7\u00e3o Tridimensional no sentido de contribuir nas poss\u00edveis solu\u00e7\u00f5es de curto e m\u00e9dio prazo para o desenvolvimento de produtos e processos nas empresas, antevendo movimentos, estimulando discuss\u00f5es apraz\u00edveis e, em especial, as oscila\u00e7\u00f5es de mudan\u00e7as com os recursos dispon\u00edveis e cobi\u00e7as da sociedade em geral.<\/p>\n<p style=\"font-weight: 400\">[\/spoiler]<\/p>\n<p style=\"font-weight: 400\">[spoiler title=&#8217;<strong>P\u00daBLICO ALVO<\/strong>&#8216; open=&#8221;0&#8243; style=&#8221;1&#8243;]<\/p>\n<p>Todos os profissionais de n\u00edvel superior com gradua\u00e7\u00e3o em express\u00e3o gr\u00e1fica, design, arquitetura, engenharias, computa\u00e7\u00e3o, tecnologias e \u00e1reas afins.<\/p>\n<p style=\"font-weight: 400\">[\/spoiler]<\/p>\n<p style=\"font-weight: 400\">[spoiler title=&#8217;<strong>CARGA HOR\u00c1RIA<\/strong>&#8216; open=&#8221;0&#8243; style=&#8221;1&#8243;]<br \/>\nO curso possui 360 horas de disciplinas formativas e mais 60 horas destinadas ao Trabalho de Conclus\u00e3o de Curso.<br \/>\n[\/spoiler]<\/p>\n<p style=\"font-weight: 400\">[spoiler title=&#8217;<strong>DISCIPLINAS<\/strong>&#8216; open=&#8221;0&#8243; style=&#8221;1&#8243;]<\/p>\n<table style=\"font-weight: 400\" width=\"564\">\n<tbody>\n<tr>\n<td><strong>M\u00f3dulo<\/strong><\/td>\n<td><strong>Disciplina<\/strong><\/td>\n<td><strong>Carga Hor\u00e1ria<\/strong><\/td>\n<\/tr>\n<tr>\n<td rowspan=\"3\"><strong>Fundamenta\u00e7\u00e3o T\u00e9cnica de Projeto<\/strong><\/td>\n<td>Design For Lean Six Sigma (DFLSS)<\/td>\n<td>20<\/td>\n<\/tr>\n<tr>\n<td>Engenharia Reversa &amp; An\u00e1lise de Valor<\/td>\n<td>20<\/td>\n<\/tr>\n<tr>\n<td>Design Thinking<\/td>\n<td>20<\/td>\n<\/tr>\n<tr>\n<td rowspan=\"3\"><strong>Modelagem Tridimensional<\/strong><\/td>\n<td>Desenho Convencional &amp; Modelagem<\/td>\n<td>20<\/td>\n<\/tr>\n<tr>\n<td>Escaneamento Tridimensional &amp; Tratamento de Imagem<\/td>\n<td>20<\/td>\n<\/tr>\n<tr>\n<td>Modelagem Avan\u00e7ada e Anima\u00e7\u00e3o<\/td>\n<td>20<\/td>\n<\/tr>\n<tr>\n<td rowspan=\"3\"><strong>Fundamentos Experimentais<\/strong><\/td>\n<td>Projeto \u00c1gil Assistido por Computador (CAD)<\/td>\n<td>20<\/td>\n<\/tr>\n<tr>\n<td>Ergonomia e Usabilidade 4.0<\/td>\n<td>20<\/td>\n<\/tr>\n<tr>\n<td>Manufatura Avan\u00e7ada 4.0<\/td>\n<td>20<\/td>\n<\/tr>\n<tr>\n<td rowspan=\"3\"><strong>Manufatura Virtual e F\u00edsica<\/strong><\/td>\n<td>Engenharia Assistida por Computador (CAE)<\/td>\n<td>20<\/td>\n<\/tr>\n<tr>\n<td>Manufatura Assistida por Computador (CAM)<\/td>\n<td>20<\/td>\n<\/tr>\n<tr>\n<td>Prototipagem R\u00e1pida<\/td>\n<td>20<\/td>\n<\/tr>\n<tr>\n<td rowspan=\"3\"><strong>Gest\u00e3o da Experimenta\u00e7\u00e3o<\/strong><\/td>\n<td>Realidade Aumentada &amp; Realidade Virtual<\/td>\n<td>20<\/td>\n<\/tr>\n<tr>\n<td>Manufatura Aditiva (3D e 4D)<\/td>\n<td>20<\/td>\n<\/tr>\n<tr>\n<td>Gest\u00e3o e Integra\u00e7\u00e3o da Experimenta\u00e7\u00e3o Tridimensional<\/td>\n<td>20<\/td>\n<\/tr>\n<tr>\n<td rowspan=\"3\"><strong>Inova\u00e7\u00e3o<\/strong><\/td>\n<td>Benchmarking &amp; Networking (Economia Circular)<\/td>\n<td>20<\/td>\n<\/tr>\n<tr>\n<td>Semin\u00e1rios Avan\u00e7ados \u2013 Pitch Day<\/td>\n<td>20<\/td>\n<\/tr>\n<tr>\n<td>Engenharia Colaborativa \u2013 Lean Startup<\/td>\n<td>20<\/td>\n<\/tr>\n<\/tbody>\n<\/table>\n<p style=\"font-weight: 400\">[\/spoiler]<\/p>\n<p style=\"font-weight: 400\">[spoiler title=&#8217;<strong>CORPO DOCENTE<\/strong>&#8216; open=&#8221;0&#8243; style=&#8221;1&#8243;]<br \/>\nProf\u00ba M\u00e1rcio Fontana Catapan, PhD;<\/p>\n<p style=\"font-weight: 400\">Prof\u00aa Arabella Galv\u00e3o, PhD;<\/p>\n<p style=\"font-weight: 400\">Prof\u00ba Francisco de Alencar, PhD;<\/p>\n<p style=\"font-weight: 400\">Prof\u00aa Elen Andrea Janzen Lor, PhD;<\/p>\n<p style=\"font-weight: 400\">Prof\u00aa B\u00e1rbara de C\u00e1ssia Xavier Cassins Aguiar,\u00a0PhD;<\/p>\n<p style=\"font-weight: 400\">Prof\u00aa Maria Lucia Leite Ribeiro Okimoto,\u00a0PhD;<\/p>\n<p style=\"font-weight: 400\">Prof\u00ba Pablo Deivid Valle, \u00a0PhD;<\/p>\n<p style=\"font-weight: 400\">Prof\u00ba Christian Scapulatempo Strobel,\u00a0PhD;<\/p>\n<p style=\"font-weight: 400\">Prof\u00ba Claudimir Jos\u00e9 Rebeyka,\u00a0PhD;<\/p>\n<p style=\"font-weight: 400\">Prof\u00ba Paulo Henrique Siqueira,\u00a0PhD;<\/p>\n<p style=\"font-weight: 400\">Prof\u00ba M\u00e1rcio Henrique de Sousa Carboni, MSc;<\/p>\n<p style=\"font-weight: 400\">Prof\u00ba Em\u00edlio Kavamura,\u00a0PhD;<\/p>\n<p style=\"font-weight: 400\">Prof\u00ba Cleverson Renan da Cunha,\u00a0\u00a0PhD;<\/p>\n<p style=\"font-weight: 400\">Prof\u00ba Alexandre Augusto Pescador Sard\u00e1.<\/p>\n<p style=\"font-weight: 400\">[\/spoiler]<\/p>\n<p style=\"font-weight: 400\">[spoiler title=&#8217;<strong>TURNOS DE FUNCIONAMENTO DO CURSO<\/strong>&#8216; open=&#8221;0&#8243; style=&#8221;1&#8243;]<\/p>\n<p>In\u00edcio no primeiro semestre de 2019, com t\u00e9rmino no segundo semestre de 2020 e defesa do TCC at\u00e9 fevereiro de 2021. Aulas \u00e0s sextas-feiras, das 18h30 \u00e0s 22h30 e aos s\u00e1bados, das 08h:00 \u00e0s 12h:00. Dura\u00e7\u00e3o do curso \u00e9 de 4 semestres. In\u00edcio previsto para 22\/02\/2019 ou 23\/03\/2019<\/p>\n<p style=\"font-weight: 400\">[\/spoiler]<\/p>\n<p style=\"font-weight: 400\">[spoiler title=&#8217;<strong>IN\u00cdCIO DA PR\u00d3XIMA TURMA<\/strong>&#8216; open=&#8221;0&#8243; style=&#8221;1&#8243;]<\/p>\n<p style=\"font-weight: 400\">A pr\u00f3xima turma a ser ofertada iniciar\u00e1 suas atividades dia 22 de fevereiro de 2019. Entretanto, no decorrer desse per\u00edodo diversos encontros ser\u00e3o realizados para apresenta\u00e7\u00e3o e detalhamento do curso. Sendo assim, entre em contato com a coordena\u00e7\u00e3o para agendar uma reuni\u00e3o individual e consultiva. Desse modo, o interessado poder\u00e1 conhecer previamente todo o funcionamento da P\u00f3s-Gradua\u00e7\u00e3o e avaliar com profundidade a respectiva participa\u00e7\u00e3o. O compromisso maior de qualidade acad\u00eamica, satisfa\u00e7\u00e3o e experi\u00eancia \u00e9 assegurado pela UFPR.<\/p>\n<p style=\"font-weight: 400\">Fa\u00e7a sua pr\u00e9-inscri\u00e7\u00e3o no link a seguir:<\/p>\n<p style=\"font-weight: 400\"><a href=\"https:\/\/docs.google.com\/forms\/d\/e\/1FAIpQLSeEFFxLu7QBFe4vgQ_TWYwlUEiPH5ry9J2RDduYdBTwfiRFuw\/viewform?c=0&amp;w=1\">INSCRI\u00c7\u00c3O<\/a><\/p>\n<p style=\"font-weight: 400\">[\/spoiler]<\/p>\n<p style=\"font-weight: 400\">[spoiler title=&#8217;<strong>PROCESSO SELETIVO<\/strong>&#8216; open=&#8221;0&#8243; style=&#8221;1&#8243;]<\/p>\n<p style=\"font-weight: 400\">Processo Seletivo: Obrigat\u00f3rio Entrevista<\/p>\n<p style=\"font-weight: 400\">Pode ser presencial, por telefone ou via internet. Deve-se entrar em contato com a coordena\u00e7\u00e3o que ir\u00e1 mediar o momento e a forma da entrevista. O compromisso \u00e9 responder em at\u00e9 1 dia \u00fatil.<\/p>\n<p style=\"font-weight: 400\">[\/spoiler]<\/p>\n<p style=\"font-weight: 400\">[spoiler title=&#8217;<strong>INVESTIMENTO<\/strong>&#8216; open=&#8221;0&#8243; style=&#8221;1&#8243;]<\/p>\n<p style=\"font-weight: 400\">Taxa de Inscri\u00e7\u00e3o: Isento<\/p>\n<p style=\"font-weight: 400\">Voc\u00ea ser\u00e1 orientado pela coordena\u00e7\u00e3o no decorrer do processo de sele\u00e7\u00e3o para o curso de P\u00f3s-Gradua\u00e7\u00e3o desejado. Uma vez tendo ader\u00eancia profissional e interesse real no curso, voc\u00ea estar\u00e1 ent\u00e3o habilitado para a matr\u00edcula. Esse processo de\u00a0<em>mentoring<\/em>\u00a0ao longo do processo de inscri\u00e7\u00e3o n\u00e3o \u00e9 taxado e visa, sobretudo, esclarecer completamente a forma\u00e7\u00e3o acad\u00eamica proposta pela P\u00f3s, bem como nivelar as expectativas dos estudantes, professores, empresas e universidade.<\/p>\n<p style=\"font-weight: 400\">Matr\u00edcula: Primeira Mensalidade<\/p>\n<p style=\"font-weight: 400\">Ap\u00f3s a aprova\u00e7\u00e3o no processo de sele\u00e7\u00e3o voc\u00ea poder\u00e1 realizar a matr\u00edcula. Sendo que a matr\u00edcula \u00e9 a primeira mensalidade do Programa de P\u00f3s-Gradua\u00e7\u00e3o.<\/p>\n<p style=\"font-weight: 400\">O valor para a Especializa\u00e7\u00e3o em\u00a0Experimenta\u00e7\u00e3o Tridimensional (Turma 2019\/1) \u00e9 de:<\/p>\n<p style=\"font-weight: 400\">24 X R$494,00<\/p>\n<p style=\"font-weight: 400\">Maiores informa\u00e7\u00f5es: <a href=\"mailto:experimentacao@ufpr.br\">experimentacao@ufpr.br<\/a><\/p>\n<p style=\"font-weight: 400\">[\/spoiler]<\/p>\n<p style=\"font-weight: 400\">[spoiler title=&#8217;<strong>EDITAL<\/strong>&#8216; open=&#8221;0&#8243; style=&#8221;1&#8243;]<\/p>\n<p style=\"font-weight: 400\">Maiores informa\u00e7\u00f5es sobre o curso podem ser encontradas no edital 02\/2019:<\/p>\n<p style=\"font-weight: 400\">EDITAL 2019\/1 (em breve)<\/p>\n<p style=\"font-weight: 400\">Coordenador: Prof. M\u00e1rcio F. <strong>Catapan<\/strong>, Ph.D.<br \/>\nEmail:\u00a0<a href=\"mailto:experimentacao@ufpr.br\">experimentacao@ufpr.br<\/a>\u00a0ou\u00a0<a href=\"mailto:marciocatapan@ufpr.br\">marciocatapan@ufpr.br<\/a><br \/>\n[\/spoiler]<\/p>\n<p style=\"font-weight: 400\">[spoiler title=&#8217;<strong>INSCRI\u00c7\u00d5ES<\/strong>&#8216; open=&#8221;0&#8243; style=&#8221;1&#8243;]<\/p>\n<p style=\"font-weight: 400\">Fa\u00e7a sua inscri\u00e7\u00e3o no link a seguir:<\/p>\n<p style=\"font-weight: 400\"><a href=\"https:\/\/docs.google.com\/forms\/d\/e\/1FAIpQLSeEFFxLu7QBFe4vgQ_TWYwlUEiPH5ry9J2RDduYdBTwfiRFuw\/viewform?c=0&amp;w=1\">INSCRI\u00c7\u00c3O<\/a><\/p>\n<p style=\"font-weight: 400\">Coordenador: Prof. M\u00e1rcio F.\u00a0<strong>Catapan<\/strong>, Ph.D.<br \/>\nEmail: <a href=\"mailto:experimentacao@ufpr.br\">experimentacao@ufpr.br<\/a><\/p>\n<p style=\"font-weight: 400\">[\/spoiler]<\/p>\n<p style=\"font-weight: 400\">Especializa\u00e7\u00e3o em\u00a0Experimenta\u00e7\u00e3o Tridimensional<br \/>\nCoordenador: Prof. M\u00e1rcio Fontana\u00a0<strong>Catapan<\/strong>, Ph.D.<br \/>\nEmail: <a href=\"mailto:experimentacao@ufpr.br\">experimentacao@ufpr.br<\/a><br \/>\nDEGRAF &#8211; Departamento de\u00a0Express\u00e3o Gr\u00e1fica<\/p>\n<p style=\"font-weight: 400\">PPGDESIGN\u00a0&#8211;\u00a0Programa de P\u00f3s-Gradua\u00e7\u00e3o em Design<br \/>\nUniversidade Federal do Paran\u00e1 &#8211; UFPR<br \/>\nRua Francisco H. dos Santos, s\/n<br \/>\nCentro Polit\u00e9cnico &#8211; Caixa Postal 19011<br \/>\n81531-990 &#8211; Curitiba &#8211; PR<\/p>\n","protected":false},"excerpt":{"rendered":"<p>TURMA 2019\/1 IN\u00cdCIO 22.02.2019 NOME DO CURSO<\/p>\n","protected":false},"author":12,"featured_media":0,"parent":0,"menu_order":0,"comment_status":"closed","ping_status":"closed","template":"","meta":{"footnotes":""},"class_list":["post-276","page","type-page","status-publish","hentry"],"_links":{"self":[{"href":"https:\/\/exatas.ufpr.br\/degraf_marcio\/wp-json\/wp\/v2\/pages\/276","targetHints":{"allow":["GET"]}}],"collection":[{"href":"https:\/\/exatas.ufpr.br\/degraf_marcio\/wp-json\/wp\/v2\/pages"}],"about":[{"href":"https:\/\/exatas.ufpr.br\/degraf_marcio\/wp-json\/wp\/v2\/types\/page"}],"author":[{"embeddable":true,"href":"https:\/\/exatas.ufpr.br\/degraf_marcio\/wp-json\/wp\/v2\/users\/12"}],"replies":[{"embeddable":true,"href":"https:\/\/exatas.ufpr.br\/degraf_marcio\/wp-json\/wp\/v2\/comments?post=276"}],"version-history":[{"count":10,"href":"https:\/\/exatas.ufpr.br\/degraf_marcio\/wp-json\/wp\/v2\/pages\/276\/revisions"}],"predecessor-version":[{"id":300,"href":"https:\/\/exatas.ufpr.br\/degraf_marcio\/wp-json\/wp\/v2\/pages\/276\/revisions\/300"}],"wp:attachment":[{"href":"https:\/\/exatas.ufpr.br\/degraf_marcio\/wp-json\/wp\/v2\/media?parent=276"}],"curies":[{"name":"wp","href":"https:\/\/api.w.org\/{rel}","templated":true}]}}