{"id":14,"date":"2014-09-22T14:38:16","date_gmt":"2014-09-22T17:38:16","guid":{"rendered":"https:\/\/exatas.ufpr.br\/degraf_luzia\/?page_id=14"},"modified":"2019-08-27T09:11:58","modified_gmt":"2019-08-27T12:11:58","slug":"monitoria","status":"publish","type":"page","link":"https:\/\/exatas.ufpr.br\/degraf_luzia\/monitoria\/","title":{"rendered":"Monitoria"},"content":{"rendered":"<header class=\"entry-header\">\n<h1 class=\"entry-title\">Monitoria<\/h1>\n<\/header>\n<div class=\"entry-content clearfix\">\n<div class=\"conteudo\">\n<h5>Monitores de\u00a0Geometria Descritiva<\/h5>\n<p><strong>Brenda Lee de Medeiros &#8211;\u00a0\u00a0<span style=\"color: #3366ff\"><a href=\"mailto:brendalee6@hotmail.com\" target=\"_blank\">brendalee6@hotmail.com<\/a><\/span><\/strong><\/p>\n<p>Express\u00e3o Gr\u00e1fica I &#8211; Proje\u00e7\u00f5es Cotadas<\/p>\n<table width=\"95%\">\n<tbody>\n<tr>\n<th width=\"16%\"><strong>\u00a0<\/strong><\/th>\n<th width=\"16%\"><strong>Segunda<\/strong><\/th>\n<th width=\"16%\"><strong>Ter\u00e7a<\/strong><\/th>\n<th width=\"16%\"><strong>Quarta<\/strong><\/th>\n<th width=\"16%\"><strong>Quinta<\/strong><\/th>\n<th width=\"16%\"><strong>Sexta<\/strong><\/th>\n<\/tr>\n<tr>\n<td>hor\u00e1rio<\/td>\n<td style=\"text-align: center\">\u00a0\u00a015:30 &#8211; 17:30<\/td>\n<td style=\"text-align: center\">\u00a0\u00a013:30 &#8211; 15:30<\/td>\n<td style=\"text-align: center\">\u00a0 \u00a0\u00a015:30 &#8211; 17:30<\/td>\n<td style=\"text-align: center\">13:30 &#8211; 15:30<\/td>\n<td><\/td>\n<\/tr>\n<tr>\n<td colspan=\"6\"><strong>Atendimento\u00a0(Sala PA &#8211; Bloco Exatas)<\/strong><\/td>\n<\/tr>\n<\/tbody>\n<\/table>\n<p><strong>Vin\u00edcius Temoz &#8211; viniciustemoz@gmail.com<\/strong><\/p>\n<p>Express\u00e3o Gr\u00e1fica II &#8211; Geometria Descritiva e Desenho T\u00e9cnico (CD 028 e CD 020)<\/p>\n<table width=\"95%\">\n<tbody>\n<tr>\n<th width=\"16%\"><strong>\u00a0<\/strong><\/th>\n<th width=\"16%\"><strong>Segunda<\/strong><\/th>\n<th width=\"16%\"><strong>Ter\u00e7a<\/strong><\/th>\n<th width=\"16%\"><strong>Quarta<\/strong><\/th>\n<th width=\"16%\"><strong>Quinta<\/strong><\/th>\n<th width=\"16%\"><strong>Sexta<\/strong><\/th>\n<\/tr>\n<tr>\n<td>hor\u00e1rio<\/td>\n<td style=\"text-align: center\"><\/td>\n<td style=\"text-align: center\"><\/td>\n<td style=\"text-align: center\">13:00 &#8211; 15:00<\/td>\n<td style=\"text-align: center\">13:30 &#8211; 17:30<\/td>\n<td style=\"text-align: center\">\u00a07:30 &#8211; 11:30<\/p>\n<p>13:00 &#8211; 15:00<\/td>\n<\/tr>\n<tr>\n<td colspan=\"6\"><strong>Atendimento\u00a0(Sala EQ05 &#8211; Bloco Eng. Qu\u00edmica)<\/strong><\/td>\n<\/tr>\n<\/tbody>\n<\/table>\n<p><strong>\u00a0<\/strong><\/p>\n<h5><\/h5>\n<\/div>\n<\/div>\n","protected":false},"excerpt":{"rendered":"<p>Monitoria Monitores de\u00a0Geometria Descritiva Brenda Lee de Medeiros &#8211;\u00a0\u00a0brendalee6@hotmail.com Express\u00e3o Gr\u00e1fica I &#8211; Proje\u00e7\u00f5es Cotadas \u00a0 Segunda Ter\u00e7a Quarta Quinta Sexta hor\u00e1rio \u00a0\u00a015:30 &#8211; 17:30 \u00a0\u00a013:30 &#8211; 15:30 \u00a0 \u00a0\u00a015:30 &#8211; 17:30 13:30 &#8211; 15:30 Atendimento\u00a0(Sala PA &#8211; Bloco Exatas)&hellip; <\/p>\n","protected":false},"author":1,"featured_media":0,"parent":0,"menu_order":0,"comment_status":"closed","ping_status":"closed","template":"","meta":{"footnotes":""},"class_list":["post-14","page","type-page","status-publish","hentry"],"_links":{"self":[{"href":"https:\/\/exatas.ufpr.br\/degraf_luzia\/wp-json\/wp\/v2\/pages\/14","targetHints":{"allow":["GET"]}}],"collection":[{"href":"https:\/\/exatas.ufpr.br\/degraf_luzia\/wp-json\/wp\/v2\/pages"}],"about":[{"href":"https:\/\/exatas.ufpr.br\/degraf_luzia\/wp-json\/wp\/v2\/types\/page"}],"author":[{"embeddable":true,"href":"https:\/\/exatas.ufpr.br\/degraf_luzia\/wp-json\/wp\/v2\/users\/1"}],"replies":[{"embeddable":true,"href":"https:\/\/exatas.ufpr.br\/degraf_luzia\/wp-json\/wp\/v2\/comments?post=14"}],"version-history":[{"count":24,"href":"https:\/\/exatas.ufpr.br\/degraf_luzia\/wp-json\/wp\/v2\/pages\/14\/revisions"}],"predecessor-version":[{"id":917,"href":"https:\/\/exatas.ufpr.br\/degraf_luzia\/wp-json\/wp\/v2\/pages\/14\/revisions\/917"}],"wp:attachment":[{"href":"https:\/\/exatas.ufpr.br\/degraf_luzia\/wp-json\/wp\/v2\/media?parent=14"}],"curies":[{"name":"wp","href":"https:\/\/api.w.org\/{rel}","templated":true}]}}