{"id":32,"date":"2014-09-23T15:13:55","date_gmt":"2014-09-23T15:13:55","guid":{"rendered":"https:\/\/exatas.ufpr.br\/degraf_emilio\/?page_id=32"},"modified":"2022-05-13T10:28:08","modified_gmt":"2022-05-13T13:28:08","slug":"introducao-ao-latex","status":"publish","type":"page","link":"https:\/\/exatas.ufpr.br\/degraf_emilio\/publicacoes\/introducao-ao-latex\/","title":{"rendered":"Introdu\u00e7\u00e3o ao LaTeX"},"content":{"rendered":"<p>O LaTeX \u00e9 um processador de texto utilizado pela comunidade acad\u00eamica.<\/p>\n<p>Aqui estou disponibilizando o material dos cursos introdut\u00f3rios. Algum dia colocarei tudo isso em ordem &#8230;<\/p>\n<ul>\n<li>Tutorial para uso do modelo <a href=\"https:\/\/exatas.ufpr.br\/degraf_emilio\/wp-content\/uploads\/sites\/8\/2022\/05\/20220220-Doc-UFPR-ABNTeX.pdf\">ABNTeX2 UFPR 2022<\/a> . <a href=\"https:\/\/exatas.ufpr.br\/degraf_emilio\/wp-content\/uploads\/sites\/8\/2014\/09\/novo-icon-1.png\"><img loading=\"lazy\" decoding=\"async\" class=\"alignnone wp-image-222\" src=\"https:\/\/exatas.ufpr.br\/degraf_emilio\/wp-content\/uploads\/sites\/8\/2014\/09\/novo-icon-1-300x159.png\" alt=\"\" width=\"35\" height=\"19\" srcset=\"https:\/\/exatas.ufpr.br\/degraf_emilio\/wp-content\/uploads\/sites\/8\/2014\/09\/novo-icon-1-300x159.png 300w, https:\/\/exatas.ufpr.br\/degraf_emilio\/wp-content\/uploads\/sites\/8\/2014\/09\/novo-icon-1-768x407.png 768w, https:\/\/exatas.ufpr.br\/degraf_emilio\/wp-content\/uploads\/sites\/8\/2014\/09\/novo-icon-1-1024x543.png 1024w, https:\/\/exatas.ufpr.br\/degraf_emilio\/wp-content\/uploads\/sites\/8\/2014\/09\/novo-icon-1.png 1500w\" sizes=\"auto, (max-width: 35px) 100vw, 35px\" \/><\/a><\/li>\n<li>Lecture no TUG2021: Introdu\u00e7\u00e3o ao PGFPlots (<a href=\"https:\/\/exatas.ufpr.br\/degraf_emilio\/wp-content\/uploads\/sites\/8\/2021\/08\/PGFPLots-1-de-2.pdf\" target=\"_blank\">parte 1<\/a> e <a href=\"https:\/\/exatas.ufpr.br\/degraf_emilio\/wp-content\/uploads\/sites\/8\/2021\/08\/PGFPLots-2-de-2.pdf\" target=\"_blank\">parte 2<\/a>)<\/li>\n<\/ul>\n<p><a href=\"https:\/\/www.youtube.com\/channel\/UC3h-SCx3yCT1CGkq9gTkOiA\" target=\"_blank\"><img loading=\"lazy\" decoding=\"async\" class=\"wp-image-325 aligncenter\" src=\"https:\/\/exatas.ufpr.br\/degraf_emilio\/wp-content\/uploads\/sites\/8\/2014\/09\/index.png\" alt=\"\" width=\"28\" height=\"28\" srcset=\"https:\/\/exatas.ufpr.br\/degraf_emilio\/wp-content\/uploads\/sites\/8\/2014\/09\/index.png 225w, https:\/\/exatas.ufpr.br\/degraf_emilio\/wp-content\/uploads\/sites\/8\/2014\/09\/index-150x150.png 150w, https:\/\/exatas.ufpr.br\/degraf_emilio\/wp-content\/uploads\/sites\/8\/2014\/09\/index-80x80.png 80w\" sizes=\"auto, (max-width: 28px) 100vw, 28px\" \/><\/a><\/p>\n<p><a href=\"https:\/\/www.facebook.com\/Latexusers\" target=\"_blank\"><img loading=\"lazy\" decoding=\"async\" class=\"wp-image-326 aligncenter\" src=\"https:\/\/exatas.ufpr.br\/degraf_emilio\/wp-content\/uploads\/sites\/8\/2014\/09\/facebook-logo.png\" alt=\"\" width=\"33\" height=\"33\" srcset=\"https:\/\/exatas.ufpr.br\/degraf_emilio\/wp-content\/uploads\/sites\/8\/2014\/09\/facebook-logo.png 225w, https:\/\/exatas.ufpr.br\/degraf_emilio\/wp-content\/uploads\/sites\/8\/2014\/09\/facebook-logo-150x150.png 150w, https:\/\/exatas.ufpr.br\/degraf_emilio\/wp-content\/uploads\/sites\/8\/2014\/09\/facebook-logo-80x80.png 80w\" sizes=\"auto, (max-width: 33px) 100vw, 33px\" \/><\/a><\/p>\n<ul>\n<li>Material do curso:\n<ul>\n<li><a href=\"https:\/\/exatas.ufpr.br\/degraf_emilio\/wp-content\/uploads\/sites\/8\/2014\/09\/SemanaAcademica.pdf\" target=\"_blank\">Slides da primeira parte do curso<\/a><\/li>\n<li><a href=\"https:\/\/onedrive.live.com\/redir?resid=FABCE6CABC9B23AC%21125\" target=\"_blank\">Pr\u00e1ticas para a primeira aula<\/a><\/li>\n<li><a href=\"http:\/\/cursolatex.paginas.ufsc.br\/files\/2012\/03\/latex-beamer.pdf\">Introdu\u00e7\u00e3o ao Beamer<\/a><\/li>\n<li>Tutorial para uso do modelo<a href=\"https:\/\/github.com\/eekBR\/ufpr-abntex2\/blob\/master\/documentacao_Modelo_UFPR-2019.pdf\"> ABNTeX2 UFPR 2019<\/a> .<\/li>\n<\/ul>\n<\/li>\n<\/ul>\n<ul>\n<li>Links interessantes:\n<ul>\n<li><a href=\"http:\/\/www.ctan.org\" target=\"_blank\">Comprehensive TeX Archive Network (CTAN)<\/a>: \u00e9 um centro para se pesquisar e encontrar todos os pacotes e materiais relativos ao TeX;<\/li>\n<li><a href=\"https:\/\/www.tug.org\/\" target=\"_blank\">TeX User Group<\/a>(TUG): Grupo de usu\u00e1rios interessados em desenvolver tipografia e representa\u00e7\u00e3o tipogr\u00e1fica;<\/li>\n<li><a href=\"detexify.kirelabs.org\/\" target=\"_blank\">DeTeXFy<\/a>: desenhe um s\u00edmbolo e descubra se o c\u00f3digo LaTeX tem um c\u00f3digo para ele (ou similar);<\/li>\n<li><a href=\"http:\/\/www.codecogs.com\/latex\/eqneditor.php?lang=pt-br\" target=\"_blank\">CodeCogs<\/a>: gere e verifique a codifica\u00e7\u00e3o para express\u00f5es matem\u00e1ticas e obtenha a imagem (png,gif,swf, pdf, emf,svg) das express\u00f5es para serem utilizadas em outros aplicativos.<\/li>\n<\/ul>\n<\/li>\n<\/ul>\n<ul>\n<li>D\u00favidas?:\n<ul>\n<li><a href=\"http:\/\/tex.stackexchange.com\/\" target=\"_blank\">Stack Exchanges TeX LaTeX<\/a>: alguma d\u00favida encontre a resposta neste site;<\/li>\n<li><a href=\"http:\/\/www.tug.org\" target=\"_blank\">TeX User Group (TUG)<\/a>: grupo para aficcionados\u00a0em tipografia, desenho de fontes e outros recursos TeX.<\/li>\n<\/ul>\n<\/li>\n<\/ul>\n<ul>\n<li>Distribui\u00e7\u00f5es e Ambientes de Desenvolvimento:\n<ul>\n<li>Distribui\u00e7\u00f5es LaTeX e um\u00a0<em>I<\/em><span style=\"color: #545454\"><em>ntegrated Development Environment\u00a0<\/em>(<\/span>IDE):\n<ul>\n<li>para Windows: <a href=\"http:\/\/miktex.org\" target=\"_blank\">Miktex <\/a>e\u00a0<a href=\"https:\/\/www.tug.org\/texlive\/\" target=\"_blank\">TeXLive<\/a>, <a href=\"www.texniccenter.org\">TeXNicCenter,<\/a><\/li>\n<li>para Mac: <a href=\"http:\/\/tug.org\/mactex\/\" target=\"_blank\">MacTeX<\/a>\u00a0e <a href=\"texstudio.sourceforge.net\/\">TeXStudio<\/a><\/li>\n<li>para Linux: <a href=\"https:\/\/www.tug.org\/texlive\/\" target=\"_blank\">TeXLive<\/a>\u00a0e <a href=\"kile.sourceforge.net\">Kile<\/a>, <a href=\"texstudio.sourceforge.net\/\">TeXStudio<\/a><\/li>\n<\/ul>\n<\/li>\n<\/ul>\n<\/li>\n<\/ul>\n<ul>\n<li>Manuais interessantes:\n<ul>\n<li><a href=\"http:\/\/mirrors.ctan.org\/info\/lshort\/portuguese-BR\/lshortBR.pdf\" target=\"_blank\">Uma &#8220;breve&#8221; introdu\u00e7\u00e3o para o LaTeX<\/a>;<\/li>\n<li><a href=\"http:\/\/mirrors.ctan.org\/info\/lshort\/english\/lshort.pdf\" target=\"_blank\">The not so short introduction to LaTeX<\/a>;<\/li>\n<li><a style=\"font-size: 13px\" href=\"http:\/\/linorg.usp.br\/CTAN\/macros\/latex\/contrib\/beamer\/doc\/beameruserguide.pdf\" target=\"_blank\">Beamer &#8211; Guia do Usu\u00e1rio<\/a><span style=\"font-size: 13px\">\u00a0Pacote de apresenta\u00e7\u00e3o em LaTeX;<a href=\"https:\/\/exatas.ufpr.br\/degraf_emilio\/wp-content\/uploads\/sites\/8\/2014\/09\/novo-icon-1.png\"><img loading=\"lazy\" decoding=\"async\" class=\"alignnone wp-image-222\" src=\"https:\/\/exatas.ufpr.br\/degraf_emilio\/wp-content\/uploads\/sites\/8\/2014\/09\/novo-icon-1-300x159.png\" alt=\"\" width=\"35\" height=\"19\" srcset=\"https:\/\/exatas.ufpr.br\/degraf_emilio\/wp-content\/uploads\/sites\/8\/2014\/09\/novo-icon-1-300x159.png 300w, https:\/\/exatas.ufpr.br\/degraf_emilio\/wp-content\/uploads\/sites\/8\/2014\/09\/novo-icon-1-768x407.png 768w, https:\/\/exatas.ufpr.br\/degraf_emilio\/wp-content\/uploads\/sites\/8\/2014\/09\/novo-icon-1-1024x543.png 1024w, https:\/\/exatas.ufpr.br\/degraf_emilio\/wp-content\/uploads\/sites\/8\/2014\/09\/novo-icon-1.png 1500w\" sizes=\"auto, (max-width: 35px) 100vw, 35px\" \/><\/a><\/span><\/li>\n<li><a style=\"font-size: 13px\" href=\"http:\/\/jabref.sourceforge.net\/help\/Contents.php\" target=\"_blank\">JabRef<\/a><span style=\"font-size: 13px\">\u00a0Gerenciamento de refer\u00eancia bibliogr\u00e1ficas;<\/span><\/li>\n<li><a href=\"http:\/\/mirrors.ctan.org\/graphics\/pgf\/base\/doc\/pgfmanual.pdf\" target=\"_blank\">Tikz &amp; PGF<\/a>. \u00a0 \u00a0Exemplos de\u00a0<a href=\"http:\/\/www.texample.net\/tikz\/\">TiKz &amp; PGF<\/a>.<a href=\"https:\/\/exatas.ufpr.br\/degraf_emilio\/wp-content\/uploads\/sites\/8\/2014\/09\/novo-icon-1.png\"><img loading=\"lazy\" decoding=\"async\" class=\"alignnone wp-image-222\" src=\"https:\/\/exatas.ufpr.br\/degraf_emilio\/wp-content\/uploads\/sites\/8\/2014\/09\/novo-icon-1-300x159.png\" alt=\"\" width=\"35\" height=\"19\" srcset=\"https:\/\/exatas.ufpr.br\/degraf_emilio\/wp-content\/uploads\/sites\/8\/2014\/09\/novo-icon-1-300x159.png 300w, https:\/\/exatas.ufpr.br\/degraf_emilio\/wp-content\/uploads\/sites\/8\/2014\/09\/novo-icon-1-768x407.png 768w, https:\/\/exatas.ufpr.br\/degraf_emilio\/wp-content\/uploads\/sites\/8\/2014\/09\/novo-icon-1-1024x543.png 1024w, https:\/\/exatas.ufpr.br\/degraf_emilio\/wp-content\/uploads\/sites\/8\/2014\/09\/novo-icon-1.png 1500w\" sizes=\"auto, (max-width: 35px) 100vw, 35px\" \/><\/a><\/li>\n<\/ul>\n<\/li>\n<\/ul>\n<ul>\n<li>P\u00e1gina no FaceBook\n<ul>\n<li><a href=\"https:\/\/www.facebook.com\/Latexusers\/\" target=\"_blank\">Usu\u00e1rios LaTeX<\/a><\/li>\n<\/ul>\n<\/li>\n<\/ul>\n","protected":false},"excerpt":{"rendered":"<p>O LaTeX \u00e9 um processador de texto utilizado pela comunidade acad\u00eamica. Aqui estou disponibilizando o material dos cursos introdut\u00f3rios. Algum dia colocarei tudo isso em ordem &#8230; Tutorial para uso do modelo ABNTeX2 UFPR 2022 . Lecture no TUG2021: Introdu\u00e7\u00e3o&hellip; <\/p>\n","protected":false},"author":7,"featured_media":0,"parent":12,"menu_order":0,"comment_status":"closed","ping_status":"closed","template":"","meta":{"footnotes":""},"class_list":["post-32","page","type-page","status-publish","hentry"],"_links":{"self":[{"href":"https:\/\/exatas.ufpr.br\/degraf_emilio\/wp-json\/wp\/v2\/pages\/32","targetHints":{"allow":["GET"]}}],"collection":[{"href":"https:\/\/exatas.ufpr.br\/degraf_emilio\/wp-json\/wp\/v2\/pages"}],"about":[{"href":"https:\/\/exatas.ufpr.br\/degraf_emilio\/wp-json\/wp\/v2\/types\/page"}],"author":[{"embeddable":true,"href":"https:\/\/exatas.ufpr.br\/degraf_emilio\/wp-json\/wp\/v2\/users\/7"}],"replies":[{"embeddable":true,"href":"https:\/\/exatas.ufpr.br\/degraf_emilio\/wp-json\/wp\/v2\/comments?post=32"}],"version-history":[{"count":30,"href":"https:\/\/exatas.ufpr.br\/degraf_emilio\/wp-json\/wp\/v2\/pages\/32\/revisions"}],"predecessor-version":[{"id":332,"href":"https:\/\/exatas.ufpr.br\/degraf_emilio\/wp-json\/wp\/v2\/pages\/32\/revisions\/332"}],"up":[{"embeddable":true,"href":"https:\/\/exatas.ufpr.br\/degraf_emilio\/wp-json\/wp\/v2\/pages\/12"}],"wp:attachment":[{"href":"https:\/\/exatas.ufpr.br\/degraf_emilio\/wp-json\/wp\/v2\/media?parent=32"}],"curies":[{"name":"wp","href":"https:\/\/api.w.org\/{rel}","templated":true}]}}