{"id":196,"date":"2015-12-03T09:08:36","date_gmt":"2015-12-03T12:08:36","guid":{"rendered":"https:\/\/exatas.ufpr.br\/degraf_emilio\/?page_id=196"},"modified":"2015-12-04T15:29:09","modified_gmt":"2015-12-04T18:29:09","slug":"ceg241-trabalho-de-conclusao-de-curso-i","status":"publish","type":"page","link":"https:\/\/exatas.ufpr.br\/degraf_emilio\/ceg241-trabalho-de-conclusao-de-curso-i\/","title":{"rendered":"\u2014 CEG241 Trabalho de Conclus\u00e3o de Curso I"},"content":{"rendered":"<p><a href=\"https:\/\/exatas.ufpr.br\/docs_degraf\/ementas\/CEG241.pdf\">Ementa vigente<br \/>\n<\/a><\/p>\n<p>Condi\u00e7\u00f5es para ser meu orientado:<\/p>\n<ol>\n<li>Acompanhar as atividades extensionistas e de pesquisa do Departamento. Comprovados atrav\u00e9s de:\n<ul>\n<li>\u00a0trabalhos apresentado;<\/li>\n<li>certificados;<\/li>\n<li>declara\u00e7\u00f5es.<\/li>\n<\/ul>\n<\/li>\n<li>Utilizar processador LaTeX para formata\u00e7\u00e3o de trabalhos acad\u00eamicos;<\/li>\n<li>Ter sido aprovado nas disciplinas correlatas \u00e0s \u00e1reas do tema a ser desenvolvido;<\/li>\n<li>Preencher os requisitos estipulados na normativa do TCC.<\/li>\n<\/ol>\n","protected":false},"excerpt":{"rendered":"<p>Ementa vigente Condi\u00e7\u00f5es para ser meu orientado: Acompanhar as atividades extensionistas e de pesquisa do Departamento. Comprovados atrav\u00e9s de: \u00a0trabalhos apresentado; certificados; declara\u00e7\u00f5es. Utilizar processador LaTeX para formata\u00e7\u00e3o de trabalhos acad\u00eamicos; Ter sido aprovado nas disciplinas correlatas \u00e0s \u00e1reas do&hellip; <\/p>\n","protected":false},"author":7,"featured_media":0,"parent":0,"menu_order":0,"comment_status":"closed","ping_status":"closed","template":"","meta":{"footnotes":""},"class_list":["post-196","page","type-page","status-publish","hentry"],"_links":{"self":[{"href":"https:\/\/exatas.ufpr.br\/degraf_emilio\/wp-json\/wp\/v2\/pages\/196","targetHints":{"allow":["GET"]}}],"collection":[{"href":"https:\/\/exatas.ufpr.br\/degraf_emilio\/wp-json\/wp\/v2\/pages"}],"about":[{"href":"https:\/\/exatas.ufpr.br\/degraf_emilio\/wp-json\/wp\/v2\/types\/page"}],"author":[{"embeddable":true,"href":"https:\/\/exatas.ufpr.br\/degraf_emilio\/wp-json\/wp\/v2\/users\/7"}],"replies":[{"embeddable":true,"href":"https:\/\/exatas.ufpr.br\/degraf_emilio\/wp-json\/wp\/v2\/comments?post=196"}],"version-history":[{"count":4,"href":"https:\/\/exatas.ufpr.br\/degraf_emilio\/wp-json\/wp\/v2\/pages\/196\/revisions"}],"predecessor-version":[{"id":207,"href":"https:\/\/exatas.ufpr.br\/degraf_emilio\/wp-json\/wp\/v2\/pages\/196\/revisions\/207"}],"wp:attachment":[{"href":"https:\/\/exatas.ufpr.br\/degraf_emilio\/wp-json\/wp\/v2\/media?parent=196"}],"curies":[{"name":"wp","href":"https:\/\/api.w.org\/{rel}","templated":true}]}}