{"id":9,"date":"2014-09-23T16:35:32","date_gmt":"2014-09-23T16:35:32","guid":{"rendered":"https:\/\/exatas.ufpr.br\/degraf-deise\/?page_id=9"},"modified":"2015-10-27T23:48:30","modified_gmt":"2015-10-27T23:48:30","slug":"trabalhos-dos-alunos","status":"publish","type":"page","link":"https:\/\/exatas.ufpr.br\/degraf_deise\/trabalhos-dos-alunos\/","title":{"rendered":"Mat\u00e9rias"},"content":{"rendered":"<p>&nbsp;<\/p>\n<div style=\"width: 640px;\" class=\"wp-video\"><!--[if lt IE 9]><script>document.createElement('video');<\/script><![endif]-->\n<video class=\"wp-video-shortcode\" id=\"video-9-1\" width=\"640\" height=\"360\" preload=\"metadata\" controls=\"controls\"><source type=\"video\/webm\" src=\"https:\/\/exatas.ufpr.br\/docs_degraf\/Plano-de-Perfil.webm?_=1\" \/><a href=\"https:\/\/exatas.ufpr.br\/docs_degraf\/Plano-de-Perfil.webm\">https:\/\/exatas.ufpr.br\/docs_degraf\/Plano-de-Perfil.webm<\/a><\/video><\/div>\n<p>&nbsp;<\/p>\n<p>&nbsp;<\/p>\n<p><strong><span style=\"color: #ff0000\">Desenho Geom\u00e9trico:<\/span><\/strong><\/p>\n<p>Constru\u00e7\u00e3o da <span style=\"text-decoration: underline\">mediatriz<\/span> de um segmento dado: http:\/\/tube.geogebra.org\/student\/mkSklcgVu<\/p>\n<p>Constru\u00e7\u00e3o das <span style=\"text-decoration: underline\">paralelas<\/span> a uma reta \u00e0 dist\u00e2ncia dada: http:\/\/tube.geogebra.org\/student\/mRZ46DDTi<\/p>\n<p>Constru\u00e7\u00e3o da <span style=\"text-decoration: underline\">bissetriz<\/span> de um \u00e2ngulo dado: http:\/\/tube.geogebra.org\/student\/mHLqBQaeK<\/p>\n<p>Constru\u00e7\u00e3o do <span style=\"text-decoration: underline\">Arco Capaz<\/span> de um segmento segundo um \u00e2ngulo:\u00a0http:\/\/tube.geogebra.org\/student\/mlaQSHztp<\/p>\n<p>Constru\u00e7\u00e3o do <span style=\"text-decoration: underline\">pent\u00e1gono<\/span> dado o lado (processo aproximado): http:\/\/tube.geogebra.org\/student\/mp8KscDhi<\/p>\n<p>&nbsp;<\/p>\n","protected":false},"excerpt":{"rendered":"<p>&nbsp; https:\/\/exatas.ufpr.br\/docs_degraf\/Plano-de-Perfil.webm &nbsp; &nbsp; Desenho Geom\u00e9trico: Constru\u00e7\u00e3o da mediatriz de um segmento dado: http:\/\/tube.geogebra.org\/student\/mkSklcgVu Constru\u00e7\u00e3o das paralelas a uma reta \u00e0 dist\u00e2ncia dada: http:\/\/tube.geogebra.org\/student\/mRZ46DDTi Constru\u00e7\u00e3o da bissetriz de um \u00e2ngulo dado: http:\/\/tube.geogebra.org\/student\/mHLqBQaeK Constru\u00e7\u00e3o do Arco Capaz de um segmento segundo&hellip; <\/p>\n","protected":false},"author":1,"featured_media":0,"parent":0,"menu_order":0,"comment_status":"closed","ping_status":"closed","template":"","meta":{"footnotes":""},"class_list":["post-9","page","type-page","status-publish","hentry"],"_links":{"self":[{"href":"https:\/\/exatas.ufpr.br\/degraf_deise\/wp-json\/wp\/v2\/pages\/9","targetHints":{"allow":["GET"]}}],"collection":[{"href":"https:\/\/exatas.ufpr.br\/degraf_deise\/wp-json\/wp\/v2\/pages"}],"about":[{"href":"https:\/\/exatas.ufpr.br\/degraf_deise\/wp-json\/wp\/v2\/types\/page"}],"author":[{"embeddable":true,"href":"https:\/\/exatas.ufpr.br\/degraf_deise\/wp-json\/wp\/v2\/users\/1"}],"replies":[{"embeddable":true,"href":"https:\/\/exatas.ufpr.br\/degraf_deise\/wp-json\/wp\/v2\/comments?post=9"}],"version-history":[{"count":9,"href":"https:\/\/exatas.ufpr.br\/degraf_deise\/wp-json\/wp\/v2\/pages\/9\/revisions"}],"predecessor-version":[{"id":129,"href":"https:\/\/exatas.ufpr.br\/degraf_deise\/wp-json\/wp\/v2\/pages\/9\/revisions\/129"}],"wp:attachment":[{"href":"https:\/\/exatas.ufpr.br\/degraf_deise\/wp-json\/wp\/v2\/media?parent=9"}],"curies":[{"name":"wp","href":"https:\/\/api.w.org\/{rel}","templated":true}]}}