{"id":88,"date":"2016-03-17T09:21:39","date_gmt":"2016-03-17T12:21:39","guid":{"rendered":"https:\/\/exatas.ufpr.br\/degraf_arabella\/?page_id=88"},"modified":"2016-03-17T09:21:39","modified_gmt":"2016-03-17T12:21:39","slug":"representacao-grafica-de-moveis-sob-medida","status":"publish","type":"page","link":"https:\/\/exatas.ufpr.br\/degraf_arabella\/representacao-grafica-de-moveis-sob-medida\/","title":{"rendered":"Representa\u00e7\u00e3o Gr\u00e1fica de M\u00f3veis sob Medida"},"content":{"rendered":"<p>Projeto de pesquisa desenvolvido a partir de 2015.<\/p>\n<p>O artigo publicado apresenta resultados iniciais, que ser\u00e3o aprofundados durante este ano.<\/p>\n<p><a href=\"https:\/\/exatas.ufpr.br\/degraf_arabella\/wp-content\/uploads\/sites\/28\/2016\/03\/Artigo_iniciacaocientifica_PLURAL_2015_final.pdf\">GAMPI PLURAL 2015 &#8211; Representa\u00e7\u00e3o Gr\u00e1fica<\/a><\/p>\n<p>&nbsp;<\/p>\n","protected":false},"excerpt":{"rendered":"<p>Projeto de pesquisa desenvolvido a partir de 2015. O artigo publicado apresenta resultados iniciais, que ser\u00e3o aprofundados durante este ano. GAMPI PLURAL 2015 &#8211; Representa\u00e7\u00e3o Gr\u00e1fica &nbsp;<\/p>\n","protected":false},"author":3979,"featured_media":0,"parent":0,"menu_order":0,"comment_status":"closed","ping_status":"open","template":"","meta":{"footnotes":""},"class_list":["post-88","page","type-page","status-publish","hentry"],"_links":{"self":[{"href":"https:\/\/exatas.ufpr.br\/degraf_arabella\/wp-json\/wp\/v2\/pages\/88","targetHints":{"allow":["GET"]}}],"collection":[{"href":"https:\/\/exatas.ufpr.br\/degraf_arabella\/wp-json\/wp\/v2\/pages"}],"about":[{"href":"https:\/\/exatas.ufpr.br\/degraf_arabella\/wp-json\/wp\/v2\/types\/page"}],"author":[{"embeddable":true,"href":"https:\/\/exatas.ufpr.br\/degraf_arabella\/wp-json\/wp\/v2\/users\/3979"}],"replies":[{"embeddable":true,"href":"https:\/\/exatas.ufpr.br\/degraf_arabella\/wp-json\/wp\/v2\/comments?post=88"}],"version-history":[{"count":1,"href":"https:\/\/exatas.ufpr.br\/degraf_arabella\/wp-json\/wp\/v2\/pages\/88\/revisions"}],"predecessor-version":[{"id":90,"href":"https:\/\/exatas.ufpr.br\/degraf_arabella\/wp-json\/wp\/v2\/pages\/88\/revisions\/90"}],"wp:attachment":[{"href":"https:\/\/exatas.ufpr.br\/degraf_arabella\/wp-json\/wp\/v2\/media?parent=88"}],"curies":[{"name":"wp","href":"https:\/\/api.w.org\/{rel}","templated":true}]}}