{"id":320,"date":"2016-08-01T08:17:55","date_gmt":"2016-08-01T11:17:55","guid":{"rendered":"https:\/\/exatas.ufpr.br\/degraf_arabella\/?page_id=320"},"modified":"2018-11-29T10:41:21","modified_gmt":"2018-11-29T13:41:21","slug":"ceg220-desenho-de-mobiliario","status":"publish","type":"page","link":"https:\/\/exatas.ufpr.br\/degraf_arabella\/ceg220-desenho-de-mobiliario\/","title":{"rendered":"CEG220 &#8211; Desenho de Mobili\u00e1rio"},"content":{"rendered":"<p>&nbsp;<\/p>\n<p><a href=\"https:\/\/exatas.ufpr.br\/degraf_arabella\/wp-content\/uploads\/sites\/28\/2016\/08\/Apresenta\u00e7\u00e3o-Desenho-de-Mobili\u00e1rio-2018.pdf\">Apresenta\u00e7\u00e3o Desenho de Mobili\u00e1rio 2018<\/a><\/p>\n<p><a href=\"https:\/\/exatas.ufpr.br\/degraf_arabella\/wp-content\/uploads\/sites\/28\/2016\/08\/Hist\u00f3ria.pdf\">Hist\u00f3ria<\/a><\/p>\n<p><a href=\"https:\/\/exatas.ufpr.br\/degraf_arabella\/wp-content\/uploads\/sites\/28\/2016\/08\/Apostila-Hist\u00f3ria-do-Mobili\u00e1rio.pdf\">Apostila Hist\u00f3ria do Mobili\u00e1rio<\/a><\/p>\n<p><a href=\"https:\/\/exatas.ufpr.br\/degraf_arabella\/wp-content\/uploads\/sites\/28\/2018\/02\/Vocabul\u00e1rio.pdf\">Vocabul\u00e1rio<\/a><\/p>\n<p><a href=\"https:\/\/exatas.ufpr.br\/degraf_arabella\/wp-content\/uploads\/sites\/28\/2016\/08\/Projeto-1_2018.pdf\">Projeto 1_2018<\/a><\/p>\n<p><a href=\"https:\/\/exatas.ufpr.br\/degraf_arabella\/wp-content\/uploads\/sites\/28\/2016\/08\/Planejado-e-sob-medida-1.pdf\">Planejado e sob medida<\/a><\/p>\n<p><a href=\"https:\/\/exatas.ufpr.br\/degraf_arabella\/wp-content\/uploads\/sites\/28\/2016\/08\/Fundamentos-est\u00e9ticos-1.pdf\">Fundamentos est\u00e9ticos<\/a><\/p>\n<p><a href=\"https:\/\/exatas.ufpr.br\/degraf_arabella\/wp-content\/uploads\/sites\/28\/2016\/08\/Chapas.pdf\">Chapas<\/a><\/p>\n<p><a href=\"https:\/\/exatas.ufpr.br\/degraf_arabella\/wp-content\/uploads\/sites\/28\/2016\/08\/Etapas-para-o-projeto-de-m\u00f3veis-sob-medida.pdf\">Etapas para o projeto de m\u00f3veis sob medida<\/a><\/p>\n<p><a href=\"https:\/\/exatas.ufpr.br\/degraf_arabella\/wp-content\/uploads\/sites\/28\/2016\/08\/Projeto-2_2018-1.pdf\">Projeto 2_2018<\/a>\u00a0&#8211; O cronograma do projeto foi alterado pois havia um erro nas datas da SIEPE. Este briefing j\u00e1 foi atualizado.<\/p>\n<p><a href=\"https:\/\/exatas.ufpr.br\/degraf_arabella\/wp-content\/uploads\/sites\/28\/2016\/08\/Avalia\u00e7\u00e3o-DM-2018-Projeto1.pdf\">Avalia\u00e7\u00e3o DM 2018 &#8211; Projeto1<\/a><\/p>\n<p><a href=\"https:\/\/exatas.ufpr.br\/degraf_arabella\/wp-content\/uploads\/sites\/28\/2016\/08\/Exemplo-det-cozinha.pdf\">Exemplo det cozinha<\/a><\/p>\n<p><a href=\"https:\/\/exatas.ufpr.br\/degraf_arabella\/wp-content\/uploads\/sites\/28\/2016\/08\/Detalhamento-estante_planta-geral.jpg\"><img loading=\"lazy\" decoding=\"async\" class=\"alignnone size-medium wp-image-789\" src=\"https:\/\/exatas.ufpr.br\/degraf_arabella\/wp-content\/uploads\/sites\/28\/2016\/08\/Detalhamento-estante_planta-geral-212x300.jpg\" alt=\"\" width=\"212\" height=\"300\" srcset=\"https:\/\/exatas.ufpr.br\/degraf_arabella\/wp-content\/uploads\/sites\/28\/2016\/08\/Detalhamento-estante_planta-geral-212x300.jpg 212w, https:\/\/exatas.ufpr.br\/degraf_arabella\/wp-content\/uploads\/sites\/28\/2016\/08\/Detalhamento-estante_planta-geral-768x1086.jpg 768w, https:\/\/exatas.ufpr.br\/degraf_arabella\/wp-content\/uploads\/sites\/28\/2016\/08\/Detalhamento-estante_planta-geral-724x1024.jpg 724w\" sizes=\"auto, (max-width: 212px) 100vw, 212px\" \/><\/a>\u00a0 \u00a0 \u00a0<a href=\"https:\/\/exatas.ufpr.br\/degraf_arabella\/wp-content\/uploads\/sites\/28\/2016\/08\/Detalhamento-Estante.jpg\"><img loading=\"lazy\" decoding=\"async\" class=\"alignnone size-medium wp-image-790\" src=\"https:\/\/exatas.ufpr.br\/degraf_arabella\/wp-content\/uploads\/sites\/28\/2016\/08\/Detalhamento-Estante-300x213.jpg\" alt=\"\" width=\"300\" height=\"213\" srcset=\"https:\/\/exatas.ufpr.br\/degraf_arabella\/wp-content\/uploads\/sites\/28\/2016\/08\/Detalhamento-Estante-300x213.jpg 300w, https:\/\/exatas.ufpr.br\/degraf_arabella\/wp-content\/uploads\/sites\/28\/2016\/08\/Detalhamento-Estante-768x544.jpg 768w, https:\/\/exatas.ufpr.br\/degraf_arabella\/wp-content\/uploads\/sites\/28\/2016\/08\/Detalhamento-Estante-1024x726.jpg 1024w\" sizes=\"auto, (max-width: 300px) 100vw, 300px\" \/><\/a><\/p>\n<p><a href=\"https:\/\/exatas.ufpr.br\/degraf_arabella\/wp-content\/uploads\/sites\/28\/2016\/08\/Closet_Medidas.jpg\"><img loading=\"lazy\" decoding=\"async\" class=\"alignnone size-medium wp-image-792\" src=\"https:\/\/exatas.ufpr.br\/degraf_arabella\/wp-content\/uploads\/sites\/28\/2016\/08\/Closet_Medidas-300x290.jpg\" alt=\"\" width=\"300\" height=\"290\" srcset=\"https:\/\/exatas.ufpr.br\/degraf_arabella\/wp-content\/uploads\/sites\/28\/2016\/08\/Closet_Medidas-300x290.jpg 300w, https:\/\/exatas.ufpr.br\/degraf_arabella\/wp-content\/uploads\/sites\/28\/2016\/08\/Closet_Medidas-768x743.jpg 768w, https:\/\/exatas.ufpr.br\/degraf_arabella\/wp-content\/uploads\/sites\/28\/2016\/08\/Closet_Medidas-1024x991.jpg 1024w, https:\/\/exatas.ufpr.br\/degraf_arabella\/wp-content\/uploads\/sites\/28\/2016\/08\/Closet_Medidas.jpg 1782w\" sizes=\"auto, (max-width: 300px) 100vw, 300px\" \/><\/a>\u00a0 \u00a0 \u00a0 \u00a0<a href=\"https:\/\/exatas.ufpr.br\/degraf_arabella\/wp-content\/uploads\/sites\/28\/2016\/08\/Closet_Perspectiva.jpg\"><img loading=\"lazy\" decoding=\"async\" class=\"alignnone size-medium wp-image-793\" src=\"https:\/\/exatas.ufpr.br\/degraf_arabella\/wp-content\/uploads\/sites\/28\/2016\/08\/Closet_Perspectiva-300x171.jpg\" alt=\"\" width=\"300\" height=\"171\" srcset=\"https:\/\/exatas.ufpr.br\/degraf_arabella\/wp-content\/uploads\/sites\/28\/2016\/08\/Closet_Perspectiva-300x171.jpg 300w, https:\/\/exatas.ufpr.br\/degraf_arabella\/wp-content\/uploads\/sites\/28\/2016\/08\/Closet_Perspectiva-768x437.jpg 768w, https:\/\/exatas.ufpr.br\/degraf_arabella\/wp-content\/uploads\/sites\/28\/2016\/08\/Closet_Perspectiva-1024x583.jpg 1024w, https:\/\/exatas.ufpr.br\/degraf_arabella\/wp-content\/uploads\/sites\/28\/2016\/08\/Closet_Perspectiva.jpg 2040w\" sizes=\"auto, (max-width: 300px) 100vw, 300px\" \/><\/a><\/p>\n<p><a href=\"https:\/\/exatas.ufpr.br\/degraf_arabella\/wp-content\/uploads\/sites\/28\/2016\/08\/Closet_Solu\u00e7\u00e3o-1.jpg\"><img loading=\"lazy\" decoding=\"async\" class=\"alignnone size-medium wp-image-794\" src=\"https:\/\/exatas.ufpr.br\/degraf_arabella\/wp-content\/uploads\/sites\/28\/2016\/08\/Closet_Solu\u00e7\u00e3o-1-300x216.jpg\" alt=\"\" width=\"300\" height=\"216\" srcset=\"https:\/\/exatas.ufpr.br\/degraf_arabella\/wp-content\/uploads\/sites\/28\/2016\/08\/Closet_Solu\u00e7\u00e3o-1-300x216.jpg 300w, https:\/\/exatas.ufpr.br\/degraf_arabella\/wp-content\/uploads\/sites\/28\/2016\/08\/Closet_Solu\u00e7\u00e3o-1-768x553.jpg 768w, https:\/\/exatas.ufpr.br\/degraf_arabella\/wp-content\/uploads\/sites\/28\/2016\/08\/Closet_Solu\u00e7\u00e3o-1-1024x737.jpg 1024w, https:\/\/exatas.ufpr.br\/degraf_arabella\/wp-content\/uploads\/sites\/28\/2016\/08\/Closet_Solu\u00e7\u00e3o-1-474x342.jpg 474w\" sizes=\"auto, (max-width: 300px) 100vw, 300px\" \/><\/a>\u00a0 \u00a0 \u00a0<a href=\"https:\/\/exatas.ufpr.br\/degraf_arabella\/wp-content\/uploads\/sites\/28\/2016\/08\/Closet_Solu\u00e7\u00e3o-2.jpg\"><img loading=\"lazy\" decoding=\"async\" class=\"alignnone size-medium wp-image-795\" src=\"https:\/\/exatas.ufpr.br\/degraf_arabella\/wp-content\/uploads\/sites\/28\/2016\/08\/Closet_Solu\u00e7\u00e3o-2-300x214.jpg\" alt=\"\" width=\"300\" height=\"214\" srcset=\"https:\/\/exatas.ufpr.br\/degraf_arabella\/wp-content\/uploads\/sites\/28\/2016\/08\/Closet_Solu\u00e7\u00e3o-2-300x214.jpg 300w, https:\/\/exatas.ufpr.br\/degraf_arabella\/wp-content\/uploads\/sites\/28\/2016\/08\/Closet_Solu\u00e7\u00e3o-2-768x548.jpg 768w, https:\/\/exatas.ufpr.br\/degraf_arabella\/wp-content\/uploads\/sites\/28\/2016\/08\/Closet_Solu\u00e7\u00e3o-2-1024x731.jpg 1024w\" sizes=\"auto, (max-width: 300px) 100vw, 300px\" \/><\/a><\/p>\n<p><a href=\"https:\/\/exatas.ufpr.br\/degraf_arabella\/wp-content\/uploads\/sites\/28\/2016\/08\/Estrutura-e-representa\u00e7\u00e3o.pdf\">Estrutura e representa\u00e7\u00e3o<\/a><\/p>\n<p><a href=\"https:\/\/exatas.ufpr.br\/degraf_arabella\/wp-content\/uploads\/sites\/28\/2016\/08\/Projeto-3_2018.pdf\">Projeto 3_2018<\/a><\/p>\n<p><a href=\"https:\/\/exatas.ufpr.br\/degraf_arabella\/wp-content\/uploads\/sites\/28\/2016\/08\/Frequ\u00eancia-1.pdf\">Frequ\u00eancia<\/a><\/p>\n<p><a href=\"https:\/\/exatas.ufpr.br\/degraf_arabella\/wp-content\/uploads\/sites\/28\/2016\/08\/Avalia\u00e7\u00e3o-DM-2018-Projeto-2-1.pdf\">Avalia\u00e7\u00e3o DM 2018 &#8211; Projeto 2<\/a><\/p>\n<p><a href=\"https:\/\/exatas.ufpr.br\/degraf_arabella\/wp-content\/uploads\/sites\/28\/2016\/08\/Exemplo-de-Memorial-Descritivo-para-Or\u00e7amento.pdf\">Exemplo de Memorial Descritivo para Or\u00e7amento<\/a><\/p>\n<p><a href=\"https:\/\/exatas.ufpr.br\/degraf_arabella\/wp-content\/uploads\/sites\/28\/2016\/08\/Avalia\u00e7\u00e3o-DM-2018-Projeto-3.pdf\">Avalia\u00e7\u00e3o DM 2018 &#8211; Projeto 3<\/a><\/p>\n<p><a href=\"https:\/\/exatas.ufpr.br\/degraf_arabella\/wp-content\/uploads\/sites\/28\/2016\/08\/Avalia\u00e7\u00e3o-DM-2018-Resultado.pdf\">Avalia\u00e7\u00e3o DM 2018 &#8211; Resultado<\/a><\/p>\n<p>Estarei a disposi\u00e7\u00e3o\u00a0para quem quiser tirar alguma d\u00favida no dia 03\/12, das 7h30 \u00e0s 10h, na minha sala.<\/p>\n<p>&nbsp;<\/p>\n<p>&nbsp;<\/p>\n<p>&nbsp;<\/p>\n<p>&nbsp;<\/p>\n<p>&nbsp;<\/p>\n","protected":false},"excerpt":{"rendered":"<p>&nbsp; Apresenta\u00e7\u00e3o Desenho de Mobili\u00e1rio 2018 Hist\u00f3ria Apostila Hist\u00f3ria do Mobili\u00e1rio Vocabul\u00e1rio Projeto 1_2018 Planejado e sob medida Fundamentos est\u00e9ticos Chapas Etapas para o projeto de m\u00f3veis sob medida Projeto 2_2018\u00a0&#8211; O cronograma do projeto foi alterado pois havia um&hellip; <\/p>\n","protected":false},"author":3979,"featured_media":0,"parent":0,"menu_order":0,"comment_status":"closed","ping_status":"closed","template":"","meta":{"footnotes":""},"class_list":["post-320","page","type-page","status-publish","hentry"],"_links":{"self":[{"href":"https:\/\/exatas.ufpr.br\/degraf_arabella\/wp-json\/wp\/v2\/pages\/320","targetHints":{"allow":["GET"]}}],"collection":[{"href":"https:\/\/exatas.ufpr.br\/degraf_arabella\/wp-json\/wp\/v2\/pages"}],"about":[{"href":"https:\/\/exatas.ufpr.br\/degraf_arabella\/wp-json\/wp\/v2\/types\/page"}],"author":[{"embeddable":true,"href":"https:\/\/exatas.ufpr.br\/degraf_arabella\/wp-json\/wp\/v2\/users\/3979"}],"replies":[{"embeddable":true,"href":"https:\/\/exatas.ufpr.br\/degraf_arabella\/wp-json\/wp\/v2\/comments?post=320"}],"version-history":[{"count":48,"href":"https:\/\/exatas.ufpr.br\/degraf_arabella\/wp-json\/wp\/v2\/pages\/320\/revisions"}],"predecessor-version":[{"id":854,"href":"https:\/\/exatas.ufpr.br\/degraf_arabella\/wp-json\/wp\/v2\/pages\/320\/revisions\/854"}],"wp:attachment":[{"href":"https:\/\/exatas.ufpr.br\/degraf_arabella\/wp-json\/wp\/v2\/media?parent=320"}],"curies":[{"name":"wp","href":"https:\/\/api.w.org\/{rel}","templated":true}]}}