{"id":666,"date":"2016-05-02T16:17:36","date_gmt":"2016-05-02T19:17:36","guid":{"rendered":"https:\/\/exatas.ufpr.br\/degraf_andrea\/?page_id=666"},"modified":"2020-08-17T12:59:17","modified_gmt":"2020-08-17T15:59:17","slug":"ceg206-projecoes-cotadas","status":"publish","type":"page","link":"https:\/\/exatas.ufpr.br\/degraf_andrea\/ceg206-projecoes-cotadas\/","title":{"rendered":"CEG206 &#8211; Proje\u00e7\u00f5es Cotadas"},"content":{"rendered":"<h4><span style=\"color: #993300\">Materiais:<\/span><\/h4>\n<div class=\"not4\"><a href=\"https:\/\/exatas.ufpr.br\/degraf_andrea\/wp-content\/uploads\/sites\/6\/2014\/09\/FICHA-2-CEG206-2016.pdf\">Programa<\/a><\/div>\n<div class=\"conteudo\">\n<div class=\"not4\">Apostila Cotadas &#8211; Parte 1<\/div>\n<div class=\"not4\">Apostila Cotadas &#8211; Aplicacoes<\/div>\n<div class=\"not4\"><a href=\"https:\/\/exatas.ufpr.br\/degraf_andrea\/wp-content\/uploads\/sites\/6\/2014\/09\/Capa-APLICACOES.pdf\">CAPA Aplica\u00e7\u00f5es<\/a><\/div>\n<div class=\"not4\">Exerc\u00edcios extraclasse<\/a><\/div>\n<div class=\"not4\">Lista Exercicios<\/a>\u00a001<\/div>\n<div class=\"not4\">Lista Exercicios 02<\/a><\/div>\n<\/div>\n<div class=\"not4\">\n<h4><span style=\"color: #993300\">Notas:<\/span><\/h4>\n<div class=\"not4\"><a href=\"https:\/\/exatas.ufpr.br\/degraf_andrea\/wp-content\/uploads\/sites\/6\/2016\/05\/NOTAS-COTADAS-A.pdf\">Notas Turma A<\/a><\/div>\n<div class=\"not4\"><a href=\"https:\/\/exatas.ufpr.br\/degraf_andrea\/wp-content\/uploads\/sites\/6\/2016\/05\/NOTAS-COTADAS-B.pdf\">Notas Turma B<\/a><\/div>\n<div class=\"not4\"><a href=\"https:\/\/exatas.ufpr.br\/degraf_andrea\/wp-content\/uploads\/sites\/6\/2016\/05\/NOTAS-COTADAS-B-1.pdf\">Resultado Turma B<\/a><\/div>\n<\/div>\n","protected":false},"excerpt":{"rendered":"<p>Materiais: Programa Apostila Cotadas &#8211; Parte 1 Apostila Cotadas &#8211; Aplicacoes CAPA Aplica\u00e7\u00f5es Exerc\u00edcios extraclasse Lista Exercicios\u00a001 Lista Exercicios 02 Notas: Notas Turma A Notas Turma B Resultado Turma B<\/p>\n","protected":false},"author":4,"featured_media":0,"parent":0,"menu_order":0,"comment_status":"closed","ping_status":"closed","template":"","meta":{"footnotes":""},"class_list":["post-666","page","type-page","status-publish","hentry"],"_links":{"self":[{"href":"https:\/\/exatas.ufpr.br\/degraf_andrea\/wp-json\/wp\/v2\/pages\/666","targetHints":{"allow":["GET"]}}],"collection":[{"href":"https:\/\/exatas.ufpr.br\/degraf_andrea\/wp-json\/wp\/v2\/pages"}],"about":[{"href":"https:\/\/exatas.ufpr.br\/degraf_andrea\/wp-json\/wp\/v2\/types\/page"}],"author":[{"embeddable":true,"href":"https:\/\/exatas.ufpr.br\/degraf_andrea\/wp-json\/wp\/v2\/users\/4"}],"replies":[{"embeddable":true,"href":"https:\/\/exatas.ufpr.br\/degraf_andrea\/wp-json\/wp\/v2\/comments?post=666"}],"version-history":[{"count":12,"href":"https:\/\/exatas.ufpr.br\/degraf_andrea\/wp-json\/wp\/v2\/pages\/666\/revisions"}],"predecessor-version":[{"id":847,"href":"https:\/\/exatas.ufpr.br\/degraf_andrea\/wp-json\/wp\/v2\/pages\/666\/revisions\/847"}],"wp:attachment":[{"href":"https:\/\/exatas.ufpr.br\/degraf_andrea\/wp-json\/wp\/v2\/media?parent=666"}],"curies":[{"name":"wp","href":"https:\/\/api.w.org\/{rel}","templated":true}]}}