{"id":658,"date":"2016-05-02T16:19:35","date_gmt":"2016-05-02T19:19:35","guid":{"rendered":"https:\/\/exatas.ufpr.br\/degraf_andrea\/?page_id=658"},"modified":"2016-12-20T10:17:28","modified_gmt":"2016-12-20T13:17:28","slug":"ceg230-topicos-em-expressao-grafica-i","status":"publish","type":"page","link":"https:\/\/exatas.ufpr.br\/degraf_andrea\/ceg230-topicos-em-expressao-grafica-i\/","title":{"rendered":"CEG230 &#8211; T\u00f3picos em Express\u00e3o Gr\u00e1fica I"},"content":{"rendered":"<h4><span style=\"text-decoration: underline;color: #993300\">Materiais:<\/span><\/h4>\n<div class=\"conteudo\">\n<div class=\"not4\"><a href=\"https:\/\/exatas.ufpr.br\/degraf_andrea\/wp-content\/uploads\/sites\/6\/2016\/05\/CEG230.pdf\">Ementa<\/a><\/div>\n<div class=\"not4\"><a style=\"font-weight: inherit;font-style: inherit;color: #474747\" href=\"http:\/\/www.portal.ufpr.br\/normalizacao.html\" target=\"_blank\">Orienta\u00e7\u00f5es para apresenta\u00e7\u00e3o de trabalhos acad\u00eamicos<\/a><\/div>\n<div class=\"not4\"><a style=\"font-weight: inherit;font-style: inherit;color: #474747\" href=\"http:\/\/www.portal.ufpr.br\/tutoriais_normaliza\/modelo_TCC_normalizado_fev_2013.pdf\" target=\"_blank\">Normaliza\u00e7\u00e3o de trabalhos ABNT<\/a><\/div>\n<div class=\"not4\"><a href=\"http:\/\/www.ieee.org\/conferences_events\/conferences\/publishing\/templates.html\"><em>Download template<\/em> artigo<\/a><\/div>\n<\/div>\n<div class=\"not4\"><\/div>\n<div class=\"not4\"><a href=\"https:\/\/exatas.ufpr.br\/degraf_andrea\/wp-content\/uploads\/sites\/6\/2016\/05\/NotasTOPICOS.pdf\">Resultado Final T\u00f3picos I<\/a><\/div>\n","protected":false},"excerpt":{"rendered":"<p>Materiais: Ementa Orienta\u00e7\u00f5es para apresenta\u00e7\u00e3o de trabalhos acad\u00eamicos Normaliza\u00e7\u00e3o de trabalhos ABNT Download template artigo Resultado Final T\u00f3picos I<\/p>\n","protected":false},"author":4,"featured_media":0,"parent":0,"menu_order":0,"comment_status":"closed","ping_status":"closed","template":"","meta":{"footnotes":""},"class_list":["post-658","page","type-page","status-publish","hentry"],"_links":{"self":[{"href":"https:\/\/exatas.ufpr.br\/degraf_andrea\/wp-json\/wp\/v2\/pages\/658","targetHints":{"allow":["GET"]}}],"collection":[{"href":"https:\/\/exatas.ufpr.br\/degraf_andrea\/wp-json\/wp\/v2\/pages"}],"about":[{"href":"https:\/\/exatas.ufpr.br\/degraf_andrea\/wp-json\/wp\/v2\/types\/page"}],"author":[{"embeddable":true,"href":"https:\/\/exatas.ufpr.br\/degraf_andrea\/wp-json\/wp\/v2\/users\/4"}],"replies":[{"embeddable":true,"href":"https:\/\/exatas.ufpr.br\/degraf_andrea\/wp-json\/wp\/v2\/comments?post=658"}],"version-history":[{"count":17,"href":"https:\/\/exatas.ufpr.br\/degraf_andrea\/wp-json\/wp\/v2\/pages\/658\/revisions"}],"predecessor-version":[{"id":797,"href":"https:\/\/exatas.ufpr.br\/degraf_andrea\/wp-json\/wp\/v2\/pages\/658\/revisions\/797"}],"wp:attachment":[{"href":"https:\/\/exatas.ufpr.br\/degraf_andrea\/wp-json\/wp\/v2\/media?parent=658"}],"curies":[{"name":"wp","href":"https:\/\/api.w.org\/{rel}","templated":true}]}}