{"id":210,"date":"2014-09-30T16:36:31","date_gmt":"2014-09-30T19:36:31","guid":{"rendered":"https:\/\/exatas.ufpr.br\/degraf_andrea\/?page_id=210"},"modified":"2014-10-01T10:20:34","modified_gmt":"2014-10-01T13:20:34","slug":"elementos-compositivos-de-projetos-i","status":"publish","type":"page","link":"https:\/\/exatas.ufpr.br\/degraf_andrea\/elementos-compositivos-de-projetos-i\/","title":{"rendered":"Elementos Compositivos de Projetos I"},"content":{"rendered":"<h4><span style=\"text-decoration: underline\"><strong>Composi\u00e7\u00e3o com Recorte<\/strong><\/span><\/h4>\n\n\t\t<style type=\"text\/css\">\n\t\t\t#gallery-1 {\n\t\t\t\tmargin: auto;\n\t\t\t}\n\t\t\t#gallery-1 .gallery-item {\n\t\t\t\tfloat: left;\n\t\t\t\tmargin-top: 10px;\n\t\t\t\ttext-align: center;\n\t\t\t\twidth: 25%;\n\t\t\t}\n\t\t\t#gallery-1 img {\n\t\t\t\tborder: 2px solid #cfcfcf;\n\t\t\t}\n\t\t\t#gallery-1 .gallery-caption {\n\t\t\t\tmargin-left: 0;\n\t\t\t}\n\t\t\t\/* see gallery_shortcode() in wp-includes\/media.php *\/\n\t\t<\/style>\n\t\t<div id='gallery-1' class='gallery galleryid-210 gallery-columns-4 gallery-size-thumbnail'><dl class='gallery-item'>\n\t\t\t<dt class='gallery-icon landscape'>\n\t\t\t\t<a href='https:\/\/exatas.ufpr.br\/degraf_andrea\/wp-content\/uploads\/sites\/6\/2014\/09\/FernandaDalPasqual.jpg'><img loading=\"lazy\" decoding=\"async\" width=\"150\" height=\"150\" src=\"https:\/\/exatas.ufpr.br\/degraf_andrea\/wp-content\/uploads\/sites\/6\/2014\/09\/FernandaDalPasqual-150x150.jpg\" class=\"attachment-thumbnail size-thumbnail\" alt=\"\" aria-describedby=\"gallery-1-229\" srcset=\"https:\/\/exatas.ufpr.br\/degraf_andrea\/wp-content\/uploads\/sites\/6\/2014\/09\/FernandaDalPasqual-150x150.jpg 150w, https:\/\/exatas.ufpr.br\/degraf_andrea\/wp-content\/uploads\/sites\/6\/2014\/09\/FernandaDalPasqual-230x230.jpg 230w, https:\/\/exatas.ufpr.br\/degraf_andrea\/wp-content\/uploads\/sites\/6\/2014\/09\/FernandaDalPasqual-80x80.jpg 80w\" sizes=\"auto, (max-width: 150px) 100vw, 150px\" \/><\/a>\n\t\t\t<\/dt>\n\t\t\t\t<dd class='wp-caption-text gallery-caption' id='gallery-1-229'>\n\t\t\t\tFernanda Dal Pasqual\n\t\t\t\t<\/dd><\/dl><dl class='gallery-item'>\n\t\t\t<dt class='gallery-icon landscape'>\n\t\t\t\t<a href='https:\/\/exatas.ufpr.br\/degraf_andrea\/wp-content\/uploads\/sites\/6\/2014\/09\/GustavoTurcato.jpg'><img loading=\"lazy\" decoding=\"async\" width=\"150\" height=\"150\" src=\"https:\/\/exatas.ufpr.br\/degraf_andrea\/wp-content\/uploads\/sites\/6\/2014\/09\/GustavoTurcato-150x150.jpg\" class=\"attachment-thumbnail size-thumbnail\" alt=\"\" aria-describedby=\"gallery-1-230\" srcset=\"https:\/\/exatas.ufpr.br\/degraf_andrea\/wp-content\/uploads\/sites\/6\/2014\/09\/GustavoTurcato-150x150.jpg 150w, https:\/\/exatas.ufpr.br\/degraf_andrea\/wp-content\/uploads\/sites\/6\/2014\/09\/GustavoTurcato-230x230.jpg 230w, https:\/\/exatas.ufpr.br\/degraf_andrea\/wp-content\/uploads\/sites\/6\/2014\/09\/GustavoTurcato-80x80.jpg 80w\" sizes=\"auto, (max-width: 150px) 100vw, 150px\" \/><\/a>\n\t\t\t<\/dt>\n\t\t\t\t<dd class='wp-caption-text gallery-caption' id='gallery-1-230'>\n\t\t\t\tGustavo Turcato\n\t\t\t\t<\/dd><\/dl><dl class='gallery-item'>\n\t\t\t<dt class='gallery-icon landscape'>\n\t\t\t\t<a href='https:\/\/exatas.ufpr.br\/degraf_andrea\/wp-content\/uploads\/sites\/6\/2014\/09\/HelenaGallera.jpg'><img loading=\"lazy\" decoding=\"async\" width=\"150\" height=\"150\" src=\"https:\/\/exatas.ufpr.br\/degraf_andrea\/wp-content\/uploads\/sites\/6\/2014\/09\/HelenaGallera-150x150.jpg\" class=\"attachment-thumbnail size-thumbnail\" alt=\"\" aria-describedby=\"gallery-1-231\" srcset=\"https:\/\/exatas.ufpr.br\/degraf_andrea\/wp-content\/uploads\/sites\/6\/2014\/09\/HelenaGallera-150x150.jpg 150w, https:\/\/exatas.ufpr.br\/degraf_andrea\/wp-content\/uploads\/sites\/6\/2014\/09\/HelenaGallera-230x230.jpg 230w, https:\/\/exatas.ufpr.br\/degraf_andrea\/wp-content\/uploads\/sites\/6\/2014\/09\/HelenaGallera-80x80.jpg 80w\" sizes=\"auto, (max-width: 150px) 100vw, 150px\" \/><\/a>\n\t\t\t<\/dt>\n\t\t\t\t<dd class='wp-caption-text gallery-caption' id='gallery-1-231'>\n\t\t\t\tHelena Gallera\n\t\t\t\t<\/dd><\/dl><dl class='gallery-item'>\n\t\t\t<dt class='gallery-icon landscape'>\n\t\t\t\t<a href='https:\/\/exatas.ufpr.br\/degraf_andrea\/wp-content\/uploads\/sites\/6\/2014\/09\/ThaisPina.jpg'><img loading=\"lazy\" decoding=\"async\" width=\"150\" height=\"150\" src=\"https:\/\/exatas.ufpr.br\/degraf_andrea\/wp-content\/uploads\/sites\/6\/2014\/09\/ThaisPina-150x150.jpg\" class=\"attachment-thumbnail size-thumbnail\" alt=\"\" aria-describedby=\"gallery-1-232\" srcset=\"https:\/\/exatas.ufpr.br\/degraf_andrea\/wp-content\/uploads\/sites\/6\/2014\/09\/ThaisPina-150x150.jpg 150w, https:\/\/exatas.ufpr.br\/degraf_andrea\/wp-content\/uploads\/sites\/6\/2014\/09\/ThaisPina-230x230.jpg 230w, https:\/\/exatas.ufpr.br\/degraf_andrea\/wp-content\/uploads\/sites\/6\/2014\/09\/ThaisPina-80x80.jpg 80w\" sizes=\"auto, (max-width: 150px) 100vw, 150px\" \/><\/a>\n\t\t\t<\/dt>\n\t\t\t\t<dd class='wp-caption-text gallery-caption' id='gallery-1-232'>\n\t\t\t\tThais Pina\n\t\t\t\t<\/dd><\/dl><br style=\"clear: both\" \/><dl class='gallery-item'>\n\t\t\t<dt class='gallery-icon landscape'>\n\t\t\t\t<a href='https:\/\/exatas.ufpr.br\/degraf_andrea\/wp-content\/uploads\/sites\/6\/2014\/09\/ThaysGruber.jpg'><img loading=\"lazy\" decoding=\"async\" width=\"150\" height=\"150\" src=\"https:\/\/exatas.ufpr.br\/degraf_andrea\/wp-content\/uploads\/sites\/6\/2014\/09\/ThaysGruber-150x150.jpg\" class=\"attachment-thumbnail size-thumbnail\" alt=\"\" aria-describedby=\"gallery-1-233\" srcset=\"https:\/\/exatas.ufpr.br\/degraf_andrea\/wp-content\/uploads\/sites\/6\/2014\/09\/ThaysGruber-150x150.jpg 150w, https:\/\/exatas.ufpr.br\/degraf_andrea\/wp-content\/uploads\/sites\/6\/2014\/09\/ThaysGruber-230x230.jpg 230w, https:\/\/exatas.ufpr.br\/degraf_andrea\/wp-content\/uploads\/sites\/6\/2014\/09\/ThaysGruber-80x80.jpg 80w\" sizes=\"auto, (max-width: 150px) 100vw, 150px\" \/><\/a>\n\t\t\t<\/dt>\n\t\t\t\t<dd class='wp-caption-text gallery-caption' id='gallery-1-233'>\n\t\t\t\tThays Gruber\n\t\t\t\t<\/dd><\/dl><dl class='gallery-item'>\n\t\t\t<dt class='gallery-icon landscape'>\n\t\t\t\t<a href='https:\/\/exatas.ufpr.br\/degraf_andrea\/wp-content\/uploads\/sites\/6\/2014\/09\/angeloalvarez.jpg'><img loading=\"lazy\" decoding=\"async\" width=\"150\" height=\"150\" src=\"https:\/\/exatas.ufpr.br\/degraf_andrea\/wp-content\/uploads\/sites\/6\/2014\/09\/angeloalvarez-150x150.jpg\" class=\"attachment-thumbnail size-thumbnail\" alt=\"\" aria-describedby=\"gallery-1-237\" srcset=\"https:\/\/exatas.ufpr.br\/degraf_andrea\/wp-content\/uploads\/sites\/6\/2014\/09\/angeloalvarez-150x150.jpg 150w, https:\/\/exatas.ufpr.br\/degraf_andrea\/wp-content\/uploads\/sites\/6\/2014\/09\/angeloalvarez-230x230.jpg 230w, https:\/\/exatas.ufpr.br\/degraf_andrea\/wp-content\/uploads\/sites\/6\/2014\/09\/angeloalvarez-80x80.jpg 80w\" sizes=\"auto, (max-width: 150px) 100vw, 150px\" \/><\/a>\n\t\t\t<\/dt>\n\t\t\t\t<dd class='wp-caption-text gallery-caption' id='gallery-1-237'>\n\t\t\t\tAngelo Alvarez\n\t\t\t\t<\/dd><\/dl><dl class='gallery-item'>\n\t\t\t<dt class='gallery-icon landscape'>\n\t\t\t\t<a href='https:\/\/exatas.ufpr.br\/degraf_andrea\/wp-content\/uploads\/sites\/6\/2014\/09\/Brenda-Macedo.jpg'><img loading=\"lazy\" decoding=\"async\" width=\"150\" height=\"150\" src=\"https:\/\/exatas.ufpr.br\/degraf_andrea\/wp-content\/uploads\/sites\/6\/2014\/09\/Brenda-Macedo-150x150.jpg\" class=\"attachment-thumbnail size-thumbnail\" alt=\"\" aria-describedby=\"gallery-1-238\" srcset=\"https:\/\/exatas.ufpr.br\/degraf_andrea\/wp-content\/uploads\/sites\/6\/2014\/09\/Brenda-Macedo-150x150.jpg 150w, https:\/\/exatas.ufpr.br\/degraf_andrea\/wp-content\/uploads\/sites\/6\/2014\/09\/Brenda-Macedo-230x230.jpg 230w, https:\/\/exatas.ufpr.br\/degraf_andrea\/wp-content\/uploads\/sites\/6\/2014\/09\/Brenda-Macedo-80x80.jpg 80w\" sizes=\"auto, (max-width: 150px) 100vw, 150px\" \/><\/a>\n\t\t\t<\/dt>\n\t\t\t\t<dd class='wp-caption-text gallery-caption' id='gallery-1-238'>\n\t\t\t\tBrenda Macedo\n\t\t\t\t<\/dd><\/dl><dl class='gallery-item'>\n\t\t\t<dt class='gallery-icon landscape'>\n\t\t\t\t<a href='https:\/\/exatas.ufpr.br\/degraf_andrea\/wp-content\/uploads\/sites\/6\/2014\/09\/DouglasPresser.jpg'><img loading=\"lazy\" decoding=\"async\" width=\"150\" height=\"150\" src=\"https:\/\/exatas.ufpr.br\/degraf_andrea\/wp-content\/uploads\/sites\/6\/2014\/09\/DouglasPresser-150x150.jpg\" class=\"attachment-thumbnail size-thumbnail\" alt=\"\" aria-describedby=\"gallery-1-239\" srcset=\"https:\/\/exatas.ufpr.br\/degraf_andrea\/wp-content\/uploads\/sites\/6\/2014\/09\/DouglasPresser-150x150.jpg 150w, https:\/\/exatas.ufpr.br\/degraf_andrea\/wp-content\/uploads\/sites\/6\/2014\/09\/DouglasPresser-230x230.jpg 230w, https:\/\/exatas.ufpr.br\/degraf_andrea\/wp-content\/uploads\/sites\/6\/2014\/09\/DouglasPresser-80x80.jpg 80w\" sizes=\"auto, (max-width: 150px) 100vw, 150px\" \/><\/a>\n\t\t\t<\/dt>\n\t\t\t\t<dd class='wp-caption-text gallery-caption' id='gallery-1-239'>\n\t\t\t\tDouglas Presser\n\t\t\t\t<\/dd><\/dl><br style=\"clear: both\" \/><dl class='gallery-item'>\n\t\t\t<dt class='gallery-icon landscape'>\n\t\t\t\t<a href='https:\/\/exatas.ufpr.br\/degraf_andrea\/wp-content\/uploads\/sites\/6\/2014\/09\/GabrielaPortela1.jpg'><img loading=\"lazy\" decoding=\"async\" width=\"150\" height=\"150\" src=\"https:\/\/exatas.ufpr.br\/degraf_andrea\/wp-content\/uploads\/sites\/6\/2014\/09\/GabrielaPortela1-150x150.jpg\" class=\"attachment-thumbnail size-thumbnail\" alt=\"\" aria-describedby=\"gallery-1-240\" srcset=\"https:\/\/exatas.ufpr.br\/degraf_andrea\/wp-content\/uploads\/sites\/6\/2014\/09\/GabrielaPortela1-150x150.jpg 150w, https:\/\/exatas.ufpr.br\/degraf_andrea\/wp-content\/uploads\/sites\/6\/2014\/09\/GabrielaPortela1-230x230.jpg 230w, https:\/\/exatas.ufpr.br\/degraf_andrea\/wp-content\/uploads\/sites\/6\/2014\/09\/GabrielaPortela1-80x80.jpg 80w\" sizes=\"auto, (max-width: 150px) 100vw, 150px\" \/><\/a>\n\t\t\t<\/dt>\n\t\t\t\t<dd class='wp-caption-text gallery-caption' id='gallery-1-240'>\n\t\t\t\tGabriela Portela\n\t\t\t\t<\/dd><\/dl><dl class='gallery-item'>\n\t\t\t<dt class='gallery-icon landscape'>\n\t\t\t\t<a href='https:\/\/exatas.ufpr.br\/degraf_andrea\/wp-content\/uploads\/sites\/6\/2014\/09\/GustavoRamos.jpg'><img loading=\"lazy\" decoding=\"async\" width=\"150\" height=\"150\" src=\"https:\/\/exatas.ufpr.br\/degraf_andrea\/wp-content\/uploads\/sites\/6\/2014\/09\/GustavoRamos-150x150.jpg\" class=\"attachment-thumbnail size-thumbnail\" alt=\"\" aria-describedby=\"gallery-1-241\" srcset=\"https:\/\/exatas.ufpr.br\/degraf_andrea\/wp-content\/uploads\/sites\/6\/2014\/09\/GustavoRamos-150x150.jpg 150w, https:\/\/exatas.ufpr.br\/degraf_andrea\/wp-content\/uploads\/sites\/6\/2014\/09\/GustavoRamos-230x230.jpg 230w, https:\/\/exatas.ufpr.br\/degraf_andrea\/wp-content\/uploads\/sites\/6\/2014\/09\/GustavoRamos-80x80.jpg 80w\" sizes=\"auto, (max-width: 150px) 100vw, 150px\" \/><\/a>\n\t\t\t<\/dt>\n\t\t\t\t<dd class='wp-caption-text gallery-caption' id='gallery-1-241'>\n\t\t\t\tGustavo Ramos\n\t\t\t\t<\/dd><\/dl><dl class='gallery-item'>\n\t\t\t<dt class='gallery-icon landscape'>\n\t\t\t\t<a href='https:\/\/exatas.ufpr.br\/degraf_andrea\/wp-content\/uploads\/sites\/6\/2014\/09\/IgorCort\u00eas.jpg'><img loading=\"lazy\" decoding=\"async\" width=\"150\" height=\"150\" src=\"https:\/\/exatas.ufpr.br\/degraf_andrea\/wp-content\/uploads\/sites\/6\/2014\/09\/IgorCort\u00eas-150x150.jpg\" class=\"attachment-thumbnail size-thumbnail\" alt=\"\" aria-describedby=\"gallery-1-242\" srcset=\"https:\/\/exatas.ufpr.br\/degraf_andrea\/wp-content\/uploads\/sites\/6\/2014\/09\/IgorCort\u00eas-150x150.jpg 150w, https:\/\/exatas.ufpr.br\/degraf_andrea\/wp-content\/uploads\/sites\/6\/2014\/09\/IgorCort\u00eas-230x230.jpg 230w, https:\/\/exatas.ufpr.br\/degraf_andrea\/wp-content\/uploads\/sites\/6\/2014\/09\/IgorCort\u00eas-80x80.jpg 80w\" sizes=\"auto, (max-width: 150px) 100vw, 150px\" \/><\/a>\n\t\t\t<\/dt>\n\t\t\t\t<dd class='wp-caption-text gallery-caption' id='gallery-1-242'>\n\t\t\t\tIgor Cort\u00eas\n\t\t\t\t<\/dd><\/dl><dl class='gallery-item'>\n\t\t\t<dt class='gallery-icon landscape'>\n\t\t\t\t<a href='https:\/\/exatas.ufpr.br\/degraf_andrea\/wp-content\/uploads\/sites\/6\/2014\/09\/Jo\u00e3oPauloGomesFogari.jpg'><img loading=\"lazy\" decoding=\"async\" width=\"150\" height=\"150\" src=\"https:\/\/exatas.ufpr.br\/degraf_andrea\/wp-content\/uploads\/sites\/6\/2014\/09\/Jo\u00e3oPauloGomesFogari-150x150.jpg\" class=\"attachment-thumbnail size-thumbnail\" alt=\"\" aria-describedby=\"gallery-1-243\" srcset=\"https:\/\/exatas.ufpr.br\/degraf_andrea\/wp-content\/uploads\/sites\/6\/2014\/09\/Jo\u00e3oPauloGomesFogari-150x150.jpg 150w, https:\/\/exatas.ufpr.br\/degraf_andrea\/wp-content\/uploads\/sites\/6\/2014\/09\/Jo\u00e3oPauloGomesFogari-230x230.jpg 230w, https:\/\/exatas.ufpr.br\/degraf_andrea\/wp-content\/uploads\/sites\/6\/2014\/09\/Jo\u00e3oPauloGomesFogari-80x80.jpg 80w\" sizes=\"auto, (max-width: 150px) 100vw, 150px\" \/><\/a>\n\t\t\t<\/dt>\n\t\t\t\t<dd class='wp-caption-text gallery-caption' id='gallery-1-243'>\n\t\t\t\tJo\u00e3o Paulo Gomes Fogari\n\t\t\t\t<\/dd><\/dl><br style=\"clear: both\" \/><dl class='gallery-item'>\n\t\t\t<dt class='gallery-icon landscape'>\n\t\t\t\t<a href='https:\/\/exatas.ufpr.br\/degraf_andrea\/wp-content\/uploads\/sites\/6\/2014\/09\/Larissa-Ianuch.jpg'><img loading=\"lazy\" decoding=\"async\" width=\"150\" height=\"150\" src=\"https:\/\/exatas.ufpr.br\/degraf_andrea\/wp-content\/uploads\/sites\/6\/2014\/09\/Larissa-Ianuch-150x150.jpg\" class=\"attachment-thumbnail size-thumbnail\" alt=\"\" aria-describedby=\"gallery-1-244\" srcset=\"https:\/\/exatas.ufpr.br\/degraf_andrea\/wp-content\/uploads\/sites\/6\/2014\/09\/Larissa-Ianuch-150x150.jpg 150w, https:\/\/exatas.ufpr.br\/degraf_andrea\/wp-content\/uploads\/sites\/6\/2014\/09\/Larissa-Ianuch-230x230.jpg 230w, https:\/\/exatas.ufpr.br\/degraf_andrea\/wp-content\/uploads\/sites\/6\/2014\/09\/Larissa-Ianuch-80x80.jpg 80w\" sizes=\"auto, (max-width: 150px) 100vw, 150px\" \/><\/a>\n\t\t\t<\/dt>\n\t\t\t\t<dd class='wp-caption-text gallery-caption' id='gallery-1-244'>\n\t\t\t\tLarissa Ianuch\n\t\t\t\t<\/dd><\/dl><dl class='gallery-item'>\n\t\t\t<dt class='gallery-icon landscape'>\n\t\t\t\t<a href='https:\/\/exatas.ufpr.br\/degraf_andrea\/wp-content\/uploads\/sites\/6\/2014\/09\/LeticiaIsis.jpg'><img loading=\"lazy\" decoding=\"async\" width=\"150\" height=\"150\" src=\"https:\/\/exatas.ufpr.br\/degraf_andrea\/wp-content\/uploads\/sites\/6\/2014\/09\/LeticiaIsis-150x150.jpg\" class=\"attachment-thumbnail size-thumbnail\" alt=\"\" aria-describedby=\"gallery-1-245\" srcset=\"https:\/\/exatas.ufpr.br\/degraf_andrea\/wp-content\/uploads\/sites\/6\/2014\/09\/LeticiaIsis-150x150.jpg 150w, https:\/\/exatas.ufpr.br\/degraf_andrea\/wp-content\/uploads\/sites\/6\/2014\/09\/LeticiaIsis-230x230.jpg 230w, https:\/\/exatas.ufpr.br\/degraf_andrea\/wp-content\/uploads\/sites\/6\/2014\/09\/LeticiaIsis-80x80.jpg 80w\" sizes=\"auto, (max-width: 150px) 100vw, 150px\" \/><\/a>\n\t\t\t<\/dt>\n\t\t\t\t<dd class='wp-caption-text gallery-caption' id='gallery-1-245'>\n\t\t\t\tLeticia Isis\n\t\t\t\t<\/dd><\/dl><dl class='gallery-item'>\n\t\t\t<dt class='gallery-icon landscape'>\n\t\t\t\t<a href='https:\/\/exatas.ufpr.br\/degraf_andrea\/wp-content\/uploads\/sites\/6\/2014\/09\/LuisGustavoNunesFerreira.jpg'><img loading=\"lazy\" decoding=\"async\" width=\"150\" height=\"150\" src=\"https:\/\/exatas.ufpr.br\/degraf_andrea\/wp-content\/uploads\/sites\/6\/2014\/09\/LuisGustavoNunesFerreira-150x150.jpg\" class=\"attachment-thumbnail size-thumbnail\" alt=\"\" aria-describedby=\"gallery-1-246\" srcset=\"https:\/\/exatas.ufpr.br\/degraf_andrea\/wp-content\/uploads\/sites\/6\/2014\/09\/LuisGustavoNunesFerreira-150x150.jpg 150w, https:\/\/exatas.ufpr.br\/degraf_andrea\/wp-content\/uploads\/sites\/6\/2014\/09\/LuisGustavoNunesFerreira-230x230.jpg 230w, https:\/\/exatas.ufpr.br\/degraf_andrea\/wp-content\/uploads\/sites\/6\/2014\/09\/LuisGustavoNunesFerreira-80x80.jpg 80w\" sizes=\"auto, (max-width: 150px) 100vw, 150px\" \/><\/a>\n\t\t\t<\/dt>\n\t\t\t\t<dd class='wp-caption-text gallery-caption' id='gallery-1-246'>\n\t\t\t\tLuis Gustavo Nunes Ferreira\n\t\t\t\t<\/dd><\/dl><dl class='gallery-item'>\n\t\t\t<dt class='gallery-icon landscape'>\n\t\t\t\t<a href='https:\/\/exatas.ufpr.br\/degraf_andrea\/wp-content\/uploads\/sites\/6\/2014\/09\/MarceloCaldartFilho.jpg'><img loading=\"lazy\" decoding=\"async\" width=\"150\" height=\"150\" src=\"https:\/\/exatas.ufpr.br\/degraf_andrea\/wp-content\/uploads\/sites\/6\/2014\/09\/MarceloCaldartFilho-150x150.jpg\" class=\"attachment-thumbnail size-thumbnail\" alt=\"\" aria-describedby=\"gallery-1-247\" srcset=\"https:\/\/exatas.ufpr.br\/degraf_andrea\/wp-content\/uploads\/sites\/6\/2014\/09\/MarceloCaldartFilho-150x150.jpg 150w, https:\/\/exatas.ufpr.br\/degraf_andrea\/wp-content\/uploads\/sites\/6\/2014\/09\/MarceloCaldartFilho-230x230.jpg 230w, https:\/\/exatas.ufpr.br\/degraf_andrea\/wp-content\/uploads\/sites\/6\/2014\/09\/MarceloCaldartFilho-80x80.jpg 80w\" sizes=\"auto, (max-width: 150px) 100vw, 150px\" \/><\/a>\n\t\t\t<\/dt>\n\t\t\t\t<dd class='wp-caption-text gallery-caption' id='gallery-1-247'>\n\t\t\t\tMarcelo Caldart Filho\n\t\t\t\t<\/dd><\/dl><br style=\"clear: both\" \/><dl class='gallery-item'>\n\t\t\t<dt class='gallery-icon landscape'>\n\t\t\t\t<a href='https:\/\/exatas.ufpr.br\/degraf_andrea\/wp-content\/uploads\/sites\/6\/2014\/09\/Samuel.jpg'><img loading=\"lazy\" decoding=\"async\" width=\"150\" height=\"150\" src=\"https:\/\/exatas.ufpr.br\/degraf_andrea\/wp-content\/uploads\/sites\/6\/2014\/09\/Samuel-150x150.jpg\" class=\"attachment-thumbnail size-thumbnail\" alt=\"\" aria-describedby=\"gallery-1-248\" srcset=\"https:\/\/exatas.ufpr.br\/degraf_andrea\/wp-content\/uploads\/sites\/6\/2014\/09\/Samuel-150x150.jpg 150w, https:\/\/exatas.ufpr.br\/degraf_andrea\/wp-content\/uploads\/sites\/6\/2014\/09\/Samuel-230x230.jpg 230w, https:\/\/exatas.ufpr.br\/degraf_andrea\/wp-content\/uploads\/sites\/6\/2014\/09\/Samuel-80x80.jpg 80w\" sizes=\"auto, (max-width: 150px) 100vw, 150px\" \/><\/a>\n\t\t\t<\/dt>\n\t\t\t\t<dd class='wp-caption-text gallery-caption' id='gallery-1-248'>\n\t\t\t\tSamuel Rosa\n\t\t\t\t<\/dd><\/dl><dl class='gallery-item'>\n\t\t\t<dt class='gallery-icon landscape'>\n\t\t\t\t<a href='https:\/\/exatas.ufpr.br\/degraf_andrea\/wp-content\/uploads\/sites\/6\/2014\/09\/ThaisPina1.jpg'><img loading=\"lazy\" decoding=\"async\" width=\"150\" height=\"150\" src=\"https:\/\/exatas.ufpr.br\/degraf_andrea\/wp-content\/uploads\/sites\/6\/2014\/09\/ThaisPina1-150x150.jpg\" class=\"attachment-thumbnail size-thumbnail\" alt=\"\" aria-describedby=\"gallery-1-249\" srcset=\"https:\/\/exatas.ufpr.br\/degraf_andrea\/wp-content\/uploads\/sites\/6\/2014\/09\/ThaisPina1-150x150.jpg 150w, https:\/\/exatas.ufpr.br\/degraf_andrea\/wp-content\/uploads\/sites\/6\/2014\/09\/ThaisPina1-230x230.jpg 230w, https:\/\/exatas.ufpr.br\/degraf_andrea\/wp-content\/uploads\/sites\/6\/2014\/09\/ThaisPina1-80x80.jpg 80w\" sizes=\"auto, (max-width: 150px) 100vw, 150px\" \/><\/a>\n\t\t\t<\/dt>\n\t\t\t\t<dd class='wp-caption-text gallery-caption' id='gallery-1-249'>\n\t\t\t\tThais Pina\n\t\t\t\t<\/dd><\/dl><dl class='gallery-item'>\n\t\t\t<dt class='gallery-icon landscape'>\n\t\t\t\t<a href='https:\/\/exatas.ufpr.br\/degraf_andrea\/wp-content\/uploads\/sites\/6\/2014\/09\/ThaysGruber1.jpg'><img loading=\"lazy\" decoding=\"async\" width=\"150\" height=\"150\" src=\"https:\/\/exatas.ufpr.br\/degraf_andrea\/wp-content\/uploads\/sites\/6\/2014\/09\/ThaysGruber1-150x150.jpg\" class=\"attachment-thumbnail size-thumbnail\" alt=\"\" aria-describedby=\"gallery-1-250\" srcset=\"https:\/\/exatas.ufpr.br\/degraf_andrea\/wp-content\/uploads\/sites\/6\/2014\/09\/ThaysGruber1-150x150.jpg 150w, https:\/\/exatas.ufpr.br\/degraf_andrea\/wp-content\/uploads\/sites\/6\/2014\/09\/ThaysGruber1-230x230.jpg 230w, https:\/\/exatas.ufpr.br\/degraf_andrea\/wp-content\/uploads\/sites\/6\/2014\/09\/ThaysGruber1-80x80.jpg 80w\" sizes=\"auto, (max-width: 150px) 100vw, 150px\" \/><\/a>\n\t\t\t<\/dt>\n\t\t\t\t<dd class='wp-caption-text gallery-caption' id='gallery-1-250'>\n\t\t\t\tThays Gruber\n\t\t\t\t<\/dd><\/dl><dl class='gallery-item'>\n\t\t\t<dt class='gallery-icon landscape'>\n\t\t\t\t<a href='https:\/\/exatas.ufpr.br\/degraf_andrea\/wp-content\/uploads\/sites\/6\/2014\/09\/ValeriaMelo.jpg'><img loading=\"lazy\" decoding=\"async\" width=\"150\" height=\"150\" src=\"https:\/\/exatas.ufpr.br\/degraf_andrea\/wp-content\/uploads\/sites\/6\/2014\/09\/ValeriaMelo-150x150.jpg\" class=\"attachment-thumbnail size-thumbnail\" alt=\"\" aria-describedby=\"gallery-1-251\" srcset=\"https:\/\/exatas.ufpr.br\/degraf_andrea\/wp-content\/uploads\/sites\/6\/2014\/09\/ValeriaMelo-150x150.jpg 150w, https:\/\/exatas.ufpr.br\/degraf_andrea\/wp-content\/uploads\/sites\/6\/2014\/09\/ValeriaMelo-230x230.jpg 230w, https:\/\/exatas.ufpr.br\/degraf_andrea\/wp-content\/uploads\/sites\/6\/2014\/09\/ValeriaMelo-80x80.jpg 80w\" sizes=\"auto, (max-width: 150px) 100vw, 150px\" \/><\/a>\n\t\t\t<\/dt>\n\t\t\t\t<dd class='wp-caption-text gallery-caption' id='gallery-1-251'>\n\t\t\t\tValeria Melo\n\t\t\t\t<\/dd><\/dl><br style=\"clear: both\" \/>\n\t\t<\/div>\n\n<hr \/>\n<h4><span style=\"text-decoration: underline\"><strong>Composi\u00e7\u00e3o Tridimensional<\/strong><\/span><\/h4>\n","protected":false},"excerpt":{"rendered":"<p>Composi\u00e7\u00e3o com Recorte Composi\u00e7\u00e3o Tridimensional<\/p>\n","protected":false},"author":4,"featured_media":0,"parent":0,"menu_order":0,"comment_status":"closed","ping_status":"closed","template":"","meta":{"footnotes":""},"class_list":["post-210","page","type-page","status-publish","hentry"],"_links":{"self":[{"href":"https:\/\/exatas.ufpr.br\/degraf_andrea\/wp-json\/wp\/v2\/pages\/210","targetHints":{"allow":["GET"]}}],"collection":[{"href":"https:\/\/exatas.ufpr.br\/degraf_andrea\/wp-json\/wp\/v2\/pages"}],"about":[{"href":"https:\/\/exatas.ufpr.br\/degraf_andrea\/wp-json\/wp\/v2\/types\/page"}],"author":[{"embeddable":true,"href":"https:\/\/exatas.ufpr.br\/degraf_andrea\/wp-json\/wp\/v2\/users\/4"}],"replies":[{"embeddable":true,"href":"https:\/\/exatas.ufpr.br\/degraf_andrea\/wp-json\/wp\/v2\/comments?post=210"}],"version-history":[{"count":7,"href":"https:\/\/exatas.ufpr.br\/degraf_andrea\/wp-json\/wp\/v2\/pages\/210\/revisions"}],"predecessor-version":[{"id":259,"href":"https:\/\/exatas.ufpr.br\/degraf_andrea\/wp-json\/wp\/v2\/pages\/210\/revisions\/259"}],"wp:attachment":[{"href":"https:\/\/exatas.ufpr.br\/degraf_andrea\/wp-json\/wp\/v2\/media?parent=210"}],"curies":[{"name":"wp","href":"https:\/\/api.w.org\/{rel}","templated":true}]}}