{"id":9,"date":"2014-11-05T15:14:50","date_gmt":"2014-11-05T15:14:50","guid":{"rendered":"https:\/\/exatas.ufpr.br\/degraf_adrianavaz\/?page_id=9"},"modified":"2021-12-08T23:00:24","modified_gmt":"2021-12-08T23:00:24","slug":"monitoria","status":"publish","type":"page","link":"https:\/\/exatas.ufpr.br\/degraf_adrianavaz\/monitoria\/","title":{"rendered":"Livros e cap\u00edtulos"},"content":{"rendered":"<p>2021_E-book Desenredos 15:\u00a0<a href=\"https:\/\/exatas.ufpr.br\/degraf_adrianavaz\/wp-content\/uploads\/sites\/17\/2014\/11\/2021_Desenredos-15_artigo-desenho.pdf\">artigo desenho<\/a><\/p>\n<p>2021_Narrativas e mem\u00f3rias partilhadas:\u00a0<a href=\"https:\/\/exatas.ufpr.br\/degraf_adrianavaz\/wp-content\/uploads\/sites\/17\/2014\/11\/Ebook-GEPETEL-2021.pdf\">Ebook &#8211; org. GEPETEL 2021<\/a>\u00a0(ver apresenta\u00e7\u00e3o e cap.7)<\/p>\n<p>2020_Narrativas est\u00e9ticas, forma\u00e7\u00e3o e ensino: <a href=\"https:\/\/exatas.ufpr.br\/degraf_adrianavaz\/wp-content\/uploads\/sites\/17\/2014\/11\/2020_EbookNarrativasEst\u00e9ticas-1.pdf\">E-book\u00a0<\/a>\u00a0(ver cap. 1; 5 e 10)<\/p>\n<p>2020_Percursos para uma educa\u00e7\u00e3o est\u00e9tica_p\u00fablico MON (cap):\u00a0<a href=\"https:\/\/play.google.com\/books\/reader?id=rDnpDwAAQBAJ&amp;hl=pt&amp;pg=GBS.PT1\">On-line: epub<\/a><\/p>\n<p>2019_livro_Desenho imitativo e definido.\u00a0<a href=\"https:\/\/www.pacolivros.com.br\/desenho-imitativo-e-definido-contribuicoes-para-historiografia-do-ensino-de-desenho-em-chave-com-a-educacao-estetica\">https:\/\/www.pacolivros.com.br\/desenho-imitativo-e-definido-contribuicoes-para-historiografia-do-ensino-de-desenho-em-chave-com-a-educacao-estetica<\/a><\/p>\n<p>2019_Educa\u00e7\u00e3o est\u00e9tica contexto escolar: <a href=\"https:\/\/exatas.ufpr.br\/degraf_adrianavaz\/wp-content\/uploads\/sites\/17\/2014\/11\/2019_cap_educa\u00e7ao-tecnologia-linguagem_vaz.pdf\">cap educa\u00e7\u00e3o tecnologia linguagem<\/a>;<\/p>\n<p>2019_Narrativa integra a educa\u00e7\u00e3o b\u00e1sica: <a href=\"https:\/\/exatas.ufpr.br\/degraf_adrianavaz\/wp-content\/uploads\/sites\/17\/2014\/11\/2019_cap_educa\u00e7ao-tecnologia-linguagem_vaz-e-rezende.pdf\">cap_educa\u00e7\u00e3o tecnologia linguagem<\/a>;<\/p>\n<p>2019_Instala\u00e7\u00e3o art\u00edstica: <a href=\"https:\/\/exatas.ufpr.br\/degraf_adrianavaz\/wp-content\/uploads\/sites\/17\/2014\/11\/2019_cap_instala\u00e7\u00e3o-art\u00edstica_e-book-A-Producao-do-Conhecimento-nas-Letras-Linguisticas-e-Artes-3.pdf\">cap e-book-A-Produ\u00e7\u00e3o Conhecimento Letras-Linguisticas-Artes-3<\/a>;<\/p>\n<p>2019_Imagens digitais_proc. cria\u00e7\u00e3o desenho: <a href=\"https:\/\/exatas.ufpr.br\/degraf_adrianavaz\/wp-content\/uploads\/sites\/17\/2014\/11\/2019_Cap_LIVRO_Imagens-digitais_silva_vaz.pdf\">cap Imagens digitais<\/a>;<\/p>\n<p>2019_Cadeias de atos_Docentes DDES\/UFPR: <u><span style=\"color: #000120\"><a href=\"https:\/\/exatas.ufpr.br\/degraf_adrianavaz\/wp-content\/uploads\/sites\/17\/2014\/11\/2019_cap_LIVRO_CADEIAS-DE-ATOS.pdf\">cap_livro_Cadeias<\/a><\/span><\/u>;<\/p>\n<p>2019_Cursos de Artes_Desenho_UFPR:<u><span style=\"color: #000120\"> <a href=\"https:\/\/exatas.ufpr.br\/degraf_adrianavaz\/wp-content\/uploads\/sites\/17\/2014\/11\/2019_capitulo_curso-de-artes_Educacao_no_seculoXXI_vol24.pdf\">cap Educacao_no_seculoXXI_vol24<\/a>;<\/span><\/u><\/p>\n<p>2019_Galerias de Artes Curitiba\/PR: <a href=\"https:\/\/exatas.ufpr.br\/degraf_adrianavaz\/wp-content\/uploads\/sites\/17\/2014\/11\/2019_cap-livro_galerias-de-arte_livro-hist\u00f3ria-intelectual-e-educa\u00e7\u00e3o.pdf\">cap livro hist\u00f3ria intelectual e educa\u00e7\u00e3o<\/a>;<\/p>\n<p>2018_Caminhos narrativas est\u00e9ticas:<a href=\"https:\/\/exatas.ufpr.br\/degraf_adrianavaz\/wp-content\/uploads\/sites\/17\/2014\/11\/2018_cap_Caminhos-para-narrativas-est\u00e9ticas.pdf\">2018_cap_Caminhos para narrativas est\u00e9ticas<\/a>;<\/p>\n<p>2016_livro Museu Oscar Niemeyer:\u00a0<a href=\"https:\/\/www.travessa.com.br\/olhares-e-narrativas-publico-do-museu-oscar-niemeyer-1-ed-2016\/artigo\/621417b0-1081-44cd-a414-8f65ae7ad1fd?pcd=041&amp;gclid=Cj0KCQjwyZmEBhCpARIsALIzmnK4W3fD4aH5fd-57jutuAtL-BCDn0AqPY4K1PKGrs5bnD9vapTisSwaAleeEALw_wcB\">https:\/\/www.travessa.com.br\/olhares-e-narrativas-publico-do-museu-oscar-niemeyer-1-ed-2016\/artigo\/621417b0-1081-44cd-a414-8f65ae7ad1fd?pcd=041&amp;gclid=Cj0KCQjwyZmEBhCpARIsALIzmnK4W3fD4aH5fd-57jutuAtL-BCDn0AqPY4K1PKGrs5bnD9vapTisSwaAleeEALw_wcB<\/a><\/p>\n<p>2015_livro galerias de arte:<a href=\"https:\/\/www.pacolivros.com.br\/artistas-plasticos-e-galerias-de-arte-em-curitiba-consagracao-simbolica-e-comercial\">https:\/\/www.pacolivros.com.br\/artistas-plasticos-e-galerias-de-arte-em-curitiba-consagracao-simbolica-e-comercial<\/a><\/p>\n<p>2013_Instala\u00e7\u00f5es e interatividade:<u><span style=\"color: #000120\"> <a href=\"https:\/\/exatas.ufpr.br\/degraf_adrianavaz\/wp-content\/uploads\/sites\/17\/2014\/11\/2013_artigo_Instala\u00e7\u00f5es-e-interatividade.pdf\">cap_Instala\u00e7\u00f5es e interatividade<\/a>;<\/span><\/u><\/p>\n<p>2010_Revisitando Pierre Bourdieu: <u><span style=\"color: #000120\"><a href=\"https:\/\/exatas.ufpr.br\/degraf_adrianavaz\/wp-content\/uploads\/sites\/17\/2014\/11\/2010_Interesse-pelo-desinteresse.pdf\">cap Interesse pelo desinteresse<\/a>;<\/span><\/u><\/p>\n<p>2010_Arte contemp._forma\u00e7\u00e3o de p\u00fablico:\u00a0<a href=\"https:\/\/exatas.ufpr.br\/degraf_adrianavaz\/wp-content\/uploads\/sites\/17\/2014\/11\/2010_artigo_Debate-sobre-arte-contempor\u00e2nea.pdf\">2010_artigo_Debate sobre arte contempor\u00e2nea<\/a><\/p>\n<p>&nbsp;<\/p>\n<p>&nbsp;<\/p>\n","protected":false},"excerpt":{"rendered":"<p>2021_E-book Desenredos 15:\u00a0artigo desenho 2021_Narrativas e mem\u00f3rias partilhadas:\u00a0Ebook &#8211; org. GEPETEL 2021\u00a0(ver apresenta\u00e7\u00e3o e cap.7) 2020_Narrativas est\u00e9ticas, forma\u00e7\u00e3o e ensino: E-book\u00a0\u00a0(ver cap. 1; 5 e 10) 2020_Percursos para uma educa\u00e7\u00e3o est\u00e9tica_p\u00fablico MON (cap):\u00a0On-line: epub 2019_livro_Desenho imitativo e definido.\u00a0https:\/\/www.pacolivros.com.br\/desenho-imitativo-e-definido-contribuicoes-para-historiografia-do-ensino-de-desenho-em-chave-com-a-educacao-estetica 2019_Educa\u00e7\u00e3o est\u00e9tica&hellip; <\/p>\n","protected":false},"author":21,"featured_media":0,"parent":0,"menu_order":0,"comment_status":"closed","ping_status":"closed","template":"","meta":{"footnotes":""},"class_list":["post-9","page","type-page","status-publish","hentry"],"_links":{"self":[{"href":"https:\/\/exatas.ufpr.br\/degraf_adrianavaz\/wp-json\/wp\/v2\/pages\/9","targetHints":{"allow":["GET"]}}],"collection":[{"href":"https:\/\/exatas.ufpr.br\/degraf_adrianavaz\/wp-json\/wp\/v2\/pages"}],"about":[{"href":"https:\/\/exatas.ufpr.br\/degraf_adrianavaz\/wp-json\/wp\/v2\/types\/page"}],"author":[{"embeddable":true,"href":"https:\/\/exatas.ufpr.br\/degraf_adrianavaz\/wp-json\/wp\/v2\/users\/21"}],"replies":[{"embeddable":true,"href":"https:\/\/exatas.ufpr.br\/degraf_adrianavaz\/wp-json\/wp\/v2\/comments?post=9"}],"version-history":[{"count":39,"href":"https:\/\/exatas.ufpr.br\/degraf_adrianavaz\/wp-json\/wp\/v2\/pages\/9\/revisions"}],"predecessor-version":[{"id":1233,"href":"https:\/\/exatas.ufpr.br\/degraf_adrianavaz\/wp-json\/wp\/v2\/pages\/9\/revisions\/1233"}],"wp:attachment":[{"href":"https:\/\/exatas.ufpr.br\/degraf_adrianavaz\/wp-json\/wp\/v2\/media?parent=9"}],"curies":[{"name":"wp","href":"https:\/\/api.w.org\/{rel}","templated":true}]}}