{"id":34,"date":"2014-11-06T12:16:05","date_gmt":"2014-11-06T12:16:05","guid":{"rendered":"https:\/\/exatas.ufpr.br\/degraf_adrianavaz\/?page_id=34"},"modified":"2022-09-14T18:18:10","modified_gmt":"2022-09-14T18:18:10","slug":"producao-academica","status":"publish","type":"page","link":"https:\/\/exatas.ufpr.br\/degraf_adrianavaz\/producao-academica\/","title":{"rendered":"Revistas"},"content":{"rendered":"<p><strong>2021:\u00a0<\/strong><a href=\"https:\/\/exatas.ufpr.br\/degraf_adrianavaz\/wp-content\/uploads\/sites\/17\/2014\/11\/2021_artigo_Reconhecimento-oficial-de-artistas-mulheres.pdf\">artigo_Reconhecimento oficial de artistas mulheres<\/a><\/p>\n<p><strong>2021:\u00a0<\/strong><a href=\"https:\/\/exatas.ufpr.br\/degraf_adrianavaz\/wp-content\/uploads\/sites\/17\/2014\/11\/2021_artigo-Arte-Sensibilidades-e-Educa\u00e7\u00e3o-est\u00e9tica.pdf\">artigo Arte Sensibilidades e Educa\u00e7\u00e3o est\u00e9tica<\/a><\/p>\n<p><strong>2020:\u00a0<\/strong><a href=\"https:\/\/exatas.ufpr.br\/degraf_adrianavaz\/wp-content\/uploads\/sites\/17\/2014\/11\/2020_artistas-mulheres-da-gera\u00e7\u00e3o_1980.pdf\">artistas mulheres da gera\u00e7\u00e3o_1980<\/a><\/p>\n<p><strong>2020<\/strong>:<u><span style=\"color: #000120\"> <span style=\"color: #000120\"><a href=\"https:\/\/exatas.ufpr.br\/degraf_adrianavaz\/wp-content\/uploads\/sites\/17\/2014\/11\/2019_2020_artigo_praxis-educativa_Educa\u00e7\u00e3o-dos-sentidos.pdf\">artigo_praxis educativa_Educa\u00e7\u00e3o dos sentidos_desenho<\/a><\/span>;<\/span><\/u><\/p>\n<p><strong>2020<\/strong>:<u><span style=\"color: #000120\"> <a href=\"https:\/\/exatas.ufpr.br\/degraf_adrianavaz\/wp-content\/uploads\/sites\/17\/2014\/11\/2020_artigo-RBHE_ensino-de-desenho_cursos-do-Departamento-de-artes-UFPR.pdf\">artigo RBHE desenho Departamento de artes UFPR<\/a>;<\/span><\/u><\/p>\n<p><strong>2019<\/strong>: Tecnologias visuais_compreens\u00e3o cr\u00edtica imagem:<u><span style=\"color: #000120\"> <a href=\"https:\/\/exatas.ufpr.br\/degraf_adrianavaz\/wp-content\/uploads\/sites\/17\/2014\/11\/2019_artigo-tecnologias-visuais_silva_g\u00f3es_vaz.pdf\">artigo tecnologias visuais_silva_g\u00f3es_vaz<\/a>;<\/span><\/u><\/p>\n<p><strong>2018<\/strong>:<u><span style=\"color: #000120\"> <a href=\"https:\/\/exatas.ufpr.br\/degraf_adrianavaz\/wp-content\/uploads\/sites\/17\/2014\/11\/2018_out_artigo_Departamento-de-desenho-da-UFPR_Portugues.pdf\">artigo_Departamento de desenho da UFPR_Portugues<\/a>;<\/span><\/u><\/p>\n<p><u><\/u><u><\/u><u><\/u><u><\/u><strong>2<\/strong><a href=\"https:\/\/exatas.ufpr.br\/degraf_adrianavaz\/wp-content\/uploads\/sites\/17\/2014\/11\/2017_Referencias-sobre-desenho_EMP.pdf\"><strong>017<\/strong>: Referencias sobre desenho_EMP<\/a>;<\/p>\n<p><a href=\"https:\/\/exatas.ufpr.br\/degraf_adrianavaz\/wp-content\/uploads\/sites\/17\/2014\/11\/2017_Mudan\u00e7a-professores-de-arte-Paran\u00e1_Educa\u00e7\u00e3o-Unisinos.pdf\"><strong>2017<\/strong>: Mudan\u00e7a professores de arte Paran\u00e1_Educa\u00e7\u00e3o Unisinos<\/a>;<\/p>\n<p><strong>2017<\/strong>:<u><span style=\"color: #000120\"> <a href=\"https:\/\/exatas.ufpr.br\/degraf_adrianavaz\/wp-content\/uploads\/sites\/17\/2014\/11\/2017_dez_Configura\u00e7\u00f5es-iniciais-do-ensino-de-desenho.pdf\">artigo Configura\u00e7\u00f5es iniciais ensino de desenho<\/a>;<\/span><\/u><\/p>\n<p><a href=\"https:\/\/exatas.ufpr.br\/degraf_adrianavaz\/wp-content\/uploads\/sites\/17\/2014\/11\/2016_Museu-como-templo-e-pra\u00e7a-p\u00fablica_Museologia-Interdisciplinariedade.pdf\"><strong>2016<\/strong>: Museu como templo e pra\u00e7a p\u00fablica MON Museologia Interdisciplinariedade<\/a>;<\/p>\n<p><strong>2016<\/strong>: <a href=\"https:\/\/exatas.ufpr.br\/degraf_adrianavaz\/wp-content\/uploads\/sites\/17\/2014\/11\/2016_Institucionaliza\u00e7\u00e3o-dos-artistas_revista-NEP.pdf\">Institucionaliza\u00e7\u00e3o dos artistas_revista NEP<\/a>;<\/p>\n<p><strong>2012<\/strong>_Acervo art\u00edstico NovoMuseu\/MON: <u><span style=\"color: #000120\"><a href=\"https:\/\/exatas.ufpr.br\/degraf_adrianavaz\/wp-content\/uploads\/sites\/17\/2014\/11\/2012_REVISTA_FAP_VAZ-1.pdf\">artigo Revista FAP<\/a><\/span><span style=\"color: #000120\">;<\/span><\/u><\/p>\n<p><strong>2009<\/strong>:Institui\u00e7\u00f5es culturais_Mulheres:<u><span style=\"color: #000120\"> <a href=\"https:\/\/exatas.ufpr.br\/degraf_adrianavaz\/wp-content\/uploads\/sites\/17\/2014\/11\/2009_REVISTA_FAP_VAZ_Institui\u00e7\u00f5es-culturais.pdf\">artigo REVISTA_FAP_VAZ<\/a>;<\/span><\/u><\/p>\n<p><strong>2008<\/strong>: Mercado de artes visuais Curitiba: <u><span style=\"color: #000120\"><a href=\"https:\/\/exatas.ufpr.br\/degraf_adrianavaz\/wp-content\/uploads\/sites\/17\/2014\/11\/2008_REVISTA_FAP_VAZ_Mercado-Artes-visuais.pdf\">artigo REVISTA_FAP_VAZ<\/a>;<\/span><\/u><\/p>\n","protected":false},"excerpt":{"rendered":"<p>2021:\u00a0artigo_Reconhecimento oficial de artistas mulheres 2021:\u00a0artigo Arte Sensibilidades e Educa\u00e7\u00e3o est\u00e9tica 2020:\u00a0artistas mulheres da gera\u00e7\u00e3o_1980 2020: artigo_praxis educativa_Educa\u00e7\u00e3o dos sentidos_desenho; 2020: artigo RBHE desenho Departamento de artes UFPR; 2019: Tecnologias visuais_compreens\u00e3o cr\u00edtica imagem: artigo tecnologias visuais_silva_g\u00f3es_vaz; 2018: artigo_Departamento de desenho&hellip; <\/p>\n","protected":false},"author":21,"featured_media":0,"parent":0,"menu_order":0,"comment_status":"closed","ping_status":"closed","template":"","meta":{"footnotes":""},"class_list":["post-34","page","type-page","status-publish","hentry"],"_links":{"self":[{"href":"https:\/\/exatas.ufpr.br\/degraf_adrianavaz\/wp-json\/wp\/v2\/pages\/34","targetHints":{"allow":["GET"]}}],"collection":[{"href":"https:\/\/exatas.ufpr.br\/degraf_adrianavaz\/wp-json\/wp\/v2\/pages"}],"about":[{"href":"https:\/\/exatas.ufpr.br\/degraf_adrianavaz\/wp-json\/wp\/v2\/types\/page"}],"author":[{"embeddable":true,"href":"https:\/\/exatas.ufpr.br\/degraf_adrianavaz\/wp-json\/wp\/v2\/users\/21"}],"replies":[{"embeddable":true,"href":"https:\/\/exatas.ufpr.br\/degraf_adrianavaz\/wp-json\/wp\/v2\/comments?post=34"}],"version-history":[{"count":89,"href":"https:\/\/exatas.ufpr.br\/degraf_adrianavaz\/wp-json\/wp\/v2\/pages\/34\/revisions"}],"predecessor-version":[{"id":1310,"href":"https:\/\/exatas.ufpr.br\/degraf_adrianavaz\/wp-json\/wp\/v2\/pages\/34\/revisions\/1310"}],"wp:attachment":[{"href":"https:\/\/exatas.ufpr.br\/degraf_adrianavaz\/wp-json\/wp\/v2\/media?parent=34"}],"curies":[{"name":"wp","href":"https:\/\/api.w.org\/{rel}","templated":true}]}}