{"id":887,"date":"2014-09-09T21:43:14","date_gmt":"2014-09-10T00:43:14","guid":{"rendered":"https:\/\/exatas.ufpr.br\/degraf\/?page_id=887"},"modified":"2015-10-20T14:19:15","modified_gmt":"2015-10-20T16:19:15","slug":"videos","status":"publish","type":"page","link":"https:\/\/exatas.ufpr.br\/degraf\/videos\/","title":{"rendered":"Galeria de v\u00eddeos"},"content":{"rendered":"<hr>\n<h4>&#x1f528; &#x1f527; P\u00e1gina em constru\u00e7\u00e3o&#8230;<\/h4>\n<p><img loading=\"lazy\" decoding=\"async\" alt=\"construcao\" src=\"\/degraf\/wp-content\/uploads\/sites\/2\/2014\/09\/construcao.gif\" width=\"296\" height=\"112\"\/> <\/p>\n","protected":false},"excerpt":{"rendered":"<p>&#x1f528; &#x1f527; P\u00e1gina em constru\u00e7\u00e3o&#8230;<\/p>\n","protected":false},"author":1,"featured_media":888,"parent":0,"menu_order":0,"comment_status":"closed","ping_status":"closed","template":"","meta":{"footnotes":""},"class_list":["post-887","page","type-page","status-publish","has-post-thumbnail","hentry"],"_links":{"self":[{"href":"https:\/\/exatas.ufpr.br\/degraf\/wp-json\/wp\/v2\/pages\/887","targetHints":{"allow":["GET"]}}],"collection":[{"href":"https:\/\/exatas.ufpr.br\/degraf\/wp-json\/wp\/v2\/pages"}],"about":[{"href":"https:\/\/exatas.ufpr.br\/degraf\/wp-json\/wp\/v2\/types\/page"}],"author":[{"embeddable":true,"href":"https:\/\/exatas.ufpr.br\/degraf\/wp-json\/wp\/v2\/users\/1"}],"replies":[{"embeddable":true,"href":"https:\/\/exatas.ufpr.br\/degraf\/wp-json\/wp\/v2\/comments?post=887"}],"version-history":[{"count":11,"href":"https:\/\/exatas.ufpr.br\/degraf\/wp-json\/wp\/v2\/pages\/887\/revisions"}],"predecessor-version":[{"id":1305,"href":"https:\/\/exatas.ufpr.br\/degraf\/wp-json\/wp\/v2\/pages\/887\/revisions\/1305"}],"wp:featuredmedia":[{"embeddable":true,"href":"https:\/\/exatas.ufpr.br\/degraf\/wp-json\/wp\/v2\/media\/888"}],"wp:attachment":[{"href":"https:\/\/exatas.ufpr.br\/degraf\/wp-json\/wp\/v2\/media?parent=887"}],"curies":[{"name":"wp","href":"https:\/\/api.w.org\/{rel}","templated":true}]}}