{"id":876,"date":"2014-09-09T21:39:06","date_gmt":"2014-09-10T00:39:06","guid":{"rendered":"https:\/\/exatas.ufpr.br\/degraf\/?page_id=876"},"modified":"2014-09-09T21:39:24","modified_gmt":"2014-09-10T00:39:24","slug":"fotos-reforma","status":"publish","type":"page","link":"https:\/\/exatas.ufpr.br\/degraf\/fotos-reforma\/","title":{"rendered":"Fotos da reforma das novas instala\u00e7\u00f5es do departamento"},"content":{"rendered":"<p class=\"normal\">A festa de inaugura\u00e7\u00e3o foi realizada em 16\/04\/2009, e contou com as presen\u00e7as dos professores Zaki Akel Sobrinho, reitor da UFPR, do professor S\u00e9rgio Scheer, Pr\u00f3-Reitor de Pesquisa e P\u00f3s-Gradua\u00e7\u00e3o,Rita de C\u00e1ssia Lopes, Pr\u00f3-Reitora de Assuntos Estudantis, Professor Ernesto Sperandio Neto, Prefeito da Cidade Universit\u00e1ria, Jos\u00e9 Clovis Pereira Borges, da Assessoria da Pr\u00f3-Reitoria de Administra\u00e7\u00e3o, da professora S\u00edlvia Helena Soares Schwab, diretora do Setor de Ci\u00eancias Exatas, da professora Soraya Rosana Torres Kudri, vice-diretora do Setor de Ci\u00eancias Exatas, al\u00e9m dos coordenadores de cursos de gradua\u00e7\u00e3o e p\u00f3s-gradua\u00e7\u00e3o, chefes dos departamentos e funcion\u00e1rios do Setor de Ci\u00eancias Exatas.<\/p>\n<p class=\"normal\">Agradecemos a todos que compareceram \u00e0 festa, e a todos que colaboraram com esta conquista do departamento de Express\u00e3o Gr\u00e1fica.<\/p>\n<table>\n<tr>\n<p class=\"not4\"><a href=\"fotos-inauguracao\">Festa de Inaugura\u00e7\u00e3o<\/a><\/p>\n<p class=\"not4\">Reforma do 4&ordm; andar<\/p>\n<\/tr>\n<\/table>\n\n","protected":false},"excerpt":{"rendered":"<p>A festa de inaugura\u00e7\u00e3o foi realizada em 16\/04\/2009, e contou com as presen\u00e7as dos professores Zaki Akel Sobrinho, reitor da UFPR, do professor S\u00e9rgio Scheer, Pr\u00f3-Reitor de Pesquisa e P\u00f3s-Gradua\u00e7\u00e3o,Rita de C\u00e1ssia Lopes, Pr\u00f3-Reitora de Assuntos Estudantis, Professor Ernesto Sperandio&hellip; <\/p>\n","protected":false},"author":1,"featured_media":0,"parent":0,"menu_order":0,"comment_status":"closed","ping_status":"closed","template":"","meta":{"footnotes":""},"class_list":["post-876","page","type-page","status-publish","hentry"],"_links":{"self":[{"href":"https:\/\/exatas.ufpr.br\/degraf\/wp-json\/wp\/v2\/pages\/876","targetHints":{"allow":["GET"]}}],"collection":[{"href":"https:\/\/exatas.ufpr.br\/degraf\/wp-json\/wp\/v2\/pages"}],"about":[{"href":"https:\/\/exatas.ufpr.br\/degraf\/wp-json\/wp\/v2\/types\/page"}],"author":[{"embeddable":true,"href":"https:\/\/exatas.ufpr.br\/degraf\/wp-json\/wp\/v2\/users\/1"}],"replies":[{"embeddable":true,"href":"https:\/\/exatas.ufpr.br\/degraf\/wp-json\/wp\/v2\/comments?post=876"}],"version-history":[{"count":1,"href":"https:\/\/exatas.ufpr.br\/degraf\/wp-json\/wp\/v2\/pages\/876\/revisions"}],"predecessor-version":[{"id":886,"href":"https:\/\/exatas.ufpr.br\/degraf\/wp-json\/wp\/v2\/pages\/876\/revisions\/886"}],"wp:attachment":[{"href":"https:\/\/exatas.ufpr.br\/degraf\/wp-json\/wp\/v2\/media?parent=876"}],"curies":[{"name":"wp","href":"https:\/\/api.w.org\/{rel}","templated":true}]}}