{"id":52,"date":"2014-09-05T20:42:04","date_gmt":"2014-09-05T23:42:04","guid":{"rendered":"https:\/\/exatas.ufpr.br\/degraf\/?page_id=52"},"modified":"2023-12-15T14:51:54","modified_gmt":"2023-12-15T17:51:54","slug":"chefia-e-funcionarios","status":"publish","type":"page","link":"https:\/\/exatas.ufpr.br\/degraf\/chefia-e-funcionarios\/","title":{"rendered":"Chefia e funcion\u00e1rios"},"content":{"rendered":"<table>\n<tbody>\n<tr>\n<td>Secret\u00e1ria do Departamento<br \/>\n<a>Luciana Klug Madeira\u00a0Fran\u00e7\u00f3ia<\/a>|&#x1f4e7;\u00a0degraf@ufpr.br\u00a0 \u00a0 &#8211; &#x1f4de; 3361-3039<\/td>\n<\/tr>\n<tr>\n<td>T\u00e9cnico dos laborat\u00f3rios<br \/>\n<a>Junior Ferri<\/a><br \/>\n&#x1f4e7; junior.ferri@ufpr.br<\/td>\n<\/tr>\n<tr>\n<td colspan=\"2\">Chefe do Departamento &#8211; M\u00e1rcio Henrique de Sousa Carboni<br \/>\n&#x1f4e7; mhcarboni@ufpr.br &#8211; &#x1f4de;3361 &#8211; 3652<\/td>\n<\/tr>\n<tr>\n<td colspan=\"2\">Chefe Suplente do Departamento &#8211; Isabella de Souza Sierra<br \/>\n&#x1f4e7; isabella.sierra@ufpr.br &#8211; &#x1f4de;3361 &#8211; 3652<\/td>\n<\/tr>\n<\/tbody>\n<\/table>\n<p>*Os t\u00e9cnicos do Departamento encontram-se em teletrabalho parcial, segue abaixo planilha com dias presenciais e formas de contato:<\/p>\n<p><b>SECRETARIA DO DEPARTAMENTO DE EXPRESS\u00c3O GR\u00c1FICA<\/b><\/p>\n<table style=\"height: 256px\" width=\"802\">\n<tbody>\n<tr>\n<td><b>DIAS PRESENCIAIS<\/b><\/td>\n<td><b>CONTATO<\/b><\/td>\n<\/tr>\n<tr>\n<td>\n<ul>\n<li style=\"font-weight: 400\"><span style=\"font-weight: 400\">Quarta-feira<\/span><\/li>\n<li style=\"font-weight: 400\"><span style=\"font-weight: 400\">Sexta-feira<\/span><\/li>\n<\/ul>\n<p><span style=\"font-weight: 400\">\u00a0\u00a0\u00a0Teletrabalho nos demais dias<\/span><\/td>\n<td>\n<ul>\n<li style=\"font-weight: 400\"><span style=\"font-weight: 400\">Luciana Klug Madeira Fran\u00e7\u00f3ia<\/span><\/li>\n<li style=\"font-weight: 400\"><span style=\"font-weight: 400\">Email: <\/span><a href=\"mailto:degraf@ufpr.br\"><span style=\"font-weight: 400\">degraf@ufpr.br<\/span><\/a><\/li>\n<li style=\"font-weight: 400\"><span style=\"font-weight: 400\">Whatsapp: 41 998543649<\/span><\/li>\n<li style=\"font-weight: 400\"><span style=\"font-weight: 400\">Teams: <\/span><a href=\"mailto:madeira@ufpr.br\"><span style=\"font-weight: 400\">madeira@ufpr.br<\/span><\/a><span style=\"font-weight: 400\">\u00a0<\/span><\/li>\n<\/ul>\n<\/td>\n<\/tr>\n<\/tbody>\n<\/table>\n<p><b>SECRETARIA DA COORDENA\u00c7\u00c3O DA EXPRESS\u00c3O GR\u00c1FICA<\/b><\/p>\n<table style=\"height: 250px\" width=\"793\">\n<tbody>\n<tr>\n<td><b>DIAS PRESENCIAIS<\/b><\/td>\n<td><b>CONTATO<\/b><\/td>\n<\/tr>\n<tr>\n<td>\n<ul>\n<li style=\"font-weight: 400\"><span style=\"font-weight: 400\">Ter\u00e7a-feira<\/span><\/li>\n<li style=\"font-weight: 400\"><span style=\"font-weight: 400\">Quinta-feira<\/span><\/li>\n<\/ul>\n<p><span style=\"font-weight: 400\">\u00a0\u00a0\u00a0\u00a0Teletrabalho nos demais dias<\/span><\/td>\n<td>\n<ul>\n<li style=\"font-weight: 400\"><span style=\"font-weight: 400\">Luiz Henrique T\u00falio<\/span><\/li>\n<li style=\"font-weight: 400\"><span style=\"font-weight: 400\">Email: <\/span><a href=\"mailto:cegraf@ufpr.br\"><span style=\"font-weight: 400\">cegraf@ufpr.br<\/span><\/a><span style=\"font-weight: 400\">\u00a0<\/span><\/li>\n<li style=\"font-weight: 400\"><span style=\"font-weight: 400\">Whatsapp: 41 988141131<\/span><\/li>\n<li style=\"font-weight: 400\"><span style=\"font-weight: 400\">Teams: <\/span><a href=\"mailto:cegraf@ufpr.br\"><span style=\"font-weight: 400\">cegraf@ufpr.br<\/span><\/a><span style=\"font-weight: 400\">\u00a0<\/span><\/li>\n<\/ul>\n<\/td>\n<\/tr>\n<\/tbody>\n<\/table>\n<p><b>*Recebimento de compras nas segundas-feiras &#8211; Sala 412<\/b><\/p>\n<p><strong>T\u00c9CNICO DE LABORAT\u00d3RIO<\/strong><\/p>\n<table style=\"height: 264px\" width=\"806\">\n<tbody>\n<tr>\n<td><b>DIAS PRESENCIAIS<\/b><\/td>\n<td><b>CONTATO<\/b><\/td>\n<\/tr>\n<tr>\n<td>\n<ul>\n<li style=\"font-weight: 400\"><span style=\"font-weight: 400\">Segunda-feira<\/span><\/li>\n<li style=\"font-weight: 400\"><span style=\"font-weight: 400\">Quarta-feira<\/span><\/li>\n<li>Sexta-feira<\/li>\n<\/ul>\n<p><span style=\"font-weight: 400\">\u00a0\u00a0\u00a0\u00a0Teletrabalho nos demais dias<\/span><\/td>\n<td>\n<ul>\n<li style=\"font-weight: 400\"><span style=\"font-weight: 400\">Junior Ferri<\/span><\/li>\n<li style=\"font-weight: 400\"><span style=\"font-weight: 400\">Email: <\/span><a href=\"mailto:cegraf@ufpr.br\"><span style=\"font-weight: 400\">junior.ferri@ufpr.br<\/span><\/a><span style=\"font-weight: 400\">\u00a0<\/span><\/li>\n<\/ul>\n<\/td>\n<\/tr>\n<\/tbody>\n<\/table>\n","protected":false},"excerpt":{"rendered":"<p>Secret\u00e1ria do Departamento Luciana Klug Madeira\u00a0Fran\u00e7\u00f3ia|&#x1f4e7;\u00a0degraf@ufpr.br\u00a0 \u00a0 &#8211; &#x1f4de; 3361-3039 T\u00e9cnico dos laborat\u00f3rios Junior Ferri &#x1f4e7; junior.ferri@ufpr.br Chefe do Departamento &#8211; M\u00e1rcio Henrique de Sousa Carboni &#x1f4e7; mhcarboni@ufpr.br &#8211; &#x1f4de;3361 &#8211; 3652 Chefe Suplente do Departamento &#8211; Isabella de Souza&hellip; <\/p>\n","protected":false},"author":1,"featured_media":0,"parent":0,"menu_order":0,"comment_status":"closed","ping_status":"closed","template":"","meta":{"footnotes":""},"class_list":["post-52","page","type-page","status-publish","hentry"],"_links":{"self":[{"href":"https:\/\/exatas.ufpr.br\/degraf\/wp-json\/wp\/v2\/pages\/52","targetHints":{"allow":["GET"]}}],"collection":[{"href":"https:\/\/exatas.ufpr.br\/degraf\/wp-json\/wp\/v2\/pages"}],"about":[{"href":"https:\/\/exatas.ufpr.br\/degraf\/wp-json\/wp\/v2\/types\/page"}],"author":[{"embeddable":true,"href":"https:\/\/exatas.ufpr.br\/degraf\/wp-json\/wp\/v2\/users\/1"}],"replies":[{"embeddable":true,"href":"https:\/\/exatas.ufpr.br\/degraf\/wp-json\/wp\/v2\/comments?post=52"}],"version-history":[{"count":43,"href":"https:\/\/exatas.ufpr.br\/degraf\/wp-json\/wp\/v2\/pages\/52\/revisions"}],"predecessor-version":[{"id":2564,"href":"https:\/\/exatas.ufpr.br\/degraf\/wp-json\/wp\/v2\/pages\/52\/revisions\/2564"}],"wp:attachment":[{"href":"https:\/\/exatas.ufpr.br\/degraf\/wp-json\/wp\/v2\/media?parent=52"}],"curies":[{"name":"wp","href":"https:\/\/api.w.org\/{rel}","templated":true}]}}