{"id":298,"date":"2014-09-09T15:11:16","date_gmt":"2014-09-09T18:11:16","guid":{"rendered":"https:\/\/exatas.ufpr.br\/degraf\/?page_id=298"},"modified":"2014-09-09T15:11:19","modified_gmt":"2014-09-09T18:11:19","slug":"historia","status":"publish","type":"page","link":"https:\/\/exatas.ufpr.br\/degraf\/historia\/","title":{"rendered":"Hist\u00f3ria"},"content":{"rendered":"<hr \/>\n<p class=\"normal\">Atrav\u00e9s da Reforma Universit\u00e1ria ocorrida na UFPR no ano de 1971, foi criado o Departamento de Desenho e Geometria Descritiva. Dois anos depois, foi criado o Setor de Ci\u00eancias Exatas, e o Departamento de Matem\u00e1tica foi dividido em dois departamentos: Matem\u00e1tica Aplicada e Desenho; e Matem\u00e1tica. Em 1974 foi criada e aprovada pelo Conselho Setorial do Setor de Exatas uma nova estrutura departamental para o Setor, por for\u00e7a de uma determina\u00e7\u00e3o do Conselho Federal de Educa\u00e7\u00e3o, passando ent\u00e3o \u00e0 denomina\u00e7\u00e3o Departamento de Desenho.<\/p>\n<p class=\"normal\">O Departamento de Desenho oferta disciplinas com conte\u00fados das seguintes \u00e1reas: Desenho Geom\u00e9trico, Desenho T\u00e9cnico, Geometria Descritiva e Elementos de Geometria. Com a moderniza\u00e7\u00e3o das disciplinas a partir de 1998, outras disciplinas foram criadas ou reformuladas, envolvendo a utiliza\u00e7\u00e3o de softwares de Geometria Din\u00e2mica e CAD.<\/p>\n<p class=\"normal\">Em 1999, foi implantado o &#8220;Laborat\u00f3rio de Matem\u00e1tica e Desenho&#8221; &#8211; LAMADE, que funciona na sala PC12 do Bloco Did\u00e1tico do Setor de Ci\u00eancias Exatas, em parceria com o departamento de Matem\u00e1tica. O LAMADE tem capacidade para 20 computadores para uso nas disciplinas do Setor de Ci\u00eancias Exatas, al\u00e9m de alunos de qualquer curso da UFPR.<\/p>\n<p class=\"normal\">O Departamento de Desenho ofertou em 2002 a turma do curso de Especializa\u00e7\u00e3o em &#8220;Desenho aplicado ao Ensino da Express\u00e3o Gr\u00e1fica&#8221;, e no ano de 2007 foi ofertada a primeira turma do curso de Especializa\u00e7\u00e3o em <b><a href=\"curso-de-pos-graduacao\">Express\u00e3o Gr\u00e1fica no Ensino<\/a><\/b>. O objetivo principal destes cursos \u00e9 a contribui\u00e7\u00e3o no processo de integra\u00e7\u00e3o da UFPR com o ensino fundamental, m\u00e9dio e superior.<\/p>\n<p class=\"normal\">No ano de 2006, foi implantado o &#8220;Laborat\u00f3rio Did\u00e1tico de Desenho&#8221;, que funciona na sala PC10 do Bloco Did\u00e1tico do Setor de Ci\u00eancias Exatas. Este laborat\u00f3rio tem capacidade para 30 computadores para uso nas disciplinas do departamento que s\u00e3o ofertadas para os cursos de gradua\u00e7\u00e3o e p\u00f3s-gradua\u00e7\u00e3o da UFPR. No mesmo ano, o departamento implantou o &#8220;Laborat\u00f3rio de Ensino, Pesquisa e Extens\u00e3o&#8221;, que funciona na sala PC15 e serve como ambiente para desenvolvimento de projetos de pesquisa e extens\u00e3o dos professores do departamento.<\/p>\n<p class=\"normal\">Desde 1998 o departamento vem estabelecendo uma pol\u00edtica de atualiza\u00e7\u00e3o e melhoria na qualidade de ensino e dos servi\u00e7os que oferece \u00e0 comunidade. Desta forma, al\u00e9m de colocarmos em pr\u00e1tica a (re)qualifica\u00e7\u00e3o de nossos professores, viemos paralelamente melhorando nossas instala\u00e7\u00f5es, criando ambientes mais apropriados para o trabalho e para as aulas, discutindo junto \u00e0s coordena\u00e7\u00f5es dos cursos que nosso departamento atende, sobre a reformula\u00e7\u00e3o dos conte\u00fados ministrados em nossas disciplinas, temos tamb\u00e9m oferecido cursos de extens\u00e3o \u00e0 comunidade que complementam e enriquecem a aprendizagem de nosso estudantes. Hoje o departamento conta com mais da metade dos professores com doutorado, al\u00e9m de 3 professores j\u00e1 est\u00e3o cursando doutorado.<\/p>\n<p class=\"normal\">Em novembro de 2008 o departamento mudou o nome para &#8220;Express\u00e3o Gr\u00e1fica&#8221; com o objetivo de modernizar o nome, al\u00e9m de adequar-se \u00e0s resolu\u00e7\u00f5es vigentes que tratam das principais \u00e1reas de conhecimento das disciplinas do departamento.<\/p>\n<p class=\"normal\">Em 2012, a UFPR oferece a primeira turma do <b><a href=\"\/cegraf\">curso de Bacharelado em Express\u00e3o Gr\u00e1fica<\/a><\/b>. O objetivo<br \/>\nobjetivo deste curso \u00e9 formar profissionais para elabora\u00e7\u00e3o de projetos t\u00e9cnicos nas \u00e1reas de arquitetura, desenho de produto, mobili\u00e1rio e desenho mec\u00e2nico, utilizando as novas tecnologias dispon\u00edveis no mercado para representa\u00e7\u00e3o de projetos digitais, tais como softwares de modelagem 2D\/3D e prototipagem r\u00e1pida.<\/p>\n","protected":false},"excerpt":{"rendered":"<p>Atrav\u00e9s da Reforma Universit\u00e1ria ocorrida na UFPR no ano de 1971, foi criado o Departamento de Desenho e Geometria Descritiva. Dois anos depois, foi criado o Setor de Ci\u00eancias Exatas, e o Departamento de Matem\u00e1tica foi dividido em dois departamentos:&hellip; <\/p>\n","protected":false},"author":1,"featured_media":0,"parent":0,"menu_order":0,"comment_status":"closed","ping_status":"closed","template":"","meta":{"footnotes":""},"class_list":["post-298","page","type-page","status-publish","hentry"],"_links":{"self":[{"href":"https:\/\/exatas.ufpr.br\/degraf\/wp-json\/wp\/v2\/pages\/298","targetHints":{"allow":["GET"]}}],"collection":[{"href":"https:\/\/exatas.ufpr.br\/degraf\/wp-json\/wp\/v2\/pages"}],"about":[{"href":"https:\/\/exatas.ufpr.br\/degraf\/wp-json\/wp\/v2\/types\/page"}],"author":[{"embeddable":true,"href":"https:\/\/exatas.ufpr.br\/degraf\/wp-json\/wp\/v2\/users\/1"}],"replies":[{"embeddable":true,"href":"https:\/\/exatas.ufpr.br\/degraf\/wp-json\/wp\/v2\/comments?post=298"}],"version-history":[{"count":1,"href":"https:\/\/exatas.ufpr.br\/degraf\/wp-json\/wp\/v2\/pages\/298\/revisions"}],"predecessor-version":[{"id":299,"href":"https:\/\/exatas.ufpr.br\/degraf\/wp-json\/wp\/v2\/pages\/298\/revisions\/299"}],"wp:attachment":[{"href":"https:\/\/exatas.ufpr.br\/degraf\/wp-json\/wp\/v2\/media?parent=298"}],"curies":[{"name":"wp","href":"https:\/\/api.w.org\/{rel}","templated":true}]}}