{"id":274,"date":"2014-09-09T13:54:11","date_gmt":"2014-09-09T16:54:11","guid":{"rendered":"https:\/\/exatas.ufpr.br\/degraf\/?page_id=274"},"modified":"2024-03-12T11:29:48","modified_gmt":"2024-03-12T14:29:48","slug":"public-materiais","status":"publish","type":"page","link":"https:\/\/exatas.ufpr.br\/degraf\/public-materiais\/","title":{"rendered":"Materiais did\u00e1ticos dos professores"},"content":{"rendered":"<h5>Materiais did\u00e1ticos publicados pelos professores do DEGRAF<\/h5>\n<hr \/>\n<p><a href=\"https:\/\/www.degraf.ufpr.br\/public\/elementos.pdf\" target=\"_blank\" rel=\"noopener\">ELEMENTOS DE GEOMETRIA (nova vers\u00e3o: 2012)<\/a><br \/>\nDeise Maria Bertholdi Costa, Jos\u00e9 Luiz Teixeira, Paulo Henrique Siqueira, Luzia Vidal de Souza<\/p>\n<hr \/>\n<p><a href=\"https:\/\/www.degraf.ufpr.br\/public\/conicas.pdf\" target=\"_blank\" rel=\"noopener\">C\u00d4NICAS (nova vers\u00e3o: 2012)<\/a><br \/>\nPaulo Henrique Siqueira, Antonio Mochon Costa<\/p>\n","protected":false},"excerpt":{"rendered":"<p>Materiais did\u00e1ticos publicados pelos professores do DEGRAF ELEMENTOS DE GEOMETRIA (nova vers\u00e3o: 2012) Deise Maria Bertholdi Costa, Jos\u00e9 Luiz Teixeira, Paulo Henrique Siqueira, Luzia Vidal de Souza C\u00d4NICAS (nova vers\u00e3o: 2012) Paulo Henrique Siqueira, Antonio Mochon Costa<\/p>\n","protected":false},"author":1,"featured_media":0,"parent":0,"menu_order":0,"comment_status":"closed","ping_status":"closed","template":"","meta":{"footnotes":""},"class_list":["post-274","page","type-page","status-publish","hentry"],"_links":{"self":[{"href":"https:\/\/exatas.ufpr.br\/degraf\/wp-json\/wp\/v2\/pages\/274","targetHints":{"allow":["GET"]}}],"collection":[{"href":"https:\/\/exatas.ufpr.br\/degraf\/wp-json\/wp\/v2\/pages"}],"about":[{"href":"https:\/\/exatas.ufpr.br\/degraf\/wp-json\/wp\/v2\/types\/page"}],"author":[{"embeddable":true,"href":"https:\/\/exatas.ufpr.br\/degraf\/wp-json\/wp\/v2\/users\/1"}],"replies":[{"embeddable":true,"href":"https:\/\/exatas.ufpr.br\/degraf\/wp-json\/wp\/v2\/comments?post=274"}],"version-history":[{"count":6,"href":"https:\/\/exatas.ufpr.br\/degraf\/wp-json\/wp\/v2\/pages\/274\/revisions"}],"predecessor-version":[{"id":2632,"href":"https:\/\/exatas.ufpr.br\/degraf\/wp-json\/wp\/v2\/pages\/274\/revisions\/2632"}],"wp:attachment":[{"href":"https:\/\/exatas.ufpr.br\/degraf\/wp-json\/wp\/v2\/media?parent=274"}],"curies":[{"name":"wp","href":"https:\/\/api.w.org\/{rel}","templated":true}]}}