{"id":255,"date":"2014-09-09T13:28:19","date_gmt":"2014-09-09T16:28:19","guid":{"rendered":"https:\/\/exatas.ufpr.br\/degraf\/?page_id=255"},"modified":"2024-03-12T11:12:48","modified_gmt":"2024-03-12T14:12:48","slug":"graphica2007su","status":"publish","type":"page","link":"https:\/\/exatas.ufpr.br\/degraf\/graphica2007su\/","title":{"rendered":"Graphica 2007"},"content":{"rendered":"<p><a href=\"https:\/\/www.degraf.ufpr.br\/graphica2007\/\" target=\"_blank\" rel=\"noopener\"><img decoding=\"async\" class=\"alignleft\" src=\"https:\/\/exatas.ufpr.br\/degraf\/wp-content\/uploads\/sites\/2\/2024\/03\/graphicaLogo.jpg\" alt=\"graphica\" \/><\/a><\/p>\n<p class=\"normal\">VII International Conference on Graphics Engineering for Arts and Design<br \/>\nXVIII Simp\u00f3sio Nacional de Geometria Descritiva e Desenho T\u00e9cnico<br \/>\nRealizado de 11 a 14 de novembro de 2007 na UFPR<br \/>\nISBN do Livro de Resumos: 978-85-61172-00-8<br \/>\nISBN do CD: 978-85-61172-01-5<\/p>\n<p class=\"normal\"><a href=\"fotos-graphica\">Clique aqui<\/a> para ver as fotos do evento<\/p>\n<hr \/>\n<h5>Trabalhos publicados em ordem alfab\u00e9tica:<\/h5>\n<div class=\"not4\"><a href=\"graphica2007a\">Letra A<\/a><\/div>\n<div class=\"not4\"><a href=\"graphica2007bc\">B-C<\/a><\/div>\n<div class=\"not4\"><a href=\"graphica2007de\">D-E<\/a><\/div>\n<div class=\"not4\"><a href=\"graphica2007fl\">F-L<\/a><\/div>\n<div class=\"not4\"><a href=\"graphica2007mo\">M-O<\/a><\/div>\n<div class=\"not4\"><a href=\"graphica2007pr\">P-R<\/a><\/div>\n<div class=\"not4\">S-U<\/div>\n<table>\n<tbody>\n<tr class=\"row-b\">\n<td><a href=\"https:\/\/www.degraf.ufpr.br\/graphica2007\/artigos\/SERA.pdf\" target=\"_blank\" rel=\"noopener\">SER\u00c1 O DESENHO MARCA PESSOAL DO ARQUITETO, A PARTIR DA REPRESENTA\u00c7\u00c3O GR\u00c1FICA DIGITAL<\/a><br \/>\nAntonio Ricardo Sartori, Dante Alves Medeiros Filho, Rodolfo Tsutomu Miyamoto<\/td>\n<\/tr>\n<tr class=\"row-a\">\n<td><a href=\"https:\/\/www.degraf.ufpr.br\/graphica2007\/artigos\/SERIES.pdf\" target=\"_blank\" rel=\"noopener\">S\u00c9RIES DE ESTUDO INTERATIVO-DIN\u00c2MICAS CONSTRU\u00c7\u00c3O, APLICA\u00c7\u00c3O E AVALIA\u00c7\u00c3O<\/a><br \/>\nMaria Helena Wyllie Lacerda Rodrigues<\/td>\n<\/tr>\n<tr class=\"row-b\">\n<td><a href=\"https:\/\/www.degraf.ufpr.br\/graphica2007\/artigos\/SIMETRIAS.pdf\" target=\"_blank\" rel=\"noopener\">SIMETRIAS NA IMPRESS\u00c3O OFFSET<\/a><br \/>\nAniceh Farah Neves, Marko Alexandre Lisboa dos Santos, Roberto Alcarria do Nascimento<\/td>\n<\/tr>\n<tr class=\"row-a\">\n<td><a href=\"https:\/\/www.degraf.ufpr.br\/graphica2007\/artigos\/SIMULACAO.pdf\" target=\"_blank\" rel=\"noopener\">SIMULA\u00c7\u00c3O DE ILUMINA\u00c7\u00c3O NATURAL EM AMBIENTES INTERNOS POR MEIOS DIGITAIS UMA ABORDAGEM DID\u00c1TICA<\/a><br \/>\nAdriane Borda Almeida da Silva, Janice de Freitas Pires<\/td>\n<\/tr>\n<tr class=\"row-b\">\n<td><a href=\"https:\/\/www.degraf.ufpr.br\/graphica2007\/artigos\/SIMULACAODIGITAL.pdf\" target=\"_blank\" rel=\"noopener\">SIMULA\u00c7\u00c3O DIGITAL DE ILUMINA\u00c7\u00c3O: UMA ABORDAGEM DID\u00c1TICA DO MAPEAMENTO DE F\u00d3TONS E C\u00c1USTICAS<\/a><br \/>\nGuilherme Alberto Ott J\u00fanior, Adriane Borda Almeida da Silva, Neusa Rodrigues F\u00e9lix<\/td>\n<\/tr>\n<tr class=\"row-a\">\n<td><a href=\"https:\/\/www.degraf.ufpr.br\/graphica2007\/artigos\/SISTEMA%20DE%20RECONSTRUCAO.pdf\" target=\"_blank\" rel=\"noopener\">SISTEMA DE RECONSTRU\u00c7\u00c3O 3D DE BAIXO CUSTO<\/a><br \/>\nMarcelo Archanjo Jos\u00e9, Roseli de Deus Lopes<\/td>\n<\/tr>\n<tr class=\"row-b\">\n<td><a href=\"https:\/\/www.degraf.ufpr.br\/graphica2007\/artigos\/SURFACE.pdf\" target=\"_blank\" rel=\"noopener\">SURFACE FAIRING FOR SHIP HULL DESIGN<\/a><br \/>\nCarlos A. Vanegas, Eva Soto, Oscar E. Ruiz, Xo\u00e1n A. Leiceaga<\/td>\n<\/tr>\n<tr class=\"row-a\">\n<td><a href=\"https:\/\/www.degraf.ufpr.br\/graphica2007\/artigos\/TECNICASDEMODELADO.pdf\" target=\"_blank\" rel=\"noopener\">T\u00c9CNICAS DE MODELADO DE ROPAS DIGITALES<\/a><br \/>\nFabr\u00edcio F. Tarouco, Francisco Jos\u00e9 Ser\u00f3n, Eva Cerezo, Sandra S. Baldassarri<\/td>\n<\/tr>\n<tr class=\"row-b\">\n<td><a href=\"https:\/\/www.degraf.ufpr.br\/graphica2007\/artigos\/TECNICASDEMODELAGEM.pdf\" target=\"_blank\" rel=\"noopener\">T\u00c9CNICAS DE MODELAGEM PARA AMBIENTE TRIDIMENSIONAL INTERATIVO<\/a><br \/>\nAdriane da Silva Borda, Elisa Costa, Felipe Etchegaray Heidrich<\/td>\n<\/tr>\n<tr class=\"row-a\">\n<td><a href=\"https:\/\/www.degraf.ufpr.br\/graphica2007\/artigos\/TECNOLO.pdf\" target=\"_blank\" rel=\"noopener\">TECNOLOGIAS GR\u00c1FICAS E DE INFORMA\u00c7\u00c3O PARA O DESIGN DE COMPONENTES<\/a><br \/>\nF\u00e1bio Gon\u00e7alves Teixeira, Jos\u00e9 Lu\u00eds Farinatti Aymone<\/td>\n<\/tr>\n<tr class=\"row-b\">\n<td><a href=\"https:\/\/www.degraf.ufpr.br\/graphica2007\/artigos\/UMA%20ABORDAGEM%20HISTORICA%20E%20CIENTIFICA%20DAS%20TECNICAS%20DE%20REPRESE.pdf\" target=\"_blank\" rel=\"noopener\">UMA ABORDAGEM HIST\u00d3RICA E CIENTIFICA DAS T\u00c9CNICAS DE REPRESENTA\u00c7\u00c3O GR\u00c1FICA<\/a><br \/>\nClaudio Cesar Pinto Soares<\/td>\n<\/tr>\n<tr class=\"row-a\">\n<td><a href=\"https:\/\/www.degraf.ufpr.br\/graphica2007\/artigos\/UMAMETODOLOGIA.pdf\" target=\"_blank\" rel=\"noopener\">UMA METODOLOGIA PARA O ENSINO DE DESENHO COM AUX\u00cdLIO DA TECNOLOGIA DA INFORMA\u00c7\u00c3O<\/a><br \/>\nCl\u00e1udia Barroso Vasconcellos, Maria Luisa de Castro Peixoto Rangel<\/td>\n<\/tr>\n<tr class=\"row-b\">\n<td><a href=\"https:\/\/www.degraf.ufpr.br\/graphica2007\/artigos\/UMASOLUCAO.pdf\" target=\"_blank\" rel=\"noopener\">UMA SOLU\u00c7\u00c3O PARA O PROBLEMA DE APOL\u00d4NIO E SUA CONSTRU\u00c7\u00c3O COM R\u00c9GUA E COMPASSO<\/a><br \/>\nAlexandre Kawano, Rovilson Mafalda<\/td>\n<\/tr>\n<tr class=\"row-a\">\n<td><a href=\"https:\/\/www.degraf.ufpr.br\/graphica2007\/artigos\/UMEDITOR.pdf\" target=\"_blank\" rel=\"noopener\">UM EDITOR DE DESENHOS COMO FERRAMENTA DE ENSINO DA HIST\u00d3RIA DA ARTE<\/a><br \/>\nAndr\u00e9a Faria Andrade, Maria \u00c2ngela Moscato<\/td>\n<\/tr>\n<tr class=\"row-b\">\n<td><a href=\"https:\/\/www.degraf.ufpr.br\/graphica2007\/artigos\/UMESTUDO.pdf\" target=\"_blank\" rel=\"noopener\">UM ESTUDO DE POL\u00cdGONOS E POLIEDROS ATRAV\u00c9S DO DESENHO DE OBSERVA\u00c7\u00c3O<\/a><br \/>\nAndr\u00e9a Faria Andrade, L\u00e9lia Longen Fontana, Roberta Minas, Silmara Alves da Silva<\/td>\n<\/tr>\n<tr class=\"row-a\">\n<td><a href=\"https:\/\/www.degraf.ufpr.br\/graphica2007\/artigos\/UMTUTORIAL.pdf\" target=\"_blank\" rel=\"noopener\">UM TUTORIAL DE CAD 3D FOCADO NOS CONCEITOS E NAS PR\u00c1TICAS DO PROJETO DE ENGENHARIA<\/a><br \/>\nLiang-Yee Cheng, Rodrigo Duarte Seabra, Viviane Caroline Abe<\/td>\n<\/tr>\n<tr class=\"row-b\">\n<td><a href=\"https:\/\/www.degraf.ufpr.br\/graphica2007\/artigos\/USODECAD.pdf\" target=\"_blank\" rel=\"noopener\">USO DE CAD FREEWARE NO ENSINO DE ENGENHARIA<\/a><br \/>\nCarolina Chaves Barbosa, Liang-Yee Cheng<\/td>\n<\/tr>\n<tr class=\"row-a\">\n<td><a href=\"https:\/\/www.degraf.ufpr.br\/graphica2007\/artigos\/USODEFORMULARIOS.pdf\" target=\"_blank\" rel=\"noopener\">USO DE FORMUL\u00c1RIOS ELETR\u00d4NICOS PARA APLICA\u00c7\u00c3O ONLINE DOS TESTES MRT, MCT e TVZ<\/a><br \/>\nEduardo Toledo Santos, Rodrigo Duarte Seabra<\/td>\n<\/tr>\n<\/tbody>\n<\/table>\n","protected":false},"excerpt":{"rendered":"<p>VII International Conference on Graphics Engineering for Arts and Design XVIII Simp\u00f3sio Nacional de Geometria Descritiva e Desenho T\u00e9cnico Realizado de 11 a 14 de novembro de 2007 na UFPR ISBN do Livro de Resumos: 978-85-61172-00-8 ISBN do CD: 978-85-61172-01-5&hellip; <\/p>\n","protected":false},"author":1,"featured_media":0,"parent":0,"menu_order":0,"comment_status":"closed","ping_status":"closed","template":"","meta":{"footnotes":""},"class_list":["post-255","page","type-page","status-publish","hentry"],"_links":{"self":[{"href":"https:\/\/exatas.ufpr.br\/degraf\/wp-json\/wp\/v2\/pages\/255","targetHints":{"allow":["GET"]}}],"collection":[{"href":"https:\/\/exatas.ufpr.br\/degraf\/wp-json\/wp\/v2\/pages"}],"about":[{"href":"https:\/\/exatas.ufpr.br\/degraf\/wp-json\/wp\/v2\/types\/page"}],"author":[{"embeddable":true,"href":"https:\/\/exatas.ufpr.br\/degraf\/wp-json\/wp\/v2\/users\/1"}],"replies":[{"embeddable":true,"href":"https:\/\/exatas.ufpr.br\/degraf\/wp-json\/wp\/v2\/comments?post=255"}],"version-history":[{"count":5,"href":"https:\/\/exatas.ufpr.br\/degraf\/wp-json\/wp\/v2\/pages\/255\/revisions"}],"predecessor-version":[{"id":2628,"href":"https:\/\/exatas.ufpr.br\/degraf\/wp-json\/wp\/v2\/pages\/255\/revisions\/2628"}],"wp:attachment":[{"href":"https:\/\/exatas.ufpr.br\/degraf\/wp-json\/wp\/v2\/media?parent=255"}],"curies":[{"name":"wp","href":"https:\/\/api.w.org\/{rel}","templated":true}]}}