{"id":252,"date":"2014-09-09T13:16:47","date_gmt":"2014-09-09T16:16:47","guid":{"rendered":"https:\/\/exatas.ufpr.br\/degraf\/?page_id=252"},"modified":"2024-03-12T11:11:00","modified_gmt":"2024-03-12T14:11:00","slug":"graphica2007pr","status":"publish","type":"page","link":"https:\/\/exatas.ufpr.br\/degraf\/graphica2007pr\/","title":{"rendered":"Graphica 2007"},"content":{"rendered":"<p><a href=\"https:\/\/www.degraf.ufpr.br\/graphica2007\/\" target=\"_blank\" rel=\"noopener\"><img decoding=\"async\" class=\"alignleft\" src=\"https:\/\/exatas.ufpr.br\/degraf\/wp-content\/uploads\/sites\/2\/2024\/03\/graphicaLogo.jpg\" alt=\"graphica\" \/><\/a><\/p>\n<p class=\"normal\">VII International Conference on Graphics Engineering for Arts and Design<br \/>\nXVIII Simp\u00f3sio Nacional de Geometria Descritiva e Desenho T\u00e9cnico<br \/>\nRealizado de 11 a 14 de novembro de 2007 na UFPR<br \/>\nISBN do Livro de Resumos: 978-85-61172-00-8<br \/>\nISBN do CD: 978-85-61172-01-5<\/p>\n<p class=\"normal\"><a href=\"fotos-graphica\">Clique aqui<\/a> para ver as fotos do evento<\/p>\n<hr \/>\n<h5>Trabalhos publicados em ordem alfab\u00e9tica:<\/h5>\n<div class=\"not4\"><a href=\"graphica2007a\">Letra A<\/a><\/div>\n<div class=\"not4\"><a href=\"graphica2007bc\">B-C<\/a><\/div>\n<div class=\"not4\"><a href=\"graphica2007de\">D-E<\/a><\/div>\n<div class=\"not4\"><a href=\"graphica2007fl\">F-L<\/a><\/div>\n<div class=\"not4\"><a href=\"graphica2007mo\">M-O<\/a><\/div>\n<div class=\"not4\">P-R<\/div>\n<div class=\"not4\"><a href=\"graphica2007su\">S-U<\/a><\/div>\n<table>\n<tbody>\n<tr class=\"row-b\">\n<td><a href=\"https:\/\/www.degraf.ufpr.br\/graphica2007\/artigos\/PENSAMENTO.pdf\" target=\"_blank\" rel=\"noopener\">PENSAMENTO VISUAL X PENSAMENTO GR\u00c1FICO<\/a><br \/>\nLuciana Nemer Diniz<\/td>\n<\/tr>\n<tr class=\"row-a\">\n<td><a href=\"https:\/\/www.degraf.ufpr.br\/graphica2007\/artigos\/PENSAR.pdf\" target=\"_blank\" rel=\"noopener\">PENSAR SEM PALAVRAS OU A BIOLOGIA DO DESENHO<\/a><br \/>\nBeatriz Regina Dorfman<\/td>\n<\/tr>\n<tr class=\"row-b\">\n<td><a href=\"https:\/\/www.degraf.ufpr.br\/graphica2007\/artigos\/PERCURSOGRAFICO.pdf\" target=\"_blank\" rel=\"noopener\">PERCURSO GR\u00c1FICO PELA OBRA DE RINO LEVI &#8211; RESID\u00caNCIA DA FAM\u00cdLIA OL\u00cdVIO GOMES<\/a><br \/>\nAna L\u00facia Nogueira de Camargo Harris, Cl\u00e9lia Maria Coutinho Teixeira Monasterio, Roberto Scalco<\/td>\n<\/tr>\n<tr class=\"row-a\">\n<td><a href=\"https:\/\/www.degraf.ufpr.br\/graphica2007\/artigos\/PERCEPCAOVISIOESPACIAL.pdf\" target=\"_blank\" rel=\"noopener\">PERCEP\u00c7\u00c3O VISIO-ESPACIAL COMBINANDO REPRESENTA\u00c7\u00c3O GR\u00c1FICA E MODELAGEM 3D<\/a><br \/>\nElizete da Silva Coelho, Rejane de Moraes Rego<\/td>\n<\/tr>\n<tr class=\"row-b\">\n<td><a href=\"https:\/\/www.degraf.ufpr.br\/graphica2007\/artigos\/POLIEDROS.pdf\" target=\"_blank\" rel=\"noopener\">POLIEDROS PLAT\u00d4NICOS DUALIDADE SIM\u00c9TRICA<\/a><br \/>\nAna Magda Alencar Correia, Bruno Leite Ferreira<\/td>\n<\/tr>\n<tr class=\"row-a\">\n<td><a href=\"https:\/\/www.degraf.ufpr.br\/graphica2007\/artigos\/PREDESENHO.pdf\" target=\"_blank\" rel=\"noopener\">PR\u00c9-DESENHO INFANTIL- UMA AN\u00c1LISE DO DESENVOLVIMENTO MOTOR<\/a><br \/>\nPatr\u00edcia Cerqueira Vasconcelos, Emiliano Gon\u00e7alves de Jesus<\/td>\n<\/tr>\n<tr class=\"row-b\">\n<td><a href=\"https:\/\/www.degraf.ufpr.br\/graphica2007\/artigos\/PROBLEMAS%20DE%20TANGENCIAS.pdf\" target=\"_blank\" rel=\"noopener\">PROBLEMAS DE TANG\u00caNCIAS EM TR\u00caS DIMENS\u00d5ES: UMA CLASSE DE PROBLEMAS EM GEOMETRIA DESCRITIVA<\/a><br \/>\nAlexandre Kawano, Rovilson Mafalda<\/td>\n<\/tr>\n<tr class=\"row-a\">\n<td><a href=\"https:\/\/www.degraf.ufpr.br\/graphica2007\/artigos\/Procedimentos.pdf\" target=\"_blank\" rel=\"noopener\">PROCEDIMENTOS VISUAIS &#8211; ALGUNS PROBLEMAS DO DESENHO CONTEMPOR\u00c2NEO<\/a><br \/>\nFrancisco Ant\u00f4nio Zorzo<\/td>\n<\/tr>\n<tr class=\"row-b\">\n<td><a href=\"https:\/\/www.degraf.ufpr.br\/graphica2007\/artigos\/PRODUCAO.pdf\" target=\"_blank\" rel=\"noopener\">PRODU\u00c7\u00c3O DE MATERIAL DID\u00c1TICO A PARTIR DE UMA INTERFACE DE JOGO DIGITAL<\/a><br \/>\nFelipe Etchegaray Heidrich, Samuel Elias da Silva Salom\u00e3o<\/td>\n<\/tr>\n<tr class=\"row-a\">\n<td><a href=\"https:\/\/www.degraf.ufpr.br\/graphica2007\/artigos\/PROGRAMACION.pdf\" target=\"_blank\" rel=\"noopener\">PROGRAMACI\u00d2N BASADA EN COMPETENCIAS IMPLANTACI\u00d3N EN INGENIER\u00cdA GR\u00c1FICA<\/a><br \/>\nEsther Vallejo Lobete, Fernando Fad\u00f3n Salazar, Jos\u00e9 Enrique Cer\u00f3n Hoyos<\/td>\n<\/tr>\n<tr class=\"row-b\">\n<td><a href=\"https:\/\/www.degraf.ufpr.br\/graphica2007\/artigos\/Mini-Curso4.pdf\" target=\"_blank\" rel=\"noopener\">Projeto de Coberturas Complexas utilizando conceitos do m\u00e9todo de proje\u00e7\u00f5es cotadas<\/a><br \/>\nLuiz Henrique A. Lopes, Eleodoro A. Lopes<\/td>\n<\/tr>\n<tr class=\"row-a\">\n<td><a href=\"https:\/\/www.degraf.ufpr.br\/graphica2007\/artigos\/QUALIFICACAO.pdf\" target=\"_blank\" rel=\"noopener\">QUALIFICA\u00c7\u00c3O DA COMUNICA\u00c7\u00c3O NO DESENHO \u00c0 M\u00c3O LIVRE<\/a><br \/>\nAirton Cattani, Glauco Assump\u00e7\u00e3o Pachalski<\/td>\n<\/tr>\n<tr class=\"row-b\">\n<td><a href=\"https:\/\/www.degraf.ufpr.br\/graphica2007\/artigos\/QUEBRANDOTABUS.pdf\" target=\"_blank\" rel=\"noopener\">QUEBRANDO TABUS: O ENSINO DO DESENHO ARQUITET\u00d4NICO NO CURSO DE ENGENHARIA CIVIL<\/a><br \/>\nAna Magda Alencar Correia, Thyana Farias Galv\u00e3o de Barros<\/td>\n<\/tr>\n<tr class=\"row-a\">\n<td><a href=\"https:\/\/www.degraf.ufpr.br\/graphica2007\/artigos\/REPENSANDO%20O%20PONTO.pdf\" target=\"_blank\" rel=\"noopener\">REPENSANDO O PONTO<\/a><br \/>\nClarisse Martins Villela, Humberto Silva Guimar\u00e3es, Jos\u00e9 Geraldo Arantes de Azevedo Brito<\/td>\n<\/tr>\n<tr class=\"row-b\">\n<td><a href=\"https:\/\/www.degraf.ufpr.br\/graphica2007\/artigos\/REPRESENTACAOGRAFICADIGITAL.pdf\" target=\"_blank\" rel=\"noopener\">REPRESENTA\u00c7\u00c3O GR\u00c1FICA DIGITAL DURANTE O DESENVOLVIMENTO DO PROJETO ARQUITET\u00d4NICO<\/a><br \/>\nAdriane Borda Almeida da Silva, Luisa Rodrigues F\u00e9lix Dalla Vecchia<\/td>\n<\/tr>\n<tr class=\"row-a\">\n<td><a href=\"https:\/\/www.degraf.ufpr.br\/graphica2007\/artigos\/REPRESENTACAOGRAFICA.pdf\" target=\"_blank\" rel=\"noopener\">REPRESENTA\u00c7\u00c3O GR\u00c1FICA NOS TRABALHOS DE CONCLUS\u00c3O DE CURSO<\/a><br \/>\nRosa Maria Bittencourt<\/td>\n<\/tr>\n<\/tbody>\n<\/table>\n","protected":false},"excerpt":{"rendered":"<p>VII International Conference on Graphics Engineering for Arts and Design XVIII Simp\u00f3sio Nacional de Geometria Descritiva e Desenho T\u00e9cnico Realizado de 11 a 14 de novembro de 2007 na UFPR ISBN do Livro de Resumos: 978-85-61172-00-8 ISBN do CD: 978-85-61172-01-5&hellip; <\/p>\n","protected":false},"author":1,"featured_media":0,"parent":0,"menu_order":0,"comment_status":"closed","ping_status":"closed","template":"","meta":{"footnotes":""},"class_list":["post-252","page","type-page","status-publish","hentry"],"_links":{"self":[{"href":"https:\/\/exatas.ufpr.br\/degraf\/wp-json\/wp\/v2\/pages\/252","targetHints":{"allow":["GET"]}}],"collection":[{"href":"https:\/\/exatas.ufpr.br\/degraf\/wp-json\/wp\/v2\/pages"}],"about":[{"href":"https:\/\/exatas.ufpr.br\/degraf\/wp-json\/wp\/v2\/types\/page"}],"author":[{"embeddable":true,"href":"https:\/\/exatas.ufpr.br\/degraf\/wp-json\/wp\/v2\/users\/1"}],"replies":[{"embeddable":true,"href":"https:\/\/exatas.ufpr.br\/degraf\/wp-json\/wp\/v2\/comments?post=252"}],"version-history":[{"count":7,"href":"https:\/\/exatas.ufpr.br\/degraf\/wp-json\/wp\/v2\/pages\/252\/revisions"}],"predecessor-version":[{"id":2626,"href":"https:\/\/exatas.ufpr.br\/degraf\/wp-json\/wp\/v2\/pages\/252\/revisions\/2626"}],"wp:attachment":[{"href":"https:\/\/exatas.ufpr.br\/degraf\/wp-json\/wp\/v2\/media?parent=252"}],"curies":[{"name":"wp","href":"https:\/\/api.w.org\/{rel}","templated":true}]}}