{"id":250,"date":"2014-09-09T13:12:01","date_gmt":"2014-09-09T16:12:01","guid":{"rendered":"https:\/\/exatas.ufpr.br\/degraf\/?page_id=250"},"modified":"2024-03-12T11:09:10","modified_gmt":"2024-03-12T14:09:10","slug":"graphica2007mo","status":"publish","type":"page","link":"https:\/\/exatas.ufpr.br\/degraf\/graphica2007mo\/","title":{"rendered":"Graphica 2007"},"content":{"rendered":"<p><a href=\"https:\/\/www.degraf.ufpr.br\/graphica2007\/\" target=\"_blank\" rel=\"noopener\"><img decoding=\"async\" class=\"alignleft\" src=\"https:\/\/exatas.ufpr.br\/degraf\/wp-content\/uploads\/sites\/2\/2024\/03\/graphicaLogo.jpg\" alt=\"graphica\" \/><\/a><\/p>\n<p class=\"normal\">VII International Conference on Graphics Engineering for Arts and Design<br \/>\nXVIII Simp\u00f3sio Nacional de Geometria Descritiva e Desenho T\u00e9cnico<br \/>\nRealizado de 11 a 14 de novembro de 2007 na UFPR<br \/>\nISBN do Livro de Resumos: 978-85-61172-00-8<br \/>\nISBN do CD: 978-85-61172-01-5<\/p>\n<p class=\"normal\"><a href=\"fotos-graphica\">Clique aqui<\/a> para ver as fotos do evento<\/p>\n<hr \/>\n<h5>Trabalhos publicados em ordem alfab\u00e9tica:<\/h5>\n<div class=\"not4\"><a href=\"graphica2007a\">Letra A<\/a><\/div>\n<div class=\"not4\"><a href=\"graphica2007bc\">B-C<\/a><\/div>\n<div class=\"not4\"><a href=\"graphica2007de\">D-E<\/a><\/div>\n<div class=\"not4\"><a href=\"graphica2007fl\">F-L<\/a><\/div>\n<div class=\"not4\">M-O<\/div>\n<div class=\"not4\"><a href=\"graphica2007pr\">P-R<\/a><\/div>\n<div class=\"not4\"><a href=\"graphica2007su\">S-U<\/a><\/div>\n<table>\n<tbody>\n<tr class=\"row-b\">\n<td><a href=\"https:\/\/www.degraf.ufpr.br\/graphica2007\/artigos\/MANDALAS.pdf\" target=\"_blank\" rel=\"noopener\">MANDALAS E ROS\u00c1CEAS EM BUSCA DE NOVAS ABORDAGENS PARA ANTIGOS CONTE\u00daDOS<\/a><br \/>\nAniceh Farah Neves, Maria Antonia Benutti, Roberto Alcarria do Nascimento<\/td>\n<\/tr>\n<tr class=\"row-a\">\n<td><a href=\"https:\/\/www.degraf.ufpr.br\/graphica2007\/artigos\/MAPAS.pdf\" target=\"_blank\" rel=\"noopener\">MAPAS TEM\u00c1TICOS. EXPRESS\u00c3O GR\u00c1FICA PARA AN\u00c1LISE DE RESULTADOS DE PESQUISAS ENVOLVENDO ESPA\u00c7O E TEMPO<\/a><br \/>\nEleodoro Antunes Lopes, Luiz Henrique Antunes Lopes<\/td>\n<\/tr>\n<tr class=\"row-b\">\n<td><a href=\"https:\/\/www.degraf.ufpr.br\/graphica2007\/artigos\/METODODEENSINO.pdf\" target=\"_blank\" rel=\"noopener\">M\u00c9TODO DE ENSINO DE INSTALA\u00c7\u00d5ES HIDROSANIT\u00c1RIAS ATRAV\u00c9S DE GRAFOS<\/a><br \/>\nAnt\u00f4nio Carlos de Souza, Arnoldo Debatin Neto, Guilherme Hardt, Luis Alberto G\u00f3mez<\/td>\n<\/tr>\n<tr class=\"row-a\">\n<td><a href=\"https:\/\/www.degraf.ufpr.br\/graphica2007\/artigos\/METODOLOGIAS.pdf\" target=\"_blank\" rel=\"noopener\">METODOLOGIAS PROJETUAIS EM ARQUITETURA<\/a><br \/>\nAdriana Volpon Diogo Righetto<\/td>\n<\/tr>\n<tr class=\"row-b\">\n<td><a href=\"https:\/\/www.degraf.ufpr.br\/graphica2007\/artigos\/MODELAGEM%20NO%20ENSINO%20DA%20GEOMETRIA.pdf\" target=\"_blank\" rel=\"noopener\">MODELAGEM NO ENSINO DA GEOMETRIA<\/a><br \/>\nMaria da Gra\u00e7a Andrade Dias<\/td>\n<\/tr>\n<tr class=\"row-a\">\n<td><a href=\"https:\/\/www.degraf.ufpr.br\/graphica2007\/artigos\/MODELAMENTORAPIDODEOBJETOS.pdf\" target=\"_blank\" rel=\"noopener\">MODELAMENTO R\u00c1PIDO DE OBJETOS 3D ATRAV\u00c9S DA INTERSE\u00c7\u00c3O BOOLEANA DE M\u00daLTIPLAS EXTRUS\u00d5ES DAS SUAS VISTAS ORTOGONAIS<\/a><br \/>\nAgostinho Nunes da Costa Lira, Johannes Cornelis Johanna Maria Derks, Yanna Maia Derks<\/td>\n<\/tr>\n<tr class=\"row-b\">\n<td><a href=\"https:\/\/www.degraf.ufpr.br\/graphica2007\/artigos\/MODELAPELOTAS.pdf\" target=\"_blank\" rel=\"noopener\">MODELA PELOTAS UM ESTUDO SOBRE OS PROCESSOS RELACIONADOS \u00c0 MODELAGEM TRIDIMENSIONAL<\/a><br \/>\nAdriane da Silva Borda, Felipe Etchegaray Heidrich, Neusa Rodrigues Felix, Vin\u00edcius Rocha Santos<\/td>\n<\/tr>\n<tr class=\"row-a\">\n<td><a href=\"https:\/\/www.degraf.ufpr.br\/graphica2007\/artigos\/MODELOS.pdf\" target=\"_blank\" rel=\"noopener\">MODELOS F\u00cdSICOS REDUZIDOS NO ESTUDO DE FORMAS TRIDIMENSIONAIS<\/a><br \/>\nAng\u00e9lika Peixoto, Cristiana Griz, Gisele de Carvalho<\/td>\n<\/tr>\n<tr class=\"row-b\">\n<td><a href=\"https:\/\/www.degraf.ufpr.br\/graphica2007\/artigos\/MODIFICACOES.pdf\" target=\"_blank\" rel=\"noopener\">MODIFICA\u00c7\u00d5ES DA METODOLOGIA DO ENSINO DO DESENHO ARQUITET\u00d4NICO SEGUNDO CONCEITOS DA ERGONOMIA COGNITIVA<\/a><br \/>\nAng\u00e9lika Peixoto, Cristiana Griz, Gisele de Carvalho<\/td>\n<\/tr>\n<tr class=\"row-a\">\n<td><a href=\"https:\/\/www.degraf.ufpr.br\/graphica2007\/artigos\/MOODLE.pdf\" target=\"_blank\" rel=\"noopener\">MOODLE UM EXPERIMENTO ON-LINE PARA POTENCIALIZAR UM AMBIENTE DE APOIO \u00c0 APRENDIZAGEM<\/a><br \/>\nD\u00e9bora Alcina Rego Chaves, T\u00e2nia Regina Dias Silva Pereira<\/td>\n<\/tr>\n<tr class=\"row-b\">\n<td><a href=\"https:\/\/www.degraf.ufpr.br\/graphica2007\/artigos\/MULTIMIDIA.pdf\" target=\"_blank\" rel=\"noopener\">MULTIM\u00cdDIA INTERATIVA COMO METODOLOGIA DE ENSINO DE REPRESENTA\u00c7\u00c3O ARQUITET\u00d4NICA<\/a><br \/>\nAlexandre Monteiro de Menezes<\/td>\n<\/tr>\n<tr class=\"row-a\">\n<td><a href=\"https:\/\/www.degraf.ufpr.br\/graphica2007\/artigos\/NIQUEL.pdf\" target=\"_blank\" rel=\"noopener\">NIQUEL N\u00c1USEA A NARRATIVA DAS HQ\u2019s COMO DOCUMENTO HIST\u00d3RICO<\/a><br \/>\nErica Sim\u00f5es Castel\u00e3o, Rob\u00e9rico Celso Gomes dos Santos<\/td>\n<\/tr>\n<tr class=\"row-b\">\n<td><a href=\"https:\/\/www.degraf.ufpr.br\/graphica2007\/artigos\/OBJETOS.pdf\" target=\"_blank\" rel=\"noopener\">OBJETOS DE APRENDIZAGEM QUE INTEGRAM PROPOR\u00c7\u00c3O, ARQUITETURA E MEIOS DIGITAIS<\/a><br \/>\nAdriane Borda Almeida da Silva, Carolina Mendon\u00e7a Fernandes de Barros<\/td>\n<\/tr>\n<tr class=\"row-a\">\n<td><a href=\"https:\/\/www.degraf.ufpr.br\/graphica2007\/artigos\/ODESENHOEMPERSPECTIVA.pdf\" target=\"_blank\" rel=\"noopener\">O DESENHO EM PERSPECTIVA NA REPRESENTA\u00c7\u00c3O DO REAL E DO IMAGIN\u00c1RIO<\/a><br \/>\nIvoneide de Fran\u00e7a Costa, Marcelo Jo\u00e3o Alves da Silva, Maria da Concei\u00e7\u00e3o Amaral Alves<\/td>\n<\/tr>\n<tr class=\"row-b\">\n<td><a href=\"https:\/\/www.degraf.ufpr.br\/graphica2007\/artigos\/ODESENHOEASNOVAS.pdf\" target=\"_blank\" rel=\"noopener\">O DESENHO E AS NOVAS TECNOLOGIAS NO COL\u00c9GIO PEDRO II: UM ENFOQUE ATUAL<\/a><br \/>\nBerta L\u00f3pez Toste, Rodrigo Ribeiro Coutinho, Sonia S\u00e1 Vianna<\/td>\n<\/tr>\n<tr class=\"row-a\">\n<td><a href=\"https:\/\/www.degraf.ufpr.br\/graphica2007\/artigos\/ODESENHOEOUSODOCOMPUTADOR.pdf\" target=\"_blank\" rel=\"noopener\">O DESENHO E O USO DO COMPUTADOR NA PR\u00c1TICA DOS ARQUITETOS POSSIBILIDADES PARA O ENSINO<\/a><br \/>\nMariza Barcellos G\u00f3es<\/td>\n<\/tr>\n<tr class=\"row-b\">\n<td><a href=\"https:\/\/www.degraf.ufpr.br\/graphica2007\/artigos\/Mini-Curso2.pdf\" target=\"_blank\" rel=\"noopener\">O desenho atrav\u00e9s da modalidade D<\/a><br \/>\nAndr\u00e9a Faria Andrade<\/td>\n<\/tr>\n<tr class=\"row-a\">\n<td><a href=\"https:\/\/www.degraf.ufpr.br\/graphica2007\/artigos\/OENSINO.pdf\" target=\"_blank\" rel=\"noopener\">O ENSINO DE GEOMETRIA NAS ESCOLAS DE N\u00cdVEL M\u00c9DIO DA REDE P\u00daBLICA DA CIDADE DE GUARATINGUET\u00c1<\/a><br \/>\nAngela Dias Velasco, Liliane Lelis de Oliveira<\/td>\n<\/tr>\n<tr class=\"row-b\">\n<td><a href=\"https:\/\/www.degraf.ufpr.br\/graphica2007\/artigos\/OGRAFISMO.pdf\" target=\"_blank\" rel=\"noopener\">O GRAFISMO INFANTIL COMO EXPRESS\u00c3O DE VIV\u00caNCIAS SOCIAIS<\/a><br \/>\nElaine Fraga Veit<\/td>\n<\/tr>\n<tr class=\"row-a\">\n<td><a href=\"https:\/\/www.degraf.ufpr.br\/graphica2007\/artigos\/OLUGAR.pdf\" target=\"_blank\" rel=\"noopener\">O LUGAR DO DESENHO T\u00c9CNICO NA EDUCA\u00c7\u00c3O PROFISSIONAL DE N\u00cdVEL M\u00c9DIO<\/a><br \/>\nAna Rita Sulz de Almeida Campos<\/td>\n<\/tr>\n<tr class=\"row-b\">\n<td><a href=\"https:\/\/www.degraf.ufpr.br\/graphica2007\/artigos\/O%20METODO%20DE%20PROJECOES.pdf\" target=\"_blank\" rel=\"noopener\">O M\u00c9TODO DE PROJE\u00c7\u00d5ES OBL\u00cdQUAS DE DENISE<\/a><br \/>\nClarisse Martins Villela, Humberto Silva Guimar\u00e3es, Jose Geraldo Arantes de Azevedo Brito<\/td>\n<\/tr>\n<tr class=\"row-a\">\n<td><a href=\"https:\/\/www.degraf.ufpr.br\/graphica2007\/artigos\/OMETODOPROJETUAL.pdf\" target=\"_blank\" rel=\"noopener\">O M\u00c9TODO PROJETUAL DE ANDREA PALLADIO UMA IMPLEMENTA\u00c7\u00c3O EM VBA<\/a><br \/>\nGabriela Celani, Bianca Tiemi Kubagawa<\/td>\n<\/tr>\n<tr class=\"row-b\">\n<td><a href=\"https:\/\/www.degraf.ufpr.br\/graphica2007\/artigos\/OPAPEL.pdf\" target=\"_blank\" rel=\"noopener\">O PAPEL DO DESENHO NA PR\u00c1TICA DE PROJETO<\/a><br \/>\n\u00c1lvaro Jos\u00e9 Paiva de Almeida<\/td>\n<\/tr>\n<tr class=\"row-a\">\n<td><a href=\"https:\/\/www.degraf.ufpr.br\/graphica2007\/artigos\/OPROCESSO.pdf\" target=\"_blank\" rel=\"noopener\">O PROCESSO DE PROJETO ARQUITET\u00d4NICO MEDIADO POR COMPUTADOR UM ESTUDO DE CASO COM O ARCHITECTURAL DESKTOP<\/a><br \/>\nGabriela Celani, Gelly Rodrigues, Giovana Godoi<\/td>\n<\/tr>\n<tr class=\"row-b\">\n<td><a href=\"https:\/\/www.degraf.ufpr.br\/graphica2007\/artigos\/ORETORNODODESENHO.pdf\" target=\"_blank\" rel=\"noopener\">O RETORNO DO DESENHO NAS ESCOLAS REVENDO O DISCUTIDO, 13 ANOS DEPOIS!<\/a><br \/>\nRegina Coeli Moraes Kopke<\/td>\n<\/tr>\n<tr class=\"row-a\">\n<td><a href=\"https:\/\/www.degraf.ufpr.br\/graphica2007\/artigos\/OUSODEIMAGENS.pdf\" target=\"_blank\" rel=\"noopener\">O USO DE IMAGENS DE SAT\u00c9LITE DO GOOGLE EARTH COMO RECURSO DID\u00c1TICO PARA O ENSINO DE PROJE\u00c7\u00d5ES DE COBERTURAS<\/a><br \/>\nAndr\u00e9a Faria Andrade, Simone da Silva Soria Medina<\/td>\n<\/tr>\n<tr class=\"row-b\">\n<td><a href=\"https:\/\/www.degraf.ufpr.br\/graphica2007\/artigos\/OUSODALINGUAGEM.pdf\" target=\"_blank\" rel=\"noopener\">O USO DA LINGUAGEM DO DESENHO NO CONTEXTO DOS MEIOS DIGITAIS \u2013 UMA EXPERI\u00caNCIA DE ENSINO<\/a><br \/>\nMarly de Menezes Gon\u00e7alves<\/td>\n<\/tr>\n<tr class=\"row-a\">\n<td><a href=\"https:\/\/www.degraf.ufpr.br\/graphica2007\/artigos\/OUSODASLINGUAGENS.pdf\" target=\"_blank\" rel=\"noopener\">O USO DAS LINGUAGENS VERBAL E VISUAL NA FORMA\u00c7\u00c3O DE CONCEITOS<\/a><br \/>\nDaniela de C\u00e1ssia Gamonal Marcato, Loriza Lacerda de Almeida<\/td>\n<\/tr>\n<\/tbody>\n<\/table>\n","protected":false},"excerpt":{"rendered":"<p>VII International Conference on Graphics Engineering for Arts and Design XVIII Simp\u00f3sio Nacional de Geometria Descritiva e Desenho T\u00e9cnico Realizado de 11 a 14 de novembro de 2007 na UFPR ISBN do Livro de Resumos: 978-85-61172-00-8 ISBN do CD: 978-85-61172-01-5&hellip; <\/p>\n","protected":false},"author":1,"featured_media":0,"parent":0,"menu_order":0,"comment_status":"closed","ping_status":"closed","template":"","meta":{"footnotes":""},"class_list":["post-250","page","type-page","status-publish","hentry"],"_links":{"self":[{"href":"https:\/\/exatas.ufpr.br\/degraf\/wp-json\/wp\/v2\/pages\/250","targetHints":{"allow":["GET"]}}],"collection":[{"href":"https:\/\/exatas.ufpr.br\/degraf\/wp-json\/wp\/v2\/pages"}],"about":[{"href":"https:\/\/exatas.ufpr.br\/degraf\/wp-json\/wp\/v2\/types\/page"}],"author":[{"embeddable":true,"href":"https:\/\/exatas.ufpr.br\/degraf\/wp-json\/wp\/v2\/users\/1"}],"replies":[{"embeddable":true,"href":"https:\/\/exatas.ufpr.br\/degraf\/wp-json\/wp\/v2\/comments?post=250"}],"version-history":[{"count":5,"href":"https:\/\/exatas.ufpr.br\/degraf\/wp-json\/wp\/v2\/pages\/250\/revisions"}],"predecessor-version":[{"id":2622,"href":"https:\/\/exatas.ufpr.br\/degraf\/wp-json\/wp\/v2\/pages\/250\/revisions\/2622"}],"wp:attachment":[{"href":"https:\/\/exatas.ufpr.br\/degraf\/wp-json\/wp\/v2\/media?parent=250"}],"curies":[{"name":"wp","href":"https:\/\/api.w.org\/{rel}","templated":true}]}}